{"id":487,"date":"2017-12-19T15:32:03","date_gmt":"2017-12-19T14:32:03","guid":{"rendered":"http:\/\/agora.xtec.cat\/escolasantaagnes\/?page_id=487"},"modified":"2026-01-27T12:18:10","modified_gmt":"2026-01-27T11:18:10","slug":"consell-escolar","status":"publish","type":"page","link":"https:\/\/agora.xtec.cat\/escolasantaagnes\/lescola\/consell-escolar\/","title":{"rendered":"CONSELL ESCOLAR"},"content":{"rendered":"<div>\n<div>\n<div style=\"text-align: justify;\">\n<h3><span style=\"font-family: inherit; font-size: 1em; font-weight: normal;\">Aquests s\u00f3n els membres actuals que formen part del consell escolar de l&#8217;Escola Santa Agn\u00e8s:<\/span><\/h3>\n<\/div>\n<\/div>\n<div>\n<div style=\"text-align: justify;\">\n<table style=\"height: 505px; width: 596px;\">\n<tbody>\n<tr style=\"height: 33px;\">\n<td style=\"height: 33px; width: 311.617px; text-align: center;\">DIRECTORA<\/td>\n<td style=\"height: 33px; width: 276.55px; text-align: center;\">T\u00e0nia Fenollosa Climent<\/td>\n<\/tr>\n<tr style=\"height: 33px;\">\n<td style=\"height: 33px; width: 311.617px; text-align: center;\">CAP D&#8217;ESTUDIS<\/td>\n<td style=\"height: 33px; width: 276.55px; text-align: center;\">Marta Bondia Isanta<\/td>\n<\/tr>\n<tr style=\"height: 33px;\">\n<td style=\"height: 33px; width: 311.617px; text-align: center;\">SECRET\u00c0RIA<\/td>\n<td style=\"height: 33px; width: 276.55px; text-align: center;\">Xavier Iturbe Escobar<\/td>\n<\/tr>\n<tr style=\"height: 33px;\">\n<td style=\"height: 33px; width: 311.617px; text-align: center;\">REPRESENTANT AJUNTAMENT<\/td>\n<td style=\"height: 33px; width: 276.55px; text-align: center;\">Raquel Vilardeb\u00f2 i Pujadas<\/td>\n<\/tr>\n<tr style=\"height: 33px;\">\n<td style=\"height: 165px; width: 311.617px; text-align: center;\" rowspan=\"5\">REPRESENTANT PROFESSORAT<\/td>\n<td style=\"height: 33px; width: 276.55px; text-align: center;\">Alba<\/td>\n<\/tr>\n<tr style=\"height: 33px;\">\n<td style=\"height: 33px; width: 276.55px; text-align: center;\">Br\u00edgida<\/td>\n<\/tr>\n<tr style=\"height: 33px;\">\n<td style=\"height: 33px; width: 276.55px; text-align: center;\">Esther<\/td>\n<\/tr>\n<tr style=\"height: 33px;\">\n<td style=\"height: 33px; width: 276.55px; text-align: center;\">J\u00e8ssica<\/td>\n<\/tr>\n<tr style=\"height: 33px;\">\n<td style=\"height: 33px; width: 276.55px; text-align: center;\">Tamara<\/td>\n<\/tr>\n<tr style=\"height: 33px;\">\n<td style=\"height: 132px; width: 311.617px; text-align: center;\" rowspan=\"4\">REPRESENTANT PARES I MARES<\/td>\n<td style=\"height: 33px; width: 276.55px; text-align: center;\">Abel<\/td>\n<\/tr>\n<tr style=\"height: 33px;\">\n<td style=\"height: 33px; width: 276.55px; text-align: center;\">B\u00e1rbara<\/td>\n<\/tr>\n<tr style=\"height: 33px;\">\n<td style=\"height: 33px; width: 276.55px; text-align: center;\">Ivet<\/td>\n<\/tr>\n<tr style=\"height: 33px;\">\n<td style=\"height: 33px; width: 276.55px; text-align: center;\">Ana<\/td>\n<\/tr>\n<tr style=\"height: 33px;\">\n<td style=\"height: 33px; width: 311.617px; text-align: center;\">REPRESENTANT AMPA<\/td>\n<td style=\"height: 33px; width: 276.55px; text-align: center;\">Zaira<\/td>\n<\/tr>\n<tr style=\"height: 33px;\">\n<td style=\"height: 33px; width: 311.617px; text-align: center;\">REPRESENTANT PAS<\/td>\n<td style=\"height: 33px; width: 276.55px; text-align: center;\">Teresa<\/td>\n<\/tr>\n<\/tbody>\n<\/table>\n<h4><span style=\"text-decoration: underline;\"><a href=\"https:\/\/educacio.gencat.cat\/ca\/arees-actuacio\/centres-serveis-educatius\/centres\/consells-escolars-centres\/index.html\">Funcions<\/a><\/span><\/h4>\n<p>Corresponen al consell escolar les funcions seg\u00fcents:<\/p>\n<ul>\n<li>Participar en l&#8217;aprovaci\u00f3 del projecte educatiu i les seves modificacions. El consell escolar ha de ser consultat pel director de manera preceptiva per valorar la proposta del projecte educatiu i manifestar el seu suport amb una majoria de les tres cinquenes parts dels membres.<\/li>\n<li>Participar en l&#8217;aprovaci\u00f3 de la programaci\u00f3 general anual, de les normes de funcionament i de la gesti\u00f3 econ\u00f2mica del centre. El consell escolar ha de ser consultat de manera preceptiva per valorar cada una de les propostes i manifestar el seu suport per majoria simple dels membres.<\/li>\n<li>Avaluar l&#8217;aplicaci\u00f3 del projecte educatiu i de les seves modificacions aix\u00ed com de la resta de documents de gesti\u00f3 del centre.<\/li>\n<li>Aprovar les propostes d&#8217;acords de corresponsabilitat, convenis i altres acords de col\u00b7laboraci\u00f3 del centre amb entitats i institucions.<\/li>\n<li>Intervenir en el procediment d&#8217;admissi\u00f3 d&#8217;alumnes.<\/li>\n<li>Participar en el procediment de selecci\u00f3 i en la proposta de cessament del director o directora.<\/li>\n<li>Intervenir en la resoluci\u00f3 dels conflictes i, si escau, revisar les sancions als alumnes.<\/li>\n<li>Aprovar les directrius per a la programaci\u00f3 d&#8217;activitats escolars complement\u00e0ries i d&#8217;activitats extraescolars, i avaluar-ne el desenvolupament.<\/li>\n<li>Participar en les an\u00e0lisis i les avaluacions del funcionament general del centre i con\u00e8ixer l&#8217;evoluci\u00f3 del rendiment escolar.<\/li>\n<li>Aprovar els criteris de col\u00b7laboraci\u00f3 amb altres centres i amb l&#8217;entorn.<\/li>\n<li>Qualsevol altre que li sigui atribu\u00efda per les normes legals o reglament\u00e0ries.<\/li>\n<\/ul>\n<table style=\"width: 100%;\">\n<tbody>\n<tr>\n<td style=\"width: 99.0541%;\" colspan=\"2\"><span style=\"font-weight: 400;\">CALENDARI DE REUNIONS<\/span><\/td>\n<\/tr>\n<tr>\n<td style=\"width: 99.0541%;\" colspan=\"2\"><i><span style=\"font-weight: 400;\">El Consell Escolar es reuneix preceptivament una vegada al trimestre i sempre que el convoca la directora o ho sol\u00b7licita al menys un ter\u00e7 dels seus membres. A m\u00e9s, s\u2019ha de fer una reuni\u00f3 a principi de curs i una altra a la seva finalitzaci\u00f3.<\/span><\/i><\/td>\n<\/tr>\n<tr>\n<td style=\"width: 24.4595%;\"><span style=\"font-weight: 400;\">Primer trimestre<\/span><\/td>\n<td style=\"width: 74.5946%;\">14 D&#8217;OCTUBRE DE 2025<\/td>\n<\/tr>\n<tr>\n<td style=\"width: 24.4595%;\"><span style=\"font-weight: 400;\">Segon trimestre<\/span><\/td>\n<td style=\"width: 74.5946%;\">27 DE GENER DE 2026<\/td>\n<\/tr>\n<tr>\n<td style=\"width: 24.4595%;\"><span style=\"font-weight: 400;\">Tercer trimestre<\/span><\/td>\n<td style=\"width: 74.5946%;\">25 DE MAIG DE 2026<\/p>\n<p>16 DE JUNY DE 2026<\/p>\n<p>25 DE JUNY DE 2026<\/td>\n<\/tr>\n<\/tbody>\n<\/table>\n<p><strong><u>\u00d2RGANS COL\u00b7LEGIATS DE PARTICIPACI\u00d3<\/u><\/strong><\/p>\n<p><em>El consell escolar i el claustre del professorat s\u00f3n els \u00f2rgans col\u00b7legiats de participaci\u00f3 de la comunitat escolar en el govern i la gesti\u00f3 dels centres educatius que, com a m\u00ednim, han d\u2019existir en tots els centres que conformen el Servei d\u2019Educaci\u00f3 de Catalunya.<\/em><\/p>\n<p><em>El consell escolar \u00e9s l\u2019\u00f2rgan col\u00b7legiat de participaci\u00f3 de la comunitat escolar en el govern del centre.<\/em><\/p>\n<table style=\"width: 52.5197%; height: 177px;\">\n<tbody>\n<tr style=\"height: 32px;\">\n<td style=\"width: 117.485%; height: 32px;\" colspan=\"2\" width=\"319\">CONSELL ESCOLAR MUNICIPAL<\/td>\n<\/tr>\n<tr style=\"height: 32px;\">\n<td style=\"width: 50%; height: 32px;\" width=\"163\">Presidenta CE<\/td>\n<td style=\"width: 67.4847%; height: 32px;\" width=\"156\">T\u00e0nia Fenollosa Climent<\/td>\n<\/tr>\n<tr style=\"height: 57px;\">\n<td style=\"width: 50%; height: 57px;\" width=\"163\">Representant professors<\/td>\n<td style=\"width: 67.4847%; height: 57px;\" width=\"156\">Alba<\/td>\n<\/tr>\n<tr style=\"height: 56px;\">\n<td style=\"width: 50%; height: 56px;\" width=\"163\">Representant AFA<\/td>\n<td style=\"width: 67.4847%; height: 56px;\" width=\"156\">Ivet<\/td>\n<\/tr>\n<\/tbody>\n<\/table>\n<p>&nbsp;<\/p>\n<table>\n<tbody>\n<tr>\n<td colspan=\"2\" width=\"310\">COMISSIONS CONSELL ESCOLAR<\/td>\n<\/tr>\n<tr>\n<td width=\"115\">Econ\u00f2mica<\/td>\n<td width=\"194\"><span style=\"font-weight: 400;\">T\u00e0nia Fenollosa Climent<\/span><\/p>\n<p>Xavier Iturbe Escobar<\/p>\n<p><span style=\"font-weight: 400;\">Raquel Vilardeb\u00f3 i Pujadas<\/span><\/p>\n<p><span style=\"font-weight: 400;\">Abel<\/span><\/p>\n<p><span style=\"font-weight: 400;\">Tamara<\/span><\/td>\n<\/tr>\n<tr>\n<td width=\"115\">Conviv\u00e8ncia<\/td>\n<td width=\"194\"><span style=\"font-weight: 400;\">T\u00e0nia Fenollosa Climent<\/span><\/p>\n<p><span style=\"font-weight: 400;\">Marta Bondia Isanta<\/span><\/p>\n<p>Ivet<\/p>\n<p><span style=\"font-weight: 400;\">Zaira\u00a0<\/span><\/p>\n<p><span style=\"font-weight: 400;\">Br\u00edgida<\/span><\/td>\n<\/tr>\n<tr>\n<td width=\"115\">Menjador<\/td>\n<td width=\"194\"><span style=\"font-weight: 400;\">T\u00e0nia Fenollosa Climent<\/span><\/p>\n<p><span style=\"font-weight: 400;\">Ana\u00a0<\/span><\/p>\n<p><span style=\"font-weight: 400;\">B\u00e1rbara<\/span><\/p>\n<p><span style=\"font-weight: 400;\">J\u00e8ssica<\/span><\/p>\n<p><span style=\"font-weight: 400;\">Esther<\/span><\/td>\n<\/tr>\n<\/tbody>\n<\/table>\n<p>&nbsp;<\/p>\n<\/div>\n<\/div>\n<\/div>\n","protected":false},"excerpt":{"rendered":"<p>Aquests s\u00f3n els membres actuals que formen part del consell escolar de l&#8217;Escola Santa Agn\u00e8s:<\/p>\n<p>DIRECTORA<br \/>\nT\u00e0nia Fenollosa Climent<\/p>\n<p>CAP D&#8217;ESTUDIS<br \/>\nMarta Bondia Isanta<\/p>\n<p>SECRET\u00c0RIA<br \/>\nXavier Iturbe Escobar<\/p>\n<p>REPRESENTANT AJUNTAMENT<br \/>\nRaquel Vilardeb\u00f2 i Pujadas<\/p>\n<p>REPRESENTANT PROFESSORAT<br \/>\nAlba<\/p>\n<p>Br\u00edgida<\/p>\n<p>Esther<\/p>\n<p>J\u00e8ssica<\/p>\n<p>Tamara<\/p>\n<p>REPRESENTANT PARES I MARES<br \/>\nAbel<\/p>\n<p>B\u00e1rbara<\/p>\n<p>Ivet<\/p>\n<p>Ana<\/p>\n<p>REPRESENTANT AMPA<br \/>\nZaira<\/p>\n<p>REPRESENTANT PAS<br \/>\nTeresa<\/p>\n<p><a href=\"https:\/\/educacio.gencat.cat\/ca\/arees-actuacio\/centres-serveis-educatius\/centres\/consells-escolars-centres\/index.html\">Funcions<\/a><br \/>\nCorresponen al consell escolar les funcions seg\u00fcents:<\/p>\n<ul>\n<li>Participar en l&#8217;aprovaci\u00f3 del projecte educatiu i&hellip;  <a href=\"https:\/\/agora.xtec.cat\/escolasantaagnes\/lescola\/consell-escolar\/\" title=\"Read CONSELL ESCOLAR\">Llegeix m\u00e9s\u00bb<\/a><br \/>\n","protected":false},"author":1,"featured_media":0,"parent":22,"menu_order":0,"comment_status":"closed","ping_status":"closed","template":"","meta":{"_bbp_topic_count":0,"_bbp_reply_count":0,"_bbp_total_topic_count":0,"_bbp_total_reply_count":0,"_bbp_voice_count":0,"_bbp_anonymous_reply_count":0,"_bbp_topic_count_hidden":0,"_bbp_reply_count_hidden":0,"_bbp_forum_subforum_count":0,"footnotes":""},"class_list":["post-487","page","type-page","status-publish","hentry"],"post_mailing_queue_ids":[],"_links":{"self":[{"href":"https:\/\/agora.xtec.cat\/escolasantaagnes\/wp-json\/wp\/v2\/pages\/487","targetHints":{"allow":["GET"]}}],"collection":[{"href":"https:\/\/agora.xtec.cat\/escolasantaagnes\/wp-json\/wp\/v2\/pages"}],"about":[{"href":"https:\/\/agora.xtec.cat\/escolasantaagnes\/wp-json\/wp\/v2\/types\/page"}],"author":[{"embeddable":true,"href":"https:\/\/agora.xtec.cat\/escolasantaagnes\/wp-json\/wp\/v2\/users\/1"}],"replies":[{"embeddable":true,"href":"https:\/\/agora.xtec.cat\/escolasantaagnes\/wp-json\/wp\/v2\/comments?post=487"}],"version-history":[{"count":6,"href":"https:\/\/agora.xtec.cat\/escolasantaagnes\/wp-json\/wp\/v2\/pages\/487\/revisions"}],"predecessor-version":[{"id":5863,"href":"https:\/\/agora.xtec.cat\/escolasantaagnes\/wp-json\/wp\/v2\/pages\/487\/revisions\/5863"}],"up":[{"embeddable":true,"href":"https:\/\/agora.xtec.cat\/escolasantaagnes\/wp-json\/wp\/v2\/pages\/22"}],"wp:attachment":[{"href":"https:\/\/agora.xtec.cat\/escolasantaagnes\/wp-json\/wp\/v2\/media?parent=487"}],"curies":[{"name":"wp","href":"https:\/\/api.w.org\/{rel}","templated":true}]}}