{"id":4835,"date":"2024-06-24T22:28:00","date_gmt":"2024-06-24T20:28:00","guid":{"rendered":"https:\/\/agora.xtec.cat\/escolasantaagnes\/?page_id=4835"},"modified":"2025-06-23T10:39:47","modified_gmt":"2025-06-23T08:39:47","slug":"val-escolar","status":"publish","type":"page","link":"https:\/\/agora.xtec.cat\/escolasantaagnes\/projecte-educatiu\/val-escolar\/","title":{"rendered":"VAL ESCOLAR"},"content":{"rendered":"<p>El\u00a0<strong>val escolar de 60 euros<\/strong> s\u2019adre\u00e7a a les fam\u00edlies dels alumnes que al curs 2025-2026 facin prim\u00e0ria o secund\u00e0ria en centres p\u00fablics o concertats.<\/p>\n<p><a href=\"https:\/\/www.valescolar.cat\/\" target=\"_blank\" rel=\"noopener\">CLICA AQU\u00cd PER ACCEDIR A LA WEB VALS ESCOLARS I TROBAR TOTA LA INFORMACI\u00d3<br \/>\n<img loading=\"lazy\" decoding=\"async\" class=\"size-full wp-image-4836 aligncenter\" src=\"https:\/\/agora.xtec.cat\/escolasantaagnes\/wp-content\/uploads\/usu1755\/2024\/06\/VALS-ESCOLAR-PASSOS.png\" alt=\"\" width=\"1743\" height=\"450\" srcset=\"https:\/\/agora.xtec.cat\/escolasantaagnes\/wp-content\/uploads\/usu1755\/2024\/06\/VALS-ESCOLAR-PASSOS.png 1743w, https:\/\/agora.xtec.cat\/escolasantaagnes\/wp-content\/uploads\/usu1755\/2024\/06\/VALS-ESCOLAR-PASSOS-300x77.png 300w, https:\/\/agora.xtec.cat\/escolasantaagnes\/wp-content\/uploads\/usu1755\/2024\/06\/VALS-ESCOLAR-PASSOS-1024x264.png 1024w, https:\/\/agora.xtec.cat\/escolasantaagnes\/wp-content\/uploads\/usu1755\/2024\/06\/VALS-ESCOLAR-PASSOS-768x198.png 768w, https:\/\/agora.xtec.cat\/escolasantaagnes\/wp-content\/uploads\/usu1755\/2024\/06\/VALS-ESCOLAR-PASSOS-1536x397.png 1536w\" sizes=\"auto, (max-width: 1743px) 100vw, 1743px\" \/><\/a><\/p>\n<p>Els centres podem rebre els vals escolars de les fam\u00edlies que, volunt\u00e0riament, vulguin cedir-los al centre per a reduir la quota de material del proper curs.<\/p>\n<p>L&#8217;opci\u00f3 de cedir els vals als centres educatius estar\u00e0 activa des de l&#8217;inici de la campanya fins al 30 de setembre de 2025.<\/p>\n<p><a style=\"color: #2795b6;\" href=\"https:\/\/agora.xtec.cat\/escolasantaagnes\/wp-content\/uploads\/usu1755\/2024\/06\/val-escolar.png\"><img loading=\"lazy\" decoding=\"async\" class=\"size-full wp-image-4837 alignright\" src=\"https:\/\/agora.xtec.cat\/escolasantaagnes\/wp-content\/uploads\/usu1755\/2024\/06\/val-escolar.png\" alt=\"\" width=\"356\" height=\"164\" srcset=\"https:\/\/agora.xtec.cat\/escolasantaagnes\/wp-content\/uploads\/usu1755\/2024\/06\/val-escolar.png 356w, https:\/\/agora.xtec.cat\/escolasantaagnes\/wp-content\/uploads\/usu1755\/2024\/06\/val-escolar-300x138.png 300w\" sizes=\"auto, (max-width: 356px) 100vw, 356px\" \/><\/a><\/p>\n<p>Per facilitar la nostra gesti\u00f3 econ\u00f2mica, demanem que en cas que alguna fam\u00edlia decideixi cedir el val escolar a l&#8217;escola, ens informi abans de finals de setembre.<\/p>\n<p>Tamb\u00e9 podeu fer \u00fas dels vals escolars per bescanviar-los i adquirir els llibres de text o altres materials en els establiments adherits a la campanya.<\/p>\n","protected":false},"excerpt":{"rendered":"<p>El\u00a0val escolar de 60 euros s\u2019adre\u00e7a a les fam\u00edlies dels alumnes que al curs 2025-2026 facin prim\u00e0ria o secund\u00e0ria en centres p\u00fablics o concertats.<br \/>\n<a href=\"https:\/\/www.valescolar.cat\/\" target=\"_blank\" rel=\"noopener\">CLICA AQU\u00cd PER ACCEDIR A LA WEB VALS ESCOLARS I TROBAR TOTA LA INFORMACI\u00d3<br \/>\n<\/a><br \/>\nEls centres podem rebre els vals&hellip;  <a href=\"https:\/\/agora.xtec.cat\/escolasantaagnes\/projecte-educatiu\/val-escolar\/\" title=\"Read VAL ESCOLAR\">Llegeix m\u00e9s\u00bb<\/a><\/p>\n","protected":false},"author":1,"featured_media":0,"parent":64,"menu_order":0,"comment_status":"closed","ping_status":"closed","template":"","meta":{"_bbp_topic_count":0,"_bbp_reply_count":0,"_bbp_total_topic_count":0,"_bbp_total_reply_count":0,"_bbp_voice_count":0,"_bbp_anonymous_reply_count":0,"_bbp_topic_count_hidden":0,"_bbp_reply_count_hidden":0,"_bbp_forum_subforum_count":0,"footnotes":""},"class_list":["post-4835","page","type-page","status-publish","hentry"],"post_mailing_queue_ids":[],"_links":{"self":[{"href":"https:\/\/agora.xtec.cat\/escolasantaagnes\/wp-json\/wp\/v2\/pages\/4835","targetHints":{"allow":["GET"]}}],"collection":[{"href":"https:\/\/agora.xtec.cat\/escolasantaagnes\/wp-json\/wp\/v2\/pages"}],"about":[{"href":"https:\/\/agora.xtec.cat\/escolasantaagnes\/wp-json\/wp\/v2\/types\/page"}],"author":[{"embeddable":true,"href":"https:\/\/agora.xtec.cat\/escolasantaagnes\/wp-json\/wp\/v2\/users\/1"}],"replies":[{"embeddable":true,"href":"https:\/\/agora.xtec.cat\/escolasantaagnes\/wp-json\/wp\/v2\/comments?post=4835"}],"version-history":[{"count":2,"href":"https:\/\/agora.xtec.cat\/escolasantaagnes\/wp-json\/wp\/v2\/pages\/4835\/revisions"}],"predecessor-version":[{"id":5521,"href":"https:\/\/agora.xtec.cat\/escolasantaagnes\/wp-json\/wp\/v2\/pages\/4835\/revisions\/5521"}],"up":[{"embeddable":true,"href":"https:\/\/agora.xtec.cat\/escolasantaagnes\/wp-json\/wp\/v2\/pages\/64"}],"wp:attachment":[{"href":"https:\/\/agora.xtec.cat\/escolasantaagnes\/wp-json\/wp\/v2\/media?parent=4835"}],"curies":[{"name":"wp","href":"https:\/\/api.w.org\/{rel}","templated":true}]}}