{"id":4534,"date":"2023-11-03T11:55:01","date_gmt":"2023-11-03T10:55:01","guid":{"rendered":"https:\/\/agora.xtec.cat\/escolasantaagnes\/?page_id=4534"},"modified":"2024-11-27T17:50:50","modified_gmt":"2024-11-27T16:50:50","slug":"eleccions-consell-escolar-2023","status":"publish","type":"page","link":"https:\/\/agora.xtec.cat\/escolasantaagnes\/lescola\/consell-escolar\/eleccions-consell-escolar-2023\/","title":{"rendered":"ELECCIONS CONSELL ESCOLAR 2023"},"content":{"rendered":"<p>El passat 12 de desembre de 2023 es va constituir el consell escolar amb els nou membres despr\u00e9s del proc\u00e9s d&#8217;eleccions del mes de novembre. A continuaci\u00f3 us donem acc\u00e9s al document resum del proc\u00e9s d&#8217;eleccions i a l&#8217;acta oficial de constituci\u00f3 del consell.<\/p>\n<p><a href=\"https:\/\/agora.xtec.cat\/escolasantaagnes\/wp-content\/uploads\/usu1755\/2023\/12\/Acta-RECE-constitucio-consell-escolar-23-1.pdf\">Acta RECE (constituci\u00f3 consell escolar &#8217;23)<\/a><\/p>\n<p><a href=\"https:\/\/agora.xtec.cat\/escolasantaagnes\/wp-content\/uploads\/usu1755\/2023\/12\/Resum-eleccions-consell-escolar-23.pdf\">Resum eleccions consell escolar &#8217;23<\/a><\/p>\n<p>&nbsp;<\/p>\n<p><span style=\"font-size: 1.6875em; font-weight: bold;\">Calendari per a les eleccions del 2023<\/span><\/p>\n<ul>\n<li>Publicaci\u00f3 convocat\u00f2ria oficial de la direcci\u00f3 per obrir el proc\u00e9s d&#8217;eleccions al consell escolar, aix\u00ed com el cens provisional dels diferents sectors: 3 i 6 de novembre de 2023, respectivament.<\/li>\n<\/ul>\n<p><a href=\"https:\/\/agora.xtec.cat\/escolasantaagnes\/wp-content\/uploads\/usu1755\/2023\/11\/Convocatoria-eleccions-consell-escolar-2023.pdf\">Convocat\u00f2ria eleccions consell escolar 2023<\/a><\/p>\n<ul>\n<li>Reclamacions al cens provisional: 6, 7 i 8 de novembre de 2023<\/li>\n<li>Sorteig vocals meses electorals: 9 de novembre de 2023<\/li>\n<li>Publicaci\u00f3 de la resoluci\u00f3 a les reclamacions al cens i publicaci\u00f3 del cens definitiu: 10 de novembre de 2023<\/li>\n<li><span style=\"color: #ff0000;\"><strong>Presentaci\u00f3 de candidatures al sector de fam\u00edlies: del 6 al 15 de novembre de 2023<\/strong><\/span><\/li>\n<li>Constituci\u00f3 de les meses electorals: 13 de novembre de 2023.\u200b<\/li>\n<li>Publicaci\u00f3 de les candidatures definitives presentades: 16 de novembre de 2023<\/li>\n<li>Votacions: 24 de novembre de 2023<\/li>\n<li>Constituci\u00f3 del consell escolar i presa de possessi\u00f3 dels membres: dimarts 12 de desembre de 2023.\u200b\u200b<\/li>\n<\/ul>\n<p><a href=\"https:\/\/agora.xtec.cat\/escolasantaagnes\/wp-content\/uploads\/usu1755\/2023\/11\/informacio-families-eleccions.pdf\">Informaci\u00f3 m\u00e9s detallada del proc\u00e9s adre\u00e7at a les fam\u00edlies<\/a><\/p>\n<p><a href=\"https:\/\/agora.xtec.cat\/escolasantaagnes\/wp-content\/uploads\/usu1755\/2023\/11\/ELECCIONS-CONSELL-ESCOLAR.png\"><img loading=\"lazy\" decoding=\"async\" class=\"size-full wp-image-4531 aligncenter\" src=\"https:\/\/agora.xtec.cat\/escolasantaagnes\/wp-content\/uploads\/usu1755\/2023\/11\/ELECCIONS-CONSELL-ESCOLAR.png\" alt=\"\" width=\"2245\" height=\"1587\" srcset=\"https:\/\/agora.xtec.cat\/escolasantaagnes\/wp-content\/uploads\/usu1755\/2023\/11\/ELECCIONS-CONSELL-ESCOLAR.png 2245w, https:\/\/agora.xtec.cat\/escolasantaagnes\/wp-content\/uploads\/usu1755\/2023\/11\/ELECCIONS-CONSELL-ESCOLAR-300x212.png 300w, https:\/\/agora.xtec.cat\/escolasantaagnes\/wp-content\/uploads\/usu1755\/2023\/11\/ELECCIONS-CONSELL-ESCOLAR-1024x724.png 1024w, https:\/\/agora.xtec.cat\/escolasantaagnes\/wp-content\/uploads\/usu1755\/2023\/11\/ELECCIONS-CONSELL-ESCOLAR-768x543.png 768w, https:\/\/agora.xtec.cat\/escolasantaagnes\/wp-content\/uploads\/usu1755\/2023\/11\/ELECCIONS-CONSELL-ESCOLAR-1536x1086.png 1536w, https:\/\/agora.xtec.cat\/escolasantaagnes\/wp-content\/uploads\/usu1755\/2023\/11\/ELECCIONS-CONSELL-ESCOLAR-2048x1448.png 2048w\" sizes=\"auto, (max-width: 2245px) 100vw, 2245px\" \/><\/a><\/p>\n<p>Si vols presentar la teva candidatura, per a qualsevol dels sectors que formen part del consell escolar, fes servir el seg\u00fcent document:<\/p>\n<p><a href=\"https:\/\/agora.xtec.cat\/escolasantaagnes\/wp-content\/uploads\/usu1755\/2023\/11\/Presentacio-candidatura.pdf\">Presentaci\u00f3 candidatura<\/a><\/p>\n<p><strong>Qu\u00e8 heu de fer els pares i mares abans de les votacions:<\/strong><\/p>\n<ol>\n<li>Consultar el calendari del proc\u00e9s electoral del vostre centre educatiu.<\/li>\n<li>Consultar el cens electoral provisional que publica la direcci\u00f3 del centre.<\/li>\n<li>Presentar les reclamacions al cens en cas que no hi consteu.<\/li>\n<li>Consultar la persona que representa l&#8217;AFA al consell escolar.<\/li>\n<li>Presentar la vostra candidatura a formar part del consell escolar.<\/li>\n<li>Con\u00e8ixer si us han nomenat membres de la mesa electoral.<\/li>\n<li>Consultar el cens definitiu.<\/li>\n<li>Consultar les candidatures que s&#8217;han presentat.<\/li>\n<li>VOTAR<\/li>\n<\/ol>\n<h2 class=\"basic_title col-sm-12 pd-10\">Per qu\u00e8 \u00e9s important que les fam\u00edlies participeu en les eleccions del consell escolar?<\/h2>\n<p>L&#8217;equip de professionals dels centres i les fam\u00edlies compartim un objectiu com\u00fa: l&#8217;\u00e8xit personal, social i acad\u00e8mic dels fills i de les filles. Les decisions que es prenen al consell escolar s\u00f3n clau per al funcionament i la millora del centre i, per tant, tamb\u00e9 per a l&#8217;\u00e8xit educatiu de tot l&#8217;alumnat. \u00c9s per aquest motiu que la participaci\u00f3 i implicaci\u00f3 dels pares i mares en les eleccions al consell escolar \u00e9s tan important.<\/p>\n<p>Quan les fam\u00edlies participeu en les eleccions, doneu suport al vostre candidat o candidata i hi delegueu la vostra veu i vot. Aix\u00ed feu arribar les vostres opinions i aportacions. Per tant, \u00e9s important que participeu en les eleccions al consell escolar pels motius seg\u00fcents:<\/p>\n<ul>\n<li>Sou els responsables de la formaci\u00f3 dels vostres fills i filles i \u00e9s important tenir una bona representaci\u00f3 al consell escolar que us informi i faci arribar la vostra veu.<\/li>\n<li>Les fam\u00edlies i els equips de docents compartim un mateix objectiu: l&#8217;\u00e8xit acad\u00e8mic, social i personal dels fills i filles. Per aix\u00f2 hem de ser capa\u00e7os de treballar de manera conjunta i decidir a qu\u00e8 ens comprometem per aconseguir-ho.<\/li>\n<li>Les fam\u00edlies teniu el dret de participar de manera democr\u00e0tica en l&#8217;organitzaci\u00f3 del centre. Aquesta \u00e9s una manera de valorar l&#8217;escola i tamb\u00e9 contribu\u00efu que el vostre fill o filla la valori.<\/li>\n<li>L&#8217;\u00e8xit educatiu del vostre fill o filla tamb\u00e9 dep\u00e8n del funcionament i el clima de centre. Implicar-vos en el seguiment i l&#8217;avaluaci\u00f3 d&#8217;aquest funcionament \u00e9s implicar-vos en el seu desenvolupament i creixement personal.<\/li>\n<li>\u00c9s la manera de fer arribar la vostra veu en temes que us poden preocupar, com activitats extraescolars o\u00a0 l&#8217;alimentaci\u00f3 en el menjador escolar.<\/li>\n<li>\u00c9s important tenir una escola oberta a l&#8217;entorn, que col\u00b7labori amb els altres centres i les diferents entitats i que entre tots pugueu fer del vostre municipi, barri o poble un entorn m\u00e9s educatiu i cohesionat. El consell escolar decideix quines han de ser aquestes relacions.<\/li>\n<\/ul>\n<h2>Funcions consell escolar<\/h2>\n<p>Corresponen al consell escolar les funcions seg\u00fcents:<\/p>\n<ul>\n<li>Aprovar el projecte educatiu i les modificacions corresponents per una majoria de tres cinquenes parts dels membres.<\/li>\n<li>Aprovar la programaci\u00f3 general anual del centre i avaluar-ne el desenvolupament i els resultats.<\/li>\n<li>Aprovar les propostes d&#8217;acords de corresponsabilitat, convenis i altres acords de col\u00b7laboraci\u00f3 del centre amb entitats o institucions.<\/li>\n<li>Aprovar les normes d&#8217;organitzaci\u00f3 i funcionament i les modificacions corresponents.<\/li>\n<li>Aprovar la carta de comprom\u00eds educatiu.<\/li>\n<li>Aprovar el pressupost del centre i el rendiment de comptes.<\/li>\n<li>Intervenir en el procediment d&#8217;admissi\u00f3 d&#8217;alumnes.<\/li>\n<li>Participar en el procediment de selecci\u00f3 i en la proposta de cessament del director o directora.<\/li>\n<li>Intervenir en la resoluci\u00f3 dels conflictes i, si escau, revisar les sancions als alumnes.<\/li>\n<li>Aprovar les directrius per a la programaci\u00f3 d&#8217;activitats escolars complement\u00e0ries i d&#8217;activitats extraescolars, i avaluar-ne el desenvolupament.<\/li>\n<li>Participar en les an\u00e0lisis i les avaluacions del funcionament general del centre i con\u00e8ixer l&#8217;evoluci\u00f3 del rendiment escolar.<\/li>\n<li>Aprovar els criteris de col\u00b7laboraci\u00f3 amb altres centres i amb l&#8217;entorn.<\/li>\n<li>Qualsevol altra que li sigui atribu\u00efda per les normes legals o reglament\u00e0ries.<\/li>\n<\/ul>\n<h2>Composici\u00f3 en els centres p\u00fablics<\/h2>\n<ol>\n<li>El consell escolar d&#8217;un centre p\u00fablic est\u00e0 integrat per:\n<ul>\n<li>El director o directora, que el presideix.<\/li>\n<li>El cap o la cap d&#8217;estudis.<\/li>\n<li>Un o una representant de l&#8217;ajuntament de la localitat on es troba situat el centre.<\/li>\n<li>El secretari o secret\u00e0ria del centre que assisteix amb veu i sense vot i exerceix la secretaria del consell.<\/li>\n<li>Els i les representants del professorat s&#8217;elegeixen pel claustre.<\/li>\n<li>Els i les representants de l&#8217;alumnat i dels pares i mares o tutors, elegits respectivament per ells i entre ells.<\/li>\n<li>Un o una representant del personal d&#8217;administraci\u00f3 i serveis, elegit per i entre aquest personal.<\/li>\n<li>En els centres espec\u00edfics d&#8217;educaci\u00f3 especial i en els que tinguin unitats d&#8217;educaci\u00f3 especial tamb\u00e9 \u00e9s membre del consell escolar un o una representant del personal d&#8217;atenci\u00f3 educativa. La representaci\u00f3 d&#8217;aquest personal no t\u00e9 la consideraci\u00f3 de representaci\u00f3 del professorat als efectes de determinar la composici\u00f3 del consell escolar.<\/li>\n<\/ul>\n<\/li>\n<li>El nombre de representants del professorat no pot ser inferior a un ter\u00e7 del total de membres del consell, elegits pel claustre i en representaci\u00f3 d&#8217;aquest.<\/li>\n<li>El nombre de representants de l&#8217;alumnat i pares i mares o tutors, en conjunt, no pot ser inferior a un ter\u00e7 del total de persones membres del consell. Una de les persones representants dels progenitors la designa l&#8217;associaci\u00f3 de pares i mares m\u00e9s representativa del centre.<\/li>\n<li>Cada centre determina la\u00a0<strong>composici\u00f3 del consell escolar<\/strong>\u00a0que queda recollida a les seves normes d&#8217;organitzaci\u00f3 i funcionament, d&#8217;acord amb el que s&#8217;estableix en el Decret 102\/2010, de 3 d&#8217;agost, d&#8217;autonomia dels centres educatius i la resta de legislaci\u00f3 vigent.<\/li>\n<li>En els\u00a0<strong>centres de nova creaci\u00f3<\/strong>, el director o directora ha d&#8217;ajustar la composici\u00f3 del consell escolar respectant el que estableixen els apartats 3 i 4. En els\u00a0<strong>centres incomplets<\/strong>, quan el nombre de professorat no permeti assolir el que preveu l&#8217;apartat 3, les normes d&#8217;organitzaci\u00f3 i funcionament han d&#8217;establir que, en tot cas, hi hagi el mateix nombre de representants del professorat i de representants de l&#8217;alumnat\u00a0i pares i mares en conjunt.<\/li>\n<li>En els centres que imparteixen exclusivament ensenyaments que duen a l&#8217;obtenci\u00f3 de t\u00edtols acad\u00e8mics que equivalen a t\u00edtols universitaris, en les escoles oficials d&#8217;idiomes, en les escoles d&#8217;art, en els centres que imparteixen ensenyaments de r\u00e8gim especial d&#8217;esports i en els altres centres que imparteixen ensenyaments exclusivament a alumnes majors de divuit anys, no hi ha representaci\u00f3 dels pares i mares dels i de les alumnes.En els\u00a0<strong>centres espec\u00edfics d&#8217;educaci\u00f3 especial<\/strong>\u00a0i en els que tenen unitats d&#8217;educaci\u00f3 especial hi ha d&#8217;haver una persona representant del personal d&#8217;atenci\u00f3 educativa.En els\u00a0<strong>centres que imparteixen cicles formatius<\/strong>\u00a0de dues o m\u00e9s fam\u00edlies professionals, o en els centres en qu\u00e8 almenys el 25% de l&#8217;alumnat cursa ensenyaments de formaci\u00f3 professional o d&#8217;arts pl\u00e0stiques i disseny, ensenyaments de grau mitj\u00e0 de m\u00fasica o de dansa o ensenyaments art\u00edstics superiors, es pot incorporar a les sessions del consell escolar una persona proposada per les institucions empresarials o laborals presents en l&#8217;\u00e0mbit d&#8217;acci\u00f3 del centre, amb veu i sense vot.<\/li>\n<li>El centre no pot modificar la configuraci\u00f3 del consell escolar dins dels tres cursos acad\u00e8mics seg\u00fcents a aquell en qu\u00e8 \u00e9s determinada. L&#8217;aprovaci\u00f3 d&#8217;una modificaci\u00f3 en la composici\u00f3 del consell escolar no entrar\u00e0 en vigor fins al primer proc\u00e9s electoral que es dugui a terme despr\u00e9s que s&#8217;hagi aprovat.Un cop constitu\u00eft, el consell escolar del centre ha de designar una persona que impulsi mesures educatives de foment de la igualtat real i efectiva entre homes i dones.<\/li>\n<\/ol>\n<h2>Funcionament<\/h2>\n<p>El consell escolar ha d&#8217;aprovar les seves normes de funcionament. En all\u00f2 que no estigui previst s&#8217;han d&#8217;aplicar les normes reguladores dels \u00f2rgans col\u00b7legiats de l&#8217;Administraci\u00f3 de la Generalitat.<\/p>\n<p>El consell escolar del centre es reuneix preceptivament una vegada al trimestre i sempre que el convoca el director o directora del centre o ho sol\u00b7licita al menys un ter\u00e7 de les seves persones membres. A m\u00e9s, s&#8217;ha de fer una reuni\u00f3 a principi de curs i una altra a la seva finalitzaci\u00f3.<\/p>\n<p>El consell escolar actua normalment en ple. Es poden constituir comissions espec\u00edfiques d\u2019estudi i informaci\u00f3, a les quals, en tot cas, s\u2019hi ha d\u2019incorporar la direcci\u00f3 del centre, o en la seva representaci\u00f3, un altre \u00f2rgan\u00a0unipersonal de direcci\u00f3,\u00a0un professor o professora, i un alumne o alumna o un representant o una representant de les mares i els pares. Els centres de titularitat p\u00fablica, a m\u00e9s, hi ha d&#8217;haver preceptivament\u00a0una\u00a0<strong>comissi\u00f3 econ\u00f2mica<\/strong>\u00a0que supervisa la gesti\u00f3 econ\u00f2mica del centre.<\/p>\n<h2>Renovaci\u00f3 dels membres<\/h2>\n<p>Les persones del consell escolar s\u00f3n elegides per\u00a0<strong>un per\u00edode de quatre anys<\/strong>\u00a0i es renoven per meitats cada dos anys.<\/p>\n<p>Les eleccions per a la constituci\u00f3 o renovaci\u00f3 de membres del consell escolar, les convoca el director o directora del centre p\u00fablic, amb quinze dies d&#8217;antelaci\u00f3, dintre del per\u00edode que fixa el Departament d&#8217;Ensenyament.<\/p>\n<p>Les\u00a0<strong>vacants<\/strong>\u00a0del consell escolar s&#8217;han d&#8217;ocupar pel procediment establert a les normes d&#8217;organitzaci\u00f3 i funcionament del centre; si aquestes no ho preveuen, les ha d&#8217;ocupar la seg\u00fcent candidatura m\u00e9s votada en les darreres eleccions. Si no hi ha m\u00e9s candidats o candidates per cobrir-les, romanen sense cobrir fins a la propera renovaci\u00f3 del consell escolar.<\/p>\n<p>La condici\u00f3 de membre del consell escolar es perd quan es deixa el c\u00e0rrec que comporta ser-ne membre, quan es deixa de complir algun dels requisits per ser elegible o quan l&#8217;\u00f2rgan que l&#8217;ha designat en revoca la designaci\u00f3.<\/p>\n","protected":false},"excerpt":{"rendered":"<p>El passat 12 de desembre de 2023 es va constituir el consell escolar amb els nou membres despr\u00e9s del proc\u00e9s d&#8217;eleccions del mes de novembre. A continuaci\u00f3 us donem acc\u00e9s al document resum del proc\u00e9s d&#8217;eleccions i a l&#8217;acta oficial de constituci\u00f3 del consell.<br \/>\n<a href=\"https:\/\/agora.xtec.cat\/escolasantaagnes\/wp-content\/uploads\/usu1755\/2023\/12\/Acta-RECE-constitucio-consell-escolar-23-1.pdf\">Acta&hellip;  <a href=\"https:\/\/agora.xtec.cat\/escolasantaagnes\/lescola\/consell-escolar\/eleccions-consell-escolar-2023\/\" title=\"Read ELECCIONS CONSELL ESCOLAR 2023\">Llegeix m\u00e9s\u00bb<\/a><\/p>\n","protected":false},"author":1,"featured_media":0,"parent":487,"menu_order":0,"comment_status":"closed","ping_status":"closed","template":"","meta":{"_bbp_topic_count":0,"_bbp_reply_count":0,"_bbp_total_topic_count":0,"_bbp_total_reply_count":0,"_bbp_voice_count":0,"_bbp_anonymous_reply_count":0,"_bbp_topic_count_hidden":0,"_bbp_reply_count_hidden":0,"_bbp_forum_subforum_count":0,"footnotes":""},"class_list":["post-4534","page","type-page","status-publish","hentry"],"post_mailing_queue_ids":[],"_links":{"self":[{"href":"https:\/\/agora.xtec.cat\/escolasantaagnes\/wp-json\/wp\/v2\/pages\/4534","targetHints":{"allow":["GET"]}}],"collection":[{"href":"https:\/\/agora.xtec.cat\/escolasantaagnes\/wp-json\/wp\/v2\/pages"}],"about":[{"href":"https:\/\/agora.xtec.cat\/escolasantaagnes\/wp-json\/wp\/v2\/types\/page"}],"author":[{"embeddable":true,"href":"https:\/\/agora.xtec.cat\/escolasantaagnes\/wp-json\/wp\/v2\/users\/1"}],"replies":[{"embeddable":true,"href":"https:\/\/agora.xtec.cat\/escolasantaagnes\/wp-json\/wp\/v2\/comments?post=4534"}],"version-history":[{"count":6,"href":"https:\/\/agora.xtec.cat\/escolasantaagnes\/wp-json\/wp\/v2\/pages\/4534\/revisions"}],"predecessor-version":[{"id":4611,"href":"https:\/\/agora.xtec.cat\/escolasantaagnes\/wp-json\/wp\/v2\/pages\/4534\/revisions\/4611"}],"up":[{"embeddable":true,"href":"https:\/\/agora.xtec.cat\/escolasantaagnes\/wp-json\/wp\/v2\/pages\/487"}],"wp:attachment":[{"href":"https:\/\/agora.xtec.cat\/escolasantaagnes\/wp-json\/wp\/v2\/media?parent=4534"}],"curies":[{"name":"wp","href":"https:\/\/api.w.org\/{rel}","templated":true}]}}