{"id":4140,"date":"2023-02-06T15:36:45","date_gmt":"2023-02-06T14:36:45","guid":{"rendered":"https:\/\/agora.xtec.cat\/escolasantaagnes\/?page_id=4140"},"modified":"2024-11-27T17:02:04","modified_gmt":"2024-11-27T16:02:04","slug":"primaria","status":"publish","type":"page","link":"https:\/\/agora.xtec.cat\/escolasantaagnes\/primaria\/","title":{"rendered":"PRIM\u00c0RIA"},"content":{"rendered":"<p>A la nostra escola, la metodologia es centra en oferir un aprenentatge significatiu, personalitzat i adaptat a les necessitats de cada etapa educativa.<\/p>\n<p><strong>Educaci\u00f3 Prim\u00e0ria<\/strong><\/p>\n<ul>\n<li>Llibres de text a lleng\u00fces: A les \u00e0rees ling\u00fc\u00edstiques, s\u2019utilitzen llibres de text per estructurar un treball sistem\u00e0tic i rigor\u00f3s.<\/li>\n<li>Angl\u00e8s centrat en llengua oral: Les sessions d\u2019angl\u00e8s prioritzen l\u2019expressi\u00f3 i comprensi\u00f3 oral, i a cicle superior s\u2019incorpora la llengua escrita a trav\u00e9s de la lectura de llibres.<\/li>\n<li>Innovamat i treball per projectes: Les matem\u00e0tiques es treballen amb Innovamat, amb un fort component manipulatiu, i l\u2019\u00e0rea de medi segueix el model de treball per projectes com a infantil.<\/li>\n<li>Foment de la lectura: A tots els nivells es dediquen espais de temps diaris a la lectura individual, a m\u00e9s d\u2019estones de lectura compartida amb un llibre com\u00fa que enriqueix la comprensi\u00f3 lectora i el debat.<\/li>\n<\/ul>\n<p>Aquest enfocament metodol\u00f2gic garanteix una base s\u00f2lida en els coneixements essencials, fomentant alhora la creativitat, la cooperaci\u00f3 i el pensament cr\u00edtic.<\/p>\n","protected":false},"excerpt":{"rendered":"<p>A la nostra escola, la metodologia es centra en oferir un aprenentatge significatiu, personalitzat i adaptat a les necessitats de cada etapa educativa.<br \/>\nEducaci\u00f3 Prim\u00e0ria<\/p>\n<ul>\n<li>Llibres de text a lleng\u00fces: A les \u00e0rees ling\u00fc\u00edstiques, s\u2019utilitzen llibres de text per estructurar un treball sistem\u00e0tic i rigor\u00f3s.<\/li>\n<li>Angl\u00e8s centrat en&hellip;  <a href=\"https:\/\/agora.xtec.cat\/escolasantaagnes\/primaria\/\" title=\"Read PRIM\u00c0RIA\">Llegeix m\u00e9s\u00bb<\/a><br \/>\n","protected":false},"author":1,"featured_media":0,"parent":0,"menu_order":0,"comment_status":"closed","ping_status":"closed","template":"page-templates\/side-menu.php","meta":{"_bbp_topic_count":0,"_bbp_reply_count":0,"_bbp_total_topic_count":0,"_bbp_total_reply_count":0,"_bbp_voice_count":0,"_bbp_anonymous_reply_count":0,"_bbp_topic_count_hidden":0,"_bbp_reply_count_hidden":0,"_bbp_forum_subforum_count":0,"footnotes":""},"class_list":["post-4140","page","type-page","status-publish","hentry"],"post_mailing_queue_ids":[],"_links":{"self":[{"href":"https:\/\/agora.xtec.cat\/escolasantaagnes\/wp-json\/wp\/v2\/pages\/4140","targetHints":{"allow":["GET"]}}],"collection":[{"href":"https:\/\/agora.xtec.cat\/escolasantaagnes\/wp-json\/wp\/v2\/pages"}],"about":[{"href":"https:\/\/agora.xtec.cat\/escolasantaagnes\/wp-json\/wp\/v2\/types\/page"}],"author":[{"embeddable":true,"href":"https:\/\/agora.xtec.cat\/escolasantaagnes\/wp-json\/wp\/v2\/users\/1"}],"replies":[{"embeddable":true,"href":"https:\/\/agora.xtec.cat\/escolasantaagnes\/wp-json\/wp\/v2\/comments?post=4140"}],"version-history":[{"count":2,"href":"https:\/\/agora.xtec.cat\/escolasantaagnes\/wp-json\/wp\/v2\/pages\/4140\/revisions"}],"predecessor-version":[{"id":5010,"href":"https:\/\/agora.xtec.cat\/escolasantaagnes\/wp-json\/wp\/v2\/pages\/4140\/revisions\/5010"}],"wp:attachment":[{"href":"https:\/\/agora.xtec.cat\/escolasantaagnes\/wp-json\/wp\/v2\/media?parent=4140"}],"curies":[{"name":"wp","href":"https:\/\/api.w.org\/{rel}","templated":true}]}}