{"id":4118,"date":"2023-02-06T14:12:40","date_gmt":"2023-02-06T13:12:40","guid":{"rendered":"https:\/\/agora.xtec.cat\/escolasantaagnes\/?page_id=4118"},"modified":"2026-02-17T10:35:41","modified_gmt":"2026-02-17T09:35:41","slug":"servei-dacollida","status":"publish","type":"page","link":"https:\/\/agora.xtec.cat\/escolasantaagnes\/servei-dacollida\/","title":{"rendered":"SERVEI D&#8217;ACOLLIDA"},"content":{"rendered":"<p><a href=\"https:\/\/agora.xtec.cat\/escolasantaagnes\/wp-content\/uploads\/usu1755\/2026\/02\/Informacio-acollida.png\"><img loading=\"lazy\" decoding=\"async\" class=\"alignnone size-full wp-image-5932\" src=\"https:\/\/agora.xtec.cat\/escolasantaagnes\/wp-content\/uploads\/usu1755\/2026\/02\/Informacio-acollida.png\" alt=\"\" width=\"782\" height=\"289\" srcset=\"https:\/\/agora.xtec.cat\/escolasantaagnes\/wp-content\/uploads\/usu1755\/2026\/02\/Informacio-acollida.png 782w, https:\/\/agora.xtec.cat\/escolasantaagnes\/wp-content\/uploads\/usu1755\/2026\/02\/Informacio-acollida-300x111.png 300w, https:\/\/agora.xtec.cat\/escolasantaagnes\/wp-content\/uploads\/usu1755\/2026\/02\/Informacio-acollida-768x284.png 768w\" sizes=\"auto, (max-width: 782px) 100vw, 782px\" \/><\/a><\/p>\n<p>L&#8217;horari de 7.30h a 8h nom\u00e9s es far\u00e0 en el cas de tenir un m\u00ednim de 5 alumnes fixes. En cas contrari, l&#8217;acollida de mat\u00ed s&#8217;inicia a les 8h.<\/p>\n<p>L&#8217;acollida de la tarda \u00e9s de 16.30h a 18h de dilluns a dijous. Fins les 17h els divendres, sempre i quan hi hagi un m\u00ednim de 5 alumnes. El berenar \u00e9s a c\u00e0rrec de les fam\u00edlies.<\/p>\n","protected":false},"excerpt":{"rendered":"<p><a href=\"https:\/\/agora.xtec.cat\/escolasantaagnes\/wp-content\/uploads\/usu1755\/2026\/02\/Informacio-acollida.png\"><\/a><br \/>\nL&#8217;horari de 7.30h a 8h nom\u00e9s es far\u00e0 en el cas de tenir un m\u00ednim de 5 alumnes fixes. En cas contrari, l&#8217;acollida de mat\u00ed s&#8217;inicia a les 8h.<br \/>\nL&#8217;acollida de la tarda \u00e9s de 16.30h a 18h de dilluns a dijous. Fins les 17h&hellip;  <a href=\"https:\/\/agora.xtec.cat\/escolasantaagnes\/servei-dacollida\/\" title=\"Read SERVEI D&#8217;ACOLLIDA\">Llegeix m\u00e9s\u00bb<\/a><\/p>\n","protected":false},"author":1,"featured_media":0,"parent":0,"menu_order":0,"comment_status":"closed","ping_status":"closed","template":"","meta":{"_bbp_topic_count":0,"_bbp_reply_count":0,"_bbp_total_topic_count":0,"_bbp_total_reply_count":0,"_bbp_voice_count":0,"_bbp_anonymous_reply_count":0,"_bbp_topic_count_hidden":0,"_bbp_reply_count_hidden":0,"_bbp_forum_subforum_count":0,"footnotes":""},"class_list":["post-4118","page","type-page","status-publish","hentry"],"post_mailing_queue_ids":[],"_links":{"self":[{"href":"https:\/\/agora.xtec.cat\/escolasantaagnes\/wp-json\/wp\/v2\/pages\/4118","targetHints":{"allow":["GET"]}}],"collection":[{"href":"https:\/\/agora.xtec.cat\/escolasantaagnes\/wp-json\/wp\/v2\/pages"}],"about":[{"href":"https:\/\/agora.xtec.cat\/escolasantaagnes\/wp-json\/wp\/v2\/types\/page"}],"author":[{"embeddable":true,"href":"https:\/\/agora.xtec.cat\/escolasantaagnes\/wp-json\/wp\/v2\/users\/1"}],"replies":[{"embeddable":true,"href":"https:\/\/agora.xtec.cat\/escolasantaagnes\/wp-json\/wp\/v2\/comments?post=4118"}],"version-history":[{"count":6,"href":"https:\/\/agora.xtec.cat\/escolasantaagnes\/wp-json\/wp\/v2\/pages\/4118\/revisions"}],"predecessor-version":[{"id":5933,"href":"https:\/\/agora.xtec.cat\/escolasantaagnes\/wp-json\/wp\/v2\/pages\/4118\/revisions\/5933"}],"wp:attachment":[{"href":"https:\/\/agora.xtec.cat\/escolasantaagnes\/wp-json\/wp\/v2\/media?parent=4118"}],"curies":[{"name":"wp","href":"https:\/\/api.w.org\/{rel}","templated":true}]}}