{"id":4093,"date":"2023-02-06T13:54:42","date_gmt":"2023-02-06T12:54:42","guid":{"rendered":"https:\/\/agora.xtec.cat\/escolasantaagnes\/?page_id=4093"},"modified":"2026-02-27T10:59:42","modified_gmt":"2026-02-27T09:59:42","slug":"gestio-economica","status":"publish","type":"page","link":"https:\/\/agora.xtec.cat\/escolasantaagnes\/gestio-economica\/","title":{"rendered":"GESTI\u00d3 ECON\u00d2MICA"},"content":{"rendered":"<p>A continuaci\u00f3 us deixem les liquidacions i pressupostos dels diferents cursos.<\/p>\n<table style=\"border-collapse: collapse; width: 100%; height: 192px;\">\n<tbody>\n<tr>\n<td style=\"width: 99.865%;\" colspan=\"2\"><strong>ANY 2026<\/strong><\/td>\n<\/tr>\n<tr>\n<td style=\"width: 49.9325%;\">Dades del pressupost_26<\/td>\n<td style=\"width: 49.9325%;\">Liquidaci\u00f3 pressupost_26<\/td>\n<\/tr>\n<tr>\n<td style=\"width: 99.865%;\" colspan=\"2\"><strong>ANY 2025<\/strong><\/td>\n<\/tr>\n<tr>\n<td style=\"width: 49.9325%;\"><a href=\"https:\/\/agora.xtec.cat\/escolasantaagnes\/wp-content\/uploads\/usu1755\/2026\/02\/Dades-del-pressupost.pdf\" target=\"_blank\" rel=\"noopener\">Dades del pressupost_25<\/a><\/td>\n<td style=\"width: 49.9325%;\"><a href=\"https:\/\/agora.xtec.cat\/escolasantaagnes\/wp-content\/uploads\/usu1755\/2026\/02\/Liquidacio-del-pressupost.pdf\" target=\"_blank\" rel=\"noopener\">Liquidaci\u00f3 pressupost_25<\/a><\/td>\n<\/tr>\n<tr style=\"height: 32px;\">\n<td style=\"height: 32px; width: 99.865%;\" colspan=\"2\"><strong>ANY 2024<\/strong><\/td>\n<\/tr>\n<tr style=\"height: 32px;\">\n<td style=\"width: 49.9325%; height: 32px;\"><a href=\"https:\/\/agora.xtec.cat\/escolasantaagnes\/wp-content\/uploads\/usu1755\/2024\/11\/Dades-del-pressupost_24.pdf\" target=\"_blank\" rel=\"noopener\">Dades del pressupost_24<\/a><\/td>\n<td style=\"width: 49.9325%; height: 32px;\"><a href=\"https:\/\/agora.xtec.cat\/escolasantaagnes\/wp-content\/uploads\/usu1755\/2025\/02\/Liquidacio-del-pressupost.pdf\" target=\"_blank\" rel=\"noopener\">Liquidaci\u00f3 pressupost_24<\/a><\/td>\n<\/tr>\n<tr style=\"height: 32px;\">\n<td style=\"width: 99.865%; height: 32px;\" colspan=\"2\"><strong>ANY 2023<\/strong><\/td>\n<\/tr>\n<tr style=\"height: 32px;\">\n<td style=\"width: 49.9325%; height: 32px;\"><a style=\"color: #2795b6; font-size: 16px;\" href=\"https:\/\/agora.xtec.cat\/escolasantaagnes\/wp-content\/uploads\/usu1755\/2023\/02\/Pressupost-2023.pdf\" target=\"_blank\" rel=\"noopener\">Pressupost_23<\/a><\/td>\n<td style=\"width: 49.9325%; height: 32px;\"><a href=\"https:\/\/agora.xtec.cat\/escolasantaagnes\/wp-content\/uploads\/usu1755\/2024\/11\/Liquidacio-del-pressupost_23.pdf\" target=\"_blank\" rel=\"noopener\">Liquidaci\u00f3 del pressupost_23<\/a><\/td>\n<\/tr>\n<tr style=\"height: 32px;\">\n<td style=\"width: 99.865%; height: 32px;\" colspan=\"2\"><strong>ANY 2022<\/strong><\/td>\n<\/tr>\n<tr style=\"height: 32px;\">\n<td style=\"width: 49.9325%; height: 32px;\"><a style=\"color: #2795b6; font-size: 16px;\" href=\"https:\/\/agora.xtec.cat\/escolasantaagnes\/wp-content\/uploads\/usu1755\/2022\/02\/Pressupost-22.pdf\" target=\"_blank\" rel=\"noopener\">Pressupost_22<\/a><\/td>\n<td style=\"width: 49.9325%; height: 32px;\"><a style=\"color: #2795b6; font-size: 16px;\" href=\"https:\/\/agora.xtec.cat\/escolasantaagnes\/wp-content\/uploads\/usu1755\/2023\/02\/Liquidacio-pressuost-2022.pdf\" target=\"_blank\" rel=\"noopener\">Liquidaci\u00f3 pressupost_22<\/a><\/td>\n<\/tr>\n<\/tbody>\n<\/table>\n<p>&nbsp;<\/p>\n<p>&nbsp;<\/p>\n<p>&nbsp;<\/p>\n","protected":false},"excerpt":{"rendered":"<p>A continuaci\u00f3 us deixem les liquidacions i pressupostos dels diferents cursos.<\/p>\n<p>ANY 2026<\/p>\n<p>Dades del pressupost_26<br \/>\nLiquidaci\u00f3 pressupost_26<\/p>\n<p>ANY 2025<\/p>\n<p><a href=\"https:\/\/agora.xtec.cat\/escolasantaagnes\/wp-content\/uploads\/usu1755\/2026\/02\/Dades-del-pressupost.pdf\" target=\"_blank\" rel=\"noopener\">Dades del pressupost_25<\/a><br \/>\n<a href=\"https:\/\/agora.xtec.cat\/escolasantaagnes\/wp-content\/uploads\/usu1755\/2026\/02\/Liquidacio-del-pressupost.pdf\" target=\"_blank\" rel=\"noopener\">Liquidaci\u00f3 pressupost_25<\/a><\/p>\n<p>ANY 2024<\/p>\n<p><a href=\"https:\/\/agora.xtec.cat\/escolasantaagnes\/wp-content\/uploads\/usu1755\/2024\/11\/Dades-del-pressupost_24.pdf\" target=\"_blank\" rel=\"noopener\">Dades del pressupost_24<\/a><br \/>\n<a href=\"https:\/\/agora.xtec.cat\/escolasantaagnes\/wp-content\/uploads\/usu1755\/2025\/02\/Liquidacio-del-pressupost.pdf\" target=\"_blank\" rel=\"noopener\">Liquidaci\u00f3 pressupost_24<\/a><\/p>\n<p>ANY 2023<\/p>\n<p><a style=\"color: #2795b6; font-size: 16px;\" href=\"https:\/\/agora.xtec.cat\/escolasantaagnes\/wp-content\/uploads\/usu1755\/2023\/02\/Pressupost-2023.pdf\" target=\"_blank\" rel=\"noopener\">Pressupost_23<\/a><br \/>\n<a href=\"https:\/\/agora.xtec.cat\/escolasantaagnes\/wp-content\/uploads\/usu1755\/2024\/11\/Liquidacio-del-pressupost_23.pdf\" target=\"_blank\"&hellip;  <a href=\"https:\/\/agora.xtec.cat\/escolasantaagnes\/gestio-economica\/\" title=\"Read GESTI\u00d3 ECON\u00d2MICA\">Llegeix m\u00e9s\u00bb<\/a><\/p>\n","protected":false},"author":1,"featured_media":0,"parent":0,"menu_order":0,"comment_status":"closed","ping_status":"closed","template":"","meta":{"_bbp_topic_count":0,"_bbp_reply_count":0,"_bbp_total_topic_count":0,"_bbp_total_reply_count":0,"_bbp_voice_count":0,"_bbp_anonymous_reply_count":0,"_bbp_topic_count_hidden":0,"_bbp_reply_count_hidden":0,"_bbp_forum_subforum_count":0,"footnotes":""},"class_list":["post-4093","page","type-page","status-publish","hentry"],"post_mailing_queue_ids":[],"_links":{"self":[{"href":"https:\/\/agora.xtec.cat\/escolasantaagnes\/wp-json\/wp\/v2\/pages\/4093","targetHints":{"allow":["GET"]}}],"collection":[{"href":"https:\/\/agora.xtec.cat\/escolasantaagnes\/wp-json\/wp\/v2\/pages"}],"about":[{"href":"https:\/\/agora.xtec.cat\/escolasantaagnes\/wp-json\/wp\/v2\/types\/page"}],"author":[{"embeddable":true,"href":"https:\/\/agora.xtec.cat\/escolasantaagnes\/wp-json\/wp\/v2\/users\/1"}],"replies":[{"embeddable":true,"href":"https:\/\/agora.xtec.cat\/escolasantaagnes\/wp-json\/wp\/v2\/comments?post=4093"}],"version-history":[{"count":7,"href":"https:\/\/agora.xtec.cat\/escolasantaagnes\/wp-json\/wp\/v2\/pages\/4093\/revisions"}],"predecessor-version":[{"id":6002,"href":"https:\/\/agora.xtec.cat\/escolasantaagnes\/wp-json\/wp\/v2\/pages\/4093\/revisions\/6002"}],"wp:attachment":[{"href":"https:\/\/agora.xtec.cat\/escolasantaagnes\/wp-json\/wp\/v2\/media?parent=4093"}],"curies":[{"name":"wp","href":"https:\/\/api.w.org\/{rel}","templated":true}]}}