{"id":4084,"date":"2023-02-06T13:52:23","date_gmt":"2023-02-06T12:52:23","guid":{"rendered":"https:\/\/agora.xtec.cat\/escolasantaagnes\/?page_id=4084"},"modified":"2026-02-17T11:11:09","modified_gmt":"2026-02-17T10:11:09","slug":"nofc","status":"publish","type":"page","link":"https:\/\/agora.xtec.cat\/escolasantaagnes\/nofc\/","title":{"rendered":"NOFC"},"content":{"rendered":"<p>En aquest enlla\u00e7 trobareu el document que fa refer\u00e8ncia a la Normes d&#8217;Organitzaci\u00f3 i Funcionament del Centre (NOFC).<\/p>\n<p><a href=\"https:\/\/agora.xtec.cat\/escolasantaagnes\/wp-content\/uploads\/usu1755\/2025\/06\/NOFC-SANTA-AGNES.pdf\" target=\"_blank\" rel=\"noopener\"><img loading=\"lazy\" decoding=\"async\" class=\"alignnone wp-image-4795 size-full\" src=\"https:\/\/agora.xtec.cat\/escolasantaagnes\/wp-content\/uploads\/usu1755\/2024\/06\/pdf.jpeg\" alt=\"\" width=\"341\" height=\"148\" \/><\/a><\/p>\n<p>En el seg\u00fcent enlla\u00e7, teniu el r\u00e8gim disciplinari present a les NOFC (actualitzat).<\/p>\n<p><a href=\"https:\/\/agora.xtec.cat\/escolasantaagnes\/wp-content\/uploads\/usu1755\/2026\/01\/NOFC-regim-disciplinari.pdf\" target=\"_blank\" rel=\"noopener\"><img loading=\"lazy\" decoding=\"async\" class=\"alignnone\" src=\"https:\/\/agora.xtec.cat\/escolasantaagnes\/wp-content\/uploads\/usu1755\/2024\/06\/pdf.jpeg\" alt=\"\" width=\"341\" height=\"148\" \/><\/a><\/p>\n<p><img decoding=\"async\" src=\"https:\/\/agora.xtec.cat\/escolasantaagnes\/wp-content\/uploads\/usu1755\/2026\/02\/Infografia-Regim-disciplinari-1.png\" \/><\/p>\n","protected":false},"excerpt":{"rendered":"<p>En aquest enlla\u00e7 trobareu el document que fa refer\u00e8ncia a la Normes d&#8217;Organitzaci\u00f3 i Funcionament del Centre (NOFC).<br \/>\n<a href=\"https:\/\/agora.xtec.cat\/escolasantaagnes\/wp-content\/uploads\/usu1755\/2025\/06\/NOFC-SANTA-AGNES.pdf\" target=\"_blank\" rel=\"noopener\"><\/a><br \/>\nEn el seg\u00fcent enlla\u00e7, teniu el r\u00e8gim disciplinari present a les NOFC (actualitzat).<br \/>\n<a href=\"https:\/\/agora.xtec.cat\/escolasantaagnes\/wp-content\/uploads\/usu1755\/2026\/01\/NOFC-regim-disciplinari.pdf\" target=\"_blank\" rel=\"noopener\"><\/a><\/p>\n","protected":false},"author":1,"featured_media":0,"parent":0,"menu_order":0,"comment_status":"closed","ping_status":"closed","template":"","meta":{"_bbp_topic_count":0,"_bbp_reply_count":0,"_bbp_total_topic_count":0,"_bbp_total_reply_count":0,"_bbp_voice_count":0,"_bbp_anonymous_reply_count":0,"_bbp_topic_count_hidden":0,"_bbp_reply_count_hidden":0,"_bbp_forum_subforum_count":0,"footnotes":""},"class_list":["post-4084","page","type-page","status-publish","hentry"],"post_mailing_queue_ids":[],"_links":{"self":[{"href":"https:\/\/agora.xtec.cat\/escolasantaagnes\/wp-json\/wp\/v2\/pages\/4084","targetHints":{"allow":["GET"]}}],"collection":[{"href":"https:\/\/agora.xtec.cat\/escolasantaagnes\/wp-json\/wp\/v2\/pages"}],"about":[{"href":"https:\/\/agora.xtec.cat\/escolasantaagnes\/wp-json\/wp\/v2\/types\/page"}],"author":[{"embeddable":true,"href":"https:\/\/agora.xtec.cat\/escolasantaagnes\/wp-json\/wp\/v2\/users\/1"}],"replies":[{"embeddable":true,"href":"https:\/\/agora.xtec.cat\/escolasantaagnes\/wp-json\/wp\/v2\/comments?post=4084"}],"version-history":[{"count":6,"href":"https:\/\/agora.xtec.cat\/escolasantaagnes\/wp-json\/wp\/v2\/pages\/4084\/revisions"}],"predecessor-version":[{"id":5961,"href":"https:\/\/agora.xtec.cat\/escolasantaagnes\/wp-json\/wp\/v2\/pages\/4084\/revisions\/5961"}],"wp:attachment":[{"href":"https:\/\/agora.xtec.cat\/escolasantaagnes\/wp-json\/wp\/v2\/media?parent=4084"}],"curies":[{"name":"wp","href":"https:\/\/api.w.org\/{rel}","templated":true}]}}