{"id":4066,"date":"2023-02-06T13:41:39","date_gmt":"2023-02-06T12:41:39","guid":{"rendered":"https:\/\/agora.xtec.cat\/escolasantaagnes\/?page_id=4066"},"modified":"2024-11-27T16:13:28","modified_gmt":"2024-11-27T15:13:28","slug":"criteris-davaluacio","status":"publish","type":"page","link":"https:\/\/agora.xtec.cat\/escolasantaagnes\/criteris-davaluacio\/","title":{"rendered":"AVALUACI\u00d3"},"content":{"rendered":"<p>A continuaci\u00f3 hi trobareu els criteris d&#8217;avaluaci\u00f3 que es segueixen als diferents cursos de l&#8217;escola.<\/p>\n<table style=\"border-collapse: collapse; width: 100%;\">\n<tbody>\n<tr>\n<td style=\"width: 33.3333%;\" rowspan=\"2\"><strong>EDUCACI\u00d3 INFANTIL<\/strong><\/td>\n<td style=\"width: 33.3333%;\">\n<ul>\n<li>Seq\u00fcenciaci\u00f3 dels criteris d&#8217;avaluaci\u00f3 del segon cicle de l&#8217;EI de l&#8217;\u00e0rea de llengua catalana i literatura<\/li>\n<\/ul>\n<\/td>\n<td style=\"width: 33.3333%;\"><a href=\"https:\/\/agora.xtec.cat\/escolasantaagnes\/wp-content\/uploads\/usu1755\/2021\/03\/Seq%C3%BCenciaci%C3%B3-dels-criteris-davaluaci%C3%B3-del-segon-cicle-de-lEI-de-l%C3%A0rea-de-llengua-catalana-i-literatura.pdf\" target=\"_blank\" rel=\"noopener\"><img loading=\"lazy\" decoding=\"async\" class=\"alignnone wp-image-4795 size-full\" src=\"https:\/\/agora.xtec.cat\/escolasantaagnes\/wp-content\/uploads\/usu1755\/2024\/06\/pdf.jpeg\" alt=\"\" width=\"341\" height=\"148\" \/><\/a><\/td>\n<\/tr>\n<tr>\n<td style=\"width: 33.3333%;\">\n<ul>\n<li>Seq\u00fcenciaci\u00f3 dels criteris d&#8217;avaluaci\u00f3 del segon cicle de l&#8217;EI de l&#8217;\u00e0rea de matem\u00e0tiques<\/li>\n<\/ul>\n<\/td>\n<td style=\"width: 33.3333%;\"><a href=\"https:\/\/agora.xtec.cat\/escolasantaagnes\/wp-content\/uploads\/usu1755\/2021\/03\/Seq%C3%BCenciaci%C3%B3-dels-criteris-davaluaci%C3%B3-del-segon-cicle-de-lEI-de-l%C3%A0rea-de-matem%C3%A0tiques.pdf\" target=\"_blank\" rel=\"noopener\"><img loading=\"lazy\" decoding=\"async\" class=\"alignnone wp-image-4795 size-full\" src=\"https:\/\/agora.xtec.cat\/escolasantaagnes\/wp-content\/uploads\/usu1755\/2024\/06\/pdf.jpeg\" alt=\"\" width=\"341\" height=\"148\" \/><\/a><\/td>\n<\/tr>\n<\/tbody>\n<\/table>\n<p>&nbsp;<\/p>\n<table style=\"border-collapse: collapse; width: 94.3244%;\">\n<tbody>\n<tr>\n<td style=\"width: 27.8323%;\" rowspan=\"3\"><strong>EDUCACI\u00d3 PRIM\u00c0RIA<\/strong><\/td>\n<td style=\"width: 5.48261%;\">1r<\/td>\n<td style=\"width: 30.379%;\"><a href=\"https:\/\/agora.xtec.cat\/escolasantaagnes\/wp-content\/uploads\/usu1755\/2024\/11\/LLISTAT-DE-CRITERIS-A-AVALUAR-PRIMARIA-Primer.pdf\" target=\"_blank\" rel=\"noopener\"><img loading=\"lazy\" decoding=\"async\" class=\"alignnone wp-image-4795 size-full\" src=\"https:\/\/agora.xtec.cat\/escolasantaagnes\/wp-content\/uploads\/usu1755\/2024\/06\/pdf.jpeg\" alt=\"\" width=\"341\" height=\"148\" \/><\/a><\/td>\n<td style=\"width: 6.52408%;\">4t<\/td>\n<td style=\"width: 120.017%;\"><a href=\"https:\/\/agora.xtec.cat\/escolasantaagnes\/wp-content\/uploads\/usu1755\/2024\/11\/LLISTAT-DE-CRITERIS-A-AVALUAR-PRIMARIA-Quart.pdf\" target=\"_blank\" rel=\"noopener\"><img loading=\"lazy\" decoding=\"async\" class=\"alignnone wp-image-4795 size-full\" src=\"https:\/\/agora.xtec.cat\/escolasantaagnes\/wp-content\/uploads\/usu1755\/2024\/06\/pdf.jpeg\" alt=\"\" width=\"341\" height=\"148\" \/><\/a><\/td>\n<\/tr>\n<tr>\n<td style=\"width: 5.48261%;\">2n<\/td>\n<td style=\"width: 30.379%;\"><a href=\"https:\/\/agora.xtec.cat\/escolasantaagnes\/wp-content\/uploads\/usu1755\/2024\/11\/LLISTAT-DE-CRITERIS-A-AVALUAR-PRIMARIA-Segon.pdf\" target=\"_blank\" rel=\"noopener\"><img loading=\"lazy\" decoding=\"async\" class=\"alignnone wp-image-4795 size-full\" src=\"https:\/\/agora.xtec.cat\/escolasantaagnes\/wp-content\/uploads\/usu1755\/2024\/06\/pdf.jpeg\" alt=\"\" width=\"341\" height=\"148\" \/><\/a><\/td>\n<td style=\"width: 6.52408%;\">5\u00e8<\/td>\n<td style=\"width: 120.017%;\"><a href=\"https:\/\/agora.xtec.cat\/escolasantaagnes\/wp-content\/uploads\/usu1755\/2024\/11\/LLISTAT-DE-CRITERIS-A-AVALUAR-PRIMARIA-Cinque.pdf\" target=\"_blank\" rel=\"noopener\"><img loading=\"lazy\" decoding=\"async\" class=\"alignnone wp-image-4795 size-full\" src=\"https:\/\/agora.xtec.cat\/escolasantaagnes\/wp-content\/uploads\/usu1755\/2024\/06\/pdf.jpeg\" alt=\"\" width=\"341\" height=\"148\" \/><\/a><\/td>\n<\/tr>\n<tr>\n<td style=\"width: 5.48261%;\">3r<\/td>\n<td style=\"width: 30.379%;\"><a href=\"https:\/\/agora.xtec.cat\/escolasantaagnes\/wp-content\/uploads\/usu1755\/2024\/11\/LLISTAT-DE-CRITERIS-A-AVALUAR-PRIMARIA-tercer.pdf\" target=\"_blank\" rel=\"noopener\"><img loading=\"lazy\" decoding=\"async\" class=\"alignnone wp-image-4795 size-full\" src=\"https:\/\/agora.xtec.cat\/escolasantaagnes\/wp-content\/uploads\/usu1755\/2024\/06\/pdf.jpeg\" alt=\"\" width=\"341\" height=\"148\" \/><\/a><\/td>\n<td style=\"width: 6.52408%;\">6\u00e8<\/td>\n<td style=\"width: 120.017%;\"><a href=\"https:\/\/agora.xtec.cat\/escolasantaagnes\/wp-content\/uploads\/usu1755\/2024\/11\/LLISTAT-DE-CRITERIS-A-AVALUAR-PRIMARIA-Sise.pdf\" target=\"_blank\" rel=\"noopener\"><img loading=\"lazy\" decoding=\"async\" class=\"alignnone wp-image-4795 size-full\" src=\"https:\/\/agora.xtec.cat\/escolasantaagnes\/wp-content\/uploads\/usu1755\/2024\/06\/pdf.jpeg\" alt=\"\" width=\"341\" height=\"148\" \/><\/a><\/td>\n<\/tr>\n<\/tbody>\n<\/table>\n<p>&nbsp;<\/p>\n","protected":false},"excerpt":{"rendered":"<p>A continuaci\u00f3 hi trobareu els criteris d&#8217;avaluaci\u00f3 que es segueixen als diferents cursos de l&#8217;escola.<\/p>\n<p>EDUCACI\u00d3 INFANTIL<\/p>\n<ul>\n<li>Seq\u00fcenciaci\u00f3 dels criteris d&#8217;avaluaci\u00f3 del segon cicle de l&#8217;EI de l&#8217;\u00e0rea de llengua catalana i literatura<\/li>\n<\/ul>\n<p><a href=\"https:\/\/agora.xtec.cat\/escolasantaagnes\/wp-content\/uploads\/usu1755\/2021\/03\/Seq%C3%BCenciaci%C3%B3-dels-criteris-davaluaci%C3%B3-del-segon-cicle-de-lEI-de-l%C3%A0rea-de-llengua-catalana-i-literatura.pdf\" target=\"_blank\" rel=\"noopener\"><\/a><\/p>\n<ul>\n<li>Seq\u00fcenciaci\u00f3 dels criteris d&#8217;avaluaci\u00f3 del segon cicle de l&#8217;EI de l&#8217;\u00e0rea de&hellip;  <a href=\"https:\/\/agora.xtec.cat\/escolasantaagnes\/criteris-davaluacio\/\" title=\"Read AVALUACI\u00d3\">Llegeix m\u00e9s\u00bb<\/a><br \/>\n","protected":false},"author":1,"featured_media":0,"parent":0,"menu_order":0,"comment_status":"closed","ping_status":"closed","template":"","meta":{"_bbp_topic_count":0,"_bbp_reply_count":0,"_bbp_total_topic_count":0,"_bbp_total_reply_count":0,"_bbp_voice_count":0,"_bbp_anonymous_reply_count":0,"_bbp_topic_count_hidden":0,"_bbp_reply_count_hidden":0,"_bbp_forum_subforum_count":0,"footnotes":""},"class_list":["post-4066","page","type-page","status-publish","hentry"],"post_mailing_queue_ids":[],"_links":{"self":[{"href":"https:\/\/agora.xtec.cat\/escolasantaagnes\/wp-json\/wp\/v2\/pages\/4066","targetHints":{"allow":["GET"]}}],"collection":[{"href":"https:\/\/agora.xtec.cat\/escolasantaagnes\/wp-json\/wp\/v2\/pages"}],"about":[{"href":"https:\/\/agora.xtec.cat\/escolasantaagnes\/wp-json\/wp\/v2\/types\/page"}],"author":[{"embeddable":true,"href":"https:\/\/agora.xtec.cat\/escolasantaagnes\/wp-json\/wp\/v2\/users\/1"}],"replies":[{"embeddable":true,"href":"https:\/\/agora.xtec.cat\/escolasantaagnes\/wp-json\/wp\/v2\/comments?post=4066"}],"version-history":[{"count":6,"href":"https:\/\/agora.xtec.cat\/escolasantaagnes\/wp-json\/wp\/v2\/pages\/4066\/revisions"}],"predecessor-version":[{"id":4996,"href":"https:\/\/agora.xtec.cat\/escolasantaagnes\/wp-json\/wp\/v2\/pages\/4066\/revisions\/4996"}],"wp:attachment":[{"href":"https:\/\/agora.xtec.cat\/escolasantaagnes\/wp-json\/wp\/v2\/media?parent=4066"}],"curies":[{"name":"wp","href":"https:\/\/api.w.org\/{rel}","templated":true}]}}