{"id":4063,"date":"2023-02-06T13:39:22","date_gmt":"2023-02-06T12:39:22","guid":{"rendered":"https:\/\/agora.xtec.cat\/escolasantaagnes\/?page_id=4063"},"modified":"2026-02-17T11:10:03","modified_gmt":"2026-02-17T10:10:03","slug":"edc","status":"publish","type":"page","link":"https:\/\/agora.xtec.cat\/escolasantaagnes\/edc\/","title":{"rendered":"EDC"},"content":{"rendered":"<p><span style=\"font-weight: 400;\">L\u2019Estrat\u00e8gia Digital de Centre (EDC) \u00e9s un document que recull totes les accions que es realitzen en un centre, i les que es realitzaran a mitj\u00e0 termini, per aconseguir la m\u00e0xima compet\u00e8ncia digital de l\u2019alumnat, del professorat i del centre educatiu. Ha de tenir com a referent el <\/span><a href=\"https:\/\/educacio.gencat.cat\/web\/.content\/home\/departament\/publicacions\/colleccions\/pla-educacio-digital\/pla-educacio-digital-catalunya\/pla-educacio-digital.pdf\"><span style=\"font-weight: 400;\">Pla d\u2019educaci\u00f3 digital de Catalunya (PEDC<\/span><span style=\"font-weight: 400;\">)<\/span><\/a><span style=\"font-weight: 400;\">, on s\u2019indica la necessitat d\u2019assolir la fita d\u2019una societat digitalment competent, fent \u00e8mfasi en l\u2019equitat i tenint en compte l\u2019evoluci\u00f3 del context social i tecnol\u00f2gic.<\/span><\/p>\n<p><span style=\"font-weight: 400;\">Per elaborar l&#8217;EDC de l\u2019Escola Santa Agn\u00e8s i concretar-la en un document el curs 2021-2022 s\u2019inicia un treball que consta de les fases seg\u00fcents:\u00a0<\/span><\/p>\n<ol>\n<li style=\"font-weight: 400;\" aria-level=\"1\"><a href=\"https:\/\/drive.google.com\/file\/d\/1vnyPfXBODTNOxc6kVYxab0SG4o10uNyn\/view?usp=share_link\"><span style=\"font-weight: 400;\">Diagnosi de Centre<\/span><\/a><\/li>\n<li style=\"font-weight: 400;\" aria-level=\"1\"><a href=\"https:\/\/docs.google.com\/spreadsheets\/d\/e\/2PACX-1vQOwIAhMv1QWlotcnADreWerlaG-ne8uOwhaCN8FR02SZalKu05bBjOHxGUpRTvyg\/pubhtml?gid=509584596&amp;single=true\"><span style=\"font-weight: 400;\">Objectius<\/span><\/a><\/li>\n<li style=\"font-weight: 400;\" aria-level=\"1\"><a href=\"https:\/\/docs.google.com\/spreadsheets\/d\/e\/2PACX-1vQOwIAhMv1QWlotcnADreWerlaG-ne8uOwhaCN8FR02SZalKu05bBjOHxGUpRTvyg\/pubhtml?gid=1618351553&amp;single=true\"><span style=\"font-weight: 400;\">Planificaci\u00f3 i seguiment<\/span><\/a><\/li>\n<li style=\"font-weight: 400;\" aria-level=\"1\"><a href=\"https:\/\/drive.google.com\/file\/d\/1wpg1oJFAqUZ8aTGZWu8e_RwtesZf7wAZ\/view?usp=sharing\"><span style=\"font-weight: 400;\">Avaluaci\u00f3 i millora<\/span><\/a><\/li>\n<\/ol>\n<p><a href=\"https:\/\/agora.xtec.cat\/escolasantaagnes\/serveis-de-cultura-digital\/\">CULTURA DIGITAL<\/a><\/p>\n<p><img decoding=\"async\" src=\"https:\/\/agora.xtec.cat\/escolasantaagnes\/wp-content\/uploads\/usu1755\/2026\/02\/Infografia-Pla-dAcollida-Digital-1-1-1.png\" \/><\/p>\n","protected":false},"excerpt":{"rendered":"<p>L\u2019Estrat\u00e8gia Digital de Centre (EDC) \u00e9s un document que recull totes les accions que es realitzen en un centre, i les que es realitzaran a mitj\u00e0 termini, per aconseguir la m\u00e0xima compet\u00e8ncia digital de l\u2019alumnat, del professorat i del centre educatiu. Ha de tenir com&hellip;  <a href=\"https:\/\/agora.xtec.cat\/escolasantaagnes\/edc\/\" title=\"Read EDC\">Llegeix m\u00e9s\u00bb<\/a><\/p>\n","protected":false},"author":1,"featured_media":0,"parent":0,"menu_order":0,"comment_status":"closed","ping_status":"closed","template":"","meta":{"_bbp_topic_count":0,"_bbp_reply_count":0,"_bbp_total_topic_count":0,"_bbp_total_reply_count":0,"_bbp_voice_count":0,"_bbp_anonymous_reply_count":0,"_bbp_topic_count_hidden":0,"_bbp_reply_count_hidden":0,"_bbp_forum_subforum_count":0,"footnotes":""},"class_list":["post-4063","page","type-page","status-publish","hentry"],"post_mailing_queue_ids":[],"_links":{"self":[{"href":"https:\/\/agora.xtec.cat\/escolasantaagnes\/wp-json\/wp\/v2\/pages\/4063","targetHints":{"allow":["GET"]}}],"collection":[{"href":"https:\/\/agora.xtec.cat\/escolasantaagnes\/wp-json\/wp\/v2\/pages"}],"about":[{"href":"https:\/\/agora.xtec.cat\/escolasantaagnes\/wp-json\/wp\/v2\/types\/page"}],"author":[{"embeddable":true,"href":"https:\/\/agora.xtec.cat\/escolasantaagnes\/wp-json\/wp\/v2\/users\/1"}],"replies":[{"embeddable":true,"href":"https:\/\/agora.xtec.cat\/escolasantaagnes\/wp-json\/wp\/v2\/comments?post=4063"}],"version-history":[{"count":7,"href":"https:\/\/agora.xtec.cat\/escolasantaagnes\/wp-json\/wp\/v2\/pages\/4063\/revisions"}],"predecessor-version":[{"id":5959,"href":"https:\/\/agora.xtec.cat\/escolasantaagnes\/wp-json\/wp\/v2\/pages\/4063\/revisions\/5959"}],"wp:attachment":[{"href":"https:\/\/agora.xtec.cat\/escolasantaagnes\/wp-json\/wp\/v2\/media?parent=4063"}],"curies":[{"name":"wp","href":"https:\/\/api.w.org\/{rel}","templated":true}]}}