{"id":22,"date":"2014-09-18T12:19:57","date_gmt":"2014-09-18T11:19:57","guid":{"rendered":"http:\/\/agora.xtec.cat\/escolasantaagnes\/?page_id=22"},"modified":"2025-04-28T09:31:15","modified_gmt":"2025-04-28T07:31:15","slug":"lescola","status":"publish","type":"page","link":"https:\/\/agora.xtec.cat\/escolasantaagnes\/lescola\/","title":{"rendered":"L&#8217;ESCOLA"},"content":{"rendered":"<p>&nbsp;<\/p>\n<p style=\"text-align: center;\">SOM UNA ESCOLA P\u00daBLICA I C\u00cdCLICA D&#8217;UNA L\u00cdNIA EDUCATIVA A SANTA AGN\u00c8S DE MALANYANES, DEL MUNICIPI DE LA ROCA DEL VALL\u00c8S, QUE IMPARTEIX EDUCACI\u00d3 INFANTIL (DE 3 A 6 ANYS) I EDUCACI\u00d3 PRIM\u00c0RIA (DE 6 A 12 ANYS).<\/p>\n<p>&nbsp;<\/p>\n<p style=\"text-align: center;\"><a href=\"http:\/\/agora.xtec.cat\/escolasantaagnes\/wp-content\/uploads\/usu1755\/2017\/12\/Logo_Final-1.png\">PORTEM 15 ANYS EN ACTIU I SEMPRE BUSCANT LA MILLOR QUALITAT EDUCATIVA<br \/>\n<\/a><\/p>\n<p>&nbsp;<\/p>\n<p><a href=\"http:\/\/agora.xtec.cat\/escolasantaagnes\/wp-content\/uploads\/usu1755\/2017\/12\/Logo_Final-1.png\"><img loading=\"lazy\" decoding=\"async\" class=\"aligncenter wp-image-460 size-medium\" src=\"http:\/\/agora.xtec.cat\/escolasantaagnes\/wp-content\/uploads\/usu1755\/2017\/12\/Logo_Final-1-300x188.png\" alt=\"\" width=\"300\" height=\"188\" srcset=\"https:\/\/agora.xtec.cat\/escolasantaagnes\/wp-content\/uploads\/usu1755\/2017\/12\/Logo_Final-1-300x188.png 300w, https:\/\/agora.xtec.cat\/escolasantaagnes\/wp-content\/uploads\/usu1755\/2017\/12\/Logo_Final-1-768x482.png 768w, https:\/\/agora.xtec.cat\/escolasantaagnes\/wp-content\/uploads\/usu1755\/2017\/12\/Logo_Final-1.png 1022w\" sizes=\"auto, (max-width: 300px) 100vw, 300px\" \/><\/a><\/p>\n","protected":false},"excerpt":{"rendered":"<p>&nbsp;<br \/>\nSOM UNA ESCOLA P\u00daBLICA I C\u00cdCLICA D&#8217;UNA L\u00cdNIA EDUCATIVA A SANTA AGN\u00c8S DE MALANYANES, DEL MUNICIPI DE LA ROCA DEL VALL\u00c8S, QUE IMPARTEIX EDUCACI\u00d3 INFANTIL (DE 3 A 6 ANYS) I EDUCACI\u00d3 PRIM\u00c0RIA (DE 6 A 12 ANYS).<br \/>\n&nbsp;<br \/>\n<a href=\"http:\/\/agora.xtec.cat\/escolasantaagnes\/wp-content\/uploads\/usu1755\/2017\/12\/Logo_Final-1.png\">PORTEM 15 ANYS EN ACTIU I SEMPRE&hellip;  <a href=\"https:\/\/agora.xtec.cat\/escolasantaagnes\/lescola\/\" title=\"Read L&#8217;ESCOLA\">Llegeix m\u00e9s\u00bb<\/a><\/p>\n","protected":false},"author":1,"featured_media":0,"parent":0,"menu_order":0,"comment_status":"closed","ping_status":"closed","template":"","meta":{"_bbp_topic_count":0,"_bbp_reply_count":0,"_bbp_total_topic_count":0,"_bbp_total_reply_count":0,"_bbp_voice_count":0,"_bbp_anonymous_reply_count":0,"_bbp_topic_count_hidden":0,"_bbp_reply_count_hidden":0,"_bbp_forum_subforum_count":0,"footnotes":""},"class_list":["post-22","page","type-page","status-publish","hentry"],"post_mailing_queue_ids":[],"_links":{"self":[{"href":"https:\/\/agora.xtec.cat\/escolasantaagnes\/wp-json\/wp\/v2\/pages\/22","targetHints":{"allow":["GET"]}}],"collection":[{"href":"https:\/\/agora.xtec.cat\/escolasantaagnes\/wp-json\/wp\/v2\/pages"}],"about":[{"href":"https:\/\/agora.xtec.cat\/escolasantaagnes\/wp-json\/wp\/v2\/types\/page"}],"author":[{"embeddable":true,"href":"https:\/\/agora.xtec.cat\/escolasantaagnes\/wp-json\/wp\/v2\/users\/1"}],"replies":[{"embeddable":true,"href":"https:\/\/agora.xtec.cat\/escolasantaagnes\/wp-json\/wp\/v2\/comments?post=22"}],"version-history":[{"count":5,"href":"https:\/\/agora.xtec.cat\/escolasantaagnes\/wp-json\/wp\/v2\/pages\/22\/revisions"}],"predecessor-version":[{"id":5382,"href":"https:\/\/agora.xtec.cat\/escolasantaagnes\/wp-json\/wp\/v2\/pages\/22\/revisions\/5382"}],"wp:attachment":[{"href":"https:\/\/agora.xtec.cat\/escolasantaagnes\/wp-json\/wp\/v2\/media?parent=22"}],"curies":[{"name":"wp","href":"https:\/\/api.w.org\/{rel}","templated":true}]}}