{"id":1987,"date":"2020-04-27T18:42:51","date_gmt":"2020-04-27T16:42:51","guid":{"rendered":"http:\/\/agora.xtec.cat\/escolasantaagnes\/?page_id=1987"},"modified":"2024-11-27T17:49:40","modified_gmt":"2024-11-27T16:49:40","slug":"lescola-des-de-casa","status":"publish","type":"page","link":"https:\/\/agora.xtec.cat\/escolasantaagnes\/confinament-covid-19\/lescola-des-de-casa\/","title":{"rendered":"L&#8217;escola des de casa"},"content":{"rendered":"<h3><strong><span style=\"color: #ff0000;\">L&#8217;ORGANITZACI\u00d3 PEDAG\u00d2GICA DELS GRUPS ESTABLES EN CAS DE CONFINAMENTS GRUPALS O INDIVIDUALS, DEIXA DE TENIR VIG\u00c8NCIA A PARTIR DEL 23 DE FEBRER DE 2022, A CAUSA DE L&#8217;ELIMINACI\u00d3 DE PROTOCOLS DE GESTI\u00d3 COVID A LES ESCOLES<\/span>.\u00a0<\/strong><\/h3>\n<p>&nbsp;<\/p>\n<p><a href=\"https:\/\/agora.xtec.cat\/escolasantaagnes\/wp-content\/uploads\/usu1755\/2020\/04\/escola-casa-playmobil.jpg\"><img loading=\"lazy\" decoding=\"async\" class=\"aligncenter wp-image-2040 size-large\" src=\"https:\/\/agora.xtec.cat\/escolasantaagnes\/wp-content\/uploads\/usu1755\/2020\/04\/escola-casa-playmobil-1024x637.jpg\" alt=\"\" width=\"1024\" height=\"637\" srcset=\"https:\/\/agora.xtec.cat\/escolasantaagnes\/wp-content\/uploads\/usu1755\/2020\/04\/escola-casa-playmobil-1024x637.jpg 1024w, https:\/\/agora.xtec.cat\/escolasantaagnes\/wp-content\/uploads\/usu1755\/2020\/04\/escola-casa-playmobil-300x187.jpg 300w, https:\/\/agora.xtec.cat\/escolasantaagnes\/wp-content\/uploads\/usu1755\/2020\/04\/escola-casa-playmobil-768x478.jpg 768w, https:\/\/agora.xtec.cat\/escolasantaagnes\/wp-content\/uploads\/usu1755\/2020\/04\/escola-casa-playmobil.jpg 1192w\" sizes=\"auto, (max-width: 1024px) 100vw, 1024px\" \/><\/a><\/p>\n<p>En aquest espai, us expliquem com ser\u00e0 el funcionament de les diferents etapes educatives en cas de confinaments durant aquest curs escolar i altres situacions que es poden donar:<\/p>\n<p>Com treballarem a l&#8217;etapa d&#8217;<a href=\"https:\/\/agora.xtec.cat\/escolasantaagnes\/wp-content\/uploads\/usu1755\/2022\/01\/CONFINAMENT-INFANTIL.pdf\">&#8216;EDUCACI\u00d3 INFANTIL<\/a>\u00a0en cas de confinament?<\/p>\n<p>Com treballarem a l&#8217;etapa d&#8217;<a href=\"https:\/\/agora.xtec.cat\/escolasantaagnes\/wp-content\/uploads\/usu1755\/2022\/01\/CONFINAMENT-PRIMARIA.pdf\">EDUCACI\u00d3 PRIM\u00c0RIA<\/a>\u00a0en cas de confinament?<\/p>\n<p>&nbsp;<\/p>\n<p style=\"text-align: justify;\">\n","protected":false},"excerpt":{"rendered":"<p>L&#8217;ORGANITZACI\u00d3 PEDAG\u00d2GICA DELS GRUPS ESTABLES EN CAS DE CONFINAMENTS GRUPALS O INDIVIDUALS, DEIXA DE TENIR VIG\u00c8NCIA A PARTIR DEL 23 DE FEBRER DE 2022, A CAUSA DE L&#8217;ELIMINACI\u00d3 DE PROTOCOLS DE GESTI\u00d3 COVID A LES ESCOLES.\u00a0<br \/>\n&nbsp;<br \/>\n<a href=\"https:\/\/agora.xtec.cat\/escolasantaagnes\/wp-content\/uploads\/usu1755\/2020\/04\/escola-casa-playmobil.jpg\"><\/a><br \/>\nEn aquest espai, us expliquem com ser\u00e0 el funcionament&hellip;  <a href=\"https:\/\/agora.xtec.cat\/escolasantaagnes\/confinament-covid-19\/lescola-des-de-casa\/\" title=\"Read L&#8217;escola des de casa\">Llegeix m\u00e9s\u00bb<\/a><\/p>\n","protected":false},"author":1,"featured_media":0,"parent":1963,"menu_order":0,"comment_status":"closed","ping_status":"closed","template":"","meta":{"_bbp_topic_count":0,"_bbp_reply_count":0,"_bbp_total_topic_count":0,"_bbp_total_reply_count":0,"_bbp_voice_count":0,"_bbp_anonymous_reply_count":0,"_bbp_topic_count_hidden":0,"_bbp_reply_count_hidden":0,"_bbp_forum_subforum_count":0,"footnotes":""},"class_list":["post-1987","page","type-page","status-publish","hentry"],"post_mailing_queue_ids":[],"_links":{"self":[{"href":"https:\/\/agora.xtec.cat\/escolasantaagnes\/wp-json\/wp\/v2\/pages\/1987","targetHints":{"allow":["GET"]}}],"collection":[{"href":"https:\/\/agora.xtec.cat\/escolasantaagnes\/wp-json\/wp\/v2\/pages"}],"about":[{"href":"https:\/\/agora.xtec.cat\/escolasantaagnes\/wp-json\/wp\/v2\/types\/page"}],"author":[{"embeddable":true,"href":"https:\/\/agora.xtec.cat\/escolasantaagnes\/wp-json\/wp\/v2\/users\/1"}],"replies":[{"embeddable":true,"href":"https:\/\/agora.xtec.cat\/escolasantaagnes\/wp-json\/wp\/v2\/comments?post=1987"}],"version-history":[{"count":4,"href":"https:\/\/agora.xtec.cat\/escolasantaagnes\/wp-json\/wp\/v2\/pages\/1987\/revisions"}],"predecessor-version":[{"id":3647,"href":"https:\/\/agora.xtec.cat\/escolasantaagnes\/wp-json\/wp\/v2\/pages\/1987\/revisions\/3647"}],"up":[{"embeddable":true,"href":"https:\/\/agora.xtec.cat\/escolasantaagnes\/wp-json\/wp\/v2\/pages\/1963"}],"wp:attachment":[{"href":"https:\/\/agora.xtec.cat\/escolasantaagnes\/wp-json\/wp\/v2\/media?parent=1987"}],"curies":[{"name":"wp","href":"https:\/\/api.w.org\/{rel}","templated":true}]}}