{"id":1534,"date":"2019-11-14T13:29:27","date_gmt":"2019-11-14T12:29:27","guid":{"rendered":"http:\/\/agora.xtec.cat\/escolasantaagnes\/?page_id=1534"},"modified":"2026-02-27T09:36:46","modified_gmt":"2026-02-27T08:36:46","slug":"quota-escolar","status":"publish","type":"page","link":"https:\/\/agora.xtec.cat\/escolasantaagnes\/projecte-educatiu\/quota-escolar\/","title":{"rendered":"QUOTA ESCOLAR"},"content":{"rendered":"<h2>Quota material de l&#8217;escola<\/h2>\n<p>La quota de material de l&#8217;escola \u00e9s de<strong> 150 euros per alumne\/a<\/strong><\/p>\n<p>Aquest curs, i tenint en compte la possibilitat de fer servir a prim\u00e0ria els vals escolars, es fraccionar\u00e0 el rebut de material escolar en dos parts (nom\u00e9s alumnes de prim\u00e0ria).<\/p>\n<ul>\n<li>1r pagament de 90\u20ac la primera quinzena de juliol<\/li>\n<li>2n pagament de 60\u20ac la primera quinzena <span style=\"font-family: inherit; font-size: 1em;\">d\u2019octubre.<\/span><\/li>\n<\/ul>\n<p>En el cas de que les fam\u00edlies decidiu fer servir el val escolar a l\u2019escola, aquest segon pagament no us arribar\u00e0 i quedar\u00e0 cobert.<\/p>\n<p>Per a aquelles fam\u00edlies en situaci\u00f3 s\u00f2cio-econ\u00f2mica desafavorida hi ha l&#8217;opci\u00f3 de flexibilitzar i fraccionar el pagament de les diverses quotes (material i sortides) de l&#8217;escola pr\u00e8via reuni\u00f3 amb secretaria de l&#8217;escola.<\/p>\n<p>Els pagaments es faran a trav\u00e9s de <a href=\"http:\/\/tpvescola.com\" target=\"_blank\" rel=\"noopener\">TPV Escola<\/a>. En cadascun dels rebuts s&#8217;afegeix un 2% de comissi\u00f3 de TPV.<\/p>\n<p>&#8211;\u00a0<a href=\"https:\/\/www.youtube.com\/watch?v=Iokx_zCF8KI\" target=\"_blank\" rel=\"noopener\" data-saferedirecturl=\"https:\/\/www.google.com\/url?q=https:\/\/www.youtube.com\/watch?v%3DIokx_zCF8KI&amp;source=gmail&amp;ust=1666939827715000&amp;usg=AOvVaw39L5b155g8qffQqbFkoIsK\">Com instal\u00b7lar l&#8217;App i identificar-se<\/a><\/p>\n","protected":false},"excerpt":{"rendered":"<p>Quota material de l&#8217;escola<br \/>\nLa quota de material de l&#8217;escola \u00e9s de 150 euros per alumne\/a<br \/>\nAquest curs, i tenint en compte la possibilitat de fer servir a prim\u00e0ria els vals escolars, es fraccionar\u00e0 el rebut de material escolar en dos parts (nom\u00e9s alumnes de prim\u00e0ria).<\/p>\n<ul>\n<li>1r pagament&hellip;  <a href=\"https:\/\/agora.xtec.cat\/escolasantaagnes\/projecte-educatiu\/quota-escolar\/\" title=\"Read QUOTA ESCOLAR\">Llegeix m\u00e9s\u00bb<\/a><br \/>\n","protected":false},"author":1,"featured_media":0,"parent":64,"menu_order":0,"comment_status":"closed","ping_status":"closed","template":"","meta":{"_bbp_topic_count":0,"_bbp_reply_count":0,"_bbp_total_topic_count":0,"_bbp_total_reply_count":0,"_bbp_voice_count":0,"_bbp_anonymous_reply_count":0,"_bbp_topic_count_hidden":0,"_bbp_reply_count_hidden":0,"_bbp_forum_subforum_count":0,"footnotes":""},"class_list":["post-1534","page","type-page","status-publish","hentry"],"post_mailing_queue_ids":[],"_links":{"self":[{"href":"https:\/\/agora.xtec.cat\/escolasantaagnes\/wp-json\/wp\/v2\/pages\/1534","targetHints":{"allow":["GET"]}}],"collection":[{"href":"https:\/\/agora.xtec.cat\/escolasantaagnes\/wp-json\/wp\/v2\/pages"}],"about":[{"href":"https:\/\/agora.xtec.cat\/escolasantaagnes\/wp-json\/wp\/v2\/types\/page"}],"author":[{"embeddable":true,"href":"https:\/\/agora.xtec.cat\/escolasantaagnes\/wp-json\/wp\/v2\/users\/1"}],"replies":[{"embeddable":true,"href":"https:\/\/agora.xtec.cat\/escolasantaagnes\/wp-json\/wp\/v2\/comments?post=1534"}],"version-history":[{"count":6,"href":"https:\/\/agora.xtec.cat\/escolasantaagnes\/wp-json\/wp\/v2\/pages\/1534\/revisions"}],"predecessor-version":[{"id":5975,"href":"https:\/\/agora.xtec.cat\/escolasantaagnes\/wp-json\/wp\/v2\/pages\/1534\/revisions\/5975"}],"up":[{"embeddable":true,"href":"https:\/\/agora.xtec.cat\/escolasantaagnes\/wp-json\/wp\/v2\/pages\/64"}],"wp:attachment":[{"href":"https:\/\/agora.xtec.cat\/escolasantaagnes\/wp-json\/wp\/v2\/media?parent=1534"}],"curies":[{"name":"wp","href":"https:\/\/api.w.org\/{rel}","templated":true}]}}