{"id":1230,"date":"2019-04-26T17:33:15","date_gmt":"2019-04-26T15:33:15","guid":{"rendered":"http:\/\/agora.xtec.cat\/escolasantaagnes\/?page_id=1230"},"modified":"2026-04-15T09:23:41","modified_gmt":"2026-04-15T07:23:41","slug":"preinscripcio-i-matricula","status":"publish","type":"page","link":"https:\/\/agora.xtec.cat\/escolasantaagnes\/projecte-educatiu\/preinscripcio-i-matricula\/","title":{"rendered":"PREINSCRIPCI\u00d3 I MATR\u00cdCULA"},"content":{"rendered":"<p style=\"text-align: center;\"><a href=\"https:\/\/agora.xtec.cat\/escolasantaagnes\/wp-content\/uploads\/usu1755\/2026\/02\/imatge-preinscripcio-26-27.jpg\"><img loading=\"lazy\" decoding=\"async\" class=\"alignnone size-full wp-image-5925\" src=\"https:\/\/agora.xtec.cat\/escolasantaagnes\/wp-content\/uploads\/usu1755\/2026\/02\/imatge-preinscripcio-26-27.jpg\" alt=\"\" width=\"1900\" height=\"372\" srcset=\"https:\/\/agora.xtec.cat\/escolasantaagnes\/wp-content\/uploads\/usu1755\/2026\/02\/imatge-preinscripcio-26-27.jpg 1900w, https:\/\/agora.xtec.cat\/escolasantaagnes\/wp-content\/uploads\/usu1755\/2026\/02\/imatge-preinscripcio-26-27-300x59.jpg 300w, https:\/\/agora.xtec.cat\/escolasantaagnes\/wp-content\/uploads\/usu1755\/2026\/02\/imatge-preinscripcio-26-27-1024x200.jpg 1024w, https:\/\/agora.xtec.cat\/escolasantaagnes\/wp-content\/uploads\/usu1755\/2026\/02\/imatge-preinscripcio-26-27-768x150.jpg 768w, https:\/\/agora.xtec.cat\/escolasantaagnes\/wp-content\/uploads\/usu1755\/2026\/02\/imatge-preinscripcio-26-27-1536x301.jpg 1536w\" sizes=\"auto, (max-width: 1900px) 100vw, 1900px\" \/><\/a><\/p>\n<p style=\"text-align: center;\"><strong><span style=\"color: #ff0000;\">SI ALGUNA FAM\u00cdLIA NECESSITA SUPORT US PODEU POSAR EN CONTACTE AMB EL CENTRE EDUCATIU DE PRIMERA OPCI\u00d3 PER TAL D&#8217;AJUDAR-VOS A RESOLDRE QUALSEVOL DUBTE O INQUIETUD.<\/span><\/strong><\/p>\n<ul>\n<li><strong>03 de mar\u00e7<\/strong> <a href=\"https:\/\/agora.xtec.cat\/escolasantaagnes\/wp-content\/uploads\/usu1755\/2026\/03\/INFORME_OFERTA_OME_INFORME_OFERTA.pdf\" target=\"_blank\" rel=\"noopener\">oferta inicial de places al centre<\/a>.<\/li>\n<li><span style=\"color: #000000;\"><strong>Del 04 al 18 de mar\u00e7<\/strong> les fam\u00edlies podran presentar sol\u00b7licituds fora de termini la qual cosa es marcar\u00e0 autom\u00e0ticament als efectes de l\u2019aplicaci\u00f3 de la prioritat en l\u2019assignaci\u00f3.\u00a0\u00a0<\/span>\n<ul>\n<li style=\"list-style-type: none;\">\n<ul>\n<li><a href=\"https:\/\/preinscripcio.gencat.cat\/ca\/estudis\/infantil-3-6\/preinscriute\/sollicitud\/\" target=\"_blank\" rel=\"noopener\">Preinscripci\u00f3 alumnat de 3-6 anys<\/a>.<\/li>\n<li><a href=\"https:\/\/preinscripcio.gencat.cat\/ca\/estudis\/primaria\/preinscriute\/sollicitud\/\" target=\"_blank\" rel=\"noopener\">Preinscripci\u00f3 alumnat prim\u00e0ria<\/a>.<\/li>\n<\/ul>\n<\/li>\n<\/ul>\n<\/li>\n<li><a href=\"https:\/\/agora.xtec.cat\/escolasantaagnes\/wp-content\/uploads\/usu1755\/2026\/04\/INFORME_BAREM_PROVISIONAL_BAREM.pdf\" target=\"_blank\" rel=\"noopener\"><strong>Llista de sol\u00b7licituds<\/strong><\/a> amb la puntuaci\u00f3 provisional <strong>15 d&#8217;abril<\/strong>.<\/li>\n<li><strong>Termini<\/strong> per presentar una <strong>reclamaci\u00f3<\/strong> <strong>del 15 al 20 d&#8217;abril.<\/strong><\/li>\n<li>Llista de sol\u00b7licituds amb la puntuaci\u00f3 resoltes les reclamacions (<strong>23 d&#8217;abril<\/strong>).<\/li>\n<li><strong>Sorteig <\/strong>del <strong>n\u00famero <\/strong>de <strong>desempat 28 d&#8217;abril.<\/strong><\/li>\n<li>Publicaci\u00f3 de la <strong>llista ordenada 29 d&#8217;abril.<\/strong><\/li>\n<li><strong>Llistat <\/strong><strong>d&#8217;alumnes:<\/strong>\n<ul>\n<li>Amb <strong>pla\u00e7a assignada 10 de juny.<\/strong><\/li>\n<li><strong>Llista d&#8217;espera 10 de juny.<\/strong><\/li>\n<\/ul>\n<\/li>\n<\/ul>\n<p>&nbsp;<\/p>\n<h5><span style=\"color: #000000;\"><strong><span style=\"text-decoration: underline;\">Matr\u00edcula<\/span>:<\/strong><\/span><\/h5>\n<ul>\n<li>Educaci\u00f3 infantil i educaci\u00f3 prim\u00e0ria: <strong>del 22 al 30 de juny.<\/strong><\/li>\n<li><a href=\"https:\/\/agora.xtec.cat\/escolasantaagnes\/wp-content\/uploads\/usu1755\/2024\/06\/Dossier-Inform.-Matricula-1.pdf\">DOSSIER INFORMACI\u00d3 MATR\u00cdCULA .<\/a><\/li>\n<\/ul>\n<p>&nbsp;<\/p>\n<h5><span style=\"text-decoration: underline; color: #000000;\"><strong>Webs on trobar tota la informaci\u00f3<\/strong><\/span><\/h5>\n<p><strong>\u200b<\/strong><a href=\"https:\/\/preinscripcio.gencat.cat\/ca\/inici\/\"><strong>preinscripcio.gencat.cat<\/strong><\/a><\/p>\n<p><strong><a href=\"https:\/\/triaeducativa.gencat.cat\/ca\/inici\/\">triaeducativa.gencat.cat\u200b<\/a><\/strong><\/p>\n","protected":false},"excerpt":{"rendered":"<p><a href=\"https:\/\/agora.xtec.cat\/escolasantaagnes\/wp-content\/uploads\/usu1755\/2026\/02\/imatge-preinscripcio-26-27.jpg\"><\/a><br \/>\nSI ALGUNA FAM\u00cdLIA NECESSITA SUPORT US PODEU POSAR EN CONTACTE AMB EL CENTRE EDUCATIU DE PRIMERA OPCI\u00d3 PER TAL D&#8217;AJUDAR-VOS A RESOLDRE QUALSEVOL DUBTE O INQUIETUD.<\/p>\n<ul>\n<li>03 de mar\u00e7 <a href=\"https:\/\/agora.xtec.cat\/escolasantaagnes\/wp-content\/uploads\/usu1755\/2026\/03\/INFORME_OFERTA_OME_INFORME_OFERTA.pdf\" target=\"_blank\" rel=\"noopener\">oferta inicial de places al centre<\/a>.<\/li>\n<li>Del 04 al 18 de mar\u00e7 les fam\u00edlies&hellip;  <a href=\"https:\/\/agora.xtec.cat\/escolasantaagnes\/projecte-educatiu\/preinscripcio-i-matricula\/\" title=\"Read PREINSCRIPCI\u00d3 I MATR\u00cdCULA\">Llegeix m\u00e9s\u00bb<\/a><br \/>\n","protected":false},"author":1,"featured_media":0,"parent":64,"menu_order":0,"comment_status":"closed","ping_status":"closed","template":"","meta":{"_bbp_topic_count":0,"_bbp_reply_count":0,"_bbp_total_topic_count":0,"_bbp_total_reply_count":0,"_bbp_voice_count":0,"_bbp_anonymous_reply_count":0,"_bbp_topic_count_hidden":0,"_bbp_reply_count_hidden":0,"_bbp_forum_subforum_count":0,"footnotes":""},"class_list":["post-1230","page","type-page","status-publish","hentry"],"post_mailing_queue_ids":[],"_links":{"self":[{"href":"https:\/\/agora.xtec.cat\/escolasantaagnes\/wp-json\/wp\/v2\/pages\/1230","targetHints":{"allow":["GET"]}}],"collection":[{"href":"https:\/\/agora.xtec.cat\/escolasantaagnes\/wp-json\/wp\/v2\/pages"}],"about":[{"href":"https:\/\/agora.xtec.cat\/escolasantaagnes\/wp-json\/wp\/v2\/types\/page"}],"author":[{"embeddable":true,"href":"https:\/\/agora.xtec.cat\/escolasantaagnes\/wp-json\/wp\/v2\/users\/1"}],"replies":[{"embeddable":true,"href":"https:\/\/agora.xtec.cat\/escolasantaagnes\/wp-json\/wp\/v2\/comments?post=1230"}],"version-history":[{"count":7,"href":"https:\/\/agora.xtec.cat\/escolasantaagnes\/wp-json\/wp\/v2\/pages\/1230\/revisions"}],"predecessor-version":[{"id":6020,"href":"https:\/\/agora.xtec.cat\/escolasantaagnes\/wp-json\/wp\/v2\/pages\/1230\/revisions\/6020"}],"up":[{"embeddable":true,"href":"https:\/\/agora.xtec.cat\/escolasantaagnes\/wp-json\/wp\/v2\/pages\/64"}],"wp:attachment":[{"href":"https:\/\/agora.xtec.cat\/escolasantaagnes\/wp-json\/wp\/v2\/media?parent=1230"}],"curies":[{"name":"wp","href":"https:\/\/api.w.org\/{rel}","templated":true}]}}