{"id":425,"date":"2023-10-12T18:06:59","date_gmt":"2023-10-12T16:06:59","guid":{"rendered":"http:\/\/agora.xtec.cat\/escolasamaranch\/?page_id=425"},"modified":"2026-01-18T19:12:15","modified_gmt":"2026-01-18T18:12:15","slug":"reutilitzacio-de-llibres-de-text","status":"publish","type":"page","link":"https:\/\/agora.xtec.cat\/escolasamaranch\/projectes-descola\/reutilitzacio-de-llibres-de-text\/","title":{"rendered":"Socialitzaci\u00f3 de llibres de text"},"content":{"rendered":"<p data-start=\"187\" data-end=\"514\">L\u2019escola va iniciar el <strong data-start=\"210\" data-end=\"250\">Programa de Reutilitzaci\u00f3 de Llibres<\/strong> el curs <strong data-start=\"259\" data-end=\"272\">2008-2009<\/strong>. Inicialment es va implantar al <strong data-start=\"305\" data-end=\"320\">cicle mitj\u00e0<\/strong> i, progressivament, s\u2019ha anat ampliant tant en nombre de llibres com en etapes educatives, estenent-se al <strong data-start=\"427\" data-end=\"445\">cicle superior<\/strong> i al <strong data-start=\"451\" data-end=\"468\">cicle inicial<\/strong>, en aquest darrer cas amb llibres de lectura.<\/p>\n<p data-start=\"516\" data-end=\"570\">Actualment, el programa s\u2019aplica de la manera seg\u00fcent:<\/p>\n<ul data-start=\"572\" data-end=\"853\">\n<li data-start=\"572\" data-end=\"624\">\n<p data-start=\"574\" data-end=\"624\"><strong data-start=\"574\" data-end=\"591\">Cicle Inicial<\/strong>: llibres de lectura de classe.<\/p>\n<\/li>\n<li data-start=\"625\" data-end=\"737\">\n<p data-start=\"627\" data-end=\"737\"><strong data-start=\"627\" data-end=\"642\">Cicle Mitj\u00e0<\/strong>: llibres de text de medi natural, medi social, llengua castellana, llengua anglesa i m\u00fasica.<\/p>\n<\/li>\n<li data-start=\"738\" data-end=\"853\">\n<p data-start=\"740\" data-end=\"853\"><strong data-start=\"740\" data-end=\"758\">Cicle Superior<\/strong>: llibres de text de llengua castellana, llengua anglesa, medi natural, medi social i m\u00fasica.<\/p>\n<\/li>\n<\/ul>\n<p data-start=\"855\" data-end=\"990\">A m\u00e9s, l\u2019alumnat de <strong data-start=\"875\" data-end=\"901\">cicle mitj\u00e0 i superior<\/strong> disposa de <strong data-start=\"913\" data-end=\"957\">diccionaris de catal\u00e0, castell\u00e0 i angl\u00e8s<\/strong>, aix\u00ed com de llibres de lectura.<\/p>\n<h3 data-start=\"992\" data-end=\"1018\">Finalitat del programa<\/h3>\n<p data-start=\"1020\" data-end=\"1352\">Tenint en compte la gran diversitat de l\u2019alumnat del centre, l\u2019escola va apostar per aquest projecte amb la voluntat de <strong data-start=\"1140\" data-end=\"1170\">reduir la despesa familiar<\/strong> en llibres de text i, alhora, de <strong data-start=\"1204\" data-end=\"1248\">conscienciar tota la comunitat educativa<\/strong> sobre la import\u00e0ncia de respectar i compartir el material, encara que no sigui de propietat individual.<\/p>\n<h3 data-start=\"1354\" data-end=\"1380\">Objectius del projecte<\/h3>\n<p data-start=\"1382\" data-end=\"1453\">Els objectius prioritaris del Programa de Reutilitzaci\u00f3 de Llibres s\u00f3n:<\/p>\n<ul data-start=\"1455\" data-end=\"2009\">\n<li data-start=\"1455\" data-end=\"1511\">\n<p data-start=\"1457\" data-end=\"1511\">Reduir significativament la despesa de les fam\u00edlies.<\/p>\n<\/li>\n<li data-start=\"1512\" data-end=\"1606\">\n<p data-start=\"1514\" data-end=\"1606\">Promoure la <strong data-start=\"1526\" data-end=\"1558\">cultura de la sostenibilitat<\/strong>, basada en recuperar, reutilitzar i reciclar.<\/p>\n<\/li>\n<li data-start=\"1607\" data-end=\"1693\">\n<p data-start=\"1609\" data-end=\"1693\">Millorar qualitativament i quantitativament els <strong data-start=\"1657\" data-end=\"1679\">recursos did\u00e0ctics<\/strong> del centre.<\/p>\n<\/li>\n<li data-start=\"1694\" data-end=\"1788\">\n<p data-start=\"1696\" data-end=\"1788\">Impulsar projectes educatius de centre compartits i gestionats per la comunitat educativa.<\/p>\n<\/li>\n<li data-start=\"1789\" data-end=\"1872\">\n<p data-start=\"1791\" data-end=\"1872\">Sensibilitzar fam\u00edlies, mestres i alumnes sobre el bon \u00fas del material escolar.<\/p>\n<\/li>\n<li data-start=\"1873\" data-end=\"1947\">\n<p data-start=\"1875\" data-end=\"1947\">Informar adequadament les fam\u00edlies sobre el funcionament del projecte.<\/p>\n<\/li>\n<li data-start=\"1948\" data-end=\"2009\">\n<p data-start=\"1950\" data-end=\"2009\">Consolidar la <strong data-start=\"1964\" data-end=\"1995\">comissi\u00f3 mixta de seguiment<\/strong> del programa.<\/p>\n<\/li>\n<\/ul>\n<h3 data-start=\"2011\" data-end=\"2037\">Funcionament i adhesi\u00f3<\/h3>\n<p data-start=\"2039\" data-end=\"2318\">Cada curs, aproximadament durant el mes de <strong data-start=\"2082\" data-end=\"2090\">maig<\/strong>, l\u2019escola consulta a les fam\u00edlies si volen <strong data-start=\"2134\" data-end=\"2163\">participar en el programa<\/strong> de reutilitzaci\u00f3 de llibres per al curs seg\u00fcent. En aquest moment, tamb\u00e9 es facilita un document amb la normativa del projecte i la sol\u00b7licitud d\u2019adhesi\u00f3.<\/p>\n<h4 data-start=\"2320\" data-end=\"2355\">Qu\u00e8 cal fer per participar-hi?<\/h4>\n<ul data-start=\"2357\" data-end=\"2785\">\n<li data-start=\"2357\" data-end=\"2464\">\n<p data-start=\"2359\" data-end=\"2464\">Signar el document de <strong data-start=\"2381\" data-end=\"2409\">participaci\u00f3 i comprom\u00eds<\/strong>, aix\u00ed com l\u2019acceptaci\u00f3 de la normativa del programa.<\/p>\n<\/li>\n<li data-start=\"2465\" data-end=\"2568\">\n<p data-start=\"2467\" data-end=\"2568\">Abonar una <strong data-start=\"2478\" data-end=\"2493\">quota anual<\/strong>, que s\u2019estableix en funci\u00f3 de les despeses i de les subvencions rebudes.<\/p>\n<\/li>\n<li data-start=\"2569\" data-end=\"2684\">\n<p data-start=\"2571\" data-end=\"2684\">Pagar la quota conjuntament amb l\u2019import dels altres llibres o materials complementaris que s\u2019hagin de comprar.<\/p>\n<\/li>\n<li data-start=\"2685\" data-end=\"2785\">\n<p data-start=\"2687\" data-end=\"2785\">Estar al corrent del pagament de llibres i quotes de material, i ser <strong data-start=\"2756\" data-end=\"2773\">soci de l\u2019AFA<\/strong> del centre.<\/p>\n<\/li>\n<\/ul>\n<h3 data-start=\"2787\" data-end=\"2805\">Normativa d\u2019\u00fas<\/h3>\n<p data-start=\"2807\" data-end=\"2885\">El projecte est\u00e0 aprovat pel <strong data-start=\"2836\" data-end=\"2848\">Claustre<\/strong> i el <strong data-start=\"2854\" data-end=\"2873\">Consell Escolar<\/strong> del centre.<\/p>\n<ul data-start=\"2887\" data-end=\"4049\">\n<li data-start=\"2887\" data-end=\"3004\">\n<p data-start=\"2889\" data-end=\"3004\">Els llibres reutilitzats s\u00f3n <strong data-start=\"2918\" data-end=\"2943\">propietat de l\u2019escola<\/strong> i tenen un per\u00edode m\u00ednim de validesa de <strong data-start=\"2984\" data-end=\"3001\">quatre cursos<\/strong>.<\/p>\n<\/li>\n<li data-start=\"3005\" data-end=\"3158\">\n<p data-start=\"3007\" data-end=\"3158\">La gesti\u00f3 del programa la duu a terme la <strong data-start=\"3048\" data-end=\"3101\">comissi\u00f3 de seguiment i gesti\u00f3 de llibres de text<\/strong>, formada per representants del professorat i de l\u2019AFA.<\/p>\n<\/li>\n<li data-start=\"3159\" data-end=\"3262\">\n<p data-start=\"3161\" data-end=\"3262\">Les fam\u00edlies s\u00f3n responsables del bon estat dels llibres i han de vetllar perqu\u00e8 no es facin malb\u00e9.<\/p>\n<\/li>\n<li data-start=\"3263\" data-end=\"3379\">\n<p data-start=\"3265\" data-end=\"3379\">En cas de p\u00e8rdua o mal \u00fas, les fam\u00edlies es comprometen a <strong data-start=\"3322\" data-end=\"3349\">abonar l\u2019import \u00edntegre<\/strong> del material reutilitzable.<\/p>\n<\/li>\n<li data-start=\"3380\" data-end=\"3472\">\n<p data-start=\"3382\" data-end=\"3472\">L\u2019escola realitza un seguiment dels llibres durant el curs per garantir-ne el bon estat.<\/p>\n<\/li>\n<li data-start=\"3473\" data-end=\"3586\">\n<p data-start=\"3475\" data-end=\"3586\">A final de curs, la comissi\u00f3 determina el sistema de revisi\u00f3 per valorar l\u2019estat de conservaci\u00f3 dels llibres.<\/p>\n<\/li>\n<li data-start=\"3587\" data-end=\"3659\">\n<p data-start=\"3589\" data-end=\"3659\">Els llibres socialitzats s\u2019han de <strong data-start=\"3623\" data-end=\"3656\">folrar amb pl\u00e0stic no adhesiu<\/strong>.<\/p>\n<\/li>\n<li data-start=\"3660\" data-end=\"3764\">\n<p data-start=\"3662\" data-end=\"3764\">No es poden guixar amb bol\u00edgraf ni retolador; les anotacions s\u2019han de fer amb <strong data-start=\"3740\" data-end=\"3761\">llapis tou n\u00fam. 2<\/strong>.<\/p>\n<\/li>\n<li data-start=\"3765\" data-end=\"3844\">\n<p data-start=\"3767\" data-end=\"3844\">En el moment de retornar-los, els llibres han d\u2019estar <strong data-start=\"3821\" data-end=\"3841\">nets i esborrats<\/strong>.<\/p>\n<\/li>\n<li data-start=\"3845\" data-end=\"3922\">\n<p data-start=\"3847\" data-end=\"3922\">Cada llibre porta un adhesiu amb el nom dels alumnes que l\u2019han utilitzat.<\/p>\n<\/li>\n<li data-start=\"3923\" data-end=\"4049\">\n<p data-start=\"3925\" data-end=\"4049\">L\u2019escola facilitar\u00e0 llibres reutilitzats a l\u2019alumnat que s\u2019incorpori tard al curs, que haur\u00e0 d\u2019abonar la quota corresponent.<\/p>\n<\/li>\n<\/ul>\n","protected":false},"excerpt":{"rendered":"<p>L\u2019escola va iniciar el Programa de Reutilitzaci\u00f3 de Llibres el curs 2008-2009. Inicialment es va implantar al cicle mitj\u00e0 i, progressivament, s\u2019ha anat ampliant tant en nombre de llibres com en etapes educatives, estenent-se al cicle superior i al cicle inicial, en aquest darrer cas amb llibres de lectura. Actualment, el programa s\u2019aplica de la [&hellip;]<\/p>\n","protected":false},"author":1,"featured_media":0,"parent":421,"menu_order":0,"comment_status":"closed","ping_status":"closed","template":"","meta":{"_bbp_topic_count":0,"_bbp_reply_count":0,"_bbp_total_topic_count":0,"_bbp_total_reply_count":0,"_bbp_voice_count":0,"_bbp_anonymous_reply_count":0,"_bbp_topic_count_hidden":0,"_bbp_reply_count_hidden":0,"_bbp_forum_subforum_count":0,"site-sidebar-layout":"default","site-content-layout":"","ast-site-content-layout":"default","site-content-style":"default","site-sidebar-style":"default","ast-global-header-display":"","ast-banner-title-visibility":"","ast-main-header-display":"","ast-hfb-above-header-display":"","ast-hfb-below-header-display":"","ast-hfb-mobile-header-display":"","site-post-title":"","ast-breadcrumbs-content":"","ast-featured-img":"","footer-sml-layout":"","theme-transparent-header-meta":"default","adv-header-id-meta":"","stick-header-meta":"","header-above-stick-meta":"","header-main-stick-meta":"","header-below-stick-meta":"","astra-migrate-meta-layouts":"set","ast-page-background-enabled":"default","ast-page-background-meta":{"desktop":{"background-color":"var(--ast-global-color-4)","background-image":"","background-repeat":"repeat","background-position":"center center","background-size":"auto","background-attachment":"scroll","background-type":"","background-media":"","overlay-type":"","overlay-color":"","overlay-opacity":"","overlay-gradient":""},"tablet":{"background-color":"","background-image":"","background-repeat":"repeat","background-position":"center center","background-size":"auto","background-attachment":"scroll","background-type":"","background-media":"","overlay-type":"","overlay-color":"","overlay-opacity":"","overlay-gradient":""},"mobile":{"background-color":"","background-image":"","background-repeat":"repeat","background-position":"center center","background-size":"auto","background-attachment":"scroll","background-type":"","background-media":"","overlay-type":"","overlay-color":"","overlay-opacity":"","overlay-gradient":""}},"ast-content-background-meta":{"desktop":{"background-color":"var(--ast-global-color-5)","background-image":"","background-repeat":"repeat","background-position":"center center","background-size":"auto","background-attachment":"scroll","background-type":"","background-media":"","overlay-type":"","overlay-color":"","overlay-opacity":"","overlay-gradient":""},"tablet":{"background-color":"var(--ast-global-color-5)","background-image":"","background-repeat":"repeat","background-position":"center center","background-size":"auto","background-attachment":"scroll","background-type":"","background-media":"","overlay-type":"","overlay-color":"","overlay-opacity":"","overlay-gradient":""},"mobile":{"background-color":"var(--ast-global-color-5)","background-image":"","background-repeat":"repeat","background-position":"center center","background-size":"auto","background-attachment":"scroll","background-type":"","background-media":"","overlay-type":"","overlay-color":"","overlay-opacity":"","overlay-gradient":""}},"footnotes":""},"class_list":["post-425","page","type-page","status-publish","hentry"],"post_mailing_queue_ids":[],"_links":{"self":[{"href":"https:\/\/agora.xtec.cat\/escolasamaranch\/wp-json\/wp\/v2\/pages\/425","targetHints":{"allow":["GET"]}}],"collection":[{"href":"https:\/\/agora.xtec.cat\/escolasamaranch\/wp-json\/wp\/v2\/pages"}],"about":[{"href":"https:\/\/agora.xtec.cat\/escolasamaranch\/wp-json\/wp\/v2\/types\/page"}],"author":[{"embeddable":true,"href":"https:\/\/agora.xtec.cat\/escolasamaranch\/wp-json\/wp\/v2\/users\/1"}],"replies":[{"embeddable":true,"href":"https:\/\/agora.xtec.cat\/escolasamaranch\/wp-json\/wp\/v2\/comments?post=425"}],"version-history":[{"count":5,"href":"https:\/\/agora.xtec.cat\/escolasamaranch\/wp-json\/wp\/v2\/pages\/425\/revisions"}],"predecessor-version":[{"id":10809,"href":"https:\/\/agora.xtec.cat\/escolasamaranch\/wp-json\/wp\/v2\/pages\/425\/revisions\/10809"}],"up":[{"embeddable":true,"href":"https:\/\/agora.xtec.cat\/escolasamaranch\/wp-json\/wp\/v2\/pages\/421"}],"wp:attachment":[{"href":"https:\/\/agora.xtec.cat\/escolasamaranch\/wp-json\/wp\/v2\/media?parent=425"}],"curies":[{"name":"wp","href":"https:\/\/api.w.org\/{rel}","templated":true}]}}