{"id":423,"date":"2015-10-12T18:06:18","date_gmt":"2015-10-12T17:06:18","guid":{"rendered":"http:\/\/agora.xtec.cat\/escolasamaranch\/?page_id=423"},"modified":"2026-01-18T19:10:08","modified_gmt":"2026-01-18T18:10:08","slug":"plec","status":"publish","type":"page","link":"https:\/\/agora.xtec.cat\/escolasamaranch\/projectes-descola\/plec\/","title":{"rendered":"Biblioteca i PLEC"},"content":{"rendered":"<h3 data-start=\"164\" data-end=\"189\">La Biblioteca Escolar<\/h3>\n<p data-start=\"191\" data-end=\"422\">Tot i que la nostra escola ha finalitzat la seva pertinen\u00e7a al projecte <strong data-start=\"263\" data-end=\"274\">Puntedu<\/strong>, continua apostant fermament per la <strong data-start=\"311\" data-end=\"367\">consolidaci\u00f3 i dinamitzaci\u00f3 de la biblioteca escolar<\/strong> com a espai clau d\u2019aprenentatge i creixement personal.<\/p>\n<p data-start=\"424\" data-end=\"686\">Disposem d\u2019una <strong data-start=\"439\" data-end=\"459\">pissarra digital<\/strong> que ens permet oferir una millor informaci\u00f3 sobre les lectures, els seus autors i il\u00b7lustradors, i que alhora obre un ampli ventall de possibilitats: p\u00e0gines web, blocs i premsa especialitzada en literatura infantil i juvenil.<\/p>\n<h3 data-start=\"688\" data-end=\"710\">Objectius generals<\/h3>\n<ul data-start=\"712\" data-end=\"1393\">\n<li data-start=\"712\" data-end=\"1007\">\n<p data-start=\"714\" data-end=\"1007\">Apropar als alumnes la <strong data-start=\"737\" data-end=\"771\">m\u00e0gia i el plaer de la lectura<\/strong>, tant de manera individual com col\u00b7lectiva, afavorint la compartici\u00f3 de sensacions, coneixements i experi\u00e8ncies, sense perdre de vista la connexi\u00f3 de la biblioteca escolar amb les tutories, els alumnes i les seves necessitats d\u2019estudi.<\/p>\n<\/li>\n<li data-start=\"1008\" data-end=\"1153\">\n<p data-start=\"1010\" data-end=\"1153\">Fomentar l\u2019<strong data-start=\"1021\" data-end=\"1039\">esperit cr\u00edtic<\/strong>, la presa de consci\u00e8ncia dels propis gustos i prefer\u00e8ncies, aix\u00ed com la capacitat d\u2019expressar-los i defensar-los.<\/p>\n<\/li>\n<li data-start=\"1154\" data-end=\"1254\">\n<p data-start=\"1156\" data-end=\"1254\">Familiaritzar els alumnes amb la <strong data-start=\"1189\" data-end=\"1253\">biblioteca com a porta d\u2019acc\u00e9s a diverses fonts d\u2019informaci\u00f3<\/strong>.<\/p>\n<\/li>\n<li data-start=\"1255\" data-end=\"1393\">\n<p data-start=\"1257\" data-end=\"1393\">Preparar i engrescar futurs usuaris d\u2019espais bibliotecaris, tant del <strong data-start=\"1326\" data-end=\"1338\">municipi<\/strong> com de la <strong data-start=\"1349\" data-end=\"1374\">xarxa de biblioteques<\/strong> a la qual pertany.<\/p>\n<\/li>\n<\/ul>\n<h3 data-start=\"1395\" data-end=\"1434\">Activitats de la Biblioteca Escolar<\/h3>\n<ul data-start=\"1436\" data-end=\"2025\">\n<li data-start=\"1436\" data-end=\"1522\">\n<p data-start=\"1438\" data-end=\"1522\">Preparaci\u00f3 i control de les <strong data-start=\"1466\" data-end=\"1487\">Maletes Viatgeres<\/strong> per a tots els cursos, de P3 a 6\u00e8.<\/p>\n<\/li>\n<li data-start=\"1523\" data-end=\"1604\">\n<p data-start=\"1525\" data-end=\"1604\">Actualitzaci\u00f3 i manteniment del <strong data-start=\"1557\" data-end=\"1578\">fons bibliogr\u00e0fic<\/strong> de la biblioteca escolar.<\/p>\n<\/li>\n<li data-start=\"1605\" data-end=\"1679\">\n<p data-start=\"1607\" data-end=\"1679\">Coordinaci\u00f3 amb la <strong data-start=\"1626\" data-end=\"1650\">Biblioteca Municipal<\/strong> per a la formaci\u00f3 d\u2019usuaris.<\/p>\n<\/li>\n<li data-start=\"1680\" data-end=\"1730\">\n<p data-start=\"1682\" data-end=\"1730\">Servei de <strong data-start=\"1692\" data-end=\"1703\">pr\u00e9stec<\/strong> durant les hores del pati.<\/p>\n<\/li>\n<li data-start=\"1731\" data-end=\"1815\">\n<p data-start=\"1733\" data-end=\"1815\">Coordinaci\u00f3 de la <strong data-start=\"1751\" data-end=\"1770\">Revista Escolar<\/strong>, conjuntament amb la comissi\u00f3 d\u2019Inform\u00e0tica.<\/p>\n<\/li>\n<li data-start=\"1816\" data-end=\"1896\">\n<p data-start=\"1818\" data-end=\"1896\">Potenciaci\u00f3 de les <strong data-start=\"1837\" data-end=\"1873\">visites d\u2019autors i il\u00b7lustradors<\/strong> per a tots els cicles.<\/p>\n<\/li>\n<li data-start=\"1897\" data-end=\"2025\">\n<p data-start=\"1899\" data-end=\"2025\">Promoci\u00f3 de l\u2019intercanvi entre els <strong data-start=\"1934\" data-end=\"1956\">padrins de lectura<\/strong> de Cicle Inicial i Cicle Superior, aprofitant tamb\u00e9 l\u2019hora del pati.<\/p>\n<\/li>\n<\/ul>\n<h3 data-start=\"2027\" data-end=\"2055\">Pla de Lectura de Centre<\/h3>\n<p data-start=\"2057\" data-end=\"2163\">L\u2019escola treballa activament per desenvolupar el <strong data-start=\"2106\" data-end=\"2134\">Pla de Lectura de Centre<\/strong>, amb els objectius seg\u00fcents:<\/p>\n<ul data-start=\"2165\" data-end=\"3283\">\n<li data-start=\"2165\" data-end=\"2249\">\n<p data-start=\"2167\" data-end=\"2249\">Crear una <strong data-start=\"2177\" data-end=\"2195\">l\u00ednia d\u2019escola<\/strong> en el desenvolupament i el treball de l\u2019h\u00e0bit lector.<\/p>\n<\/li>\n<li data-start=\"2250\" data-end=\"2352\">\n<p data-start=\"2252\" data-end=\"2352\">Iniciar de manera sistem\u00e0tica l\u2019<strong data-start=\"2284\" data-end=\"2329\">aprenentatge de la lectura i l\u2019escriptura<\/strong> a l\u2019educaci\u00f3 infantil.<\/p>\n<\/li>\n<li data-start=\"2353\" data-end=\"2497\">\n<p data-start=\"2355\" data-end=\"2497\">Millorar la <strong data-start=\"2367\" data-end=\"2403\">coordinaci\u00f3 entre el professorat<\/strong> d\u2019Educaci\u00f3 Infantil i Prim\u00e0ria en el proc\u00e9s d\u2019ensenyament-aprenentatge de la lectoescriptura.<\/p>\n<\/li>\n<li data-start=\"2498\" data-end=\"2636\">\n<p data-start=\"2500\" data-end=\"2636\">Prioritzar l\u2019atenci\u00f3 espec\u00edfica a l\u2019alumnat que requereixi <strong data-start=\"2559\" data-end=\"2600\">suport en l\u2019assoliment o consolidaci\u00f3<\/strong> de les habilitats lectoescriptores.<\/p>\n<\/li>\n<li data-start=\"2637\" data-end=\"2802\">\n<p data-start=\"2639\" data-end=\"2802\">Revisar i concretar acords pedag\u00f2gics sobre el proc\u00e9s lector i l\u2019escriptura (motivaci\u00f3, velocitat lectora, estrat\u00e8gies per fomentar la lectura a l\u2019\u00e0mbit familiar).<\/p>\n<\/li>\n<li data-start=\"2803\" data-end=\"2849\">\n<p data-start=\"2805\" data-end=\"2849\">Potenciar l\u2019\u00fas de la <strong data-start=\"2826\" data-end=\"2848\">biblioteca escolar<\/strong>.<\/p>\n<\/li>\n<li data-start=\"2850\" data-end=\"2915\">\n<p data-start=\"2852\" data-end=\"2915\">Desenvolupar l\u2019<strong data-start=\"2867\" data-end=\"2914\">inter\u00e8s, la necessitat i el plaer de llegir<\/strong>.<\/p>\n<\/li>\n<li data-start=\"2916\" data-end=\"3009\">\n<p data-start=\"2918\" data-end=\"3009\">Coordinar i establir directrius per al treball de l\u2019<strong data-start=\"2970\" data-end=\"2989\">hora de lectura<\/strong> i de la biblioteca.<\/p>\n<\/li>\n<li data-start=\"3010\" data-end=\"3070\">\n<p data-start=\"3012\" data-end=\"3070\">Afavorir una <strong data-start=\"3025\" data-end=\"3053\">bona compet\u00e8ncia lectora<\/strong> entre l\u2019alumnat.<\/p>\n<\/li>\n<li data-start=\"3071\" data-end=\"3113\">\n<p data-start=\"3073\" data-end=\"3113\">Millorar l\u2019<strong data-start=\"3084\" data-end=\"3112\">expressi\u00f3 oral i escrita<\/strong>.<\/p>\n<\/li>\n<li data-start=\"3114\" data-end=\"3199\">\n<p data-start=\"3116\" data-end=\"3199\">Utilitzar les <strong data-start=\"3130\" data-end=\"3137\">TIC<\/strong> com a eina de recerca d\u2019informaci\u00f3 i com a mitj\u00e0 d\u2019expressi\u00f3.<\/p>\n<\/li>\n<li data-start=\"3200\" data-end=\"3283\">\n<p data-start=\"3202\" data-end=\"3283\">Potenciar l\u2019<strong data-start=\"3214\" data-end=\"3246\">h\u00e0bit lector del professorat<\/strong> dins la din\u00e0mica habitual de l\u2019aula.<\/p>\n<\/li>\n<\/ul>\n","protected":false},"excerpt":{"rendered":"<p>La Biblioteca Escolar Tot i que la nostra escola ha finalitzat la seva pertinen\u00e7a al projecte Puntedu, continua apostant fermament per la consolidaci\u00f3 i dinamitzaci\u00f3 de la biblioteca escolar com a espai clau d\u2019aprenentatge i creixement personal. Disposem d\u2019una pissarra digital que ens permet oferir una millor informaci\u00f3 sobre les lectures, els seus autors i [&hellip;]<\/p>\n","protected":false},"author":1,"featured_media":0,"parent":421,"menu_order":0,"comment_status":"closed","ping_status":"closed","template":"","meta":{"_bbp_topic_count":0,"_bbp_reply_count":0,"_bbp_total_topic_count":0,"_bbp_total_reply_count":0,"_bbp_voice_count":0,"_bbp_anonymous_reply_count":0,"_bbp_topic_count_hidden":0,"_bbp_reply_count_hidden":0,"_bbp_forum_subforum_count":0,"site-sidebar-layout":"default","site-content-layout":"","ast-site-content-layout":"default","site-content-style":"default","site-sidebar-style":"default","ast-global-header-display":"","ast-banner-title-visibility":"","ast-main-header-display":"","ast-hfb-above-header-display":"","ast-hfb-below-header-display":"","ast-hfb-mobile-header-display":"","site-post-title":"","ast-breadcrumbs-content":"","ast-featured-img":"","footer-sml-layout":"","theme-transparent-header-meta":"default","adv-header-id-meta":"","stick-header-meta":"","header-above-stick-meta":"","header-main-stick-meta":"","header-below-stick-meta":"","astra-migrate-meta-layouts":"set","ast-page-background-enabled":"default","ast-page-background-meta":{"desktop":{"background-color":"var(--ast-global-color-4)","background-image":"","background-repeat":"repeat","background-position":"center center","background-size":"auto","background-attachment":"scroll","background-type":"","background-media":"","overlay-type":"","overlay-color":"","overlay-opacity":"","overlay-gradient":""},"tablet":{"background-color":"","background-image":"","background-repeat":"repeat","background-position":"center center","background-size":"auto","background-attachment":"scroll","background-type":"","background-media":"","overlay-type":"","overlay-color":"","overlay-opacity":"","overlay-gradient":""},"mobile":{"background-color":"","background-image":"","background-repeat":"repeat","background-position":"center center","background-size":"auto","background-attachment":"scroll","background-type":"","background-media":"","overlay-type":"","overlay-color":"","overlay-opacity":"","overlay-gradient":""}},"ast-content-background-meta":{"desktop":{"background-color":"var(--ast-global-color-5)","background-image":"","background-repeat":"repeat","background-position":"center center","background-size":"auto","background-attachment":"scroll","background-type":"","background-media":"","overlay-type":"","overlay-color":"","overlay-opacity":"","overlay-gradient":""},"tablet":{"background-color":"var(--ast-global-color-5)","background-image":"","background-repeat":"repeat","background-position":"center center","background-size":"auto","background-attachment":"scroll","background-type":"","background-media":"","overlay-type":"","overlay-color":"","overlay-opacity":"","overlay-gradient":""},"mobile":{"background-color":"var(--ast-global-color-5)","background-image":"","background-repeat":"repeat","background-position":"center center","background-size":"auto","background-attachment":"scroll","background-type":"","background-media":"","overlay-type":"","overlay-color":"","overlay-opacity":"","overlay-gradient":""}},"footnotes":""},"class_list":["post-423","page","type-page","status-publish","hentry"],"post_mailing_queue_ids":[],"_links":{"self":[{"href":"https:\/\/agora.xtec.cat\/escolasamaranch\/wp-json\/wp\/v2\/pages\/423","targetHints":{"allow":["GET"]}}],"collection":[{"href":"https:\/\/agora.xtec.cat\/escolasamaranch\/wp-json\/wp\/v2\/pages"}],"about":[{"href":"https:\/\/agora.xtec.cat\/escolasamaranch\/wp-json\/wp\/v2\/types\/page"}],"author":[{"embeddable":true,"href":"https:\/\/agora.xtec.cat\/escolasamaranch\/wp-json\/wp\/v2\/users\/1"}],"replies":[{"embeddable":true,"href":"https:\/\/agora.xtec.cat\/escolasamaranch\/wp-json\/wp\/v2\/comments?post=423"}],"version-history":[{"count":4,"href":"https:\/\/agora.xtec.cat\/escolasamaranch\/wp-json\/wp\/v2\/pages\/423\/revisions"}],"predecessor-version":[{"id":10808,"href":"https:\/\/agora.xtec.cat\/escolasamaranch\/wp-json\/wp\/v2\/pages\/423\/revisions\/10808"}],"up":[{"embeddable":true,"href":"https:\/\/agora.xtec.cat\/escolasamaranch\/wp-json\/wp\/v2\/pages\/421"}],"wp:attachment":[{"href":"https:\/\/agora.xtec.cat\/escolasamaranch\/wp-json\/wp\/v2\/media?parent=423"}],"curies":[{"name":"wp","href":"https:\/\/api.w.org\/{rel}","templated":true}]}}