{"id":26,"date":"2014-09-18T12:24:32","date_gmt":"2014-09-18T11:24:32","guid":{"rendered":"http:\/\/agora.xtec.cat\/escolasamaranch\/\/?page_id=26"},"modified":"2019-02-22T12:20:57","modified_gmt":"2019-02-22T11:20:57","slug":"historia","status":"publish","type":"page","link":"https:\/\/agora.xtec.cat\/escolasamaranch\/lescola\/historia\/","title":{"rendered":"Hist\u00f2ria"},"content":{"rendered":"<h1><span style=\"color: #800080;\"><strong><span style=\"font-size: 14pt;\">El municipi de Santa Margarida i Els Monjos havia arribat a tenir tres centres escolars, un a Cal Rubi\u00f3, un a La R\u00e0pita i un altre a Els Monjos.<\/span><\/strong><\/span><\/h1>\n<h1><span style=\"color: #800080;\"><strong><span style=\"font-family: Verdana, Arial, Helvetica, sans-serif; font-size: 14pt;\">Des de comen\u00e7aments del segle XX i fins ben entrats els anys cinquanta existia sols dues aules:&#8221;Escuela Nacional Unitaria n\u00ba 1 de ni\u00f1os&#8221; amb un mestre i una altra &#8220;Escuela Nacional n\u00ba2 de ni\u00f1as&#8221; amb una mestra. M\u00e9s tard es va\u00a0construir\u00a0un parvulari. Els edificis es trobaven a la Pla\u00e7a Pau Casals i no va ser fins a l&#8217;any 1969 quan es va inaugurar la part m\u00e9s antiga de l&#8217;actual edifici escolar.<\/span><\/strong><\/span><\/h1>\n<h1><span style=\"color: #800080;\"><strong><span style=\"font-family: Verdana, Arial, Helvetica, sans-serif; font-size: 14pt;\">La construcci\u00f3 de la nova escola va ser una necessitat, fruit de l&#8217;augment continuat de poblaci\u00f3 del municipi. Aquest edifici aviat va acollir dues aules de nens i dues de nenes, i de mica en mica, es va anar ampliant a mesura que creixia la demanda de places escolars. A l&#8217;escola se li va posar el nom de Dr. Samaranch i Fina, en honor del que fou metge i alcalde del municipi durant molts anys.<\/span><\/strong><\/span><\/h1>\n<table class=\" aligncenter\" style=\"width: 194px;\">\n<tbody>\n<tr>\n<td style=\"height: 194px; background: url('https:\/\/www.gstatic.com\/pwa\/s\/v\/lighthousefe_20160113.00_p0\/transparent_album_background.gif') no-repeat left;\" align=\"center\"><a href=\"https:\/\/photos.app.goo.gl\/4GU3czkluySxfBEm1\"><img loading=\"lazy\" decoding=\"async\" style=\"margin: 1px 0 0 4px;\" src=\"https:\/\/lh3.googleusercontent.com\/-_D8CAAjLv2Y\/UqhFp14Sl3E\/AAAAAAAADeQ\/VoIQaJzfZHs\/s160-c-Ic42\/Portada.jpg\" alt=\"\" width=\"160\" height=\"160\" \/><\/a><\/td>\n<\/tr>\n<tr>\n<td style=\"text-align: center; font-family: arial,sans-serif; font-size: 11px;\">Fotos<\/td>\n<\/tr>\n<\/tbody>\n<\/table>\n","protected":false},"excerpt":{"rendered":"<p>El municipi de Santa Margarida i Els Monjos havia arribat a tenir tres centres escolars, un a Cal Rubi\u00f3, un a La R\u00e0pita i un altre a Els Monjos. Des de comen\u00e7aments del segle XX i fins ben entrats els anys cinquanta existia sols dues aules:&#8221;Escuela Nacional Unitaria n\u00ba 1 de ni\u00f1os&#8221; amb un mestre [&hellip;]<\/p>\n","protected":false},"author":1,"featured_media":0,"parent":22,"menu_order":2,"comment_status":"closed","ping_status":"closed","template":"page-templates\/side-menu.php","meta":{"_bbp_topic_count":0,"_bbp_reply_count":0,"_bbp_total_topic_count":0,"_bbp_total_reply_count":0,"_bbp_voice_count":0,"_bbp_anonymous_reply_count":0,"_bbp_topic_count_hidden":0,"_bbp_reply_count_hidden":0,"_bbp_forum_subforum_count":0,"site-sidebar-layout":"default","site-content-layout":"","ast-site-content-layout":"","site-content-style":"default","site-sidebar-style":"default","ast-global-header-display":"","ast-banner-title-visibility":"","ast-main-header-display":"","ast-hfb-above-header-display":"","ast-hfb-below-header-display":"","ast-hfb-mobile-header-display":"","site-post-title":"","ast-breadcrumbs-content":"","ast-featured-img":"","footer-sml-layout":"","theme-transparent-header-meta":"","adv-header-id-meta":"","stick-header-meta":"","header-above-stick-meta":"","header-main-stick-meta":"","header-below-stick-meta":"","astra-migrate-meta-layouts":"default","ast-page-background-enabled":"default","ast-page-background-meta":{"desktop":{"background-color":"var(--ast-global-color-4)","background-image":"","background-repeat":"repeat","background-position":"center center","background-size":"auto","background-attachment":"scroll","background-type":"","background-media":"","overlay-type":"","overlay-color":"","overlay-opacity":"","overlay-gradient":""},"tablet":{"background-color":"","background-image":"","background-repeat":"repeat","background-position":"center center","background-size":"auto","background-attachment":"scroll","background-type":"","background-media":"","overlay-type":"","overlay-color":"","overlay-opacity":"","overlay-gradient":""},"mobile":{"background-color":"","background-image":"","background-repeat":"repeat","background-position":"center center","background-size":"auto","background-attachment":"scroll","background-type":"","background-media":"","overlay-type":"","overlay-color":"","overlay-opacity":"","overlay-gradient":""}},"ast-content-background-meta":{"desktop":{"background-color":"var(--ast-global-color-5)","background-image":"","background-repeat":"repeat","background-position":"center center","background-size":"auto","background-attachment":"scroll","background-type":"","background-media":"","overlay-type":"","overlay-color":"","overlay-opacity":"","overlay-gradient":""},"tablet":{"background-color":"var(--ast-global-color-5)","background-image":"","background-repeat":"repeat","background-position":"center center","background-size":"auto","background-attachment":"scroll","background-type":"","background-media":"","overlay-type":"","overlay-color":"","overlay-opacity":"","overlay-gradient":""},"mobile":{"background-color":"var(--ast-global-color-5)","background-image":"","background-repeat":"repeat","background-position":"center center","background-size":"auto","background-attachment":"scroll","background-type":"","background-media":"","overlay-type":"","overlay-color":"","overlay-opacity":"","overlay-gradient":""}},"footnotes":""},"class_list":["post-26","page","type-page","status-publish","hentry"],"post_mailing_queue_ids":[],"_links":{"self":[{"href":"https:\/\/agora.xtec.cat\/escolasamaranch\/wp-json\/wp\/v2\/pages\/26","targetHints":{"allow":["GET"]}}],"collection":[{"href":"https:\/\/agora.xtec.cat\/escolasamaranch\/wp-json\/wp\/v2\/pages"}],"about":[{"href":"https:\/\/agora.xtec.cat\/escolasamaranch\/wp-json\/wp\/v2\/types\/page"}],"author":[{"embeddable":true,"href":"https:\/\/agora.xtec.cat\/escolasamaranch\/wp-json\/wp\/v2\/users\/1"}],"replies":[{"embeddable":true,"href":"https:\/\/agora.xtec.cat\/escolasamaranch\/wp-json\/wp\/v2\/comments?post=26"}],"version-history":[{"count":3,"href":"https:\/\/agora.xtec.cat\/escolasamaranch\/wp-json\/wp\/v2\/pages\/26\/revisions"}],"predecessor-version":[{"id":5337,"href":"https:\/\/agora.xtec.cat\/escolasamaranch\/wp-json\/wp\/v2\/pages\/26\/revisions\/5337"}],"up":[{"embeddable":true,"href":"https:\/\/agora.xtec.cat\/escolasamaranch\/wp-json\/wp\/v2\/pages\/22"}],"wp:attachment":[{"href":"https:\/\/agora.xtec.cat\/escolasamaranch\/wp-json\/wp\/v2\/media?parent=26"}],"curies":[{"name":"wp","href":"https:\/\/api.w.org\/{rel}","templated":true}]}}