{"id":852,"date":"2018-12-19T16:01:37","date_gmt":"2018-12-19T15:01:37","guid":{"rendered":"http:\/\/agora.xtec.cat\/escolasalvadorlluch\/?page_id=852"},"modified":"2019-01-23T17:13:06","modified_gmt":"2019-01-23T16:13:06","slug":"que-pretenem","status":"publish","type":"page","link":"https:\/\/agora.xtec.cat\/escolasalvadorlluch\/projecte-educatiu\/que-pretenem\/","title":{"rendered":"Qu\u00e8 pretenem?"},"content":{"rendered":"<table style=\"border-collapse: collapse; width: 100%;\" border=\"1\">\n<tbody>\n<tr>\n<td style=\"width: 100%;\">El que pretenem queda definit en:<\/p>\n<p>&#8211; la nostra <strong>VISI\u00d3<\/strong>, i<\/p>\n<p>&#8211; concretat en els nostres <strong>OBJECTIUS EDUCATIUS GENERALS <\/strong><strong>DE CENTRE<\/strong>, que tamb\u00e9 exposem a continuaci\u00f3:<\/td>\n<\/tr>\n<tr style=\"background-color: #649acc;\">\n<td style=\"width: 100%;\"><span style=\"color: #ffffff;\"><strong>VISI\u00d3.<\/strong> Imatge compartida sobre com volen que sigui el centre.<\/span><strong><br \/>\n<\/strong><\/td>\n<\/tr>\n<tr>\n<td style=\"width: 100%;\">\n<ul>\n<li>Volem formar els nostres nens i nenes per tal d\u2019aconseguir plenitud en la seva vida personal i social futura promovent accions que afavoreixin l\u2019\u201daprendre a aprendre\u201d en totes les vessants: intel\u00b7lectual, social i emocional.<\/li>\n<li>Implicaci\u00f3 de tota la comunitat educativa en el projecte de centre.<\/li>\n<\/ul>\n<ul>\n<li>Qualitat entesa com a comprom\u00eds \u00e8tic per a la millora cont\u00ednua i per la innovaci\u00f3:<strong> Avaluar per millorar<\/strong>.<\/li>\n<\/ul>\n<ul>\n<li>Vetllar per una <strong>educaci\u00f3 de qualitat<\/strong>, cap a l\u2019excel\u00b7l\u00e8ncia, respectant les individualitats dels nostres nens i nenes, mitjan\u00e7ant estrat\u00e8gies pedag\u00f2giques diverses.<\/li>\n<li>Facilitar la participaci\u00f3 del professorat en activitats de formaci\u00f3 permanent, prioritzant les activitats que reverteixin en les l\u00ednies d\u2019actuaci\u00f3 del centre, per tal d\u2019oferir una <strong>doc\u00e8ncia de m\u00e0xima qualitat<\/strong>.<\/li>\n<\/ul>\n<ul>\n<li>Gesti\u00f3 d\u2019una escola sostenible i respectuosa amb el medi ambient.<\/li>\n<\/ul>\n<ul>\n<li>Ser una escola de refer\u00e8ncia de qualitat educativa a la ciutat.<\/li>\n<\/ul>\n<p>TOTES LES NOSTRES ACCIONS ES REGEIXEN PER AQUESTS PRINCIPIS.<\/p>\n<table style=\"height: 69px;\" width=\"765\">\n<tbody>\n<tr style=\"background-color: #649acc;\">\n<td style=\"width: 759px; text-align: center;\">\n<h2><span style=\"color: #ffffff;\"><strong>OBJECTIUS EDUCATIUS<\/strong><\/span><\/h2>\n<\/td>\n<\/tr>\n<\/tbody>\n<\/table>\n<table style=\"height: 411px;\" width=\"765\">\n<tbody>\n<tr style=\"height: 73px; background-color: #649acc;\">\n<td style=\"width: 759px; height: 73px;\" colspan=\"2\">\n<h3><span style=\"color: #ffffff;\"><strong>1. Millorar els resultats educatius<\/strong><\/span><\/h3>\n<\/td>\n<\/tr>\n<tr style=\"height: 331px;\">\n<td style=\"width: 101.85px; height: 331px;\"><strong>ESTRAT\u00c8GIES<\/strong><\/td>\n<td style=\"width: 655.15px; height: 331px;\">1.1.\u00a0\u00a0\u00a0\u00a0\u00a0\u00a0\u00a0 Potenciaci\u00f3 de diferents projectes d\u2019innovaci\u00f3 educativa propis i externs d\u2019acord amb els objectius del\u00a0 Projecte Educatiu de Centre<\/p>\n<p>1.2.\u00a0\u00a0\u00a0\u00a0\u00a0\u00a0\u00a0 Definici\u00f3 dels criteris d\u2019avaluaci\u00f3 per compet\u00e8ncies.<\/p>\n<p>1.3.\u00a0\u00a0\u00a0\u00a0\u00a0\u00a0\u00a0 Impuls de les noves tecnologies.<\/p>\n<p>1.4.\u00a0\u00a0\u00a0\u00a0\u00a0\u00a0\u00a0 Foment de la llengua anglesa<\/p>\n<p>1.5.\u00a0\u00a0\u00a0\u00a0\u00a0\u00a0\u00a0 \u00das dels treballs interdisciplinaris i per projectes, amb t\u00e8cniques del treball cooperatiu, per un treball competencial.<\/td>\n<\/tr>\n<\/tbody>\n<\/table>\n<table style=\"height: 394px; width: 766px;\" width=\"751\">\n<tbody>\n<tr style=\"height: 50px; background-color: #649acc;\">\n<td style=\"height: 50px; width: 760px;\" colspan=\"2\">\n<h3><span style=\"color: #ffffff;\"><strong>2. Millorar la cohesi\u00f3 social<\/strong><\/span><\/h3>\n<\/td>\n<\/tr>\n<tr style=\"height: 279px;\">\n<td style=\"height: 279px; width: 104.2px;\"><strong>ESTRAT\u00c8GIES<\/strong><\/td>\n<td style=\"height: 279px; width: 653.8px;\">2.1.\u00a0\u00a0\u00a0\u00a0\u00a0\u00a0\u00a0 Foment d\u2019estrat\u00e8gies d\u2019aula per atendre la diversitat, especialment fomentant el treball cooperatiu.<\/p>\n<p>2.2.\u00a0\u00a0\u00a0\u00a0\u00a0\u00a0\u00a0 Estendre el valor de la inclusi\u00f3 a nivell de centre.<\/p>\n<p>2.3.\u00a0\u00a0\u00a0\u00a0\u00a0\u00a0\u00a0 Utilitzaci\u00f3 de la cultura de la mediaci\u00f3 per a resoluci\u00f3 de conflictes.<\/p>\n<p>2.4.\u00a0\u00a0\u00a0\u00a0\u00a0\u00a0\u00a0 Implementaci\u00f3 del Pla de conviv\u00e8ncia amb fortes estrat\u00e8gies de prevenci\u00f3 i treball de cultura de la pau.<strong>\u00a0<\/strong><\/td>\n<\/tr>\n<\/tbody>\n<\/table>\n<table style=\"height: 251px;\" width=\"767\">\n<tbody>\n<tr style=\"height: 50px; background-color: #649acc;\">\n<td style=\"height: 50px; width: 761px;\" colspan=\"2\">\n<h3><span style=\"color: #ffffff;\"><strong>3. Millorar l\u2019organitzaci\u00f3 i la imatge del centre<\/strong><\/span><\/h3>\n<\/td>\n<\/tr>\n<tr style=\"height: 190px;\">\n<td style=\"height: 190px; width: 103.033px;\"><strong>ESTRAT\u00c8GIES<\/strong><\/p>\n<p><strong>\u00a0<\/strong><\/td>\n<td style=\"height: 190px; width: 655.967px;\"><strong>\u00a0<\/strong>3.1.\u00a0\u00a0\u00a0\u00a0\u00a0\u00a0\u00a0 Elaboraci\u00f3 i actualitzaci\u00f3 dels documents de centre.<\/p>\n<p>3.2.\u00a0\u00a0\u00a0\u00a0\u00a0\u00a0\u00a0 Foment de la participaci\u00f3 de la comunitat educativa.<\/p>\n<p>3.3.\u00a0\u00a0\u00a0\u00a0\u00a0\u00a0\u00a0 \u00das de la web i de la plataforma de centre per facilitar la comunicaci\u00f3.<\/p>\n<p>3.4.\u00a0\u00a0\u00a0\u00a0\u00a0\u00a0\u00a0 Millora i adequaci\u00f3 dels espais i de les instal\u00b7lacions del centre.<\/td>\n<\/tr>\n<\/tbody>\n<\/table>\n<p>&nbsp;<\/td>\n<\/tr>\n<\/tbody>\n<\/table>\n","protected":false},"excerpt":{"rendered":"<p>El que pretenem queda definit en: &#8211; la nostra VISI\u00d3, i &#8211; concretat en els nostres OBJECTIUS EDUCATIUS GENERALS DE CENTRE, que tamb\u00e9 exposem a continuaci\u00f3: VISI\u00d3. Imatge compartida sobre com volen que sigui el centre. Volem formar els nostres nens i nenes per tal d\u2019aconseguir plenitud en la seva vida personal i social futura [&hellip;]<\/p>\n","protected":false},"author":1,"featured_media":0,"parent":64,"menu_order":0,"comment_status":"closed","ping_status":"closed","template":"page-templates\/side-menu.php","meta":{"_bbp_topic_count":0,"_bbp_reply_count":0,"_bbp_total_topic_count":0,"_bbp_total_reply_count":0,"_bbp_voice_count":0,"_bbp_anonymous_reply_count":0,"_bbp_topic_count_hidden":0,"_bbp_reply_count_hidden":0,"_bbp_forum_subforum_count":0,"site-sidebar-layout":"default","site-content-layout":"","ast-site-content-layout":"","site-content-style":"default","site-sidebar-style":"default","ast-global-header-display":"","ast-banner-title-visibility":"","ast-main-header-display":"","ast-hfb-above-header-display":"","ast-hfb-below-header-display":"","ast-hfb-mobile-header-display":"","site-post-title":"","ast-breadcrumbs-content":"","ast-featured-img":"","footer-sml-layout":"","theme-transparent-header-meta":"","adv-header-id-meta":"","stick-header-meta":"","header-above-stick-meta":"","header-main-stick-meta":"","header-below-stick-meta":"","astra-migrate-meta-layouts":"default","ast-page-background-enabled":"default","ast-page-background-meta":{"desktop":{"background-color":"var(--ast-global-color-4)","background-image":"","background-repeat":"repeat","background-position":"center center","background-size":"auto","background-attachment":"scroll","background-type":"","background-media":"","overlay-type":"","overlay-color":"","overlay-opacity":"","overlay-gradient":""},"tablet":{"background-color":"","background-image":"","background-repeat":"repeat","background-position":"center center","background-size":"auto","background-attachment":"scroll","background-type":"","background-media":"","overlay-type":"","overlay-color":"","overlay-opacity":"","overlay-gradient":""},"mobile":{"background-color":"","background-image":"","background-repeat":"repeat","background-position":"center center","background-size":"auto","background-attachment":"scroll","background-type":"","background-media":"","overlay-type":"","overlay-color":"","overlay-opacity":"","overlay-gradient":""}},"ast-content-background-meta":{"desktop":{"background-color":"var(--ast-global-color-5)","background-image":"","background-repeat":"repeat","background-position":"center center","background-size":"auto","background-attachment":"scroll","background-type":"","background-media":"","overlay-type":"","overlay-color":"","overlay-opacity":"","overlay-gradient":""},"tablet":{"background-color":"var(--ast-global-color-5)","background-image":"","background-repeat":"repeat","background-position":"center center","background-size":"auto","background-attachment":"scroll","background-type":"","background-media":"","overlay-type":"","overlay-color":"","overlay-opacity":"","overlay-gradient":""},"mobile":{"background-color":"var(--ast-global-color-5)","background-image":"","background-repeat":"repeat","background-position":"center center","background-size":"auto","background-attachment":"scroll","background-type":"","background-media":"","overlay-type":"","overlay-color":"","overlay-opacity":"","overlay-gradient":""}},"footnotes":""},"class_list":["post-852","page","type-page","status-publish","hentry"],"post_mailing_queue_ids":[],"_links":{"self":[{"href":"https:\/\/agora.xtec.cat\/escolasalvadorlluch\/wp-json\/wp\/v2\/pages\/852","targetHints":{"allow":["GET"]}}],"collection":[{"href":"https:\/\/agora.xtec.cat\/escolasalvadorlluch\/wp-json\/wp\/v2\/pages"}],"about":[{"href":"https:\/\/agora.xtec.cat\/escolasalvadorlluch\/wp-json\/wp\/v2\/types\/page"}],"author":[{"embeddable":true,"href":"https:\/\/agora.xtec.cat\/escolasalvadorlluch\/wp-json\/wp\/v2\/users\/1"}],"replies":[{"embeddable":true,"href":"https:\/\/agora.xtec.cat\/escolasalvadorlluch\/wp-json\/wp\/v2\/comments?post=852"}],"version-history":[{"count":4,"href":"https:\/\/agora.xtec.cat\/escolasalvadorlluch\/wp-json\/wp\/v2\/pages\/852\/revisions"}],"predecessor-version":[{"id":1020,"href":"https:\/\/agora.xtec.cat\/escolasalvadorlluch\/wp-json\/wp\/v2\/pages\/852\/revisions\/1020"}],"up":[{"embeddable":true,"href":"https:\/\/agora.xtec.cat\/escolasalvadorlluch\/wp-json\/wp\/v2\/pages\/64"}],"wp:attachment":[{"href":"https:\/\/agora.xtec.cat\/escolasalvadorlluch\/wp-json\/wp\/v2\/media?parent=852"}],"curies":[{"name":"wp","href":"https:\/\/api.w.org\/{rel}","templated":true}]}}