{"id":847,"date":"2018-12-19T15:59:40","date_gmt":"2018-12-19T14:59:40","guid":{"rendered":"http:\/\/agora.xtec.cat\/escolasalvadorlluch\/?page_id=847"},"modified":"2019-11-20T12:27:07","modified_gmt":"2019-11-20T11:27:07","slug":"presentacio","status":"publish","type":"page","link":"https:\/\/agora.xtec.cat\/escolasalvadorlluch\/projecte-educatiu\/presentacio\/","title":{"rendered":"Presentaci\u00f3"},"content":{"rendered":"<p>La nostra \u00e9s una escola amb un <strong>Projecte Educatiu<\/strong> que preveu una educaci\u00f3 competencial, amb l&#8217;alumn@ com a protagonista de l&#8217;aprendre a aprendre.<\/p>\n<p>Treballem respectant els diferents ritmes i modalitats d&#8217;aprenentatge amb estrat\u00e8gies, espais innovadors d&#8217;aprenentatge i metodologies variades, tenint en compte les intel\u00b7lig\u00e8ncies m\u00faltiples i els diferents interessos.<\/p>\n<p>Tenim com a gran objectiu preparar els nens i les nenes per a la vida, en un marc d&#8217;atenci\u00f3 expressa als valors\u00a0 humans i socials i sensibilitat per l&#8217;entorn, tot i el foment de l&#8217;autoconeixement individual.<\/p>\n<p>&#8220;Tots junts fem escola&#8221; perqu\u00e8 creiem en l&#8217;aprenentatge cooperatiu i col\u00b7laboratiu, aix\u00ed com en l&#8217;aprenentatge entre iguals, aix\u00ed com en les diferents persones de refer\u00e8ncia per als infants &#8211; fam\u00edlia, escola, entorn -.<\/p>\n<p><strong>Els diferents aspectes del Projecte Educatiu estan estructurats en els diferents apartats d&#8217;aquest web.<\/strong><\/p>\n<table style=\"width: 713px; background-color: #649acc;\">\n<tbody>\n<tr>\n<td style=\"width: 707px;\"><strong>FORMULACI\u00d3, APROVACI\u00d3 I ACTUALITZACI\u00d3 DEL PEC <\/strong>(Consell escolar 2\/2\/2015)<\/td>\n<\/tr>\n<\/tbody>\n<\/table>\n<p><span style=\"color: #3366ff;\"><strong>FORMULACI\u00d3<\/strong><\/span><\/p>\n<p>La proposta inicial del Projecte Educatiu de Centre la fa la direcci\u00f3, la qual ha de vetllar per la participaci\u00f3 de la comunitat escolar en la seva elaboraci\u00f3.<\/p>\n<p>El claustre de professors participa en els aspectes pedag\u00f2gics dels documents de centre en general i, en especial, del PEC, document de refer\u00e8ncia que recull principis i objectius pedag\u00f2gics de centre. Aquesta participaci\u00f3 afavoreix el comprom\u00eds i la implicaci\u00f3 de les persones en l\u2019aplicaci\u00f3 del projectes.<\/p>\n<p><span style=\"color: #3366ff;\"><strong>APROVACI\u00d3<\/strong><\/span><\/p>\n<p>El claustre de professors aprova els aspectes pedag\u00f2gics del documents de centre, especialment de la proposta de PEC.<\/p>\n<p>Pr\u00e8via consulta preceptiva al consell escolar, correspon a la direcci\u00f3 del centre la compet\u00e8ncia d\u2019aprovar la proposta del projecte educatiu.<\/p>\n<p>Es pot considerar que el consell escolar d\u00f3na suport al projecte quan hi ha una majoria de tres cinquenes parts dels seus membres que ho fan.<\/p>\n<p>La resoluci\u00f3 d\u2019aprovaci\u00f3 del PEC per part de la direcci\u00f3 recollir\u00e0 si t\u00e9 o no suport del consell escolar en els termes establerts. En el sup\u00f2sit que la decisi\u00f3 de la direcci\u00f3 no tingui el suport del consell escolar, haur\u00e0 de motivar la seva decisi\u00f3 i constar\u00e0 en acta.<\/p>\n<p><span style=\"color: #3366ff;\"><strong>ACTUALITZACI\u00d3<\/strong><\/span><\/p>\n<p>La direcci\u00f3 del centre ha de promoure l\u2019actualitzaci\u00f3 dels documents de centre, incl\u00f2s el PEC, motivada per:<\/p>\n<ul>\n<li>necessitat d\u2019ajustar-se a norma en moments de canvis legislatius<\/li>\n<li>modificar i revisar aspectes ja inclosos<\/li>\n<li>ampliar apartats o elaborar-ne de nous<\/li>\n<\/ul>\n<p>En la modificaci\u00f3\u00a0 i adaptacions corresponents del Projecte Educatiu de Centre interv\u00e9 el claustre de professors, donat el pes pedag\u00f2gic d\u2019aquest document.<\/p>\n<p><span style=\"color: #3366ff;\"><strong>DIFUSI\u00d3<\/strong><\/span><\/p>\n<p>Es far\u00e0 difusi\u00f3 dels aspectes generals del PEC entre la comunitat escolar mitjan\u00e7ant el web de centre.<\/p>\n<p>Els apartats m\u00e9s t\u00e8cnics i professionals estaran a disposici\u00f3 pels membres del claustre.<\/p>\n<p>El PEC, \u00edntegrament, estar\u00e0 a disposici\u00f3 de l\u2019Administraci\u00f3 educativa, que haur\u00e0 de requerir la seva modificaci\u00f3 en cas que no s\u2019ajusti a l\u2019ordenament vigent.<\/p>\n<p>&nbsp;<\/p>\n<p>&nbsp;<\/p>\n<p>&nbsp;<\/p>\n","protected":false},"excerpt":{"rendered":"<p>La nostra \u00e9s una escola amb un Projecte Educatiu que preveu una educaci\u00f3 competencial, amb l&#8217;alumn@ com a protagonista de l&#8217;aprendre a aprendre. Treballem respectant els diferents ritmes i modalitats d&#8217;aprenentatge amb estrat\u00e8gies, espais innovadors d&#8217;aprenentatge i metodologies variades, tenint en compte les intel\u00b7lig\u00e8ncies m\u00faltiples i els diferents interessos. Tenim com a gran objectiu preparar [&hellip;]<\/p>\n","protected":false},"author":1,"featured_media":0,"parent":64,"menu_order":0,"comment_status":"closed","ping_status":"closed","template":"page-templates\/side-menu.php","meta":{"_bbp_topic_count":0,"_bbp_reply_count":0,"_bbp_total_topic_count":0,"_bbp_total_reply_count":0,"_bbp_voice_count":0,"_bbp_anonymous_reply_count":0,"_bbp_topic_count_hidden":0,"_bbp_reply_count_hidden":0,"_bbp_forum_subforum_count":0,"site-sidebar-layout":"default","site-content-layout":"","ast-site-content-layout":"","site-content-style":"default","site-sidebar-style":"default","ast-global-header-display":"","ast-banner-title-visibility":"","ast-main-header-display":"","ast-hfb-above-header-display":"","ast-hfb-below-header-display":"","ast-hfb-mobile-header-display":"","site-post-title":"","ast-breadcrumbs-content":"","ast-featured-img":"","footer-sml-layout":"","theme-transparent-header-meta":"","adv-header-id-meta":"","stick-header-meta":"","header-above-stick-meta":"","header-main-stick-meta":"","header-below-stick-meta":"","astra-migrate-meta-layouts":"default","ast-page-background-enabled":"default","ast-page-background-meta":{"desktop":{"background-color":"var(--ast-global-color-4)","background-image":"","background-repeat":"repeat","background-position":"center center","background-size":"auto","background-attachment":"scroll","background-type":"","background-media":"","overlay-type":"","overlay-color":"","overlay-opacity":"","overlay-gradient":""},"tablet":{"background-color":"","background-image":"","background-repeat":"repeat","background-position":"center center","background-size":"auto","background-attachment":"scroll","background-type":"","background-media":"","overlay-type":"","overlay-color":"","overlay-opacity":"","overlay-gradient":""},"mobile":{"background-color":"","background-image":"","background-repeat":"repeat","background-position":"center center","background-size":"auto","background-attachment":"scroll","background-type":"","background-media":"","overlay-type":"","overlay-color":"","overlay-opacity":"","overlay-gradient":""}},"ast-content-background-meta":{"desktop":{"background-color":"var(--ast-global-color-5)","background-image":"","background-repeat":"repeat","background-position":"center center","background-size":"auto","background-attachment":"scroll","background-type":"","background-media":"","overlay-type":"","overlay-color":"","overlay-opacity":"","overlay-gradient":""},"tablet":{"background-color":"var(--ast-global-color-5)","background-image":"","background-repeat":"repeat","background-position":"center center","background-size":"auto","background-attachment":"scroll","background-type":"","background-media":"","overlay-type":"","overlay-color":"","overlay-opacity":"","overlay-gradient":""},"mobile":{"background-color":"var(--ast-global-color-5)","background-image":"","background-repeat":"repeat","background-position":"center center","background-size":"auto","background-attachment":"scroll","background-type":"","background-media":"","overlay-type":"","overlay-color":"","overlay-opacity":"","overlay-gradient":""}},"footnotes":""},"class_list":["post-847","page","type-page","status-publish","hentry"],"post_mailing_queue_ids":[],"_links":{"self":[{"href":"https:\/\/agora.xtec.cat\/escolasalvadorlluch\/wp-json\/wp\/v2\/pages\/847","targetHints":{"allow":["GET"]}}],"collection":[{"href":"https:\/\/agora.xtec.cat\/escolasalvadorlluch\/wp-json\/wp\/v2\/pages"}],"about":[{"href":"https:\/\/agora.xtec.cat\/escolasalvadorlluch\/wp-json\/wp\/v2\/types\/page"}],"author":[{"embeddable":true,"href":"https:\/\/agora.xtec.cat\/escolasalvadorlluch\/wp-json\/wp\/v2\/users\/1"}],"replies":[{"embeddable":true,"href":"https:\/\/agora.xtec.cat\/escolasalvadorlluch\/wp-json\/wp\/v2\/comments?post=847"}],"version-history":[{"count":4,"href":"https:\/\/agora.xtec.cat\/escolasalvadorlluch\/wp-json\/wp\/v2\/pages\/847\/revisions"}],"predecessor-version":[{"id":1523,"href":"https:\/\/agora.xtec.cat\/escolasalvadorlluch\/wp-json\/wp\/v2\/pages\/847\/revisions\/1523"}],"up":[{"embeddable":true,"href":"https:\/\/agora.xtec.cat\/escolasalvadorlluch\/wp-json\/wp\/v2\/pages\/64"}],"wp:attachment":[{"href":"https:\/\/agora.xtec.cat\/escolasalvadorlluch\/wp-json\/wp\/v2\/media?parent=847"}],"curies":[{"name":"wp","href":"https:\/\/api.w.org\/{rel}","templated":true}]}}