{"id":71,"date":"2014-09-18T12:44:56","date_gmt":"2014-09-18T11:44:56","guid":{"rendered":"http:\/\/agora.xtec.cat\/escolasalvadorlluch\/?page_id=71"},"modified":"2024-06-27T14:53:03","modified_gmt":"2024-06-27T12:53:03","slug":"serveis-digitals","status":"publish","type":"page","link":"https:\/\/agora.xtec.cat\/escolasalvadorlluch\/serveis\/serveis-digitals\/","title":{"rendered":"Serveis digitals"},"content":{"rendered":"<p>L\u2019escola fa \u00fas de la plataforma\u00a0<a href=\"https:\/\/escolasalvadorlluch.clickedu.eu\/user.php?action=login\"><strong>clickedu.\u00a0<\/strong><\/a><\/p>\n<p>El Clickedu \u00e9s una plataforma escolar al n\u00favol que est\u00e0 al servei de la gesti\u00f3 escolar del centre. Al clikedu podeu, entre altres coses, veure les fotos de sortides o festes, consultar els continguts de les diferents \u00e0rees etc.<\/p>\n<p>Tutorials per un bon \u00fas del clickedu:<\/p>\n<p><a href=\"https:\/\/drive.google.com\/file\/d\/1FvZAZaFbTL_drVL6-i4dzgRF9n3YhtTe\/view?usp=drive_link\">Per accedir a l&#8217;aplicaci\u00f3<\/a><\/p>\n<p><a href=\"https:\/\/drive.google.com\/file\/d\/16b-tveAMb2vSmOHpjjL5qkQyPg7p16a0\/view?usp=sharing\">El calendari<\/a><\/p>\n<p><a href=\"https:\/\/drive.google.com\/file\/d\/1PKa5jGrx4LE3-vRH1W_Kg7Gtz4t6_M41\/view?usp=sharing\">Canvi de contrasenya<\/a><\/p>\n<p><a href=\"https:\/\/drive.google.com\/file\/d\/1fKJVj4uJHIJv5BCR7Vir79V_iGQQ8LI6\/view?usp=sharing\">\u00c0lbums de fotos<\/a><\/p>\n<p><a href=\"https:\/\/drive.google.com\/file\/d\/1No2dpm4w2s7i1vWZYK1EFsea0WDekCsk\/view?usp=sharing\">La meva fitxa<\/a><\/p>\n<p><a href=\"https:\/\/drive.google.com\/file\/d\/1lDt98MxQsguhT1jjMEJr6GmDYkAe0Yqc\/view?usp=sharing\">Missatgeria<\/a><\/p>\n<p style=\"text-align: center;\"><a href=\"https:\/\/agora.xtec.cat\/escolasalvadorlluch\/wp-content\/uploads\/usu1750\/2018\/11\/descarga.png\"><img loading=\"lazy\" decoding=\"async\" class=\"alignnone size-full wp-image-718\" src=\"https:\/\/agora.xtec.cat\/escolasalvadorlluch\/wp-content\/uploads\/usu1750\/2018\/11\/descarga.png\" alt=\"\" width=\"259\" height=\"195\" srcset=\"https:\/\/agora.xtec.cat\/escolasalvadorlluch\/wp-content\/uploads\/usu1750\/2018\/11\/descarga.png 259w, https:\/\/agora.xtec.cat\/escolasalvadorlluch\/wp-content\/uploads\/usu1750\/2018\/11\/descarga-200x150.png 200w\" sizes=\"auto, (max-width: 259px) 100vw, 259px\" \/><\/a><\/p>\n<p style=\"text-align: center;\">\n","protected":false},"excerpt":{"rendered":"<p>L\u2019escola fa \u00fas de la plataforma\u00a0clickedu.\u00a0 El Clickedu \u00e9s una plataforma escolar al n\u00favol que est\u00e0 al servei de la gesti\u00f3 escolar del centre. Al clikedu podeu, entre altres coses, veure les fotos de sortides o festes, consultar els continguts de les diferents \u00e0rees etc. Tutorials per un bon \u00fas del clickedu: Per accedir a [&hellip;]<\/p>\n","protected":false},"author":1,"featured_media":0,"parent":66,"menu_order":10,"comment_status":"closed","ping_status":"closed","template":"page-templates\/side-menu.php","meta":{"_bbp_topic_count":0,"_bbp_reply_count":0,"_bbp_total_topic_count":0,"_bbp_total_reply_count":0,"_bbp_voice_count":0,"_bbp_anonymous_reply_count":0,"_bbp_topic_count_hidden":0,"_bbp_reply_count_hidden":0,"_bbp_forum_subforum_count":0,"site-sidebar-layout":"default","site-content-layout":"","ast-site-content-layout":"","site-content-style":"default","site-sidebar-style":"default","ast-global-header-display":"","ast-banner-title-visibility":"","ast-main-header-display":"","ast-hfb-above-header-display":"","ast-hfb-below-header-display":"","ast-hfb-mobile-header-display":"","site-post-title":"","ast-breadcrumbs-content":"","ast-featured-img":"","footer-sml-layout":"","theme-transparent-header-meta":"","adv-header-id-meta":"","stick-header-meta":"","header-above-stick-meta":"","header-main-stick-meta":"","header-below-stick-meta":"","astra-migrate-meta-layouts":"default","ast-page-background-enabled":"default","ast-page-background-meta":{"desktop":{"background-color":"var(--ast-global-color-4)","background-image":"","background-repeat":"repeat","background-position":"center center","background-size":"auto","background-attachment":"scroll","background-type":"","background-media":"","overlay-type":"","overlay-color":"","overlay-opacity":"","overlay-gradient":""},"tablet":{"background-color":"","background-image":"","background-repeat":"repeat","background-position":"center center","background-size":"auto","background-attachment":"scroll","background-type":"","background-media":"","overlay-type":"","overlay-color":"","overlay-opacity":"","overlay-gradient":""},"mobile":{"background-color":"","background-image":"","background-repeat":"repeat","background-position":"center center","background-size":"auto","background-attachment":"scroll","background-type":"","background-media":"","overlay-type":"","overlay-color":"","overlay-opacity":"","overlay-gradient":""}},"ast-content-background-meta":{"desktop":{"background-color":"var(--ast-global-color-5)","background-image":"","background-repeat":"repeat","background-position":"center center","background-size":"auto","background-attachment":"scroll","background-type":"","background-media":"","overlay-type":"","overlay-color":"","overlay-opacity":"","overlay-gradient":""},"tablet":{"background-color":"var(--ast-global-color-5)","background-image":"","background-repeat":"repeat","background-position":"center center","background-size":"auto","background-attachment":"scroll","background-type":"","background-media":"","overlay-type":"","overlay-color":"","overlay-opacity":"","overlay-gradient":""},"mobile":{"background-color":"var(--ast-global-color-5)","background-image":"","background-repeat":"repeat","background-position":"center center","background-size":"auto","background-attachment":"scroll","background-type":"","background-media":"","overlay-type":"","overlay-color":"","overlay-opacity":"","overlay-gradient":""}},"footnotes":""},"class_list":["post-71","page","type-page","status-publish","hentry"],"post_mailing_queue_ids":[],"_links":{"self":[{"href":"https:\/\/agora.xtec.cat\/escolasalvadorlluch\/wp-json\/wp\/v2\/pages\/71","targetHints":{"allow":["GET"]}}],"collection":[{"href":"https:\/\/agora.xtec.cat\/escolasalvadorlluch\/wp-json\/wp\/v2\/pages"}],"about":[{"href":"https:\/\/agora.xtec.cat\/escolasalvadorlluch\/wp-json\/wp\/v2\/types\/page"}],"author":[{"embeddable":true,"href":"https:\/\/agora.xtec.cat\/escolasalvadorlluch\/wp-json\/wp\/v2\/users\/1"}],"replies":[{"embeddable":true,"href":"https:\/\/agora.xtec.cat\/escolasalvadorlluch\/wp-json\/wp\/v2\/comments?post=71"}],"version-history":[{"count":4,"href":"https:\/\/agora.xtec.cat\/escolasalvadorlluch\/wp-json\/wp\/v2\/pages\/71\/revisions"}],"predecessor-version":[{"id":3994,"href":"https:\/\/agora.xtec.cat\/escolasalvadorlluch\/wp-json\/wp\/v2\/pages\/71\/revisions\/3994"}],"up":[{"embeddable":true,"href":"https:\/\/agora.xtec.cat\/escolasalvadorlluch\/wp-json\/wp\/v2\/pages\/66"}],"wp:attachment":[{"href":"https:\/\/agora.xtec.cat\/escolasalvadorlluch\/wp-json\/wp\/v2\/media?parent=71"}],"curies":[{"name":"wp","href":"https:\/\/api.w.org\/{rel}","templated":true}]}}