{"id":38,"date":"2014-09-18T12:34:08","date_gmt":"2014-09-18T11:34:08","guid":{"rendered":"http:\/\/agora.xtec.cat\/escolasalvadorlluch\/?page_id=38"},"modified":"2025-09-24T16:04:22","modified_gmt":"2025-09-24T14:04:22","slug":"salut","status":"publish","type":"page","link":"https:\/\/agora.xtec.cat\/escolasalvadorlluch\/lescola\/salut\/","title":{"rendered":"Professorat"},"content":{"rendered":"<h6>\u00a0 EQUIP DOCENT<\/h6>\n<p>&nbsp;<\/p>\n<table style=\"height: 756px; width: 50.5174%;\" width=\"626\">\n<tbody>\n<tr style=\"height: 31px;\">\n<td style=\"width: 17.0697%; height: 31px;\"><strong>Nivell educatiu<\/strong><\/td>\n<td style=\"width: 12.5178%; height: 31px;\"><strong>Curs<\/strong><\/td>\n<td style=\"width: 16.7852%; height: 31px;\"><strong>Tutora<\/strong><\/td>\n<td style=\"width: 7.39687%; height: 31px;\"><strong>Curs<\/strong><\/td>\n<td style=\"width: 16.9275%; height: 31px;\"><strong>Tutora<\/strong><\/td>\n<td style=\"width: 9.10384%; height: 31px;\"><\/td>\n<td style=\"width: 17.6387%; height: 31px;\"><\/td>\n<\/tr>\n<tr style=\"height: 31px;\">\n<td style=\"width: 17.0697%; height: 126px;\" rowspan=\"4\"><strong><em>Educaci\u00f3 Infantil<\/em><\/strong><\/p>\n<h3><\/h3>\n<h3><strong>Grup dels petits<\/strong><\/h3>\n<\/td>\n<td style=\"width: 12.5178%; height: 31px;\"><strong>I3 A<\/strong><\/td>\n<td style=\"width: 16.7852%; height: 31px;\">No\u00e8lia Fern\u00e1ndez\/Bego\u00f1a Mart\u00edn<\/td>\n<td style=\"width: 7.39687%; height: 31px;\"><strong>I3 B<\/strong><\/td>\n<td style=\"width: 16.9275%; height: 31px;\">Maria Burgo<\/td>\n<td style=\"width: 26.7425%; height: 31px;\" colspan=\"2\"><\/td>\n<\/tr>\n<tr style=\"height: 31px;\">\n<td style=\"width: 12.5178%; height: 31px;\"><strong>Suport I3<\/strong><\/td>\n<td style=\"width: 67.8521%; height: 31px;\" colspan=\"5\">Sonia Mart\u00ednez\/Gemma Fern\u00e1ndez\u00a0 \u00a0 \u00a0 <strong>Suport I4 i I5: <\/strong>Isa Mu\u00f1oz<\/td>\n<\/tr>\n<tr style=\"height: 32px;\">\n<td style=\"width: 12.5178%; height: 32px;\"><strong>I4 A<\/strong><\/td>\n<td style=\"width: 16.7852%; height: 32px;\">Alicia Mart\u00ednez\/ Sandra Llacera<\/td>\n<td style=\"width: 7.39687%; height: 32px;\"><strong>I4 B<\/strong><\/td>\n<td style=\"width: 16.9275%; height: 32px;\">Isa Boix<\/td>\n<td style=\"width: 9.10384%; height: 32px;\"><\/td>\n<td style=\"width: 17.6387%; height: 32px;\"><\/td>\n<\/tr>\n<tr style=\"height: 32px;\">\n<td style=\"width: 12.5178%; height: 32px;\"><strong>I5 A<\/strong><\/td>\n<td style=\"width: 16.7852%; height: 32px;\">M\u00aa Carmen D\u00edaz<\/td>\n<td style=\"width: 7.39687%; height: 32px;\"><strong>I5 B<\/strong><\/td>\n<td style=\"width: 16.9275%; height: 32px;\"><\/td>\n<td style=\"width: 9.10384%; height: 32px;\"><\/td>\n<td style=\"width: 17.6387%; height: 32px;\"><\/td>\n<\/tr>\n<tr style=\"height: 32px;\">\n<td style=\"width: 17.0697%; height: 109px;\" rowspan=\"3\"><strong><em>Educaci\u00f3 Prim\u00e0ria<\/em><\/strong><\/p>\n<h3><strong>Grup dels mitjans<\/strong><\/h3>\n<\/td>\n<td style=\"width: 12.5178%; height: 32px;\"><strong>1r A<\/strong><\/td>\n<td style=\"width: 16.7852%; height: 32px;\">Noem\u00ed Sandoval<\/td>\n<td style=\"width: 7.39687%; height: 32px;\"><strong>1r B<\/strong><\/td>\n<td style=\"width: 16.9275%; height: 32px;\">M\u00f2nica Rojo<\/td>\n<td style=\"width: 9.10384%; height: 32px;\"><\/td>\n<td style=\"width: 17.6387%; height: 32px;\"><\/td>\n<\/tr>\n<tr style=\"height: 46px;\">\n<td style=\"width: 12.5178%; height: 46px;\"><strong>2n A<\/strong><\/td>\n<td style=\"width: 16.7852%; height: 46px;\">Sara L\u00f3pez\/Sandra Gonz\u00e1lez<\/td>\n<td style=\"width: 7.39687%; height: 46px;\"><strong>2n B<\/strong><\/td>\n<td style=\"width: 16.9275%; height: 46px;\">Roser M\u00e0rquez<\/td>\n<td style=\"width: 9.10384%; height: 46px;\"><\/td>\n<td style=\"width: 17.6387%; height: 46px;\"><\/td>\n<\/tr>\n<tr style=\"height: 31px;\">\n<td style=\"width: 12.5178%; height: 31px;\"><strong>3r A<\/strong><\/td>\n<td style=\"width: 16.7852%; height: 31px;\">Mireia Peir\u00f3\/Cinta de Paz<\/td>\n<td style=\"width: 7.39687%; height: 31px;\"><strong>3r B<\/strong><\/td>\n<td style=\"width: 16.9275%; height: 31px;\">Maite Abad<\/td>\n<td style=\"width: 26.7425%; height: 31px;\" colspan=\"2\"><strong>\u00a0<\/strong><\/td>\n<\/tr>\n<tr style=\"height: 46px;\">\n<td style=\"width: 17.0697%; height: 123px;\" rowspan=\"3\"><strong><em>Educaci\u00f3 Prim\u00e0ria<\/em><\/strong><\/p>\n<h3><strong>Grup dels grans<\/strong><\/h3>\n<\/td>\n<td style=\"width: 12.5178%; height: 46px;\"><strong>4t A<\/strong><\/td>\n<td style=\"width: 16.7852%; height: 46px;\">Pilar Garrido<\/td>\n<td style=\"width: 7.39687%; height: 46px;\"><strong>4t B<\/strong><\/td>\n<td style=\"width: 16.9275%; height: 46px;\">Laura Caparr\u00f3s<\/td>\n<td style=\"width: 26.7425%; height: 46px;\" colspan=\"2\"><strong>\u00a0<\/strong><\/td>\n<\/tr>\n<tr style=\"height: 31px;\">\n<td style=\"width: 12.5178%; height: 31px;\"><strong>5\u00e8 A<\/strong><\/td>\n<td style=\"width: 16.7852%; height: 31px;\">M\u00aa Jos\u00e9 Delgado<\/td>\n<td style=\"width: 7.39687%; height: 31px;\"><strong>5\u00e8 B<\/strong><\/td>\n<td style=\"width: 16.9275%; height: 31px;\">M\u00aa Carmen Deiros<\/td>\n<td style=\"width: 26.7425%; height: 31px;\" colspan=\"2\"><strong>\u00a0<\/strong><\/td>\n<\/tr>\n<tr style=\"height: 46px;\">\n<td style=\"width: 12.5178%; height: 46px;\"><strong>6\u00e8 A<\/strong><\/td>\n<td style=\"width: 16.7852%; height: 46px;\">Irene Ben\u00edtez<\/td>\n<td style=\"width: 7.39687%; height: 46px;\"><strong>6\u00e8 B<\/strong><\/td>\n<td style=\"width: 16.9275%; height: 46px;\">Ana Jim\u00e9nez\/Adri\u00e0 Romero<\/td>\n<td style=\"height: 46px; width: 26.7425%;\" colspan=\"2\"><strong>\u00a0<\/strong><\/td>\n<\/tr>\n<tr style=\"height: 25px;\">\n<td style=\"width: 17.0697%; height: 25px;\">\n<h3><strong>\u00a0<\/strong><\/h3>\n<\/td>\n<td style=\"height: 25px; width: 80.3699%;\" colspan=\"6\"><strong>Llengua anglesa<\/strong>: Ester L\u00f3pez, Blanca Losantos\/Enric Riba<\/td>\n<\/tr>\n<tr style=\"height: 52px;\">\n<td style=\"width: 17.0697%; height: 52px;\">\n<h3><strong>\u00a0<\/strong><\/h3>\n<\/td>\n<td style=\"height: 52px; width: 80.3699%;\" colspan=\"6\"><strong>Mestra SIE<\/strong>I: Mireia Huerta, Andrea L\u00f3pez<\/td>\n<\/tr>\n<tr style=\"height: 52px;\">\n<td style=\"width: 17.0697%; height: 52px;\">\n<h3><\/h3>\n<\/td>\n<td style=\"height: 52px; width: 80.3699%;\" colspan=\"6\"><strong>Educaci\u00f3 especial<\/strong>: S\u00f2nia \u00c0vila \/ Montse Formosa<\/td>\n<\/tr>\n<tr style=\"height: 52px;\">\n<td style=\"width: 17.0697%; height: 52px;\">\n<h3><\/h3>\n<\/td>\n<td style=\"height: 52px; width: 80.3699%;\" colspan=\"6\"><strong>Educaci\u00f3 f\u00edsica<\/strong>: Silvia S\u00e1nchez<\/td>\n<\/tr>\n<tr style=\"height: 52px;\">\n<td style=\"width: 17.0697%; height: 52px;\">\n<h3><\/h3>\n<\/td>\n<td style=\"height: 52px; width: 80.3699%;\" colspan=\"6\"><strong>Educaci\u00f3 Musical<\/strong>: Laura Garay<\/td>\n<\/tr>\n<tr style=\"height: 67px;\">\n<td style=\"width: 17.0697%; height: 67px;\">\n<h3><\/h3>\n<\/td>\n<td style=\"height: 67px;\" colspan=\"6\"><strong>Educaci\u00f3 religiosa<\/strong>: Mari Sarmiento<\/td>\n<\/tr>\n<tr style=\"height: 67px;\">\n<td style=\"width: 17.0697%; height: 67px;\">\n<h3><\/h3>\n<\/td>\n<td style=\"width: 80.3699%; height: 67px;\" colspan=\"6\"><strong>Refor\u00e7 prim\u00e0ria: <\/strong>Ana Mart\u00ednez<\/p>\n<p><strong>Mestra TAC: <\/strong>Imma Pell\u00f3n<\/td>\n<\/tr>\n<\/tbody>\n<\/table>\n<p><strong><em>Metodologies globalitzades:\u00a0<\/em><\/strong><\/p>\n<p style=\"font-weight: 400;\"><strong><em>Coordinadors:<\/em><\/strong><\/p>\n<p style=\"font-weight: 400;\">Grup dels Petits: Gemma Fern\u00e1ndez<\/p>\n<p style=\"font-weight: 400;\">Grup dels Mitjans: Mireia Peir\u00f3<\/p>\n<p style=\"font-weight: 400;\">Grup dels Grans: Laura Caparr\u00f3s<\/p>\n<p style=\"font-weight: 400;\">Coordinadora d&#8217;Inform\u00e0tica: M\u00aa Jos\u00e9 Delgado<\/p>\n<p style=\"font-weight: 400;\">Coordinador de Riscos Laborals: M\u00f2nica Rojo<\/p>\n<p style=\"font-weight: 400;\">Coordinadora LIC: Ester L\u00f3pez<\/p>\n<p>Coordinadora de pr\u00e0ctiques: Pilar Garrido<\/p>\n<p style=\"font-weight: 400;\"><strong><em>Equip directiu:<\/em><\/strong><\/p>\n<p style=\"font-weight: 400;\">Directora: Carme Fern\u00e1ndez Barrufet<\/p>\n<p style=\"font-weight: 400;\">Cap d&#8217;estudis: M\u00aa Carmen Deiros<\/p>\n<p style=\"font-weight: 400;\">Secret\u00e0ria: Imma Pell\u00f3n<\/p>\n<p style=\"font-weight: 400;\"><strong><em>Educador d&#8217;educaci\u00f3 especial: <\/em><\/strong>\u00a0Ariadna Hidalgo<\/p>\n<p style=\"font-weight: 400;\"><strong><em>Vetlladora: <\/em><\/strong>Anna Borr\u00e1s<\/p>\n<p style=\"font-weight: 400;\"><strong><em>T\u00e8cnica d&#8217;Educaci\u00f3 Infantil:<\/em><\/strong> Sonia Mart\u00ednez<\/p>\n<p style=\"font-weight: 400;\"><strong>Psicopedagoga EAP<\/strong>: Vict\u00f2ria Villatoro<\/p>\n<p><strong>Fisioterapeuta EAP<\/strong>: Miriam Jim\u00e9nez<\/p>\n<p><strong>Logopeda CREDA:<\/strong>\u00a0Gloria Gasc\u00f3n<\/p>\n<p style=\"font-weight: 400;\"><strong><em>Personal no docent :<\/em><\/strong><\/p>\n<p style=\"font-weight: 400;\">Conserge: Yolanda Valero<\/p>\n<p style=\"font-weight: 400;\">Administrativa: M\u00aa Carmen Jurado<\/p>\n<p>&nbsp;<\/p>\n","protected":false},"excerpt":{"rendered":"<p>\u00a0 EQUIP DOCENT &nbsp; Nivell educatiu Curs Tutora Curs Tutora Educaci\u00f3 Infantil Grup dels petits I3 A No\u00e8lia Fern\u00e1ndez\/Bego\u00f1a Mart\u00edn I3 B Maria Burgo Suport I3 Sonia Mart\u00ednez\/Gemma Fern\u00e1ndez\u00a0 \u00a0 \u00a0 Suport I4 i I5: Isa Mu\u00f1oz I4 A Alicia Mart\u00ednez\/ Sandra Llacera I4 B Isa Boix I5 A M\u00aa Carmen D\u00edaz I5 B Educaci\u00f3 [&hellip;]<\/p>\n","protected":false},"author":1,"featured_media":0,"parent":22,"menu_order":90,"comment_status":"closed","ping_status":"closed","template":"page-templates\/side-menu.php","meta":{"_bbp_topic_count":0,"_bbp_reply_count":0,"_bbp_total_topic_count":0,"_bbp_total_reply_count":0,"_bbp_voice_count":0,"_bbp_anonymous_reply_count":0,"_bbp_topic_count_hidden":0,"_bbp_reply_count_hidden":0,"_bbp_forum_subforum_count":0,"site-sidebar-layout":"default","site-content-layout":"","ast-site-content-layout":"","site-content-style":"default","site-sidebar-style":"default","ast-global-header-display":"","ast-banner-title-visibility":"","ast-main-header-display":"","ast-hfb-above-header-display":"","ast-hfb-below-header-display":"","ast-hfb-mobile-header-display":"","site-post-title":"","ast-breadcrumbs-content":"","ast-featured-img":"","footer-sml-layout":"","theme-transparent-header-meta":"","adv-header-id-meta":"","stick-header-meta":"","header-above-stick-meta":"","header-main-stick-meta":"","header-below-stick-meta":"","astra-migrate-meta-layouts":"default","ast-page-background-enabled":"default","ast-page-background-meta":{"desktop":{"background-color":"var(--ast-global-color-4)","background-image":"","background-repeat":"repeat","background-position":"center center","background-size":"auto","background-attachment":"scroll","background-type":"","background-media":"","overlay-type":"","overlay-color":"","overlay-opacity":"","overlay-gradient":""},"tablet":{"background-color":"","background-image":"","background-repeat":"repeat","background-position":"center center","background-size":"auto","background-attachment":"scroll","background-type":"","background-media":"","overlay-type":"","overlay-color":"","overlay-opacity":"","overlay-gradient":""},"mobile":{"background-color":"","background-image":"","background-repeat":"repeat","background-position":"center center","background-size":"auto","background-attachment":"scroll","background-type":"","background-media":"","overlay-type":"","overlay-color":"","overlay-opacity":"","overlay-gradient":""}},"ast-content-background-meta":{"desktop":{"background-color":"var(--ast-global-color-5)","background-image":"","background-repeat":"repeat","background-position":"center center","background-size":"auto","background-attachment":"scroll","background-type":"","background-media":"","overlay-type":"","overlay-color":"","overlay-opacity":"","overlay-gradient":""},"tablet":{"background-color":"var(--ast-global-color-5)","background-image":"","background-repeat":"repeat","background-position":"center center","background-size":"auto","background-attachment":"scroll","background-type":"","background-media":"","overlay-type":"","overlay-color":"","overlay-opacity":"","overlay-gradient":""},"mobile":{"background-color":"var(--ast-global-color-5)","background-image":"","background-repeat":"repeat","background-position":"center center","background-size":"auto","background-attachment":"scroll","background-type":"","background-media":"","overlay-type":"","overlay-color":"","overlay-opacity":"","overlay-gradient":""}},"footnotes":""},"class_list":["post-38","page","type-page","status-publish","hentry"],"post_mailing_queue_ids":[],"_links":{"self":[{"href":"https:\/\/agora.xtec.cat\/escolasalvadorlluch\/wp-json\/wp\/v2\/pages\/38","targetHints":{"allow":["GET"]}}],"collection":[{"href":"https:\/\/agora.xtec.cat\/escolasalvadorlluch\/wp-json\/wp\/v2\/pages"}],"about":[{"href":"https:\/\/agora.xtec.cat\/escolasalvadorlluch\/wp-json\/wp\/v2\/types\/page"}],"author":[{"embeddable":true,"href":"https:\/\/agora.xtec.cat\/escolasalvadorlluch\/wp-json\/wp\/v2\/users\/1"}],"replies":[{"embeddable":true,"href":"https:\/\/agora.xtec.cat\/escolasalvadorlluch\/wp-json\/wp\/v2\/comments?post=38"}],"version-history":[{"count":6,"href":"https:\/\/agora.xtec.cat\/escolasalvadorlluch\/wp-json\/wp\/v2\/pages\/38\/revisions"}],"predecessor-version":[{"id":4267,"href":"https:\/\/agora.xtec.cat\/escolasalvadorlluch\/wp-json\/wp\/v2\/pages\/38\/revisions\/4267"}],"up":[{"embeddable":true,"href":"https:\/\/agora.xtec.cat\/escolasalvadorlluch\/wp-json\/wp\/v2\/pages\/22"}],"wp:attachment":[{"href":"https:\/\/agora.xtec.cat\/escolasalvadorlluch\/wp-json\/wp\/v2\/media?parent=38"}],"curies":[{"name":"wp","href":"https:\/\/api.w.org\/{rel}","templated":true}]}}