{"id":28,"date":"2014-09-18T12:29:35","date_gmt":"2014-09-18T11:29:35","guid":{"rendered":"http:\/\/agora.xtec.cat\/escolasalvadorlluch\/?page_id=28"},"modified":"2026-02-05T15:20:09","modified_gmt":"2026-02-05T14:20:09","slug":"consell-escolar","status":"publish","type":"page","link":"https:\/\/agora.xtec.cat\/escolasalvadorlluch\/lescola\/consell-escolar\/","title":{"rendered":"Consell escolar"},"content":{"rendered":"<h5>ACTES VERSI\u00d3 WEB:<\/h5>\n<h6><a href=\"https:\/\/agora.xtec.cat\/escolasalvadorlluch\/wp-content\/uploads\/usu1750\/2023\/11\/30-doctubre.doc\">Resum Consell escolar del 30 d&#8217;octubre del 2023<\/a><\/h6>\n<h6><a href=\"https:\/\/agora.xtec.cat\/escolasalvadorlluch\/wp-content\/uploads\/usu1750\/2023\/12\/Resum-CE-11-de-desembre.doc\">Resum Consell escolar de l&#8217; 11 de desembre 2023<\/a><\/h6>\n<h6><strong><a href=\"https:\/\/agora.xtec.cat\/escolasalvadorlluch\/wp-content\/uploads\/usu1750\/2024\/02\/resaum-web-consell-escolar-29-de-gener.pdf\">Resum Consell Escolar 29 de gener 2024<\/a><\/strong><\/h6>\n<h6><strong><a href=\"https:\/\/agora.xtec.cat\/escolasalvadorlluch\/wp-content\/uploads\/usu1750\/2024\/04\/resaum-web-consell-escolar-21-de-marc-2024.pdf\">Resum Consell Escolar 21 de mar\u00e7 2024<\/a><\/strong><\/h6>\n<p><strong><a href=\"https:\/\/agora.xtec.cat\/escolasalvadorlluch\/wp-content\/uploads\/usu1750\/2025\/02\/resum-web-consell-escolar-30-de-gener.pdf\">Resum Consell Escolar 30 de gener del 2025<\/a><\/strong><\/p>\n<p><a href=\"https:\/\/docs.google.com\/document\/d\/1Y6C-Bae15y06phD0akQ8rSCX8-oSkTqG\/edit?usp=sharing&amp;ouid=116463048634063573227&amp;rtpof=true&amp;sd=true\"><strong>Resum Consell Escolar 28 de gener del 2026<\/strong><\/a><\/p>\n<p>El Consell Escolar \u00e9s el m\u00e0xim \u00f2rgan pel que fa a la gesti\u00f3 econ\u00f2mica i acad\u00e8mica i a l\u2019organitzaci\u00f3 i funcionament general del centre, supervisant el Projecte de Direcci\u00f3. \u00c9sl&#8217; \u00f2rgan col\u00b7legiat de participaci\u00f3 de la comunitat escolar en el govern del centre.<\/p>\n<p>El Consell Escolar est\u00e0 compost pel\/per la director\/a, el\/la cap d\u2019estudis, quatre representants del sector mestres, quatre representants del sector pares i mares (dels quals un hi representa l\u2019AMPA), un\/a representant del sector PAS, una persona representant del PAE -personal educatiu, un\/a representant de l\u2019Ajuntament i el\/la secretari\/\u00e0ria, que exerceix de secretari\/\u00e0ria del Consell.<\/p>\n<p><strong>La nostra comunitat est\u00e0 informada dels acords i temes tractats mitjan\u00e7ant la nostra plataforma de comunicaci\u00f3 interna.<\/strong><\/p>\n<p style=\"text-align: left;\"><strong>CONSELL ESCOLAR<\/strong><\/p>\n<p style=\"text-align: left;\"><strong>(renovat novembre del 2025<em>)<\/em><\/strong><\/p>\n<table style=\"height: 920px;\" width=\"461\">\n<tbody>\n<tr style=\"height: 55px;\">\n<td style=\"height: 55px; width: 242px;\">PRESIDENTA<\/td>\n<td style=\"height: 55px; width: 211px;\">Carme Fern\u00e1ndez Barrufet<\/td>\n<\/tr>\n<tr style=\"height: 55px;\">\n<td style=\"height: 55px; width: 242px;\">CAP D&#8217;ESTUDIS<\/td>\n<td style=\"height: 55px; width: 211px;\">M\u00aaCarmen Deiros Cabello<\/td>\n<\/tr>\n<tr style=\"height: 55px;\">\n<td style=\"height: 55px; width: 242px;\">SECRET\u00c0RIA<\/td>\n<td style=\"height: 55px; width: 211px;\">Imma Pell\u00f3n Torija<\/td>\n<\/tr>\n<tr style=\"height: 252px;\">\n<td style=\"height: 252px; width: 242px;\">REPRESENTANTS DELS MESTRES<\/td>\n<td style=\"height: 252px; width: 211px;\">Gemma Fern\u00e1ndezIsabel Mu\u00f1oz<\/p>\n<p>Mari Sarmiento (COCOBE)<\/p>\n<p>Pilar Garrido<\/p>\n<p>M\u00aa Jos\u00e9 Delgado<\/td>\n<\/tr>\n<tr style=\"height: 213px;\">\n<td style=\"height: 213px; width: 242px;\">REPRESENTANTS DELS PARES I MARES<\/td>\n<td style=\"height: 213px; width: 211px;\">Irene MontoyaPau Castro<\/p>\n<p>Patricia Compa\u00f1\u00f3<\/p>\n<p>N\u00faria Nassarre<\/p>\n<p>Ilaria Mannelli<\/td>\n<\/tr>\n<tr style=\"height: 55px;\">\n<td style=\"height: 55px; width: 242px;\">REPRESENTANT DE L&#8217;AFA<\/td>\n<td style=\"height: 55px; width: 211px;\">Lidia Galindo<\/td>\n<\/tr>\n<tr style=\"height: 55px;\">\n<td style=\"height: 55px; width: 242px;\">REPRESENTANT PAS<\/td>\n<td style=\"height: 55px; width: 211px;\">Mari Carmen Jurado<\/td>\n<\/tr>\n<tr style=\"height: 31px;\">\n<td style=\"height: 31px; width: 242px;\">REPRESENTANT DEL PAE<\/td>\n<td style=\"height: 31px; width: 211px;\">Sonia Mart\u00ednez<\/td>\n<\/tr>\n<tr style=\"height: 55px;\">\n<td style=\"height: 55px; width: 242px;\">REPRESENTANT DE L&#8217;AJUNTAMENT<\/td>\n<td style=\"height: 55px; width: 211px;\">Alba Riba Lim\u00f3n<\/td>\n<\/tr>\n<\/tbody>\n<\/table>\n<p><strong>COMISSIONS DERIVADES DEL CONSELL ESCOLAR<\/strong><\/p>\n<table style=\"height: 1084px;\" width=\"468\">\n<tbody>\n<tr>\n<td style=\"width: 226px;\">PERMANENT<\/td>\n<td style=\"width: 234px;\"><strong>Presidenta<\/strong>: Carme Fdez. Barrufet<strong>Cap d\u2019estudis<\/strong>: Mari Carmen Deiros Cabello<\/p>\n<p><strong>Repres. pares i mares<\/strong>: Patricia Compa\u00f1\u00f3<\/p>\n<p><strong>Repres mestres<\/strong>: Isa Mu\u00f1oz<\/p>\n<p><strong>Secret\u00e0ria<\/strong>: Imma Pell\u00f3n<\/td>\n<\/tr>\n<tr>\n<td style=\"width: 226px;\">ECON\u00d2MICA<\/td>\n<td style=\"width: 234px;\"><strong>Presidenta<\/strong>: Carme Fdez. Barrufet<strong>Cap d\u2019estudis<\/strong>: Mari Carmen Deiros Cabello<\/p>\n<p><strong>Repres. pares i mares<\/strong>: N\u00faria Nasarre<\/p>\n<p><strong>Repres mestres: <\/strong>Gemma Fern\u00e1ndez<\/p>\n<p><strong>Secret\u00e0ria<\/strong>: Imma Pell\u00f3n<\/td>\n<\/tr>\n<\/tbody>\n<\/table>\n<p><span style=\"font-weight: 400;\">\u00a0<\/span><\/p>\n","protected":false},"excerpt":{"rendered":"<p>ACTES VERSI\u00d3 WEB: Resum Consell escolar del 30 d&#8217;octubre del 2023 Resum Consell escolar de l&#8217; 11 de desembre 2023 Resum Consell Escolar 29 de gener 2024 Resum Consell Escolar 21 de mar\u00e7 2024 Resum Consell Escolar 30 de gener del 2025 Resum Consell Escolar 28 de gener del 2026 El Consell Escolar \u00e9s el [&hellip;]<\/p>\n","protected":false},"author":1,"featured_media":0,"parent":22,"menu_order":80,"comment_status":"closed","ping_status":"closed","template":"","meta":{"_bbp_topic_count":0,"_bbp_reply_count":0,"_bbp_total_topic_count":0,"_bbp_total_reply_count":0,"_bbp_voice_count":0,"_bbp_anonymous_reply_count":0,"_bbp_topic_count_hidden":0,"_bbp_reply_count_hidden":0,"_bbp_forum_subforum_count":0,"site-sidebar-layout":"default","site-content-layout":"","ast-site-content-layout":"default","site-content-style":"default","site-sidebar-style":"default","ast-global-header-display":"","ast-banner-title-visibility":"","ast-main-header-display":"","ast-hfb-above-header-display":"","ast-hfb-below-header-display":"","ast-hfb-mobile-header-display":"","site-post-title":"","ast-breadcrumbs-content":"","ast-featured-img":"","footer-sml-layout":"","theme-transparent-header-meta":"","adv-header-id-meta":"","stick-header-meta":"","header-above-stick-meta":"","header-main-stick-meta":"","header-below-stick-meta":"","astra-migrate-meta-layouts":"set","ast-page-background-enabled":"default","ast-page-background-meta":{"desktop":{"background-color":"var(--ast-global-color-4)","background-image":"","background-repeat":"repeat","background-position":"center center","background-size":"auto","background-attachment":"scroll","background-type":"","background-media":"","overlay-type":"","overlay-color":"","overlay-opacity":"","overlay-gradient":""},"tablet":{"background-color":"","background-image":"","background-repeat":"repeat","background-position":"center center","background-size":"auto","background-attachment":"scroll","background-type":"","background-media":"","overlay-type":"","overlay-color":"","overlay-opacity":"","overlay-gradient":""},"mobile":{"background-color":"","background-image":"","background-repeat":"repeat","background-position":"center center","background-size":"auto","background-attachment":"scroll","background-type":"","background-media":"","overlay-type":"","overlay-color":"","overlay-opacity":"","overlay-gradient":""}},"ast-content-background-meta":{"desktop":{"background-color":"var(--ast-global-color-5)","background-image":"","background-repeat":"repeat","background-position":"center center","background-size":"auto","background-attachment":"scroll","background-type":"","background-media":"","overlay-type":"","overlay-color":"","overlay-opacity":"","overlay-gradient":""},"tablet":{"background-color":"var(--ast-global-color-5)","background-image":"","background-repeat":"repeat","background-position":"center center","background-size":"auto","background-attachment":"scroll","background-type":"","background-media":"","overlay-type":"","overlay-color":"","overlay-opacity":"","overlay-gradient":""},"mobile":{"background-color":"var(--ast-global-color-5)","background-image":"","background-repeat":"repeat","background-position":"center center","background-size":"auto","background-attachment":"scroll","background-type":"","background-media":"","overlay-type":"","overlay-color":"","overlay-opacity":"","overlay-gradient":""}},"footnotes":""},"class_list":["post-28","page","type-page","status-publish","hentry"],"post_mailing_queue_ids":[],"_links":{"self":[{"href":"https:\/\/agora.xtec.cat\/escolasalvadorlluch\/wp-json\/wp\/v2\/pages\/28","targetHints":{"allow":["GET"]}}],"collection":[{"href":"https:\/\/agora.xtec.cat\/escolasalvadorlluch\/wp-json\/wp\/v2\/pages"}],"about":[{"href":"https:\/\/agora.xtec.cat\/escolasalvadorlluch\/wp-json\/wp\/v2\/types\/page"}],"author":[{"embeddable":true,"href":"https:\/\/agora.xtec.cat\/escolasalvadorlluch\/wp-json\/wp\/v2\/users\/1"}],"replies":[{"embeddable":true,"href":"https:\/\/agora.xtec.cat\/escolasalvadorlluch\/wp-json\/wp\/v2\/comments?post=28"}],"version-history":[{"count":6,"href":"https:\/\/agora.xtec.cat\/escolasalvadorlluch\/wp-json\/wp\/v2\/pages\/28\/revisions"}],"predecessor-version":[{"id":4430,"href":"https:\/\/agora.xtec.cat\/escolasalvadorlluch\/wp-json\/wp\/v2\/pages\/28\/revisions\/4430"}],"up":[{"embeddable":true,"href":"https:\/\/agora.xtec.cat\/escolasalvadorlluch\/wp-json\/wp\/v2\/pages\/22"}],"wp:attachment":[{"href":"https:\/\/agora.xtec.cat\/escolasalvadorlluch\/wp-json\/wp\/v2\/media?parent=28"}],"curies":[{"name":"wp","href":"https:\/\/api.w.org\/{rel}","templated":true}]}}