{"id":26,"date":"2014-09-18T12:24:32","date_gmt":"2014-09-18T11:24:32","guid":{"rendered":"http:\/\/agora.xtec.cat\/escolasalvadorlluch\/?page_id=26"},"modified":"2018-10-25T14:20:29","modified_gmt":"2018-10-25T12:20:29","slug":"historia","status":"publish","type":"page","link":"https:\/\/agora.xtec.cat\/escolasalvadorlluch\/lescola\/historia\/","title":{"rendered":"Hist\u00f2ria"},"content":{"rendered":"<p style=\"text-align: center;\"><a href=\"https:\/\/agora.xtec.cat\/escolasalvadorlluch\/wp-content\/uploads\/usu1750\/2018\/10\/Imagen-01.jpg\"><img loading=\"lazy\" decoding=\"async\" class=\"alignnone size-full wp-image-527\" src=\"https:\/\/agora.xtec.cat\/escolasalvadorlluch\/wp-content\/uploads\/usu1750\/2018\/10\/Imagen-01.jpg\" alt=\"\" width=\"520\" height=\"211\" srcset=\"https:\/\/agora.xtec.cat\/escolasalvadorlluch\/wp-content\/uploads\/usu1750\/2018\/10\/Imagen-01.jpg 520w, https:\/\/agora.xtec.cat\/escolasalvadorlluch\/wp-content\/uploads\/usu1750\/2018\/10\/Imagen-01-300x122.jpg 300w\" sizes=\"auto, (max-width: 520px) 100vw, 520px\" \/><\/a><\/p>\n<p style=\"text-align: left;\">La hist\u00f2ria de la nostra escola comen\u00e7a quan l&#8217;any 1928 en Salvador Lluch, terratinent afincat a Gav\u00e0, dona al municipi els terrenys per a construir-la. Per aquesta ra\u00f3 portar\u00e0 el seu nom tot i que se la coneixer\u00e0 durant molts anys com &#8220;els col.legis nous&#8221;, ja que eren les escoles p\u00fabliques m\u00e9s noves en aquell moment i ho van continuar sent durant molts anys. De fet l&#8217;escola es construeix per enderrocar les escoles de la Pla\u00e7a, que eren insuficients en un moment de creixement demogr\u00e0fic a Gav\u00e0.<\/p>\n<p>El 4 de mar\u00e7 de 1933 l&#8217;Ajuntament acord\u00e0 posar-li el nom d&#8217;Escoles Graduades Salvador Lluch.<br \/>\nEl primer edifici es va inaugurar el 29 de juny del 1933, festa major de Sant Pere, pel president de la Generalitat de Catalunya, Francesc Maci\u00e0.<\/p>\n<p style=\"text-align: center;\"><a href=\"https:\/\/agora.xtec.cat\/escolasalvadorlluch\/wp-content\/uploads\/usu1750\/2018\/10\/Imagen-03.jpg\"><img loading=\"lazy\" decoding=\"async\" class=\"alignnone size-full wp-image-529\" src=\"https:\/\/agora.xtec.cat\/escolasalvadorlluch\/wp-content\/uploads\/usu1750\/2018\/10\/Imagen-03.jpg\" alt=\"\" width=\"408\" height=\"590\" srcset=\"https:\/\/agora.xtec.cat\/escolasalvadorlluch\/wp-content\/uploads\/usu1750\/2018\/10\/Imagen-03.jpg 408w, https:\/\/agora.xtec.cat\/escolasalvadorlluch\/wp-content\/uploads\/usu1750\/2018\/10\/Imagen-03-207x300.jpg 207w\" sizes=\"auto, (max-width: 408px) 100vw, 408px\" \/><\/a><\/p>\n<p style=\"text-align: left;\">En aquella \u00e8poca, pel fet de tenir a Gav\u00e0 la f\u00e0brica &#8220;Companyia Roca de Radiadors&#8221;, aquesta es va encarregar gratu\u00eftament d&#8217;instal.lar-hi la calefacci\u00f3.<br \/>\nDurant aquests primers anys l&#8217;escola tenia nois i noies: les noies a la planta baixa i els nois al primer pis. La generaci\u00f3 que es form\u00e0 durant aquests anys, protagonitzaria m\u00e9s tard el ressorgiment cultural i democr\u00e0tic dels anys seixanta a trav\u00e9s del peri\u00f2dic Brugu\u00e9s, del Centre Cultural i d&#8217;altres entitats de la localitat.<\/p>\n<p style=\"text-align: left;\">El 1940, un cop acabada la guerra civil, es comen\u00e7a a utilitzar el segon edifici ( construit durant el per\u00edode de guerra). A partir d&#8217;aquest moment i durant molts anys aquest edifici era on estaven els nois i a l&#8217;edifici nord estaven les noies.<\/p>\n<p><a href=\"https:\/\/agora.xtec.cat\/escolasalvadorlluch\/wp-content\/uploads\/usu1750\/2018\/10\/Imagen-04.jpg\"><img loading=\"lazy\" decoding=\"async\" class=\"alignnone size-large wp-image-530\" src=\"https:\/\/agora.xtec.cat\/escolasalvadorlluch\/wp-content\/uploads\/usu1750\/2018\/10\/Imagen-04-1024x665.jpg\" alt=\"\" width=\"1024\" height=\"665\" srcset=\"https:\/\/agora.xtec.cat\/escolasalvadorlluch\/wp-content\/uploads\/usu1750\/2018\/10\/Imagen-04-1024x665.jpg 1024w, https:\/\/agora.xtec.cat\/escolasalvadorlluch\/wp-content\/uploads\/usu1750\/2018\/10\/Imagen-04-300x195.jpg 300w, https:\/\/agora.xtec.cat\/escolasalvadorlluch\/wp-content\/uploads\/usu1750\/2018\/10\/Imagen-04-768x498.jpg 768w, https:\/\/agora.xtec.cat\/escolasalvadorlluch\/wp-content\/uploads\/usu1750\/2018\/10\/Imagen-04.jpg 1060w\" sizes=\"auto, (max-width: 1024px) 100vw, 1024px\" \/><\/a><\/p>\n<p style=\"text-align: left;\">Per l&#8217;escola han passat mestres i directors que posteriorment han donat nom a altres centres de Gav\u00e0, aix\u00ed per exemple es pot citar al director Joan Salamero i la mestra Rosaura Terrades, que posteriorment han donat nom a una escola i a una llar d&#8217;infants , respectivament.<\/p>\n","protected":false},"excerpt":{"rendered":"<p>La hist\u00f2ria de la nostra escola comen\u00e7a quan l&#8217;any 1928 en Salvador Lluch, terratinent afincat a Gav\u00e0, dona al municipi els terrenys per a construir-la. Per aquesta ra\u00f3 portar\u00e0 el seu nom tot i que se la coneixer\u00e0 durant molts anys com &#8220;els col.legis nous&#8221;, ja que eren les escoles p\u00fabliques m\u00e9s noves en aquell [&hellip;]<\/p>\n","protected":false},"author":1,"featured_media":0,"parent":22,"menu_order":20,"comment_status":"closed","ping_status":"closed","template":"page-templates\/side-menu.php","meta":{"_bbp_topic_count":0,"_bbp_reply_count":0,"_bbp_total_topic_count":0,"_bbp_total_reply_count":0,"_bbp_voice_count":0,"_bbp_anonymous_reply_count":0,"_bbp_topic_count_hidden":0,"_bbp_reply_count_hidden":0,"_bbp_forum_subforum_count":0,"site-sidebar-layout":"default","site-content-layout":"","ast-site-content-layout":"","site-content-style":"default","site-sidebar-style":"default","ast-global-header-display":"","ast-banner-title-visibility":"","ast-main-header-display":"","ast-hfb-above-header-display":"","ast-hfb-below-header-display":"","ast-hfb-mobile-header-display":"","site-post-title":"","ast-breadcrumbs-content":"","ast-featured-img":"","footer-sml-layout":"","theme-transparent-header-meta":"","adv-header-id-meta":"","stick-header-meta":"","header-above-stick-meta":"","header-main-stick-meta":"","header-below-stick-meta":"","astra-migrate-meta-layouts":"default","ast-page-background-enabled":"default","ast-page-background-meta":{"desktop":{"background-color":"var(--ast-global-color-4)","background-image":"","background-repeat":"repeat","background-position":"center center","background-size":"auto","background-attachment":"scroll","background-type":"","background-media":"","overlay-type":"","overlay-color":"","overlay-opacity":"","overlay-gradient":""},"tablet":{"background-color":"","background-image":"","background-repeat":"repeat","background-position":"center center","background-size":"auto","background-attachment":"scroll","background-type":"","background-media":"","overlay-type":"","overlay-color":"","overlay-opacity":"","overlay-gradient":""},"mobile":{"background-color":"","background-image":"","background-repeat":"repeat","background-position":"center center","background-size":"auto","background-attachment":"scroll","background-type":"","background-media":"","overlay-type":"","overlay-color":"","overlay-opacity":"","overlay-gradient":""}},"ast-content-background-meta":{"desktop":{"background-color":"var(--ast-global-color-5)","background-image":"","background-repeat":"repeat","background-position":"center center","background-size":"auto","background-attachment":"scroll","background-type":"","background-media":"","overlay-type":"","overlay-color":"","overlay-opacity":"","overlay-gradient":""},"tablet":{"background-color":"var(--ast-global-color-5)","background-image":"","background-repeat":"repeat","background-position":"center center","background-size":"auto","background-attachment":"scroll","background-type":"","background-media":"","overlay-type":"","overlay-color":"","overlay-opacity":"","overlay-gradient":""},"mobile":{"background-color":"var(--ast-global-color-5)","background-image":"","background-repeat":"repeat","background-position":"center center","background-size":"auto","background-attachment":"scroll","background-type":"","background-media":"","overlay-type":"","overlay-color":"","overlay-opacity":"","overlay-gradient":""}},"footnotes":""},"class_list":["post-26","page","type-page","status-publish","hentry"],"post_mailing_queue_ids":[],"_links":{"self":[{"href":"https:\/\/agora.xtec.cat\/escolasalvadorlluch\/wp-json\/wp\/v2\/pages\/26","targetHints":{"allow":["GET"]}}],"collection":[{"href":"https:\/\/agora.xtec.cat\/escolasalvadorlluch\/wp-json\/wp\/v2\/pages"}],"about":[{"href":"https:\/\/agora.xtec.cat\/escolasalvadorlluch\/wp-json\/wp\/v2\/types\/page"}],"author":[{"embeddable":true,"href":"https:\/\/agora.xtec.cat\/escolasalvadorlluch\/wp-json\/wp\/v2\/users\/1"}],"replies":[{"embeddable":true,"href":"https:\/\/agora.xtec.cat\/escolasalvadorlluch\/wp-json\/wp\/v2\/comments?post=26"}],"version-history":[{"count":2,"href":"https:\/\/agora.xtec.cat\/escolasalvadorlluch\/wp-json\/wp\/v2\/pages\/26\/revisions"}],"predecessor-version":[{"id":531,"href":"https:\/\/agora.xtec.cat\/escolasalvadorlluch\/wp-json\/wp\/v2\/pages\/26\/revisions\/531"}],"up":[{"embeddable":true,"href":"https:\/\/agora.xtec.cat\/escolasalvadorlluch\/wp-json\/wp\/v2\/pages\/22"}],"wp:attachment":[{"href":"https:\/\/agora.xtec.cat\/escolasalvadorlluch\/wp-json\/wp\/v2\/media?parent=26"}],"curies":[{"name":"wp","href":"https:\/\/api.w.org\/{rel}","templated":true}]}}