{"id":87,"date":"2014-09-18T14:28:12","date_gmt":"2014-09-18T14:28:12","guid":{"rendered":"http:\/\/agora.xtec.cat\/ceip-montserrat-suria\/?page_id=87"},"modified":"2023-02-28T23:04:56","modified_gmt":"2023-02-28T22:04:56","slug":"nivells","status":"publish","type":"page","link":"https:\/\/agora.xtec.cat\/escolasalipota\/nivells\/","title":{"rendered":"NIVELLS"},"content":{"rendered":"<p>Mitjan\u00e7ant el men\u00fa de l&#8217;esquerra podeu accedir a les p\u00e0gines dels cicles o de cada grup-classe.<\/p>\n<p>Si accediu al cicle hi trobareu les activitats m\u00e9s significades que s&#8217;han realitzat al llarg del curs: sortides, projectes&#8230;<\/p>\n","protected":false},"excerpt":{"rendered":"<p>Mitjan\u00e7ant el men\u00fa de l&#8217;esquerra podeu accedir a les p\u00e0gines dels cicles o de cada grup-classe.<br \/>\nSi accediu al cicle hi trobareu les activitats m\u00e9s significades que s&#8217;han realitzat al llarg del curs: sortides, projectes&#8230;<\/p>\n","protected":false},"author":2,"featured_media":0,"parent":0,"menu_order":0,"comment_status":"closed","ping_status":"closed","template":"","meta":{"_bbp_topic_count":0,"_bbp_reply_count":0,"_bbp_total_topic_count":0,"_bbp_total_reply_count":0,"_bbp_voice_count":0,"_bbp_anonymous_reply_count":0,"_bbp_topic_count_hidden":0,"_bbp_reply_count_hidden":0,"_bbp_forum_subforum_count":0,"footnotes":""},"class_list":["post-87","page","type-page","status-publish","hentry"],"post_mailing_queue_ids":[],"_links":{"self":[{"href":"https:\/\/agora.xtec.cat\/escolasalipota\/wp-json\/wp\/v2\/pages\/87","targetHints":{"allow":["GET"]}}],"collection":[{"href":"https:\/\/agora.xtec.cat\/escolasalipota\/wp-json\/wp\/v2\/pages"}],"about":[{"href":"https:\/\/agora.xtec.cat\/escolasalipota\/wp-json\/wp\/v2\/types\/page"}],"author":[{"embeddable":true,"href":"https:\/\/agora.xtec.cat\/escolasalipota\/wp-json\/wp\/v2\/users\/2"}],"replies":[{"embeddable":true,"href":"https:\/\/agora.xtec.cat\/escolasalipota\/wp-json\/wp\/v2\/comments?post=87"}],"version-history":[{"count":4,"href":"https:\/\/agora.xtec.cat\/escolasalipota\/wp-json\/wp\/v2\/pages\/87\/revisions"}],"predecessor-version":[{"id":17753,"href":"https:\/\/agora.xtec.cat\/escolasalipota\/wp-json\/wp\/v2\/pages\/87\/revisions\/17753"}],"wp:attachment":[{"href":"https:\/\/agora.xtec.cat\/escolasalipota\/wp-json\/wp\/v2\/media?parent=87"}],"curies":[{"name":"wp","href":"https:\/\/api.w.org\/{rel}","templated":true}]}}