{"id":73,"date":"2014-09-18T14:01:51","date_gmt":"2014-09-18T14:01:51","guid":{"rendered":"http:\/\/agora.xtec.cat\/ceip-montserrat-suria\/?page_id=73"},"modified":"2026-01-09T16:31:28","modified_gmt":"2026-01-09T15:31:28","slug":"menjador-escolar","status":"publish","type":"page","link":"https:\/\/agora.xtec.cat\/escolasalipota\/serveis\/menjador-escolar\/","title":{"rendered":"Menjador escolar Curs 2025-26"},"content":{"rendered":"<p style=\"text-align: justify;\"><strong>El servei de menjador de l&#8217;escola, el curs 2025-26, el gestion\u00e0 l&#8217;empresa Serhs Food Area.<\/strong><\/p>\n<p>&nbsp;<\/p>\n<p style=\"text-align: justify;\"><span style=\"font-size: 14pt;\"><span style=\"color: #808080;\"><strong>VIES DE COMUNICACI\u00d3<\/strong><\/span><\/span><\/p>\n<p style=\"text-align: justify;\"><strong>No es poden gestionar les incid\u00e8ncies a trav\u00e9s del centre, ni direcci\u00f3, ni consergeria.<\/strong><\/p>\n<p><strong>Cada dia us pot atendre presencialment la coordinadora del menjador, al menjador de l&#8217;escola, de 9 a 9:30.<\/strong><\/p>\n<p style=\"text-align: justify;\"><strong>L&#8217;<\/strong><strong>horari d\u2019oficina per l&#8217;atenci\u00f3 telef\u00f2nica a les fam\u00edlies \u00e9s de 09:00 a 14:00 h. i de 15:00 a 16:00 h. de dilluns <\/strong><strong>a dijous\u00a0 i divendres fins les 15h.<\/strong><a href=\"https:\/\/agora.xtec.cat\/escolasalipota\/wp-content\/uploads\/usu122\/2023\/09\/contacte.jpg\"><img loading=\"lazy\" decoding=\"async\" class=\"aligncenter size-full wp-image-18261\" src=\"https:\/\/agora.xtec.cat\/escolasalipota\/wp-content\/uploads\/usu122\/2023\/09\/contacte.jpg\" alt=\"\" width=\"501\" height=\"286\" srcset=\"https:\/\/agora.xtec.cat\/escolasalipota\/wp-content\/uploads\/usu122\/2023\/09\/contacte.jpg 501w, https:\/\/agora.xtec.cat\/escolasalipota\/wp-content\/uploads\/usu122\/2023\/09\/contacte-300x171.jpg 300w\" sizes=\"auto, (max-width: 501px) 100vw, 501px\" \/><\/a><\/p>\n<p style=\"text-align: justify;\">\u00c9s imprescindible que utilitzeu aquestes vies, per a la bona comunicaci\u00f3 i gesti\u00f3 de les incid\u00e8ncies administratives del menjador, d&#8217;aquesta manera es fa una atenci\u00f3 m\u00e9s directa i personalitzada a les fam\u00edlies amb la coordinadora i l&#8217;empresa.<\/p>\n<p>&nbsp;<\/p>\n","protected":false},"excerpt":{"rendered":"<p>El servei de menjador de l&#8217;escola, el curs 2025-26, el gestion\u00e0 l&#8217;empresa Serhs Food Area.<br \/>\n&nbsp;<br \/>\nVIES DE COMUNICACI\u00d3<br \/>\nNo es poden gestionar les incid\u00e8ncies a trav\u00e9s del centre, ni direcci\u00f3, ni consergeria.<br \/>\nCada dia us pot atendre presencialment la coordinadora del menjador, al menjador de l&#8217;escola, de 9&hellip;  <a href=\"https:\/\/agora.xtec.cat\/escolasalipota\/serveis\/menjador-escolar\/\" title=\"Read Menjador escolar Curs 2025-26\">Llegeix m\u00e9s\u00bb<\/a><\/p>\n","protected":false},"author":2,"featured_media":0,"parent":66,"menu_order":30,"comment_status":"closed","ping_status":"closed","template":"","meta":{"_bbp_topic_count":0,"_bbp_reply_count":0,"_bbp_total_topic_count":0,"_bbp_total_reply_count":0,"_bbp_voice_count":0,"_bbp_anonymous_reply_count":0,"_bbp_topic_count_hidden":0,"_bbp_reply_count_hidden":0,"_bbp_forum_subforum_count":0,"footnotes":""},"class_list":["post-73","page","type-page","status-publish","hentry"],"post_mailing_queue_ids":[],"_links":{"self":[{"href":"https:\/\/agora.xtec.cat\/escolasalipota\/wp-json\/wp\/v2\/pages\/73","targetHints":{"allow":["GET"]}}],"collection":[{"href":"https:\/\/agora.xtec.cat\/escolasalipota\/wp-json\/wp\/v2\/pages"}],"about":[{"href":"https:\/\/agora.xtec.cat\/escolasalipota\/wp-json\/wp\/v2\/types\/page"}],"author":[{"embeddable":true,"href":"https:\/\/agora.xtec.cat\/escolasalipota\/wp-json\/wp\/v2\/users\/2"}],"replies":[{"embeddable":true,"href":"https:\/\/agora.xtec.cat\/escolasalipota\/wp-json\/wp\/v2\/comments?post=73"}],"version-history":[{"count":9,"href":"https:\/\/agora.xtec.cat\/escolasalipota\/wp-json\/wp\/v2\/pages\/73\/revisions"}],"predecessor-version":[{"id":19759,"href":"https:\/\/agora.xtec.cat\/escolasalipota\/wp-json\/wp\/v2\/pages\/73\/revisions\/19759"}],"up":[{"embeddable":true,"href":"https:\/\/agora.xtec.cat\/escolasalipota\/wp-json\/wp\/v2\/pages\/66"}],"wp:attachment":[{"href":"https:\/\/agora.xtec.cat\/escolasalipota\/wp-json\/wp\/v2\/media?parent=73"}],"curies":[{"name":"wp","href":"https:\/\/api.w.org\/{rel}","templated":true}]}}