{"id":6886,"date":"2017-06-24T13:20:08","date_gmt":"2017-06-24T11:20:08","guid":{"rendered":"http:\/\/agora.xtec.cat\/ceip-montserrat-suria\/?page_id=6886"},"modified":"2023-02-27T19:44:02","modified_gmt":"2023-02-27T18:44:02","slug":"pagaments","status":"publish","type":"page","link":"https:\/\/agora.xtec.cat\/escolasalipota\/documents\/pagaments\/","title":{"rendered":"Pagaments al banc"},"content":{"rendered":"<p style=\"text-align: center;\"><span style=\"font-size: 12pt;\"><strong><span style=\"color: #808080;\">Aqu\u00ed podeu consultar la informaci\u00f3 necess\u00e0ria per tal de poder fer els pagaments a Banc de Sabadell, des del caixer autom\u00e0tic (sense comissi\u00f3) quan aneu a pagar la quota de material, sortides, col\u00f2nies&#8230;.<\/span><\/strong><\/span><br \/>\n<a href=\"https:\/\/agora.xtec.cat\/ceip-montserrat-suria\/wp-content\/uploads\/usu122\/2020\/04\/pagamentsbanc.jpg\"><img loading=\"lazy\" decoding=\"async\" class=\"alignnone size-full wp-image-12920\" src=\"https:\/\/agora.xtec.cat\/ceip-montserrat-suria\/wp-content\/uploads\/usu122\/2020\/04\/pagamentsbanc.jpg\" alt=\"\" width=\"1414\" height=\"2000\" srcset=\"https:\/\/agora.xtec.cat\/escolasalipota\/wp-content\/uploads\/usu122\/2020\/04\/pagamentsbanc.jpg 1414w, https:\/\/agora.xtec.cat\/escolasalipota\/wp-content\/uploads\/usu122\/2020\/04\/pagamentsbanc-212x300.jpg 212w, https:\/\/agora.xtec.cat\/escolasalipota\/wp-content\/uploads\/usu122\/2020\/04\/pagamentsbanc-768x1086.jpg 768w, https:\/\/agora.xtec.cat\/escolasalipota\/wp-content\/uploads\/usu122\/2020\/04\/pagamentsbanc-724x1024.jpg 724w\" sizes=\"auto, (max-width: 1414px) 100vw, 1414px\" \/><\/a><br \/>\n<strong><span style=\"color: #808080;\"><span style=\"font-size: 10pt;\">Podeu descarregar el document en format PDF<\/span>\u00a0<\/span><\/strong> <a href=\"https:\/\/agora.xtec.cat\/ceip-montserrat-suria\/wp-content\/uploads\/usu122\/2020\/04\/pagaments.pdf\">pagaments<\/a><\/p>\n","protected":false},"excerpt":{"rendered":"<p>Aqu\u00ed podeu consultar la informaci\u00f3 necess\u00e0ria per tal de poder fer els pagaments a Banc de Sabadell, des del caixer autom\u00e0tic (sense comissi\u00f3) quan aneu a pagar la quota de material, sortides, col\u00f2nies&#8230;.<br \/>\n<a href=\"https:\/\/agora.xtec.cat\/ceip-montserrat-suria\/wp-content\/uploads\/usu122\/2020\/04\/pagamentsbanc.jpg\"><\/a><br \/>\nPodeu descarregar el document en format PDF\u00a0 <a href=\"https:\/\/agora.xtec.cat\/ceip-montserrat-suria\/wp-content\/uploads\/usu122\/2020\/04\/pagaments.pdf\">pagaments<\/a><\/p>\n","protected":false},"author":4,"featured_media":0,"parent":6074,"menu_order":50,"comment_status":"closed","ping_status":"closed","template":"page-templates\/side-menu.php","meta":{"_bbp_topic_count":0,"_bbp_reply_count":0,"_bbp_total_topic_count":0,"_bbp_total_reply_count":0,"_bbp_voice_count":0,"_bbp_anonymous_reply_count":0,"_bbp_topic_count_hidden":0,"_bbp_reply_count_hidden":0,"_bbp_forum_subforum_count":0,"footnotes":""},"class_list":["post-6886","page","type-page","status-publish","hentry"],"post_mailing_queue_ids":[],"_links":{"self":[{"href":"https:\/\/agora.xtec.cat\/escolasalipota\/wp-json\/wp\/v2\/pages\/6886","targetHints":{"allow":["GET"]}}],"collection":[{"href":"https:\/\/agora.xtec.cat\/escolasalipota\/wp-json\/wp\/v2\/pages"}],"about":[{"href":"https:\/\/agora.xtec.cat\/escolasalipota\/wp-json\/wp\/v2\/types\/page"}],"author":[{"embeddable":true,"href":"https:\/\/agora.xtec.cat\/escolasalipota\/wp-json\/wp\/v2\/users\/4"}],"replies":[{"embeddable":true,"href":"https:\/\/agora.xtec.cat\/escolasalipota\/wp-json\/wp\/v2\/comments?post=6886"}],"version-history":[{"count":3,"href":"https:\/\/agora.xtec.cat\/escolasalipota\/wp-json\/wp\/v2\/pages\/6886\/revisions"}],"predecessor-version":[{"id":13923,"href":"https:\/\/agora.xtec.cat\/escolasalipota\/wp-json\/wp\/v2\/pages\/6886\/revisions\/13923"}],"up":[{"embeddable":true,"href":"https:\/\/agora.xtec.cat\/escolasalipota\/wp-json\/wp\/v2\/pages\/6074"}],"wp:attachment":[{"href":"https:\/\/agora.xtec.cat\/escolasalipota\/wp-json\/wp\/v2\/media?parent=6886"}],"curies":[{"name":"wp","href":"https:\/\/api.w.org\/{rel}","templated":true}]}}