{"id":6584,"date":"2017-05-02T13:14:11","date_gmt":"2017-05-02T11:14:11","guid":{"rendered":"http:\/\/agora.xtec.cat\/ceip-montserrat-suria\/?page_id=6584"},"modified":"2023-02-27T19:45:03","modified_gmt":"2023-02-27T18:45:03","slug":"medicaments-i-altres-colonies-2","status":"publish","type":"page","link":"https:\/\/agora.xtec.cat\/escolasalipota\/documents\/medicaments-i-altres-colonies-2\/","title":{"rendered":"Medicaments i altres col\u00f2nies"},"content":{"rendered":"<p>Abans d&#8217;anar de col\u00f2nies cal omplir aquest document d&#8217;administraci\u00f3 de medicaments, al\u00b7l\u00e8rgies, intoler\u00e0ncies&#8230; i lliurar-lo al tutor\/a del vostre fill\/a. Podeu descarregar-lo en format PDF fent clic a l&#8217;enlla\u00e7:<br \/>\n<a href=\"https:\/\/agora.xtec.cat\/escolasalipota\/wp-content\/uploads\/usu122\/2022\/04\/FULL-ADMINISTRACIO-DE-MEDICAMENTS-I-ALTRES.pdf\">medicaments i altres colonies.pdf<\/a><\/p>\n<p><iframe loading=\"lazy\" src=\" https:\/\/agora.xtec.cat\/escolasalipota\/wp-content\/uploads\/usu122\/2022\/04\/FULL-ADMINISTRACIO-DE-MEDICAMENTS-I-ALTRES.pdf\" width=\"800\" height=\"700\">medicaments i altres colonies.pdf<\/iframe><\/p>\n","protected":false},"excerpt":{"rendered":"<p>Abans d&#8217;anar de col\u00f2nies cal omplir aquest document d&#8217;administraci\u00f3 de medicaments, al\u00b7l\u00e8rgies, intoler\u00e0ncies&#8230; i lliurar-lo al tutor\/a del vostre fill\/a. Podeu descarregar-lo en format PDF fent clic a l&#8217;enlla\u00e7:<br \/>\n<a href=\"https:\/\/agora.xtec.cat\/escolasalipota\/wp-content\/uploads\/usu122\/2022\/04\/FULL-ADMINISTRACIO-DE-MEDICAMENTS-I-ALTRES.pdf\">medicaments i altres colonies.pdf<\/a><br \/>\nmedicaments i altres colonies.pdf<\/p>\n","protected":false},"author":4,"featured_media":0,"parent":6074,"menu_order":70,"comment_status":"closed","ping_status":"closed","template":"page-templates\/side-menu.php","meta":{"_bbp_topic_count":0,"_bbp_reply_count":0,"_bbp_total_topic_count":0,"_bbp_total_reply_count":0,"_bbp_voice_count":0,"_bbp_anonymous_reply_count":0,"_bbp_topic_count_hidden":0,"_bbp_reply_count_hidden":0,"_bbp_forum_subforum_count":0,"footnotes":""},"class_list":["post-6584","page","type-page","status-publish","hentry"],"post_mailing_queue_ids":[],"_links":{"self":[{"href":"https:\/\/agora.xtec.cat\/escolasalipota\/wp-json\/wp\/v2\/pages\/6584","targetHints":{"allow":["GET"]}}],"collection":[{"href":"https:\/\/agora.xtec.cat\/escolasalipota\/wp-json\/wp\/v2\/pages"}],"about":[{"href":"https:\/\/agora.xtec.cat\/escolasalipota\/wp-json\/wp\/v2\/types\/page"}],"author":[{"embeddable":true,"href":"https:\/\/agora.xtec.cat\/escolasalipota\/wp-json\/wp\/v2\/users\/4"}],"replies":[{"embeddable":true,"href":"https:\/\/agora.xtec.cat\/escolasalipota\/wp-json\/wp\/v2\/comments?post=6584"}],"version-history":[{"count":3,"href":"https:\/\/agora.xtec.cat\/escolasalipota\/wp-json\/wp\/v2\/pages\/6584\/revisions"}],"predecessor-version":[{"id":16524,"href":"https:\/\/agora.xtec.cat\/escolasalipota\/wp-json\/wp\/v2\/pages\/6584\/revisions\/16524"}],"up":[{"embeddable":true,"href":"https:\/\/agora.xtec.cat\/escolasalipota\/wp-json\/wp\/v2\/pages\/6074"}],"wp:attachment":[{"href":"https:\/\/agora.xtec.cat\/escolasalipota\/wp-json\/wp\/v2\/media?parent=6584"}],"curies":[{"name":"wp","href":"https:\/\/api.w.org\/{rel}","templated":true}]}}