{"id":26,"date":"2014-09-18T12:24:32","date_gmt":"2014-09-18T12:24:32","guid":{"rendered":"http:\/\/agora.xtec.cat\/ceip-montserrat-suria\/?page_id=26"},"modified":"2026-01-26T09:57:20","modified_gmt":"2026-01-26T08:57:20","slug":"historia","status":"publish","type":"page","link":"https:\/\/agora.xtec.cat\/escolasalipota\/lescola\/historia\/","title":{"rendered":"Una mirada enrere&#8230;"},"content":{"rendered":"\n<p><span style=\"color: #808080;\">La hist\u00f2ria de la nostra escola va lligada a l&#8217;evoluci\u00f3 de l&#8217;escola p\u00fablica a S\u00faria i al creixement de la poblaci\u00f3 provocat per l&#8217;obertura de nous pous a les mines de S\u00faria.<\/span><\/p>\n\n\n\n<p><span style=\"color: #808080;\">El febrer de <strong>1964<\/strong> s&#8217;autoritza a &#8220;Minas de Potasa de S\u00faria S.A.&#8221; a construir un pavell\u00f3 de Parvulari al barri de Salipota. A l&#8217;octubre de 1964 s&#8217;adjudica la construcci\u00f3 d&#8217;una escola amb 8 aules.<\/span><\/p>\n\n\n\n<p><span style=\"color: #808080;\">El 30 de setembre de<strong> 1965 s&#8217;acaba la construcci\u00f3 de l&#8217;escola<\/strong> que rep el nom de <strong>Agrupaci\u00f3n Mixta Virgen de Montserrat. S&#8217;inaugura oficialment el dia 20 de gener de 1966.<\/strong><\/span><\/p>\n\n\n\n<p><span style=\"color: #808080;\">El curs <strong>1965-66<\/strong> comen\u00e7a amb for\u00e7a dificultats: manca mobiliari, mestres&#8230;<\/span><\/p>\n\n\n\n<p><span style=\"color: #808080;\">Inicialment les classes no s\u00f3n mixtes: hi ha classes per a nens i classes per a nenes. A partir de l&#8217;any <strong>1971<\/strong>, quan es permet la coeducaci\u00f3, els nens i nenes van a la mateixa classe. <\/span><\/p>\n\n\n\n<p><span style=\"color: #808080;\">En aquest per\u00edode l&#8217;escola passa a dir-se Colegio Nacional Virgen de Montserrat.<\/span><\/p>\n\n\n\n<figure class=\"wp-block-image\"><a href=\"http:\/\/agora.xtec.cat\/ceip-montserrat-suria\/wp-content\/uploads\/usu122\/2014\/09\/Vista-Salipota-1971.jpg\"><img loading=\"lazy\" decoding=\"async\" width=\"300\" height=\"200\" src=\"http:\/\/agora.xtec.cat\/ceip-montserrat-suria\/wp-content\/uploads\/usu122\/2014\/09\/Vista-Salipota-1971-300x200.jpg\" alt=\"Vista Salipota 1971\" class=\"wp-image-2516\" srcset=\"https:\/\/agora.xtec.cat\/escolasalipota\/wp-content\/uploads\/usu122\/2014\/09\/Vista-Salipota-1971-300x200.jpg 300w, https:\/\/agora.xtec.cat\/escolasalipota\/wp-content\/uploads\/usu122\/2014\/09\/Vista-Salipota-1971-1024x683.jpg 1024w\" sizes=\"auto, (max-width: 300px) 100vw, 300px\" \/><\/a><\/figure>\n\n\n\n<figure class=\"wp-block-image\"><a href=\"http:\/\/agora.xtec.cat\/ceip-montserrat-suria\/wp-content\/uploads\/usu122\/2014\/09\/Vista-Salipota-1971-2.jpg\"><img loading=\"lazy\" decoding=\"async\" width=\"300\" height=\"199\" src=\"http:\/\/agora.xtec.cat\/ceip-montserrat-suria\/wp-content\/uploads\/usu122\/2014\/09\/Vista-Salipota-1971-2-300x199.jpg\" alt=\"Vista Salipota 1971 (2)\" class=\"wp-image-2514\" srcset=\"https:\/\/agora.xtec.cat\/escolasalipota\/wp-content\/uploads\/usu122\/2014\/09\/Vista-Salipota-1971-2-300x199.jpg 300w, https:\/\/agora.xtec.cat\/escolasalipota\/wp-content\/uploads\/usu122\/2014\/09\/Vista-Salipota-1971-2-1024x680.jpg 1024w, https:\/\/agora.xtec.cat\/escolasalipota\/wp-content\/uploads\/usu122\/2014\/09\/Vista-Salipota-1971-2.jpg 1620w\" sizes=\"auto, (max-width: 300px) 100vw, 300px\" \/><\/a><\/figure>\n\n\n\n<p class=\"has-text-align-center\">&nbsp;<\/p>\n\n\n\n<p><span style=\"color: #808080;\">A partir de <strong>1975<\/strong> l&#8217;Ajuntament subvenciona un professor de catal\u00e0 i gimn\u00e0stica a l&#8217;escola. <\/span><\/p>\n\n\n\n<p><span style=\"color: #808080;\">El curs <strong>1978-79<\/strong> el mestre de catal\u00e0 ja consta dins la plantilla del centre.<\/span><\/p>\n\n\n\n<p><span style=\"color: #808080;\">El 26 de setembre de <strong>1978<\/strong> es crea l&#8217;Associaci\u00f3 de Pares d&#8217;Alumnes de l&#8217;escola (APA).<\/span><\/p>\n\n\n\n<p><span style=\"color: #808080;\">L&#8217;APA posa en funcionament la Llar d&#8217;infants durant el curs escolar <strong>1979-80<\/strong> (que m\u00e9s tard s&#8217;anomenaria Cuc Savi).<\/span><\/p>\n\n\n<div class=\"wp-block-image\">\n<figure class=\"aligncenter\"><a href=\"http:\/\/agora.xtec.cat\/ceip-montserrat-suria\/wp-content\/uploads\/usu122\/2014\/09\/CUC.jpg\"><img loading=\"lazy\" decoding=\"async\" width=\"300\" height=\"194\" src=\"http:\/\/agora.xtec.cat\/ceip-montserrat-suria\/wp-content\/uploads\/usu122\/2014\/09\/CUC-300x194.jpg\" alt=\"CUC\" class=\"wp-image-1884\" srcset=\"https:\/\/agora.xtec.cat\/escolasalipota\/wp-content\/uploads\/usu122\/2014\/09\/CUC-300x194.jpg 300w, https:\/\/agora.xtec.cat\/escolasalipota\/wp-content\/uploads\/usu122\/2014\/09\/CUC.jpg 846w\" sizes=\"auto, (max-width: 300px) 100vw, 300px\" \/><\/a><\/figure><\/div>\n\n\n<p><\/p>\n\n\n\n<p><span style=\"color: #808080;\">L&#8217;escola, a mesura que passen els anys, es fa petita. Es necessiten m\u00e9s aules per poder atendre a tots els alumnes. L&#8217;any <strong>1979<\/strong> no prospera la construcci\u00f3 d&#8217;una escola nova i l&#8217;ajuntament es fa c\u00e0rrec de la construcci\u00f3 de dues aules de Parvulari.<\/span><\/p>\n\n\n\n<p><span style=\"color: #808080;\">L&#8217;any <strong>1982 <\/strong>es declara<strong> Escola Catalana i passa a anomenar-se Escola Mare de D\u00e9u de Montserrat.<\/strong><\/span><\/p>\n\n\n\n<figure class=\"wp-block-image\"><a href=\"http:\/\/agora.xtec.cat\/ceip-montserrat-suria\/wp-content\/uploads\/usu122\/2014\/09\/1984-85-escola-4.jpg\"><img loading=\"lazy\" decoding=\"async\" width=\"300\" height=\"197\" src=\"http:\/\/agora.xtec.cat\/ceip-montserrat-suria\/wp-content\/uploads\/usu122\/2014\/09\/1984-85-escola-4-300x197.jpg\" alt=\"1984-85 escola (4)\" class=\"wp-image-3132\" srcset=\"https:\/\/agora.xtec.cat\/escolasalipota\/wp-content\/uploads\/usu122\/2014\/09\/1984-85-escola-4-300x197.jpg 300w, https:\/\/agora.xtec.cat\/escolasalipota\/wp-content\/uploads\/usu122\/2014\/09\/1984-85-escola-4-1024x673.jpg 1024w, https:\/\/agora.xtec.cat\/escolasalipota\/wp-content\/uploads\/usu122\/2014\/09\/1984-85-escola-4.jpg 1367w\" sizes=\"auto, (max-width: 300px) 100vw, 300px\" \/><\/a><\/figure>\n\n\n\n<p class=\"has-text-align-center\"><\/p>\n\n\n\n<p><span style=\"color: #808080;\">L&#8217;estiu de <strong>1989<\/strong> arriba la primera &#8220;cargolera&#8221; (aula m\u00f2bil) on s&#8217;instal\u00b7len les aules de 1r i 2n de Prim\u00e0ria. En l&#8217;edifici que ocupaven les aules de 1r i 2n se situa l&#8217;Aula-Taller i la Biblioteca-Aula d&#8217;audiovisuals.<\/span><\/p>\n\n\n\n<figure class=\"wp-block-image\"><a href=\"http:\/\/agora.xtec.cat\/ceip-montserrat-suria\/wp-content\/uploads\/usu122\/2014\/09\/1994-Cargoleraci.jpg\"><img loading=\"lazy\" decoding=\"async\" width=\"300\" height=\"193\" src=\"http:\/\/agora.xtec.cat\/ceip-montserrat-suria\/wp-content\/uploads\/usu122\/2014\/09\/1994-Cargoleraci-300x193.jpg\" alt=\"1994 Cargoleraci\" class=\"wp-image-1908\" srcset=\"https:\/\/agora.xtec.cat\/escolasalipota\/wp-content\/uploads\/usu122\/2014\/09\/1994-Cargoleraci-300x193.jpg 300w, https:\/\/agora.xtec.cat\/escolasalipota\/wp-content\/uploads\/usu122\/2014\/09\/1994-Cargoleraci-1024x659.jpg 1024w, https:\/\/agora.xtec.cat\/escolasalipota\/wp-content\/uploads\/usu122\/2014\/09\/1994-Cargoleraci.jpg 1162w\" sizes=\"auto, (max-width: 300px) 100vw, 300px\" \/><\/a><\/figure>\n\n\n\n<p class=\"has-text-align-center\"><\/p>\n\n\n\n<p><span style=\"color: #808080;\">El curs <strong>1991-1992<\/strong> s&#8217;incorporen els\/les alumnes de 3 anys a l&#8217;escola (P-3). S&#8217;habilita una aula de parvulari i &nbsp;arriba una nova &#8220;cargolera&#8221; on s&#8217;instal\u00b7la Parvulari 5 anys.<\/span><\/p>\n\n\n<div class=\"wp-block-image\">\n<figure class=\"aligncenter\"><a href=\"http:\/\/agora.xtec.cat\/ceip-montserrat-suria\/wp-content\/uploads\/usu122\/2014\/09\/1994-escola-amb-cargoles.jpg\"><img loading=\"lazy\" decoding=\"async\" width=\"833\" height=\"571\" src=\"http:\/\/agora.xtec.cat\/ceip-montserrat-suria\/wp-content\/uploads\/usu122\/2014\/09\/1994-escola-amb-cargoles.jpg\" alt=\"1994 escola amb cargoles\" class=\"wp-image-1962\" srcset=\"https:\/\/agora.xtec.cat\/escolasalipota\/wp-content\/uploads\/usu122\/2014\/09\/1994-escola-amb-cargoles.jpg 833w, https:\/\/agora.xtec.cat\/escolasalipota\/wp-content\/uploads\/usu122\/2014\/09\/1994-escola-amb-cargoles-300x205.jpg 300w\" sizes=\"auto, (max-width: 833px) 100vw, 833px\" \/><\/a><\/figure><\/div>\n\n\n<p class=\"has-text-align-center\"><\/p>\n\n\n\n<p><span style=\"color: #808080;\">Despr\u00e9s de moltes mobilitzacions s&#8217;aprova un projecte de dos &nbsp;nous edificis, un per a Prim\u00e0ria i un de m\u00e9s petit per a Educaci\u00f3 Infantil. <strong>El curs 1995-96 l&#8217;escola estrena l&#8217;actual edifici de Prim\u00e0ria<\/strong>, amb gimn\u00e0s, menjador, biblioteca&#8230;. Acull des de P-3 fins a 4t de Prim\u00e0ria. Mentre es construeix l&#8217;edifici de parvulari els alumnes de 5\u00e8 a 8\u00e8 assisteixen a aules habilitades de l&#8217;Escola Sant Josep de Calassan\u00e7 i de l&#8217;Escola de M\u00fasica.<\/span><\/p>\n\n\n\n<p><span style=\"color: #808080;\">El curs<strong> 1996-97 s&#8217;estrena l&#8217;edifici d&#8217;Educaci\u00f3 Infantil.<\/strong> <strong>L&#8217;escola adquireix l&#8217;aspecte que avui coneixem.<\/strong><\/span><\/p>\n\n\n\r\n\t<div class=\"slideshow_container slideshow_container_style-light\" style=\"height: 300px; \" data-slideshow-id=\"1893\" data-style-name=\"style-light\" data-style-version=\"2.3.1\" >\r\n\r\n\t\t\t\t\t<div class=\"slideshow_loading_icon\"><\/div>\r\n\t\t\r\n\t\t<div class=\"slideshow_content\" style=\"display: none;\">\r\n\r\n\t\t\t<div class=\"slideshow_view\">\r\n\t\t\t\t<div class=\"slideshow_slide slideshow_slide_image\">\r\n\t\t\t\t\t\t\t\t\t\t\t<img src=\"https:\/\/agora.xtec.cat\/escolasalipota\/wp-content\/uploads\/usu122\/2014\/09\/edificis.jpg\" alt=\"edificis\" width=\"1241\" height=\"721\" \/>\r\n\t\t\t\t\t\t\t\t\t\t<div class=\"slideshow_description_box slideshow_transparent\">\r\n\t\t\t\t\t\t\t\t\t\t\t\t\t\t\t\t\t<\/div>\r\n\t\t\t\t<\/div>\r\n\r\n\t\t\t\t\t\t<div style=\"clear: both;\"><\/div><\/div><div class=\"slideshow_view\">\r\n\t\t\t\t<div class=\"slideshow_slide slideshow_slide_image\">\r\n\t\t\t\t\t\t\t\t\t\t\t<img src=\"https:\/\/agora.xtec.cat\/escolasalipota\/wp-content\/uploads\/usu122\/2015\/01\/escola1jpg.jpg\" alt=\"escola1jpg\" width=\"3072\" height=\"2304\" \/>\r\n\t\t\t\t\t\t\t\t\t\t<div class=\"slideshow_description_box slideshow_transparent\">\r\n\t\t\t\t\t\t\t\t\t\t\t\t\t\t\t\t\t<\/div>\r\n\t\t\t\t<\/div>\r\n\r\n\t\t\t\t\t\t<div style=\"clear: both;\"><\/div><\/div><div class=\"slideshow_view\">\r\n\t\t\t\t<div class=\"slideshow_slide slideshow_slide_image\">\r\n\t\t\t\t\t\t\t\t\t\t\t<img src=\"https:\/\/agora.xtec.cat\/escolasalipota\/wp-content\/uploads\/usu122\/2014\/09\/panoramica-mdddmontserrat-2014.jpg\" alt=\"panoramica mdddmontserrat 2014\" width=\"2931\" height=\"1331\" \/>\r\n\t\t\t\t\t\t\t\t\t\t<div class=\"slideshow_description_box slideshow_transparent\">\r\n\t\t\t\t\t\t\t\t\t\t\t\t\t\t\t\t\t<\/div>\r\n\t\t\t\t<\/div>\r\n\r\n\t\t\t\t\t\t<div style=\"clear: both;\"><\/div><\/div>\r\n\t\t<\/div>\r\n\r\n\t\t<div class=\"slideshow_controlPanel slideshow_transparent\" style=\"display: none;\"><ul><li class=\"slideshow_togglePlay\" data-play-text=\"Visualitza\" data-pause-text=\"Pausa\"><\/li><\/ul><\/div>\r\n\r\n\t\t<div class=\"slideshow_button slideshow_previous slideshow_transparent\" role=\"button\" data-previous-text=\"Anterior\" style=\"display: none;\"><\/div>\r\n\t\t<div class=\"slideshow_button slideshow_next slideshow_transparent\" role=\"button\" data-next-text=\"Seg\u00fcent\" style=\"display: none;\"><\/div>\r\n\r\n\t\t<div class=\"slideshow_pagination\" style=\"display: none;\" data-go-to-text=\"V\u00e9s a la diapositiva\"><div class=\"slideshow_pagination_center\"><\/div><\/div>\r\n\r\n\t\t<!-- WordPress Slideshow Version 2.3.1 -->\r\n\r\n\t\t\t<\/div>\r\n\r\n\n\n\n\n<p><span style=\"color: #808080;\">El curs <strong>2014-2015<\/strong> l&#8217;escola celebra el&nbsp;<a style=\"color: #808080;\" href=\"http:\/\/agora.xtec.cat\/ceip-montserrat-suria\/categoria\/cinquantenari\/\">Cinquantenari<\/a>&nbsp;i publica la revista&nbsp;&nbsp;<a style=\"color: #808080;\" href=\"http:\/\/www.calameo.com\/read\/00360522514599a207201\" target=\"_blank\" rel=\"noopener noreferrer\">El Punx\u00f3 n. 28<\/a>&nbsp;que recull els fets m\u00e9s importants de mig segle d&#8217;hist\u00f2ria.<\/span><\/p>\n\n\n<div class=\"wp-block-image\">\n<figure class=\"aligncenter\"><a href=\"http:\/\/agora.xtec.cat\/ceip-montserrat-suria\/wp-content\/uploads\/usu122\/2015\/05\/portada-punxo-cinquantenari.jpg\" rel=\"attachment wp-att-2903\"><img loading=\"lazy\" decoding=\"async\" width=\"212\" height=\"300\" src=\"http:\/\/agora.xtec.cat\/ceip-montserrat-suria\/wp-content\/uploads\/usu122\/2015\/05\/portada-punxo-cinquantenari-212x300.jpg\" alt=\"portada punxo cinquantenari\" class=\"wp-image-2903\" srcset=\"https:\/\/agora.xtec.cat\/escolasalipota\/wp-content\/uploads\/usu122\/2015\/05\/portada-punxo-cinquantenari-212x300.jpg 212w, https:\/\/agora.xtec.cat\/escolasalipota\/wp-content\/uploads\/usu122\/2015\/05\/portada-punxo-cinquantenari-723x1024.jpg 723w, https:\/\/agora.xtec.cat\/escolasalipota\/wp-content\/uploads\/usu122\/2015\/05\/portada-punxo-cinquantenari.jpg 1240w\" sizes=\"auto, (max-width: 212px) 100vw, 212px\" \/><\/a><\/figure><\/div>\n\n\n<p><span style=\"color: #808080;\">A finals d&#8217;abril de 2021 passa a anomenar-se <strong>Escola Salipota.<\/strong> El nom Salipota fa refer\u00e8ncia al Mas Salipota, una de les masies m\u00e9s antigues de S\u00faria, al voltant del qual va comen\u00e7ar a edificar un nou barri a finals dels anys cinquanta del segle XX. <\/span><\/p>\n\n\n\n<p><span style=\"color: #808080;\">Si voleu con\u00e8ixer la nostra hist\u00f2ria m\u00e9s recent, podeu consultar les activitats d&#8217;aquests darrers cursos:<\/span><\/p>\n\n\n\n<div class=\"wp-block-getwid-button-group\"><div class=\"wp-block-getwid-button-group__wrapper\">\n<div class=\"wp-block-button\"><a class=\"wp-block-button__link wp-element-button\" href=\"https:\/\/agora.xtec.cat\/escolasalipota\/categoria\/curs-2014-15\/\"><strong>Curs 2014-15<\/strong><\/a><\/div>\n\n\n\n<div class=\"wp-block-button\"><a class=\"wp-block-button__link wp-element-button\" href=\"https:\/\/agora.xtec.cat\/escolasalipota\/categoria\/curs-2015-16\/\"><strong>Curs 2015-16<\/strong><\/a><\/div>\n\n\n\n<div class=\"wp-block-button\"><a class=\"wp-block-button__link wp-element-button\" href=\"https:\/\/agora.xtec.cat\/escolasalipota\/categoria\/curs-2016-17\/\"><strong>Curs 2016-17<\/strong><\/a><\/div>\n\n\n\n<div class=\"wp-block-button\"><a class=\"wp-block-button__link wp-element-button\" href=\"https:\/\/agora.xtec.cat\/escolasalipota\/categoria\/curs-2017-18\/\"><strong>Curs 2017-18<\/strong><\/a><\/div>\n\n\n\n<div class=\"wp-block-button\"><a class=\"wp-block-button__link wp-element-button\" href=\"https:\/\/agora.xtec.cat\/escolasalipota\/categoria\/curs-2018-19\/\"><strong>Curs 2018-19<\/strong><\/a><\/div>\n\n\n\n<div class=\"wp-block-button\"><a class=\"wp-block-button__link wp-element-button\" href=\"https:\/\/agora.xtec.cat\/escolasalipota\/categoria\/curs-2019-20\/\"><strong>Curs 2019-20<\/strong><\/a><\/div>\n\n\n\n<div class=\"wp-block-button\"><a class=\"wp-block-button__link wp-element-button\" href=\"https:\/\/agora.xtec.cat\/escolasalipota\/categoria\/curs-2020-21\/\"><strong>Curs 2020-21<\/strong><\/a><\/div>\n\n\n\n<div class=\"wp-block-button\"><a class=\"wp-block-button__link wp-element-button\" href=\"https:\/\/agora.xtec.cat\/escolasalipota\/categoria\/curs-2021-22\/\"><strong>Curs 2021-22<\/strong><\/a><\/div>\n\n\n\n<div class=\"wp-block-button\"><a class=\"wp-block-button__link wp-element-button\" href=\"https:\/\/agora.xtec.cat\/escolasalipota\/categoria\/curs-2022-23\/\"><strong>Curs 2022-23<\/strong><\/a><\/div>\n\n\n\n<div class=\"wp-block-button\"><a class=\"wp-block-button__link wp-element-button\" href=\"https:\/\/agora.xtec.cat\/escolasalipota\/categoria\/curs-2023-24\/\"><strong>Curs 2023-24<\/strong><\/a><\/div>\n\n\n\n<div class=\"wp-block-button\"><a class=\"wp-block-button__link wp-element-button\" href=\"https:\/\/agora.xtec.cat\/escolasalipota\/categoria\/curs-2024-25\/\"><strong>Curs 2024-25<\/strong><\/a><\/div>\n<\/div><\/div>\n\n\n\n<p><\/p>\n","protected":false},"excerpt":{"rendered":"<p>La hist\u00f2ria de la nostra escola va lligada a l&#8217;evoluci\u00f3 de l&#8217;escola p\u00fablica a S\u00faria i al creixement de la poblaci\u00f3 provocat per l&#8217;obertura de nous pous a les mines de S\u00faria.<\/p>\n<p>El febrer de 1964 s&#8217;autoritza a &#8220;Minas de Potasa de S\u00faria S.A.&#8221; a construir&hellip;  <a href=\"https:\/\/agora.xtec.cat\/escolasalipota\/lescola\/historia\/\" title=\"Read Una mirada enrere&#8230;\">Llegeix m\u00e9s\u00bb<\/a><\/p>\n","protected":false},"author":2,"featured_media":0,"parent":22,"menu_order":20,"comment_status":"closed","ping_status":"closed","template":"","meta":{"_bbp_topic_count":0,"_bbp_reply_count":0,"_bbp_total_topic_count":0,"_bbp_total_reply_count":0,"_bbp_voice_count":0,"_bbp_anonymous_reply_count":0,"_bbp_topic_count_hidden":0,"_bbp_reply_count_hidden":0,"_bbp_forum_subforum_count":0,"footnotes":""},"class_list":["post-26","page","type-page","status-publish","hentry"],"post_mailing_queue_ids":[],"_links":{"self":[{"href":"https:\/\/agora.xtec.cat\/escolasalipota\/wp-json\/wp\/v2\/pages\/26","targetHints":{"allow":["GET"]}}],"collection":[{"href":"https:\/\/agora.xtec.cat\/escolasalipota\/wp-json\/wp\/v2\/pages"}],"about":[{"href":"https:\/\/agora.xtec.cat\/escolasalipota\/wp-json\/wp\/v2\/types\/page"}],"author":[{"embeddable":true,"href":"https:\/\/agora.xtec.cat\/escolasalipota\/wp-json\/wp\/v2\/users\/2"}],"replies":[{"embeddable":true,"href":"https:\/\/agora.xtec.cat\/escolasalipota\/wp-json\/wp\/v2\/comments?post=26"}],"version-history":[{"count":5,"href":"https:\/\/agora.xtec.cat\/escolasalipota\/wp-json\/wp\/v2\/pages\/26\/revisions"}],"predecessor-version":[{"id":19830,"href":"https:\/\/agora.xtec.cat\/escolasalipota\/wp-json\/wp\/v2\/pages\/26\/revisions\/19830"}],"up":[{"embeddable":true,"href":"https:\/\/agora.xtec.cat\/escolasalipota\/wp-json\/wp\/v2\/pages\/22"}],"wp:attachment":[{"href":"https:\/\/agora.xtec.cat\/escolasalipota\/wp-json\/wp\/v2\/media?parent=26"}],"curies":[{"name":"wp","href":"https:\/\/api.w.org\/{rel}","templated":true}]}}