{"id":212,"date":"2014-10-04T19:00:45","date_gmt":"2014-10-04T19:00:45","guid":{"rendered":"http:\/\/agora.xtec.cat\/ceip-montserrat-suria\/?page_id=212"},"modified":"2021-07-02T21:24:56","modified_gmt":"2021-07-02T19:24:56","slug":"festes","status":"publish","type":"page","link":"https:\/\/agora.xtec.cat\/escolasalipota\/festes\/","title":{"rendered":"FESTES"},"content":{"rendered":"<h6 style=\"background-color: #ffffff;\"><strong> <a href=\"https:\/\/agora.xtec.cat\/escolasalipota\/categoria\/festes\/castanyada\/\"><strong>La castanyada<\/strong><\/a><\/strong> | <a href=\"https:\/\/agora.xtec.cat\/escolasalipota\/categoria\/festes\/santa_cecilia\/\"><strong>Santa Cec\u00edlia<\/strong><\/a> | <a href=\"http:\/\/agora.xtec.cat\/escolasalipota\/categoria\/festes\/nadal\"><strong>Nadal<\/strong><\/a> | <a href=\"http:\/\/agora.xtec.cat\/escolasalipota\/categoria\/festes\/pau\"><strong>Dia de la pau<\/strong><\/a> | <a href=\"http:\/\/agora.xtec.cat\/escolasalipota\/categoria\/festes\/carnaval\"><strong>Carnaval<\/strong><\/a> | <a href=\"http:\/\/agora.xtec.cat\/escolasalipota\/categoria\/festes\/sant_jordi\"><strong>Sant Jordi<\/strong><\/a> | <a href=\"http:\/\/agora.xtec.cat\/escolasalipota\/categoria\/festes\/festa_escola\"><strong>Festa de l&#8217;escola<\/strong><\/a><\/h6>\n<p><a href=\"http:\/\/agora.xtec.cat\/escolasalipota\/wp-content\/uploads\/usu122\/2014\/10\/pau1.jpg\"><img loading=\"lazy\" decoding=\"async\" class=\"alignnone size-full wp-image-3759\" src=\"http:\/\/escolasalipota\/wp-content\/uploads\/usu122\/2014\/10\/pau1.jpg\" alt=\"pau1\" width=\"999\" height=\"436\" srcset=\"https:\/\/agora.xtec.cat\/escolasalipota\/wp-content\/uploads\/usu122\/2014\/10\/pau1.jpg 999w, https:\/\/agora.xtec.cat\/escolasalipota\/wp-content\/uploads\/usu122\/2014\/10\/pau1-300x131.jpg 300w\" sizes=\"auto, (max-width: 999px) 100vw, 999px\" \/><\/a><\/p>\n<p>A l&#8217;escola celebrem les festes i tradicions m\u00e9s arrelades a la nostra terra com s\u00f3n: la castanyada, Santa Cec\u00edlia, Nadal, Carnaval, Sant Jordi&#8230; i la Festa de l&#8217;Escola.<\/p>\n","protected":false},"excerpt":{"rendered":"<p> <a href=\"https:\/\/agora.xtec.cat\/escolasalipota\/categoria\/festes\/castanyada\/\">La castanyada<\/a> | <a href=\"https:\/\/agora.xtec.cat\/escolasalipota\/categoria\/festes\/santa_cecilia\/\">Santa Cec\u00edlia<\/a> | <a href=\"http:\/\/agora.xtec.cat\/escolasalipota\/categoria\/festes\/nadal\">Nadal<\/a> | <a href=\"http:\/\/agora.xtec.cat\/escolasalipota\/categoria\/festes\/pau\">Dia de la pau<\/a> | <a href=\"http:\/\/agora.xtec.cat\/escolasalipota\/categoria\/festes\/carnaval\">Carnaval<\/a> | <a href=\"http:\/\/agora.xtec.cat\/escolasalipota\/categoria\/festes\/sant_jordi\">Sant Jordi<\/a> | <a href=\"http:\/\/agora.xtec.cat\/escolasalipota\/categoria\/festes\/festa_escola\">Festa de l&#8217;escola<\/a><br \/>\n<a href=\"http:\/\/agora.xtec.cat\/escolasalipota\/wp-content\/uploads\/usu122\/2014\/10\/pau1.jpg\"><\/a><br \/>\nA l&#8217;escola celebrem les festes i tradicions m\u00e9s arrelades a la nostra terra com s\u00f3n: la&hellip;  <a href=\"https:\/\/agora.xtec.cat\/escolasalipota\/festes\/\" title=\"Read FESTES\">Llegeix m\u00e9s\u00bb<\/a><\/p>\n","protected":false},"author":1,"featured_media":0,"parent":0,"menu_order":0,"comment_status":"closed","ping_status":"closed","template":"","meta":{"_bbp_topic_count":0,"_bbp_reply_count":0,"_bbp_total_topic_count":0,"_bbp_total_reply_count":0,"_bbp_voice_count":0,"_bbp_anonymous_reply_count":0,"_bbp_topic_count_hidden":0,"_bbp_reply_count_hidden":0,"_bbp_forum_subforum_count":0,"footnotes":""},"class_list":["post-212","page","type-page","status-publish","hentry"],"post_mailing_queue_ids":[],"_links":{"self":[{"href":"https:\/\/agora.xtec.cat\/escolasalipota\/wp-json\/wp\/v2\/pages\/212","targetHints":{"allow":["GET"]}}],"collection":[{"href":"https:\/\/agora.xtec.cat\/escolasalipota\/wp-json\/wp\/v2\/pages"}],"about":[{"href":"https:\/\/agora.xtec.cat\/escolasalipota\/wp-json\/wp\/v2\/types\/page"}],"author":[{"embeddable":true,"href":"https:\/\/agora.xtec.cat\/escolasalipota\/wp-json\/wp\/v2\/users\/1"}],"replies":[{"embeddable":true,"href":"https:\/\/agora.xtec.cat\/escolasalipota\/wp-json\/wp\/v2\/comments?post=212"}],"version-history":[{"count":4,"href":"https:\/\/agora.xtec.cat\/escolasalipota\/wp-json\/wp\/v2\/pages\/212\/revisions"}],"predecessor-version":[{"id":15383,"href":"https:\/\/agora.xtec.cat\/escolasalipota\/wp-json\/wp\/v2\/pages\/212\/revisions\/15383"}],"wp:attachment":[{"href":"https:\/\/agora.xtec.cat\/escolasalipota\/wp-json\/wp\/v2\/media?parent=212"}],"curies":[{"name":"wp","href":"https:\/\/api.w.org\/{rel}","templated":true}]}}