{"id":17981,"date":"2023-05-03T14:42:39","date_gmt":"2023-05-03T12:42:39","guid":{"rendered":"https:\/\/agora.xtec.cat\/escolasalipota\/?page_id=17981"},"modified":"2023-07-11T19:54:56","modified_gmt":"2023-07-11T17:54:56","slug":"maquinari","status":"publish","type":"page","link":"https:\/\/agora.xtec.cat\/escolasalipota\/estrategia-digital-de-centre\/cultura-digital\/maquinari\/","title":{"rendered":"Maquinari"},"content":{"rendered":"<p style=\"text-align: justify;\"><span style=\"color: #993300;\">Des de fa anys l&#8217;escola s&#8217;ha caracteritzat per incorporar les noves tecnologies. Actualment el centre disposa de diferents recursos que ha adquirit l&#8217;escola amb l&#8217;ajuda de l&#8217;AFA\u00a0 o de les fam\u00edlies i de recursos que ha facilitat el Departament d&#8217;Educaci\u00f3. Aquests recursos van destinats a l&#8217;alumnat i al professorat.<\/span><\/p>\n<div class=\"small-12 large-12 text-center columns\"><a class=\"button normal\" style=\"width: 300px; padding: 1em; font-weight: 350; margin: 0.1em; color: white !important; background-color: #ca5f5f;\">PROJECTORS-PANTALLES<\/a><\/div>\n<p><span class=\"C9DxTc \">Totes les aules compten amb un<\/span><span class=\"C9DxTc \">\u00a0<\/span><span class=\"C9DxTc \">PC connectat a un videoprojector\u00a0 que projecta en una pantalla o en una PDI\u00a0 (pissarra digital interactiva). Actualment l&#8217;escola disposa d&#8217;un panell interactiu situat a una aula d&#8217;educaci\u00f3 infantil. Estem esperant la dotaci\u00f3 de <a href=\"https:\/\/projectes.xtec.cat\/digital\/equipaments-i-infraestructures\/panells-interactius\/\">panells digitals interactius <\/a>del <a href=\"https:\/\/projectes.xtec.cat\/edc\/\">projecte d&#8217;acceleraci\u00f3 digital<\/a><strong>,\u00a0<\/strong> que s&#8217;ha tornat a sol\u00b7licitar al Departament d&#8217;Educaci\u00f3 a finals del curs 2022-23.<\/span><\/p>\n<div class=\"small-12 large-12 text-center columns\"><a class=\"button normal\" style=\"width: 300px; padding: 1em; font-weight: 350; margin: 0.1em; color: white !important; background-color: #ca5f5f;\">CHROMEBOOKS<\/a><\/div>\n<p style=\"text-align: justify;\"><span style=\"color: #000000;\">El centre va optar per utilitzar chromebooks. Els primers chromeooks es van comprar el curs 2017-18. La dotaci\u00f3 s&#8217;ha anat ampliant,\u00a0 de mica en mica, amb ajuda de l&#8217;AFA i les aportacions de les fam\u00edlies. L&#8217;escola ha adquirit un total de 53 chromebooks.<\/span><\/p>\n<p style=\"text-align: justify;\"><span style=\"color: #000000;\">El segon trimestre del curs 2021-22, va arribar una dotaci\u00f3 de chromebooks per a l&#8217;alumnat de 6\u00e8 de prim\u00e0ria (<a href=\"https:\/\/projectes.xtec.cat\/digital\/pla-educacio-digital-de-catalunya\/\">Pla d&#8217;Educaci\u00f3 Digital de Catalunya<\/a> &#8211; Projecte Red.es) i el mes de novembre del curs 2022-23 van arribar-ne per a l&#8217;alumnat de 5\u00e8 de prim\u00e0ria (Port\u00e0tils alumnes PRIM 5 22\/23,Onada 3).\u00a0<\/span><\/p>\n<p style=\"text-align: justify;\"><span style=\"color: #000000;\"> Actualment l&#8217;alumnat de cicle superior de prim\u00e0ria disposa d&#8217;un chromebook que \u00e9s dotaci\u00f3 del Departament. S&#8217;han establert unes normes per al seu \u00fas. Les fam\u00edlies i l&#8217;alumnat signen un document per tal que els sigui assignat el chromebook: <a href=\"https:\/\/agora.xtec.cat\/escolasalipota\/wp-content\/uploads\/usu122\/2023\/07\/Salipota-Contracte-familia-chromebooks-.pdf\">Escola Salipota Contracte amb les fam\u00edlies recepci\u00f3 de chromebook<\/a><\/span><\/p>\n<p>Els chromebooks que ha adquirit l&#8217;escola s&#8217;han repartit a cicle mitj\u00e0 i cicle inicial.<\/p>\n<p style=\"text-align: justify;\"><span style=\"color: #000000;\">A finals de curs s&#8217;hi realitzen unes tasques de manteniment per tenir-los preparats per tornar-los a assignar el proper curs: <a href=\"https:\/\/projectes.xtec.cat\/edc\/restabliment-dequips-per-al-canvi-de-curs\/chromebooks\/\">https:\/\/projectes.xtec.cat\/edc\/restabliment-dequips-per-al-canvi-de-curs\/chromebooks\/<\/a><\/span><\/p>\n<p style=\"text-align: justify;\">En cas de confinament, l&#8217;escola ofereix la possibilitat, a l\u2019alumnat que ho necessiti, de disposar un chromebook en pr\u00e9stec per poder realitzar tasques escolars: <a href=\"https:\/\/agora.xtec.cat\/escolasalipota\/wp-content\/uploads\/usu122\/2021\/10\/document-prestec-chromebooks.pdf\">document pr\u00e9stec chromebooks.<\/a><\/p>\n<div class=\"small-12 large-12 text-center columns\"><a class=\"button normal\" style=\"width: 300px; padding: 1em; font-weight: 350; margin: 0.1em; color: white !important; background-color: #ca5f5f;\">ARMARIS DE C\u00c0RREGA<\/a><\/div>\n<p style=\"text-align: justify;\">Cicle superior de prim\u00e0ria disposa de dos armaris per carregar els chromebooks, un a cadascuna de les classes (el de la Classe de Tres Tossals \u00e9s de dotaci\u00f3 del Departament, del Projecte d&#8217;acceleraci\u00f3 digital, del curs 2021-22). Podeu consultar les caracter\u00edstiques de l&#8217;armari de c\u00e0rrega: <a href=\"https:\/\/projectes.xtec.cat\/edc\/noticies\/comenca-el-desplegament-dels-armaris-de-recarrega\/\">https:\/\/projectes.xtec.cat\/edc\/noticies\/comenca-el-desplegament-dels-armaris-de-recarrega\/<\/a><\/p>\n<p>A cicle mitj\u00e0 disposen de dos armaris i cicle inicial nom\u00e9s un armari que va adquirir l&#8217;escola.<\/p>\n<div class=\"small-12 large-12 text-center columns\"><a class=\"button normal\" style=\"width: 300px; padding: 1em; font-weight: 350; margin: 0.1em; color: white !important; background-color: #ca5f5f;\">MATERIAL DE ROB\u00d2TICA<\/a><\/div>\n<p>L&#8217;escola va adquirir Beebots per a treballar a educaci\u00f3 infantil i cicle inicial.<\/p>\n<p>El curs 2023-24 est\u00e0 previst que arribi la dotaci\u00f3 prevista del Pla d\u2019educaci\u00f3 digital de Catalunya, del <a href=\"https:\/\/projectes.xtec.cat\/edc\/\">projecte d&#8217;acceleraci\u00f3 digital<\/a><strong>,\u00a0<\/strong> que s&#8217;ha sol\u00b7licitat al Departament d&#8217;Educaci\u00f3 a finals del curs 2022-23: <a href=\"https:\/\/projectes.xtec.cat\/digital\/equipaments-i-infraestructures\/robotica\/\">https:\/\/projectes.xtec.cat\/digital\/equipaments-i-infraestructures\/robotica\/<\/a><\/p>\n<div class=\"small-12 large-12 text-center columns\"><a class=\"button normal\" style=\"width: 300px; padding: 1em; font-weight: 350; margin: 0.1em; color: white !important; background-color: #ca5f5f;\">PORT\u00c0TILS PER A DOCENTS<\/a><\/div>\n<p style=\"text-align: justify;\">Els\/les mestres que ocupen una vacant disposen d&#8217;un ordinador port\u00e0til, dotaci\u00f3 del Departament d&#8217;Educaci\u00f3, dins del Projecte d&#8217;acceleraci\u00f3 digital: <a href=\"https:\/\/projectes.xtec.cat\/digital\/equipaments-i-infraestructures\/ordinadors\/ordinadors-docents\/\">https:\/\/projectes.xtec.cat\/digital\/equipaments-i-infraestructures\/ordinadors\/ordinadors-docents\/<\/a><\/p>\n<p>Cada ordinador s&#8217;assigna a un docent que hi accedir\u00e0 mitjan\u00e7ant un usuari exclusiu per a aquests ordinadors. No es pot fer cap modificaci\u00f3 sobre l&#8217;equip (canvi de components, substituci\u00f3 de maqueta, etc.).<\/p>\n<p>Es tracta d&#8217;una eina de feina. \u00c9s per aix\u00f2 que est\u00e0 limitada la possibilitat d&#8217;instal\u00b7lar aplicacions, que ser\u00e0 supervisada i aprovada pel coordinador digital del centre.<\/p>\n","protected":false},"excerpt":{"rendered":"<p>Des de fa anys l&#8217;escola s&#8217;ha caracteritzat per incorporar les noves tecnologies. Actualment el centre disposa de diferents recursos que ha adquirit l&#8217;escola amb l&#8217;ajuda de l&#8217;AFA\u00a0 o de les fam\u00edlies i de recursos que ha facilitat el Departament d&#8217;Educaci\u00f3. Aquests recursos van destinats a l&#8217;alumnat i al professorat. PROJECTORS-PANTALLES Totes les aules compten amb [&hellip;]<\/p>\n","protected":false},"author":4,"featured_media":0,"parent":16672,"menu_order":40,"comment_status":"closed","ping_status":"closed","template":"page-templates\/side-menu.php","meta":{"_bbp_topic_count":0,"_bbp_reply_count":0,"_bbp_total_topic_count":0,"_bbp_total_reply_count":0,"_bbp_voice_count":0,"_bbp_anonymous_reply_count":0,"_bbp_topic_count_hidden":0,"_bbp_reply_count_hidden":0,"_bbp_forum_subforum_count":0,"site-sidebar-layout":"default","site-content-layout":"","ast-site-content-layout":"","site-content-style":"default","site-sidebar-style":"default","ast-global-header-display":"","ast-banner-title-visibility":"","ast-main-header-display":"","ast-hfb-above-header-display":"","ast-hfb-below-header-display":"","ast-hfb-mobile-header-display":"","site-post-title":"","ast-breadcrumbs-content":"","ast-featured-img":"","footer-sml-layout":"","theme-transparent-header-meta":"","adv-header-id-meta":"","stick-header-meta":"","header-above-stick-meta":"","header-main-stick-meta":"","header-below-stick-meta":"","astra-migrate-meta-layouts":"default","ast-page-background-enabled":"default","ast-page-background-meta":{"desktop":{"background-color":"var(--ast-global-color-4)","background-image":"","background-repeat":"repeat","background-position":"center center","background-size":"auto","background-attachment":"scroll","background-type":"","background-media":"","overlay-type":"","overlay-color":"","overlay-opacity":"","overlay-gradient":""},"tablet":{"background-color":"","background-image":"","background-repeat":"repeat","background-position":"center center","background-size":"auto","background-attachment":"scroll","background-type":"","background-media":"","overlay-type":"","overlay-color":"","overlay-opacity":"","overlay-gradient":""},"mobile":{"background-color":"","background-image":"","background-repeat":"repeat","background-position":"center center","background-size":"auto","background-attachment":"scroll","background-type":"","background-media":"","overlay-type":"","overlay-color":"","overlay-opacity":"","overlay-gradient":""}},"ast-content-background-meta":{"desktop":{"background-color":"var(--ast-global-color-5)","background-image":"","background-repeat":"repeat","background-position":"center center","background-size":"auto","background-attachment":"scroll","background-type":"","background-media":"","overlay-type":"","overlay-color":"","overlay-opacity":"","overlay-gradient":""},"tablet":{"background-color":"var(--ast-global-color-5)","background-image":"","background-repeat":"repeat","background-position":"center center","background-size":"auto","background-attachment":"scroll","background-type":"","background-media":"","overlay-type":"","overlay-color":"","overlay-opacity":"","overlay-gradient":""},"mobile":{"background-color":"var(--ast-global-color-5)","background-image":"","background-repeat":"repeat","background-position":"center center","background-size":"auto","background-attachment":"scroll","background-type":"","background-media":"","overlay-type":"","overlay-color":"","overlay-opacity":"","overlay-gradient":""}},"footnotes":""},"class_list":["post-17981","page","type-page","status-publish","hentry"],"post_mailing_queue_ids":[],"_links":{"self":[{"href":"https:\/\/agora.xtec.cat\/escolasalipota\/wp-json\/wp\/v2\/pages\/17981","targetHints":{"allow":["GET"]}}],"collection":[{"href":"https:\/\/agora.xtec.cat\/escolasalipota\/wp-json\/wp\/v2\/pages"}],"about":[{"href":"https:\/\/agora.xtec.cat\/escolasalipota\/wp-json\/wp\/v2\/types\/page"}],"author":[{"embeddable":true,"href":"https:\/\/agora.xtec.cat\/escolasalipota\/wp-json\/wp\/v2\/users\/4"}],"replies":[{"embeddable":true,"href":"https:\/\/agora.xtec.cat\/escolasalipota\/wp-json\/wp\/v2\/comments?post=17981"}],"version-history":[{"count":3,"href":"https:\/\/agora.xtec.cat\/escolasalipota\/wp-json\/wp\/v2\/pages\/17981\/revisions"}],"predecessor-version":[{"id":18205,"href":"https:\/\/agora.xtec.cat\/escolasalipota\/wp-json\/wp\/v2\/pages\/17981\/revisions\/18205"}],"up":[{"embeddable":true,"href":"https:\/\/agora.xtec.cat\/escolasalipota\/wp-json\/wp\/v2\/pages\/16672"}],"wp:attachment":[{"href":"https:\/\/agora.xtec.cat\/escolasalipota\/wp-json\/wp\/v2\/media?parent=17981"}],"curies":[{"name":"wp","href":"https:\/\/api.w.org\/{rel}","templated":true}]}}