{"id":16719,"date":"2022-05-16T06:24:43","date_gmt":"2022-05-16T04:24:43","guid":{"rendered":"https:\/\/agora.xtec.cat\/escolasalipota\/?page_id=16719"},"modified":"2023-01-26T16:44:39","modified_gmt":"2023-01-26T15:44:39","slug":"diagnosi","status":"publish","type":"page","link":"https:\/\/agora.xtec.cat\/escolasalipota\/estrategia-digital-de-centre\/part-estrategica\/diagnosi\/","title":{"rendered":"Diagnosi"},"content":{"rendered":"<p>Per detectar els punts forts del centre a mantenir i potenciar, i els punts febles a millorar, cal fer una\u00a0<strong>bona diagnosi.<\/strong><\/p>\n<p><a href=\"https:\/\/projectes.xtec.cat\/edc-suport\/diagnosi\/\"><img loading=\"lazy\" decoding=\"async\" class=\"aligncenter size-full wp-image-16999\" src=\"https:\/\/agora.xtec.cat\/escolasalipota\/wp-content\/uploads\/usu122\/2022\/07\/edc3-768x309-1.jpg\" alt=\"\" width=\"768\" height=\"309\" srcset=\"https:\/\/agora.xtec.cat\/escolasalipota\/wp-content\/uploads\/usu122\/2022\/07\/edc3-768x309-1.jpg 768w, https:\/\/agora.xtec.cat\/escolasalipota\/wp-content\/uploads\/usu122\/2022\/07\/edc3-768x309-1-300x121.jpg 300w\" sizes=\"auto, (max-width: 768px) 100vw, 768px\" \/><\/a><\/p>\n<p style=\"text-align: justify;\"><strong>A finals del segon trimestre del curs 2021-22, s&#8217;ha iniciat la diagnosi de l&#8217;EDC<\/strong> (estrat\u00e8gia digital de centre). La comissi\u00f3 digital del centre ha utilitzat tres enquestes diferents adre\u00e7ades a l&#8217;equip directiu, al professorat i a l\u2019alumnat de cicle superior, realitzada mitjan\u00e7ant l&#8217;<a href=\"https:\/\/projectes.xtec.cat\/edc-suport\/diagnosi\/aplicacio-selfie\/\"><strong>eina selfie<\/strong>.<\/a> Han <strong><a href=\"https:\/\/agora.xtec.cat\/escolasalipota\/wp-content\/uploads\/usu122\/2022\/07\/Captura-selfie-1.jpg\">contestat l&#8217;enquesta<\/a><\/strong> el 94% del professorat i el 90% dels alumnes.<\/p>\n<p style=\"text-align: justify;\">Tamb\u00e9 s&#8217;han elaborat dos q\u00fcestionaris (amb formulari Google) un adre\u00e7at <strong><a href=\"https:\/\/docs.google.com\/forms\/d\/e\/1FAIpQLScOjHIy5WVOTJlyEIjtqqVrSolk8XW5mYRBXvsTHBOqVpveqw\/viewform?usp=sf_link\">al personal no docent (PAS)<\/a><\/strong> i l&#8217;altre a les<strong><a href=\"https:\/\/docs.google.com\/forms\/d\/e\/1FAIpQLScj9I2x86Deh_sOxEl3d9SegmbL4cw3XoHZ-7SOulfv5Br2IA\/viewform?usp=sf_link\"> fam\u00edlies de l&#8217;alumnat.<\/a><\/strong><\/p>\n<p style=\"text-align: justify;\">El 100% del personal PAS ha contestat l&#8217;enquesta.<\/p>\n<p style=\"text-align: justify;\">Hem rebut 76 respostes del formulari adre\u00e7at a les fam\u00edlies.\u00a0Tal com es pot veure en el gr\u00e0fic, un 46,1 de les fam\u00edlies que han respost l&#8217;equesta tenen tenen fills a Educaci\u00f3 infantil, un 28&#8217;9% a cicle superior, un 25% a cicle mitj\u00e0 i un 14&#8217;5% a cicle inicial.<\/p>\n<p><a href=\"https:\/\/agora.xtec.cat\/escolasalipota\/wp-content\/uploads\/usu122\/2022\/07\/Enquesta-families-marc-e1657657704959.jpg\"><img loading=\"lazy\" decoding=\"async\" class=\"aligncenter size-full wp-image-17017\" src=\"https:\/\/agora.xtec.cat\/escolasalipota\/wp-content\/uploads\/usu122\/2022\/07\/Enquesta-families-marc-e1657657704959.jpg\" alt=\"\" width=\"1748\" height=\"847\" srcset=\"https:\/\/agora.xtec.cat\/escolasalipota\/wp-content\/uploads\/usu122\/2022\/07\/Enquesta-families-marc-e1657657704959.jpg 1748w, https:\/\/agora.xtec.cat\/escolasalipota\/wp-content\/uploads\/usu122\/2022\/07\/Enquesta-families-marc-e1657657704959-300x145.jpg 300w, https:\/\/agora.xtec.cat\/escolasalipota\/wp-content\/uploads\/usu122\/2022\/07\/Enquesta-families-marc-e1657657704959-1024x496.jpg 1024w, https:\/\/agora.xtec.cat\/escolasalipota\/wp-content\/uploads\/usu122\/2022\/07\/Enquesta-families-marc-e1657657704959-768x372.jpg 768w, https:\/\/agora.xtec.cat\/escolasalipota\/wp-content\/uploads\/usu122\/2022\/07\/Enquesta-families-marc-e1657657704959-1536x744.jpg 1536w\" sizes=\"auto, (max-width: 1748px) 100vw, 1748px\" \/><\/a><\/p>\n<p class=\"CDt4Ke zfr3Q\" dir=\"ltr\">A partir de l&#8217;an\u00e0lisi d&#8217;aquestes enquestes, <strong>s&#8217;han detectat els punts forts i febles\u00a0<\/strong>que podeu consultar fent clic al requadre:<\/p>\n<div class=\"small-12 large-12 text-center columns\">\n<p><a class=\"button normal\" style=\"width: 300px; padding: 1em; font-weight: 350; margin: 0.1em; color: white !important; background-color: #ca5f5f;\" href=\"https:\/\/agora.xtec.cat\/escolasalipota\/punts-forts-i-punts-febles\/\">PUNTS FORTS I PUNTS FEBLES<\/a><\/p>\n<\/div>\n<p style=\"text-align: justify;\">Durant el mes d&#8217;octubre curs 2022-23, els mestres han contestat l&#8217;eina <strong><span style=\"color: #800000;\"><a style=\"color: #800000;\" href=\"https:\/\/projectes.xtec.cat\/edc-suport\/eina-selfie-for-teachers\/\">selfie for teachers<\/a><\/span><a href=\"https:\/\/projectes.xtec.cat\/edc-suport\/eina-selfie-for-teachers\/\">. <\/a><\/strong>Est\u00e0 dissenyada per ajudar els professors de prim\u00e0ria per comprendre la seva situaci\u00f3 actual respecte a com utilitzen la tecnologia digital en la seva feina. Els resultats poden ajudar a identificar on necessiten m\u00e9s formaci\u00f3 i suport. Conjuntament amb l&#8217;<a href=\"https:\/\/projectes.xtec.cat\/edc-suport\/diagnosi\/aplicacio-selfie\/\">eina selfie<\/a> ens ajudar\u00e0 a fer una diagnosi de la maduresa digital de la nostra escola.<\/p>\n","protected":false},"excerpt":{"rendered":"<p>Per detectar els punts forts del centre a mantenir i potenciar, i els punts febles a millorar, cal fer una\u00a0bona diagnosi. A finals del segon trimestre del curs 2021-22, s&#8217;ha iniciat la diagnosi de l&#8217;EDC (estrat\u00e8gia digital de centre). La comissi\u00f3 digital del centre ha utilitzat tres enquestes diferents adre\u00e7ades a l&#8217;equip directiu, al professorat [&hellip;]<\/p>\n","protected":false},"author":4,"featured_media":0,"parent":16679,"menu_order":1,"comment_status":"closed","ping_status":"closed","template":"page-templates\/side-menu.php","meta":{"_bbp_topic_count":0,"_bbp_reply_count":0,"_bbp_total_topic_count":0,"_bbp_total_reply_count":0,"_bbp_voice_count":0,"_bbp_anonymous_reply_count":0,"_bbp_topic_count_hidden":0,"_bbp_reply_count_hidden":0,"_bbp_forum_subforum_count":0,"site-sidebar-layout":"default","site-content-layout":"","ast-site-content-layout":"","site-content-style":"default","site-sidebar-style":"default","ast-global-header-display":"","ast-banner-title-visibility":"","ast-main-header-display":"","ast-hfb-above-header-display":"","ast-hfb-below-header-display":"","ast-hfb-mobile-header-display":"","site-post-title":"","ast-breadcrumbs-content":"","ast-featured-img":"","footer-sml-layout":"","theme-transparent-header-meta":"","adv-header-id-meta":"","stick-header-meta":"","header-above-stick-meta":"","header-main-stick-meta":"","header-below-stick-meta":"","astra-migrate-meta-layouts":"default","ast-page-background-enabled":"default","ast-page-background-meta":{"desktop":{"background-color":"var(--ast-global-color-4)","background-image":"","background-repeat":"repeat","background-position":"center center","background-size":"auto","background-attachment":"scroll","background-type":"","background-media":"","overlay-type":"","overlay-color":"","overlay-opacity":"","overlay-gradient":""},"tablet":{"background-color":"","background-image":"","background-repeat":"repeat","background-position":"center center","background-size":"auto","background-attachment":"scroll","background-type":"","background-media":"","overlay-type":"","overlay-color":"","overlay-opacity":"","overlay-gradient":""},"mobile":{"background-color":"","background-image":"","background-repeat":"repeat","background-position":"center center","background-size":"auto","background-attachment":"scroll","background-type":"","background-media":"","overlay-type":"","overlay-color":"","overlay-opacity":"","overlay-gradient":""}},"ast-content-background-meta":{"desktop":{"background-color":"var(--ast-global-color-5)","background-image":"","background-repeat":"repeat","background-position":"center center","background-size":"auto","background-attachment":"scroll","background-type":"","background-media":"","overlay-type":"","overlay-color":"","overlay-opacity":"","overlay-gradient":""},"tablet":{"background-color":"var(--ast-global-color-5)","background-image":"","background-repeat":"repeat","background-position":"center center","background-size":"auto","background-attachment":"scroll","background-type":"","background-media":"","overlay-type":"","overlay-color":"","overlay-opacity":"","overlay-gradient":""},"mobile":{"background-color":"var(--ast-global-color-5)","background-image":"","background-repeat":"repeat","background-position":"center center","background-size":"auto","background-attachment":"scroll","background-type":"","background-media":"","overlay-type":"","overlay-color":"","overlay-opacity":"","overlay-gradient":""}},"footnotes":""},"class_list":["post-16719","page","type-page","status-publish","hentry"],"post_mailing_queue_ids":[],"_links":{"self":[{"href":"https:\/\/agora.xtec.cat\/escolasalipota\/wp-json\/wp\/v2\/pages\/16719","targetHints":{"allow":["GET"]}}],"collection":[{"href":"https:\/\/agora.xtec.cat\/escolasalipota\/wp-json\/wp\/v2\/pages"}],"about":[{"href":"https:\/\/agora.xtec.cat\/escolasalipota\/wp-json\/wp\/v2\/types\/page"}],"author":[{"embeddable":true,"href":"https:\/\/agora.xtec.cat\/escolasalipota\/wp-json\/wp\/v2\/users\/4"}],"replies":[{"embeddable":true,"href":"https:\/\/agora.xtec.cat\/escolasalipota\/wp-json\/wp\/v2\/comments?post=16719"}],"version-history":[{"count":3,"href":"https:\/\/agora.xtec.cat\/escolasalipota\/wp-json\/wp\/v2\/pages\/16719\/revisions"}],"predecessor-version":[{"id":17366,"href":"https:\/\/agora.xtec.cat\/escolasalipota\/wp-json\/wp\/v2\/pages\/16719\/revisions\/17366"}],"up":[{"embeddable":true,"href":"https:\/\/agora.xtec.cat\/escolasalipota\/wp-json\/wp\/v2\/pages\/16679"}],"wp:attachment":[{"href":"https:\/\/agora.xtec.cat\/escolasalipota\/wp-json\/wp\/v2\/media?parent=16719"}],"curies":[{"name":"wp","href":"https:\/\/api.w.org\/{rel}","templated":true}]}}