{"id":16669,"date":"2022-05-15T19:50:05","date_gmt":"2022-05-15T17:50:05","guid":{"rendered":"https:\/\/agora.xtec.cat\/escolasalipota\/?page_id=16669"},"modified":"2026-01-26T09:37:30","modified_gmt":"2026-01-26T08:37:30","slug":"estrategia-digital-de-centre","status":"publish","type":"page","link":"https:\/\/agora.xtec.cat\/escolasalipota\/estrategia-digital-de-centre\/","title":{"rendered":"ESTRAT\u00c8GIA DIGITAL DE CENTRE"},"content":{"rendered":"\n<p class=\"has-text-align-center\"><iframe loading=\"lazy\" title=\"YouTube video player\" src=\"https:\/\/www.youtube.com\/embed\/uS5UUZIYLPQ\" width=\"560\" height=\"315\" frameborder=\"0\" allowfullscreen=\"allowfullscreen\"><span data-mce-type=\"bookmark\" style=\"display: inline-block; width: 0px; overflow: hidden; line-height: 0;\" class=\"mce_SELRES_start\">\ufeff<\/span><\/iframe><\/p>\n\n\n\n<p class=\"has-text-align-center\"><strong>&nbsp;L\u2019EDC (Estrat\u00e8gia digital de centre) recull les l\u00ednies d\u2019actuaci\u00f3 per aconseguir l\u2019assoliment de la&nbsp; compet\u00e8ncia digital per part de l\u2019alumnat, els docents i el centre. Es divideix en dues parts: Estrat\u00e8gia i Cultura digital.&nbsp;<\/strong><\/p>\n\n\n<div class=\"wp-block-image\">\n<figure class=\"aligncenter\"><a href=\"https:\/\/agora.xtec.cat\/escolasalipota\/wp-content\/uploads\/usu122\/2022\/07\/1_Que-es-lEDC_v3-1-768x543-1.jpg\"><img loading=\"lazy\" decoding=\"async\" width=\"768\" height=\"543\" src=\"https:\/\/agora.xtec.cat\/escolasalipota\/wp-content\/uploads\/usu122\/2022\/07\/1_Que-es-lEDC_v3-1-768x543-1.jpg\" alt=\"\" class=\"wp-image-16977\" srcset=\"https:\/\/agora.xtec.cat\/escolasalipota\/wp-content\/uploads\/usu122\/2022\/07\/1_Que-es-lEDC_v3-1-768x543-1.jpg 768w, https:\/\/agora.xtec.cat\/escolasalipota\/wp-content\/uploads\/usu122\/2022\/07\/1_Que-es-lEDC_v3-1-768x543-1-300x212.jpg 300w\" sizes=\"auto, (max-width: 768px) 100vw, 768px\" \/><\/a><\/figure><\/div>\n\n\n<p><\/p>\n\n\n\n<p>&nbsp;<\/p>\n\n\n<div class=\"wp-block-image\">\n<figure class=\"aligncenter\"><a href=\"https:\/\/agora.xtec.cat\/escolasalipota\/wp-content\/uploads\/usu122\/2022\/07\/img_EDC_graph_01-574x1024-1.png\"><img loading=\"lazy\" decoding=\"async\" width=\"574\" height=\"1024\" src=\"https:\/\/agora.xtec.cat\/escolasalipota\/wp-content\/uploads\/usu122\/2022\/07\/img_EDC_graph_01-574x1024-1.png\" alt=\"\" class=\"wp-image-16987\" srcset=\"https:\/\/agora.xtec.cat\/escolasalipota\/wp-content\/uploads\/usu122\/2022\/07\/img_EDC_graph_01-574x1024-1.png 574w, https:\/\/agora.xtec.cat\/escolasalipota\/wp-content\/uploads\/usu122\/2022\/07\/img_EDC_graph_01-574x1024-1-168x300.png 168w\" sizes=\"auto, (max-width: 574px) 100vw, 574px\" \/><\/a><\/figure><\/div>\n\n\n<p><\/p>\n\n\n\n<p>L&#8217;Estrat\u00e8gia digital de centre forma part del <a href=\"https:\/\/educacio.gencat.cat\/ca\/departament\/publicacions\/colleccions\/pla-educacio-digital\/pla-educacio-digital\/\">Pla d&#8217;educaci\u00f3 digital de Catalunya (PEDC) 2020-2023.<\/a><\/p>\n\n\n\n<div class=\"small-12 large-12 text-center columns\"><a class=\"button normal\" style=\"width: 475px; padding: 1em; font-weight: 350; margin: 0.1em; color: white !important; background-color: #ca5f5f;\" href=\"https:\/\/educacio.gencat.cat\/ca\/departament\/publicacions\/colleccions\/pla-educacio-digital\/\" rel=\"noopener noreferrer\">DOCUMENTS OFICIALS: Pla d&#8217;educaci\u00f3 digital de Catalunya (PEDC)<\/a><\/div>\n\n\n\n<p>&nbsp;<\/p>\n\n\n\n<p><strong>L&#8217;Escola Salipota ha iniciat, el segon trimestre del curs 2021-22, el treball en l&#8217;EDC.<\/strong><\/p>\n\n\n\n<p>Podeu accedir a la informaci\u00f3 que tenim disponible dels dos apartats de la nostra Estrat\u00e8gia Digital de Centre mitjan\u00e7ant els dos enlla\u00e7os de la part inferior o el men\u00fa de navegaci\u00f3.<\/p>\n\n\n\n<div class=\"wp-block-getwid-button-group\"><div class=\"wp-block-getwid-button-group__wrapper\">\n<div class=\"wp-block-button\"><a class=\"wp-block-button__link wp-element-button\" href=\"https:\/\/agora.xtec.cat\/escolasalipota\/documents\/estrategia-digital-de-centre\/cultura-digital\/\">Cultura Digital<\/a><\/div>\n\n\n\n<div class=\"wp-block-button\"><a class=\"wp-block-button__link wp-element-button\" href=\"https:\/\/agora.xtec.cat\/escolasalipota\/documents\/estrategia-digital-de-centre\/part-estrategica\/\">Estrat\u00e8gia<\/a><\/div>\n<\/div><\/div>\n\n\n\n<p><\/p>\n","protected":false},"excerpt":{"rendered":"<p>\ufeff<\/p>\n<p>&nbsp;L\u2019EDC (Estrat\u00e8gia digital de centre) recull les l\u00ednies d\u2019actuaci\u00f3 per aconseguir l\u2019assoliment de la&nbsp; compet\u00e8ncia digital per part de l\u2019alumnat, els docents i el centre. Es divideix en dues parts: Estrat\u00e8gia i Cultura digital.&nbsp;<\/p>\n<p><a href=\"https:\/\/agora.xtec.cat\/escolasalipota\/wp-content\/uploads\/usu122\/2022\/07\/1_Que-es-lEDC_v3-1-768x543-1.jpg\"><\/a><\/p>\n<p>&nbsp;<\/p>\n<p><a href=\"https:\/\/agora.xtec.cat\/escolasalipota\/wp-content\/uploads\/usu122\/2022\/07\/img_EDC_graph_01-574x1024-1.png\"><\/a><\/p>\n<p>L&#8217;Estrat\u00e8gia digital de centre forma part del <a href=\"https:\/\/educacio.gencat.cat\/ca\/departament\/publicacions\/colleccions\/pla-educacio-digital\/pla-educacio-digital\/\">Pla d&#8217;educaci\u00f3&hellip;  <a href=\"https:\/\/agora.xtec.cat\/escolasalipota\/estrategia-digital-de-centre\/\" title=\"Read ESTRAT\u00c8GIA DIGITAL DE CENTRE\">Llegeix m\u00e9s\u00bb<\/a><\/p>\n","protected":false},"author":4,"featured_media":0,"parent":0,"menu_order":10,"comment_status":"closed","ping_status":"closed","template":"","meta":{"_bbp_topic_count":0,"_bbp_reply_count":0,"_bbp_total_topic_count":0,"_bbp_total_reply_count":0,"_bbp_voice_count":0,"_bbp_anonymous_reply_count":0,"_bbp_topic_count_hidden":0,"_bbp_reply_count_hidden":0,"_bbp_forum_subforum_count":0,"footnotes":""},"class_list":["post-16669","page","type-page","status-publish","hentry"],"post_mailing_queue_ids":[],"_links":{"self":[{"href":"https:\/\/agora.xtec.cat\/escolasalipota\/wp-json\/wp\/v2\/pages\/16669","targetHints":{"allow":["GET"]}}],"collection":[{"href":"https:\/\/agora.xtec.cat\/escolasalipota\/wp-json\/wp\/v2\/pages"}],"about":[{"href":"https:\/\/agora.xtec.cat\/escolasalipota\/wp-json\/wp\/v2\/types\/page"}],"author":[{"embeddable":true,"href":"https:\/\/agora.xtec.cat\/escolasalipota\/wp-json\/wp\/v2\/users\/4"}],"replies":[{"embeddable":true,"href":"https:\/\/agora.xtec.cat\/escolasalipota\/wp-json\/wp\/v2\/comments?post=16669"}],"version-history":[{"count":5,"href":"https:\/\/agora.xtec.cat\/escolasalipota\/wp-json\/wp\/v2\/pages\/16669\/revisions"}],"predecessor-version":[{"id":19825,"href":"https:\/\/agora.xtec.cat\/escolasalipota\/wp-json\/wp\/v2\/pages\/16669\/revisions\/19825"}],"wp:attachment":[{"href":"https:\/\/agora.xtec.cat\/escolasalipota\/wp-json\/wp\/v2\/media?parent=16669"}],"curies":[{"name":"wp","href":"https:\/\/api.w.org\/{rel}","templated":true}]}}