{"id":16545,"date":"2022-04-27T21:53:23","date_gmt":"2022-04-27T19:53:23","guid":{"rendered":"https:\/\/agora.xtec.cat\/escolasalipota\/?page_id=16545"},"modified":"2022-05-02T06:59:30","modified_gmt":"2022-05-02T04:59:30","slug":"nuria-alberti","status":"publish","type":"page","link":"https:\/\/agora.xtec.cat\/escolasalipota\/projecte-educatiu\/projecte-literari\/nuria-alberti\/","title":{"rendered":"N\u00faria Albert\u00ed"},"content":{"rendered":"<p>Al llarg del curs 2021-22 ens hem centrat en l&#8217;obra po\u00e8tica de la <a href=\"https:\/\/nuriaalberti.wordpress.com\/about\/\" target=\"_blank\" rel=\"noopener\">N\u00faria Albert\u00ed<\/a>. Podeu veure les imatges del treball realitzat al llarg del curs:<\/p>\n<div class=\"small-12 large-12 text-center columns\"><a class=\"button normal\" style=\"width: 300px; padding: 1em; font-weight: 350; margin: 0.1em; color: white !important; background-color: #ca5f5f;\" href=\"https:\/\/photos.app.goo.gl\/wCRRkBGpK1nwXkzFA\" rel=\"noopener noreferrer\">EDUCACI\u00d3 INFANTIL<\/a><br \/>\n<a class=\"button normal\" style=\"width: 300px; padding: 1em; font-weight: 350; margin: 0.1em; color: white !important; background-color: #ca5f5f;\" href=\"https:\/\/photos.app.goo.gl\/Z5VLTRGaoaJ8R5jE7\" rel=\"noopener noreferrer\"> CICLE INICIAL<\/a><br \/>\n<a class=\"button normal\" style=\"width: 300px; padding: 1em; font-weight: 350; margin: 0.1em; color: white !important; background-color: #ca5f5f;\" href=\"https:\/\/photos.app.goo.gl\/6L7dbtDFZumByJqo8\"> CICLE MITJ\u00c0<\/a><br \/>\n<a class=\"button normal\" style=\"width: 300px; padding: 1em; font-weight: 350; margin: 0.1em; color: white !important; background-color: #ca5f5f;\" href=\"https:\/\/photos.app.goo.gl\/pk6qKdbRs5DboxCJ9\" rel=\"noopener noreferrer\"> CICLE SUPERIOR<\/a><\/div>\n<p>&nbsp;<\/p>\n<p>M\u00e9s informaci\u00f3 del treball realitzat: <a href=\"https:\/\/agora.xtec.cat\/escolasalipota\/categoria\/nuria-alberti\/\">https:\/\/agora.xtec.cat\/escolasalipota\/categoria\/nuria-alberti\/<\/a><\/p>\n","protected":false},"excerpt":{"rendered":"<p>Al llarg del curs 2021-22 ens hem centrat en l&#8217;obra po\u00e8tica de la <a href=\"https:\/\/nuriaalberti.wordpress.com\/about\/\" target=\"_blank\" rel=\"noopener\">N\u00faria Albert\u00ed<\/a>. Podeu veure les imatges del treball realitzat al llarg del curs:<br \/>\n<a class=\"button normal\" style=\"width: 300px; padding: 1em; font-weight: 350; margin: 0.1em; color: white !important; background-color: #ca5f5f;\" href=\"https:\/\/photos.app.goo.gl\/wCRRkBGpK1nwXkzFA\"&hellip;  <a href=\"https:\/\/agora.xtec.cat\/escolasalipota\/projecte-educatiu\/projecte-literari\/nuria-alberti\/\" title=\"Read N\u00faria Albert\u00ed\">Llegeix m\u00e9s\u00bb<\/a><\/p>\n","protected":false},"author":4,"featured_media":0,"parent":16601,"menu_order":1,"comment_status":"closed","ping_status":"closed","template":"page-templates\/side-menu.php","meta":{"_bbp_topic_count":0,"_bbp_reply_count":0,"_bbp_total_topic_count":0,"_bbp_total_reply_count":0,"_bbp_voice_count":0,"_bbp_anonymous_reply_count":0,"_bbp_topic_count_hidden":0,"_bbp_reply_count_hidden":0,"_bbp_forum_subforum_count":0,"footnotes":""},"class_list":["post-16545","page","type-page","status-publish","hentry"],"post_mailing_queue_ids":[],"_links":{"self":[{"href":"https:\/\/agora.xtec.cat\/escolasalipota\/wp-json\/wp\/v2\/pages\/16545","targetHints":{"allow":["GET"]}}],"collection":[{"href":"https:\/\/agora.xtec.cat\/escolasalipota\/wp-json\/wp\/v2\/pages"}],"about":[{"href":"https:\/\/agora.xtec.cat\/escolasalipota\/wp-json\/wp\/v2\/types\/page"}],"author":[{"embeddable":true,"href":"https:\/\/agora.xtec.cat\/escolasalipota\/wp-json\/wp\/v2\/users\/4"}],"replies":[{"embeddable":true,"href":"https:\/\/agora.xtec.cat\/escolasalipota\/wp-json\/wp\/v2\/comments?post=16545"}],"version-history":[{"count":3,"href":"https:\/\/agora.xtec.cat\/escolasalipota\/wp-json\/wp\/v2\/pages\/16545\/revisions"}],"predecessor-version":[{"id":16641,"href":"https:\/\/agora.xtec.cat\/escolasalipota\/wp-json\/wp\/v2\/pages\/16545\/revisions\/16641"}],"up":[{"embeddable":true,"href":"https:\/\/agora.xtec.cat\/escolasalipota\/wp-json\/wp\/v2\/pages\/16601"}],"wp:attachment":[{"href":"https:\/\/agora.xtec.cat\/escolasalipota\/wp-json\/wp\/v2\/media?parent=16545"}],"curies":[{"name":"wp","href":"https:\/\/api.w.org\/{rel}","templated":true}]}}