{"id":692,"date":"2025-02-21T16:39:50","date_gmt":"2025-02-21T15:39:50","guid":{"rendered":"https:\/\/agora.xtec.cat\/escolasagradafamiliagracia\/?page_id=692"},"modified":"2025-02-25T10:47:48","modified_gmt":"2025-02-25T09:47:48","slug":"secretaria","status":"publish","type":"page","link":"https:\/\/agora.xtec.cat\/escolasagradafamiliagracia\/secretaria\/","title":{"rendered":"Secretaria"},"content":{"rendered":"\n<p><strong>Persona de contacte<br><\/strong>Pilar Argui\u00f1\u00e1riz, secret\u00e0ria.<\/p>\n\n\n\n<p><strong>Horaris d&#8217;atenci\u00f3 al p\u00fablic<br><\/strong>&#8211; Dilluns i dimecres de 9 a 13 hores i de 15 a 17 hores.<\/p>\n\n\n\n<p>&#8211; Dimarts, dijous i divendres de 9 a 15 hores.<\/p>\n\n\n\n<p>Durant el per\u00edode de jornada continuada l&#8217;horari ser\u00e0 de 09:00 a 13:30 hores.<\/p>\n\n\n\n<p>Tamb\u00e9 podeu contactar amb nosaltres enviant-nos un correu electr\u00f2nic a <a href=\"mailto:a8043887@xtec.cat\" target=\"_blank\" rel=\"noreferrer noopener\">a8043887@xtec.cat<\/a><\/p>\n","protected":false},"excerpt":{"rendered":"<p>Persona de contactePilar Argui\u00f1\u00e1riz, secret\u00e0ria. Horaris d&#8217;atenci\u00f3 al p\u00fablic&#8211; Dilluns i dimecres de 9 a 13 hores i de 15 [&hellip;]<\/p>\n","protected":false},"author":1,"featured_media":0,"parent":0,"menu_order":0,"comment_status":"closed","ping_status":"close","template":"","meta":{"site-sidebar-layout":"default","site-content-layout":"","ast-site-content-layout":"default","site-content-style":"default","site-sidebar-style":"default","ast-global-header-display":"","ast-banner-title-visibility":"","ast-main-header-display":"","ast-hfb-above-header-display":"","ast-hfb-below-header-display":"","ast-hfb-mobile-header-display":"","site-post-title":"","ast-breadcrumbs-content":"","ast-featured-img":"","footer-sml-layout":"","theme-transparent-header-meta":"","adv-header-id-meta":"","stick-header-meta":"","header-above-stick-meta":"","header-main-stick-meta":"","header-below-stick-meta":"","astra-migrate-meta-layouts":"set","ast-page-background-enabled":"default","ast-page-background-meta":{"desktop":{"background-color":"var(--ast-global-color-4)","background-image":"","background-repeat":"repeat","background-position":"center center","background-size":"auto","background-attachment":"scroll","background-type":"","background-media":"","overlay-type":"","overlay-color":"","overlay-opacity":"","overlay-gradient":""},"tablet":{"background-color":"","background-image":"","background-repeat":"repeat","background-position":"center center","background-size":"auto","background-attachment":"scroll","background-type":"","background-media":"","overlay-type":"","overlay-color":"","overlay-opacity":"","overlay-gradient":""},"mobile":{"background-color":"","background-image":"","background-repeat":"repeat","background-position":"center center","background-size":"auto","background-attachment":"scroll","background-type":"","background-media":"","overlay-type":"","overlay-color":"","overlay-opacity":"","overlay-gradient":""}},"ast-content-background-meta":{"desktop":{"background-color":"var(--ast-global-color-5)","background-image":"","background-repeat":"repeat","background-position":"center center","background-size":"auto","background-attachment":"scroll","background-type":"","background-media":"","overlay-type":"","overlay-color":"","overlay-opacity":"","overlay-gradient":""},"tablet":{"background-color":"var(--ast-global-color-5)","background-image":"","background-repeat":"repeat","background-position":"center center","background-size":"auto","background-attachment":"scroll","background-type":"","background-media":"","overlay-type":"","overlay-color":"","overlay-opacity":"","overlay-gradient":""},"mobile":{"background-color":"var(--ast-global-color-5)","background-image":"","background-repeat":"repeat","background-position":"center center","background-size":"auto","background-attachment":"scroll","background-type":"","background-media":"","overlay-type":"","overlay-color":"","overlay-opacity":"","overlay-gradient":""}},"footnotes":""},"class_list":["post-692","page","type-page","status-publish","hentry"],"post_mailing_queue_ids":[],"_links":{"self":[{"href":"https:\/\/agora.xtec.cat\/escolasagradafamiliagracia\/wp-json\/wp\/v2\/pages\/692","targetHints":{"allow":["GET"]}}],"collection":[{"href":"https:\/\/agora.xtec.cat\/escolasagradafamiliagracia\/wp-json\/wp\/v2\/pages"}],"about":[{"href":"https:\/\/agora.xtec.cat\/escolasagradafamiliagracia\/wp-json\/wp\/v2\/types\/page"}],"author":[{"embeddable":true,"href":"https:\/\/agora.xtec.cat\/escolasagradafamiliagracia\/wp-json\/wp\/v2\/users\/1"}],"replies":[{"embeddable":true,"href":"https:\/\/agora.xtec.cat\/escolasagradafamiliagracia\/wp-json\/wp\/v2\/comments?post=692"}],"version-history":[{"count":2,"href":"https:\/\/agora.xtec.cat\/escolasagradafamiliagracia\/wp-json\/wp\/v2\/pages\/692\/revisions"}],"predecessor-version":[{"id":702,"href":"https:\/\/agora.xtec.cat\/escolasagradafamiliagracia\/wp-json\/wp\/v2\/pages\/692\/revisions\/702"}],"wp:attachment":[{"href":"https:\/\/agora.xtec.cat\/escolasagradafamiliagracia\/wp-json\/wp\/v2\/media?parent=692"}],"curies":[{"name":"wp","href":"https:\/\/api.w.org\/{rel}","templated":true}]}}