{"id":997,"date":"2022-02-22T09:40:04","date_gmt":"2022-02-22T08:40:04","guid":{"rendered":"https:\/\/agora.xtec.cat\/escolasagfamcaldetes\/?page_id=997"},"modified":"2025-11-15T18:59:56","modified_gmt":"2025-11-15T17:59:56","slug":"gust-per-la-lectura","status":"publish","type":"page","link":"https:\/\/agora.xtec.cat\/escolasagfamcaldetes\/projecte-educatiu\/projectes-de-lescola\/gust-per-la-lectura\/","title":{"rendered":"Gust per la lectura"},"content":{"rendered":"<p>El programa <em>El Gust per la Lectura<\/em> t\u00e9 per objectiu la formaci\u00f3 de bons lectors i lectores. Es tracta que, al llarg de la seva formaci\u00f3 educativa, els nostres alumnes esdevinguin lectors competents, cr\u00edtics i capa\u00e7os de gaudir del plaer de la lectura.<\/p>\n<p><strong>Com el duem a terme a la nostra escola?<\/strong><\/p>\n<p>GUST PER LA LECTURA (30\u2019 AL DIA)<br \/>\nL&#8217;activitat principal del projecte El g<em>ust per la lectura<\/em> consisteix en qu\u00e8 cada alumne, durant 30 minuts cada dia, llegeix per plaer un llibre, un c\u00f2mic, una revista&#8230; que tria lliurement. Quan un\/a alumne\/a no porta res per llegir, el\/la tutor\/a el convida a anar a la biblioteca a les hores del pati, per a que agafi en pr\u00e9stec un llibre. El\/la mestre\/a tamb\u00e9 ha de dedicar aquesta mitja hora a la lectura d\u2019un llibre, essent aix\u00ed un model. L&#8217;ambient en aquest espai \u00e9s de molta calma, ja que totes i tots dediquen aquests minuts a la lectura individual.<br \/>\nSovint es fa \u00fas de la biblioteca per a dur a terme aquesta activitat.<\/p>\n<p>Altres activitats que es fan relacionades amb la lectura per plaer que es fan en aquests 30 minuts diaris:<\/p>\n<ul>\n<li><span style=\"font-weight: 400;\">Lectura de la mestra en veu alta un cop per setmana. (10-15\u2019)<\/span><\/li>\n<li><span style=\"font-weight: 400;\">Lectura de l\u2019alumnat en veu alta.<\/span><\/li>\n<li><span style=\"font-weight: 400;\">Recomanacions de llibres ja llegits.<\/span><\/li>\n<li>Parelles lectores (2n cicle)<\/li>\n<li><span style=\"font-weight: 400;\">Apadrinament lector (5\u00e8-1r i 2n)\u00a0\u00a0<\/span><\/li>\n<\/ul>\n<p>Pel que fa a Educaci\u00f3 Infantil:<\/p>\n<ul>\n<li><span style=\"font-weight: 400;\">La motxilla viatgera a Educaci\u00f3 Infantil amb set contes. Cada alumne s&#8217;emporta durant una setmana una motxilla amb set contes, un per a cada dia de la setmana, per a que puguin llegir amb la seva fam\u00edlia.\u00a0<\/span><\/li>\n<li><span style=\"font-weight: 400;\">Lectura de contes senzills als grups d&#8217;educaci\u00f3 infantil per part de l\u2019alumnat de <\/span>sis\u00e8.<\/li>\n<\/ul>\n<p>&nbsp;<\/p>\n<p>&nbsp;<\/p>\n","protected":false},"excerpt":{"rendered":"<p>El programa El Gust per la Lectura t\u00e9 per objectiu la formaci\u00f3 de bons lectors i lectores. Es tracta que, al llarg de la seva formaci\u00f3 educativa, els nostres alumnes esdevinguin lectors competents, cr\u00edtics i capa\u00e7os de gaudir del plaer de la lectura. Com el duem a terme a la nostra escola? GUST PER LA [&hellip;]<\/p>\n","protected":false},"author":3,"featured_media":0,"parent":990,"menu_order":0,"comment_status":"closed","ping_status":"closed","template":"","meta":{"_bbp_topic_count":0,"_bbp_reply_count":0,"_bbp_total_topic_count":0,"_bbp_total_reply_count":0,"_bbp_voice_count":0,"_bbp_anonymous_reply_count":0,"_bbp_topic_count_hidden":0,"_bbp_reply_count_hidden":0,"_bbp_forum_subforum_count":0,"site-sidebar-layout":"default","site-content-layout":"","ast-site-content-layout":"default","site-content-style":"default","site-sidebar-style":"default","ast-global-header-display":"","ast-banner-title-visibility":"","ast-main-header-display":"","ast-hfb-above-header-display":"","ast-hfb-below-header-display":"","ast-hfb-mobile-header-display":"","site-post-title":"","ast-breadcrumbs-content":"","ast-featured-img":"","footer-sml-layout":"","theme-transparent-header-meta":"default","adv-header-id-meta":"","stick-header-meta":"","header-above-stick-meta":"","header-main-stick-meta":"","header-below-stick-meta":"","astra-migrate-meta-layouts":"set","ast-page-background-enabled":"default","ast-page-background-meta":{"desktop":{"background-color":"var(--ast-global-color-4)","background-image":"","background-repeat":"repeat","background-position":"center center","background-size":"auto","background-attachment":"scroll","background-type":"","background-media":"","overlay-type":"","overlay-color":"","overlay-opacity":"","overlay-gradient":""},"tablet":{"background-color":"","background-image":"","background-repeat":"repeat","background-position":"center center","background-size":"auto","background-attachment":"scroll","background-type":"","background-media":"","overlay-type":"","overlay-color":"","overlay-opacity":"","overlay-gradient":""},"mobile":{"background-color":"","background-image":"","background-repeat":"repeat","background-position":"center center","background-size":"auto","background-attachment":"scroll","background-type":"","background-media":"","overlay-type":"","overlay-color":"","overlay-opacity":"","overlay-gradient":""}},"ast-content-background-meta":{"desktop":{"background-color":"var(--ast-global-color-5)","background-image":"","background-repeat":"repeat","background-position":"center center","background-size":"auto","background-attachment":"scroll","background-type":"","background-media":"","overlay-type":"","overlay-color":"","overlay-opacity":"","overlay-gradient":""},"tablet":{"background-color":"var(--ast-global-color-5)","background-image":"","background-repeat":"repeat","background-position":"center center","background-size":"auto","background-attachment":"scroll","background-type":"","background-media":"","overlay-type":"","overlay-color":"","overlay-opacity":"","overlay-gradient":""},"mobile":{"background-color":"var(--ast-global-color-5)","background-image":"","background-repeat":"repeat","background-position":"center center","background-size":"auto","background-attachment":"scroll","background-type":"","background-media":"","overlay-type":"","overlay-color":"","overlay-opacity":"","overlay-gradient":""}},"footnotes":""},"class_list":["post-997","page","type-page","status-publish","hentry"],"post_mailing_queue_ids":[],"_links":{"self":[{"href":"https:\/\/agora.xtec.cat\/escolasagfamcaldetes\/wp-json\/wp\/v2\/pages\/997","targetHints":{"allow":["GET"]}}],"collection":[{"href":"https:\/\/agora.xtec.cat\/escolasagfamcaldetes\/wp-json\/wp\/v2\/pages"}],"about":[{"href":"https:\/\/agora.xtec.cat\/escolasagfamcaldetes\/wp-json\/wp\/v2\/types\/page"}],"author":[{"embeddable":true,"href":"https:\/\/agora.xtec.cat\/escolasagfamcaldetes\/wp-json\/wp\/v2\/users\/3"}],"replies":[{"embeddable":true,"href":"https:\/\/agora.xtec.cat\/escolasagfamcaldetes\/wp-json\/wp\/v2\/comments?post=997"}],"version-history":[{"count":5,"href":"https:\/\/agora.xtec.cat\/escolasagfamcaldetes\/wp-json\/wp\/v2\/pages\/997\/revisions"}],"predecessor-version":[{"id":2126,"href":"https:\/\/agora.xtec.cat\/escolasagfamcaldetes\/wp-json\/wp\/v2\/pages\/997\/revisions\/2126"}],"up":[{"embeddable":true,"href":"https:\/\/agora.xtec.cat\/escolasagfamcaldetes\/wp-json\/wp\/v2\/pages\/990"}],"wp:attachment":[{"href":"https:\/\/agora.xtec.cat\/escolasagfamcaldetes\/wp-json\/wp\/v2\/media?parent=997"}],"curies":[{"name":"wp","href":"https:\/\/api.w.org\/{rel}","templated":true}]}}