{"id":995,"date":"2022-02-22T09:40:04","date_gmt":"2022-02-22T08:40:04","guid":{"rendered":"https:\/\/agora.xtec.cat\/escolasagfamcaldetes\/?page_id=995"},"modified":"2025-05-19T19:07:27","modified_gmt":"2025-05-19T17:07:27","slug":"gep","status":"publish","type":"page","link":"https:\/\/agora.xtec.cat\/escolasagfamcaldetes\/projecte-educatiu\/projectes-de-lescola\/gep\/","title":{"rendered":"GEP"},"content":{"rendered":"<p>Per a la millora de la compet\u00e8ncia comunicativa dels i les alumnes en llengua anglesa, l&#8217;escola participa en el programa GEP (grup experimental pluriling\u00fce)<\/p>\n<p>El programa t\u00e9 una duraci\u00f3 de 3 cursos en els quals, durant dos cursos, dos mestres reben formaci\u00f3 i l&#8217;escola rep assessorament del servei de lleng\u00fces i d&#8217;inspecci\u00f3. Des de l&#8217;escola, es continua amb el projecte tot i que ja estigui acabat el programa.<\/p>\n<p>El curs 2019-20 \u00e9s el quart any.<\/p>\n<p>Tallers:<\/p>\n<p>Cicle mitj\u00e0: Teatre en angl\u00e8s.<\/p>\n<div class=\"ast-oembed-container \" style=\"height: 100%;\"><iframe loading=\"lazy\" title=\"The elves and the shoemaker Group 2\" width=\"500\" height=\"281\" src=\"https:\/\/www.youtube.com\/embed\/alz5BuE7Nk0?feature=oembed\" frameborder=\"0\" allow=\"accelerometer; autoplay; clipboard-write; encrypted-media; gyroscope; picture-in-picture; web-share\" referrerpolicy=\"strict-origin-when-cross-origin\" allowfullscreen><\/iframe><\/div>\n<p><strong>El curs 2018-19 \u00e9s el tercer any.<\/strong><\/p>\n<p>L&#8217;escola es compromet a realitzar \u00e0rees no ling\u00fc\u00edstiques en angl\u00e8s especialment a cicle mitj\u00e0 i superior. Les \u00e0rees escollides s\u00f3n pl\u00e0stica, medi i c\u00e0lcul tant a Infantil com a Prim\u00e0ria.<\/p>\n<p>Enguany comptem amb una auxiliar de conversa, Carolina, per a tot el curs.<\/p>\n<p>Activitats:<\/p>\n<p>Taller\u00a0Shapes (Cicle mitj\u00e0)<\/p>\n<p><iframe loading=\"lazy\" src=\"https:\/\/www.youtube.com\/embed\/C_cbTMqfJ44\" width=\"560\" height=\"315\" frameborder=\"0\" allowfullscreen=\"allowfullscreen\"><\/iframe><\/p>\n<p>Taller Stop Motion (Cicle superior)<\/p>\n<p>C\u00e0lcul (Cicle inicial)<\/p>\n<p><iframe loading=\"lazy\" src=\"https:\/\/www.youtube.com\/embed\/3HW2bN51RO8\" width=\"560\" height=\"315\" frameborder=\"0\" allowfullscreen=\"allowfullscreen\"><\/iframe><\/p>\n<p>Medi (Infantil i cicle inicial)<br \/>\nLes plantes (2n)<\/p>\n<p><a href=\"https:\/\/photos.app.goo.gl\/PicpCxC9ZML9AN4y8\" target=\"_blank\" rel=\"noopener noreferrer\"><img loading=\"lazy\" decoding=\"async\" class=\"size-full wp-image-1322\" src=\"http:\/\/blocs.xtec.cat\/escsagradafamiliadecaldesdestrac\/files\/2016\/11\/IMG_20190527_115255-1.jpg\" alt=\"\" width=\"640\" height=\"480\" \/><\/a><\/p>\n<p><iframe loading=\"lazy\" src=\"https:\/\/www.youtube.com\/embed\/KLMT1_720Mg\" width=\"560\" height=\"315\" frameborder=\"0\" allowfullscreen=\"allowfullscreen\"><\/iframe><\/p>\n<p>M\u00e9s v\u00eddeos al canal de l&#8217;escola.<\/p>\n<p><strong>El curs 2017-18 \u00e9s el segon any.\u00a0<\/strong><\/p>\n<p>Aquesta programaci\u00f3 complementa les rutines i activitats que es van acordar realitzar el curs passat a tots els cursos tant d&#8217;infantil com de prim\u00e0ria.<\/p>\n<p>Activitats:<\/p>\n<p>Tallers (Un taller d&#8217;expressi\u00f3 oral a cicle inicial i un taller de pl\u00e0stica a cicle mitj\u00e0 i superior, respectivament)<\/p>\n<p><strong>Taller d&#8217;expressi\u00f3 oral a cicle inicial<\/strong><\/p>\n<ol>\n<li>Telephone conversation.<\/li>\n<\/ol>\n<p><iframe loading=\"lazy\" src=\"https:\/\/www.youtube.com\/embed\/YiLHZiOtZrY\" width=\"560\" height=\"315\" frameborder=\"0\" allowfullscreen=\"allowfullscreen\"><\/iframe><\/p>\n<p>2.Mr. Crocodile, can we cross the river?<\/p>\n<p><iframe loading=\"lazy\" src=\"https:\/\/www.youtube.com\/embed\/BocSfJCUW2A\" width=\"560\" height=\"315\" frameborder=\"0\" allowfullscreen=\"allowfullscreen\"><\/iframe><\/p>\n<p>What&#8217;s the time, Mr. Wolf?<\/p>\n<p><iframe loading=\"lazy\" src=\"https:\/\/www.youtube.com\/embed\/4cGgfKFKADY\" width=\"560\" height=\"315\" frameborder=\"0\" allowfullscreen=\"allowfullscreen\"><\/iframe><\/p>\n<p>3. The little red hen-scene 1<\/p>\n<p><iframe loading=\"lazy\" src=\"https:\/\/www.youtube.com\/embed\/R3mqriQIm7E\" width=\"560\" height=\"315\" frameborder=\"0\" allowfullscreen=\"allowfullscreen\"><\/iframe><\/p>\n<p><strong>Medi (Infantil, Segon i Sis\u00e8 de prim\u00e0ria)<\/strong><\/p>\n<p>Animals (2n)<\/p>\n<p>[youtube]https:\/\/youtu.be\/qjriTSL1kGI[\/youtube]<\/p>\n<p>Simple machines (6\u00e8)<\/p>\n<p>[youtube]https:\/\/youtu.be\/NiPIgZSYISw[\/youtube]<\/p>\n<p>La resta de v\u00eddeos, <a href=\"https:\/\/www.youtube.com\/watch?v=YiLHZiOtZrY&amp;list=PLCGyRWA2ezYtGzJxarCeh3p3Q-lCb7Tct\"><strong>aqu\u00ed<\/strong><\/a>.<\/p>\n<p><strong>C\u00e0lcul (Cicle Inicial i Cinqu\u00e8)<\/strong><\/p>\n<p>&nbsp;<\/p>\n<p>Aqu\u00ed teniu un exemple del curs 2016-17. Street art (Cicle mitj\u00e0)<\/p>\n<p><iframe loading=\"lazy\" src=\"https:\/\/www.youtube.com\/embed\/HEuTbPxPlZ8\" width=\"560\" height=\"315\" frameborder=\"0\" allowfullscreen=\"allowfullscreen\"><\/iframe><\/p>\n<p>&nbsp;<\/p>\n","protected":false},"excerpt":{"rendered":"<p>Per a la millora de la compet\u00e8ncia comunicativa dels i les alumnes en llengua anglesa, l&#8217;escola participa en el programa GEP (grup experimental pluriling\u00fce) El programa t\u00e9 una duraci\u00f3 de 3 cursos en els quals, durant dos cursos, dos mestres reben formaci\u00f3 i l&#8217;escola rep assessorament del servei de lleng\u00fces i d&#8217;inspecci\u00f3. Des de l&#8217;escola, [&hellip;]<\/p>\n","protected":false},"author":3,"featured_media":0,"parent":990,"menu_order":0,"comment_status":"closed","ping_status":"closed","template":"page-templates\/side-menu.php","meta":{"_bbp_topic_count":0,"_bbp_reply_count":0,"_bbp_total_topic_count":0,"_bbp_total_reply_count":0,"_bbp_voice_count":0,"_bbp_anonymous_reply_count":0,"_bbp_topic_count_hidden":0,"_bbp_reply_count_hidden":0,"_bbp_forum_subforum_count":0,"site-sidebar-layout":"default","site-content-layout":"","ast-site-content-layout":"","site-content-style":"default","site-sidebar-style":"default","ast-global-header-display":"","ast-banner-title-visibility":"","ast-main-header-display":"","ast-hfb-above-header-display":"","ast-hfb-below-header-display":"","ast-hfb-mobile-header-display":"","site-post-title":"","ast-breadcrumbs-content":"","ast-featured-img":"","footer-sml-layout":"","theme-transparent-header-meta":"","adv-header-id-meta":"","stick-header-meta":"","header-above-stick-meta":"","header-main-stick-meta":"","header-below-stick-meta":"","astra-migrate-meta-layouts":"default","ast-page-background-enabled":"default","ast-page-background-meta":{"desktop":{"background-color":"var(--ast-global-color-4)","background-image":"","background-repeat":"repeat","background-position":"center center","background-size":"auto","background-attachment":"scroll","background-type":"","background-media":"","overlay-type":"","overlay-color":"","overlay-opacity":"","overlay-gradient":""},"tablet":{"background-color":"","background-image":"","background-repeat":"repeat","background-position":"center center","background-size":"auto","background-attachment":"scroll","background-type":"","background-media":"","overlay-type":"","overlay-color":"","overlay-opacity":"","overlay-gradient":""},"mobile":{"background-color":"","background-image":"","background-repeat":"repeat","background-position":"center center","background-size":"auto","background-attachment":"scroll","background-type":"","background-media":"","overlay-type":"","overlay-color":"","overlay-opacity":"","overlay-gradient":""}},"ast-content-background-meta":{"desktop":{"background-color":"var(--ast-global-color-5)","background-image":"","background-repeat":"repeat","background-position":"center center","background-size":"auto","background-attachment":"scroll","background-type":"","background-media":"","overlay-type":"","overlay-color":"","overlay-opacity":"","overlay-gradient":""},"tablet":{"background-color":"var(--ast-global-color-5)","background-image":"","background-repeat":"repeat","background-position":"center center","background-size":"auto","background-attachment":"scroll","background-type":"","background-media":"","overlay-type":"","overlay-color":"","overlay-opacity":"","overlay-gradient":""},"mobile":{"background-color":"var(--ast-global-color-5)","background-image":"","background-repeat":"repeat","background-position":"center center","background-size":"auto","background-attachment":"scroll","background-type":"","background-media":"","overlay-type":"","overlay-color":"","overlay-opacity":"","overlay-gradient":""}},"footnotes":""},"class_list":["post-995","page","type-page","status-publish","hentry"],"post_mailing_queue_ids":[],"_links":{"self":[{"href":"https:\/\/agora.xtec.cat\/escolasagfamcaldetes\/wp-json\/wp\/v2\/pages\/995","targetHints":{"allow":["GET"]}}],"collection":[{"href":"https:\/\/agora.xtec.cat\/escolasagfamcaldetes\/wp-json\/wp\/v2\/pages"}],"about":[{"href":"https:\/\/agora.xtec.cat\/escolasagfamcaldetes\/wp-json\/wp\/v2\/types\/page"}],"author":[{"embeddable":true,"href":"https:\/\/agora.xtec.cat\/escolasagfamcaldetes\/wp-json\/wp\/v2\/users\/3"}],"replies":[{"embeddable":true,"href":"https:\/\/agora.xtec.cat\/escolasagfamcaldetes\/wp-json\/wp\/v2\/comments?post=995"}],"version-history":[{"count":2,"href":"https:\/\/agora.xtec.cat\/escolasagfamcaldetes\/wp-json\/wp\/v2\/pages\/995\/revisions"}],"predecessor-version":[{"id":1028,"href":"https:\/\/agora.xtec.cat\/escolasagfamcaldetes\/wp-json\/wp\/v2\/pages\/995\/revisions\/1028"}],"up":[{"embeddable":true,"href":"https:\/\/agora.xtec.cat\/escolasagfamcaldetes\/wp-json\/wp\/v2\/pages\/990"}],"wp:attachment":[{"href":"https:\/\/agora.xtec.cat\/escolasagfamcaldetes\/wp-json\/wp\/v2\/media?parent=995"}],"curies":[{"name":"wp","href":"https:\/\/api.w.org\/{rel}","templated":true}]}}