{"id":994,"date":"2022-02-22T09:40:03","date_gmt":"2022-02-22T08:40:03","guid":{"rendered":"https:\/\/agora.xtec.cat\/escolasagfamcaldetes\/?page_id=994"},"modified":"2024-12-16T16:05:36","modified_gmt":"2024-12-16T15:05:36","slug":"projecte-del-pati","status":"publish","type":"page","link":"https:\/\/agora.xtec.cat\/escolasagfamcaldetes\/projecte-educatiu\/projectes-propis-de-lescola\/projecte-del-pati\/","title":{"rendered":"Projecte del pati"},"content":{"rendered":"<p>El projecte del pati entra dins de les accions que est\u00e0 realitzant l&#8217;escola per a transformar els entorns d&#8217;aprenentatge i fer-los m\u00e9s integradors i inclusius.<\/p>\n<p>El projecte del pati est\u00e0 liderat per la Comissi\u00f3 de Pati formada per mestres i mares de l&#8217;escola amb el recolzament de l&#8217;Ajuntament de Caldes d&#8217;Estrac.<\/p>\n<p>Fins ara, les accions dutes a termes s\u00f3n les seg\u00fcents:<\/p>\n<ul style=\"list-style-type: square;\">\n<li>Xerrada amb la paisatgista Inara Hasanova.<\/li>\n<li>Creaci\u00f3 de la Comissi\u00f3 de pati.<\/li>\n<li>Treball d&#8217;an\u00e0lisi de l&#8217;espai del pati realitzat per l&#8217;alumnat de quart i sis\u00e8 de l&#8217;escola.<\/li>\n<li>Sol\u00b7licitud de subvenci\u00f3 a la Diputaci\u00f3 de Barcelona.<\/li>\n<li>Assessorament a la comissi\u00f3 de pati de la paisatgista Inara Hasanova.<\/li>\n<li>Compra de material (pedres, sorra, carretes, estris de jardineria i baguls) pel rac\u00f3 del pati.<\/li>\n<li>Creaci\u00f3 d&#8217;una illa al voltant del pi, naturalitzaci\u00f3 de les moreres del costat de l&#8217;entrada.<\/li>\n<li>Dotaci\u00f3 de taules de p\u00edcnic a l&#8217;illa del pi i plantes a la zona del sorral.<\/li>\n<\/ul>\n<p>Documentaci\u00f3 relacionada:<\/p>\n<p><strong>Projecte de pati<\/strong><\/p>\n<p><a href=\"http:\/\/blocs.xtec.cat\/escsagradafamiliadecaldesdestrac\/files\/2020\/01\/projecte-de-pati-ESF.pdf\">projecte de pati ESF<\/a><\/p>\n<p>Enguany, presentem el <strong>Projecte de Pati<\/strong> al Premi Ensenyament Fundaci\u00f3\u00a0 Cercle d&#8217;Economia 2020.<\/p>\n<p>&nbsp;<\/p>\n<p><img loading=\"lazy\" decoding=\"async\" class=\"alignnone size-medium wp-image-1106\" src=\"http:\/\/blocs.xtec.cat\/escsagradafamiliadecaldesdestrac\/files\/2019\/01\/da07674d-2bb1-4480-bcb8-6620cc90e74e-300x225.jpg\" alt=\"\" width=\"300\" height=\"225\" \/> <img loading=\"lazy\" decoding=\"async\" class=\"alignnone size-medium wp-image-1107\" src=\"http:\/\/blocs.xtec.cat\/escsagradafamiliadecaldesdestrac\/files\/2019\/01\/IMG_5424-300x225.jpg\" alt=\"\" width=\"300\" height=\"225\" \/><\/p>\n<p><img loading=\"lazy\" decoding=\"async\" class=\"alignnone size-medium wp-image-1110\" src=\"http:\/\/blocs.xtec.cat\/escsagradafamiliadecaldesdestrac\/files\/2019\/01\/pati16-225x300.jpeg\" alt=\"\" width=\"225\" height=\"300\" \/> \u00a0 \u00a0 \u00a0 \u00a0 \u00a0 \u00a0 \u00a0 \u00a0 \u00a0\u00a0 <img loading=\"lazy\" decoding=\"async\" class=\"alignnone size-medium wp-image-1111\" src=\"http:\/\/blocs.xtec.cat\/escsagradafamiliadecaldesdestrac\/files\/2019\/01\/pati7-300x225.jpeg\" alt=\"\" width=\"300\" height=\"225\" \/><\/p>\n<p><a href=\"http:\/\/blocs.xtec.cat\/escsagradafamiliadecaldesdestrac\/files\/2020\/01\/IMG_7033.jpg\"><img loading=\"lazy\" decoding=\"async\" class=\"wp-image-1514 alignleft\" src=\"http:\/\/blocs.xtec.cat\/escsagradafamiliadecaldesdestrac\/files\/2020\/01\/IMG_7033.jpg\" alt=\"\" width=\"600\" height=\"450\" \/><\/a><\/p>\n<p><a href=\"http:\/\/blocs.xtec.cat\/escsagradafamiliadecaldesdestrac\/files\/2020\/01\/IMG_7029.jpg\"><img loading=\"lazy\" decoding=\"async\" class=\"wp-image-1519 alignleft\" src=\"http:\/\/blocs.xtec.cat\/escsagradafamiliadecaldesdestrac\/files\/2020\/01\/IMG_7029.jpg\" alt=\"\" width=\"599\" height=\"449\" \/><\/a><\/p>\n<p><a href=\"http:\/\/blocs.xtec.cat\/escsagradafamiliadecaldesdestrac\/files\/2020\/01\/IMG_7030.jpg\"><img loading=\"lazy\" decoding=\"async\" class=\" wp-image-1520 alignleft\" src=\"http:\/\/blocs.xtec.cat\/escsagradafamiliadecaldesdestrac\/files\/2020\/01\/IMG_7030.jpg\" alt=\"\" width=\"595\" height=\"446\" \/><\/a><\/p>\n<p><a href=\"http:\/\/blocs.xtec.cat\/escsagradafamiliadecaldesdestrac\/files\/2019\/01\/IMG_7031.jpg\"><img loading=\"lazy\" decoding=\"async\" class=\" wp-image-1524 alignleft\" src=\"http:\/\/blocs.xtec.cat\/escsagradafamiliadecaldesdestrac\/files\/2019\/01\/IMG_7031.jpg\" alt=\"\" width=\"596\" height=\"447\" \/><\/a><\/p>\n<p>&nbsp;<\/p>\n<p>&nbsp;<\/p>\n<p>&nbsp;<\/p>\n<p>&nbsp;<\/p>\n<p>&nbsp;<\/p>\n<p>&nbsp;<\/p>\n<p>&nbsp;<\/p>\n<p>&nbsp;<\/p>\n<p>&nbsp;<\/p>\n","protected":false},"excerpt":{"rendered":"<p>El projecte del pati entra dins de les accions que est\u00e0 realitzant l&#8217;escola per a transformar els entorns d&#8217;aprenentatge i fer-los m\u00e9s integradors i inclusius. El projecte del pati est\u00e0 liderat per la Comissi\u00f3 de Pati formada per mestres i mares de l&#8217;escola amb el recolzament de l&#8217;Ajuntament de Caldes d&#8217;Estrac. Fins ara, les accions [&hellip;]<\/p>\n","protected":false},"author":3,"featured_media":0,"parent":986,"menu_order":0,"comment_status":"closed","ping_status":"closed","template":"page-templates\/side-menu.php","meta":{"_bbp_topic_count":0,"_bbp_reply_count":0,"_bbp_total_topic_count":0,"_bbp_total_reply_count":0,"_bbp_voice_count":0,"_bbp_anonymous_reply_count":0,"_bbp_topic_count_hidden":0,"_bbp_reply_count_hidden":0,"_bbp_forum_subforum_count":0,"site-sidebar-layout":"default","site-content-layout":"","ast-site-content-layout":"","site-content-style":"default","site-sidebar-style":"default","ast-global-header-display":"","ast-banner-title-visibility":"","ast-main-header-display":"","ast-hfb-above-header-display":"","ast-hfb-below-header-display":"","ast-hfb-mobile-header-display":"","site-post-title":"","ast-breadcrumbs-content":"","ast-featured-img":"","footer-sml-layout":"","theme-transparent-header-meta":"","adv-header-id-meta":"","stick-header-meta":"","header-above-stick-meta":"","header-main-stick-meta":"","header-below-stick-meta":"","astra-migrate-meta-layouts":"default","ast-page-background-enabled":"default","ast-page-background-meta":{"desktop":{"background-color":"var(--ast-global-color-4)","background-image":"","background-repeat":"repeat","background-position":"center center","background-size":"auto","background-attachment":"scroll","background-type":"","background-media":"","overlay-type":"","overlay-color":"","overlay-opacity":"","overlay-gradient":""},"tablet":{"background-color":"","background-image":"","background-repeat":"repeat","background-position":"center center","background-size":"auto","background-attachment":"scroll","background-type":"","background-media":"","overlay-type":"","overlay-color":"","overlay-opacity":"","overlay-gradient":""},"mobile":{"background-color":"","background-image":"","background-repeat":"repeat","background-position":"center center","background-size":"auto","background-attachment":"scroll","background-type":"","background-media":"","overlay-type":"","overlay-color":"","overlay-opacity":"","overlay-gradient":""}},"ast-content-background-meta":{"desktop":{"background-color":"var(--ast-global-color-5)","background-image":"","background-repeat":"repeat","background-position":"center center","background-size":"auto","background-attachment":"scroll","background-type":"","background-media":"","overlay-type":"","overlay-color":"","overlay-opacity":"","overlay-gradient":""},"tablet":{"background-color":"var(--ast-global-color-5)","background-image":"","background-repeat":"repeat","background-position":"center center","background-size":"auto","background-attachment":"scroll","background-type":"","background-media":"","overlay-type":"","overlay-color":"","overlay-opacity":"","overlay-gradient":""},"mobile":{"background-color":"var(--ast-global-color-5)","background-image":"","background-repeat":"repeat","background-position":"center center","background-size":"auto","background-attachment":"scroll","background-type":"","background-media":"","overlay-type":"","overlay-color":"","overlay-opacity":"","overlay-gradient":""}},"footnotes":""},"class_list":["post-994","page","type-page","status-publish","hentry"],"post_mailing_queue_ids":[],"_links":{"self":[{"href":"https:\/\/agora.xtec.cat\/escolasagfamcaldetes\/wp-json\/wp\/v2\/pages\/994","targetHints":{"allow":["GET"]}}],"collection":[{"href":"https:\/\/agora.xtec.cat\/escolasagfamcaldetes\/wp-json\/wp\/v2\/pages"}],"about":[{"href":"https:\/\/agora.xtec.cat\/escolasagfamcaldetes\/wp-json\/wp\/v2\/types\/page"}],"author":[{"embeddable":true,"href":"https:\/\/agora.xtec.cat\/escolasagfamcaldetes\/wp-json\/wp\/v2\/users\/3"}],"replies":[{"embeddable":true,"href":"https:\/\/agora.xtec.cat\/escolasagfamcaldetes\/wp-json\/wp\/v2\/comments?post=994"}],"version-history":[{"count":3,"href":"https:\/\/agora.xtec.cat\/escolasagfamcaldetes\/wp-json\/wp\/v2\/pages\/994\/revisions"}],"predecessor-version":[{"id":1032,"href":"https:\/\/agora.xtec.cat\/escolasagfamcaldetes\/wp-json\/wp\/v2\/pages\/994\/revisions\/1032"}],"up":[{"embeddable":true,"href":"https:\/\/agora.xtec.cat\/escolasagfamcaldetes\/wp-json\/wp\/v2\/pages\/986"}],"wp:attachment":[{"href":"https:\/\/agora.xtec.cat\/escolasagfamcaldetes\/wp-json\/wp\/v2\/media?parent=994"}],"curies":[{"name":"wp","href":"https:\/\/api.w.org\/{rel}","templated":true}]}}