{"id":962,"date":"2022-02-14T12:10:00","date_gmt":"2022-02-14T11:10:00","guid":{"rendered":"https:\/\/agora.xtec.cat\/escolasagfamcaldetes\/?page_id=962"},"modified":"2025-10-06T14:07:52","modified_gmt":"2025-10-06T12:07:52","slug":"lequip-directiu","status":"publish","type":"page","link":"https:\/\/agora.xtec.cat\/escolasagfamcaldetes\/historia\/lequip-directiu\/","title":{"rendered":"L&#8217;equip directiu"},"content":{"rendered":"<p>Curr\u00edculum de <a href=\"https:\/\/agora.xtec.cat\/escolasagfamcaldetes\/wp-content\/uploads\/usu2406\/2022\/09\/Xavi-Rosell.pdf\" target=\"_blank\" rel=\"noopener\">Xavi Rosell<\/a>, Director. Horari d&#8217;atenci\u00f3 a les fam\u00edlies, dimarts i dijous de 9 a 10h (amb cita pr\u00e8via)<\/p>\n<p>Curr\u00edculum de <a href=\"https:\/\/agora.xtec.cat\/escolasagfamcaldetes\/wp-content\/uploads\/usu2406\/2024\/04\/curriculum_sonia-1.pdf\" target=\"_blank\" rel=\"noopener\">S\u00f2nia Gonz\u00e1lez<\/a>, Cap d&#8217;estudis. Horari d&#8217;atenci\u00f3 a les fam\u00edlies, d\u00edjous de 9 a 10h (amb cita pr\u00e8via)<\/p>\n<p>Curr\u00edculum d&#8217;<a href=\"https:\/\/agora.xtec.cat\/escolasagfamcaldetes\/wp-content\/uploads\/usu2406\/2022\/02\/Curriculum_Amalia_Gonzalez.pdf\" target=\"_blank\" rel=\"noopener\">Am\u00e0lia Gonz\u00e1lez<\/a>, Secret\u00e0ria. Horari d&#8217;atenci\u00f3 a les fam\u00edlies, dimarts de 9 a 10h (amb cita pr\u00e8via)<\/p>\n<p><a href=\"https:\/\/agora.xtec.cat\/escolasagfamcaldetes\/wp-content\/uploads\/usu2406\/2025\/10\/Cartell-atencio-a-les-families.jpg\"><img loading=\"lazy\" decoding=\"async\" class=\"size-large wp-image-2093 aligncenter\" src=\"https:\/\/agora.xtec.cat\/escolasagfamcaldetes\/wp-content\/uploads\/usu2406\/2025\/10\/Cartell-atencio-a-les-families-724x1024.jpg\" alt=\"\" width=\"724\" height=\"1024\" srcset=\"https:\/\/agora.xtec.cat\/escolasagfamcaldetes\/wp-content\/uploads\/usu2406\/2025\/10\/Cartell-atencio-a-les-families-724x1024.jpg 724w, https:\/\/agora.xtec.cat\/escolasagfamcaldetes\/wp-content\/uploads\/usu2406\/2025\/10\/Cartell-atencio-a-les-families-212x300.jpg 212w, https:\/\/agora.xtec.cat\/escolasagfamcaldetes\/wp-content\/uploads\/usu2406\/2025\/10\/Cartell-atencio-a-les-families-768x1086.jpg 768w, https:\/\/agora.xtec.cat\/escolasagfamcaldetes\/wp-content\/uploads\/usu2406\/2025\/10\/Cartell-atencio-a-les-families-1086x1536.jpg 1086w, https:\/\/agora.xtec.cat\/escolasagfamcaldetes\/wp-content\/uploads\/usu2406\/2025\/10\/Cartell-atencio-a-les-families-1448x2048.jpg 1448w, https:\/\/agora.xtec.cat\/escolasagfamcaldetes\/wp-content\/uploads\/usu2406\/2025\/10\/Cartell-atencio-a-les-families.jpg 1587w\" sizes=\"auto, (max-width: 724px) 100vw, 724px\" \/><\/a><\/p>\n","protected":false},"excerpt":{"rendered":"<p>Curr\u00edculum de Xavi Rosell, Director. Horari d&#8217;atenci\u00f3 a les fam\u00edlies, dimarts i dijous de 9 a 10h (amb cita pr\u00e8via) Curr\u00edculum de S\u00f2nia Gonz\u00e1lez, Cap d&#8217;estudis. Horari d&#8217;atenci\u00f3 a les fam\u00edlies, d\u00edjous de 9 a 10h (amb cita pr\u00e8via) Curr\u00edculum d&#8217;Am\u00e0lia Gonz\u00e1lez, Secret\u00e0ria. Horari d&#8217;atenci\u00f3 a les fam\u00edlies, dimarts de 9 a 10h (amb cita [&hellip;]<\/p>\n","protected":false},"author":3,"featured_media":0,"parent":26,"menu_order":0,"comment_status":"closed","ping_status":"closed","template":"page-templates\/side-menu.php","meta":{"_bbp_topic_count":0,"_bbp_reply_count":0,"_bbp_total_topic_count":0,"_bbp_total_reply_count":0,"_bbp_voice_count":0,"_bbp_anonymous_reply_count":0,"_bbp_topic_count_hidden":0,"_bbp_reply_count_hidden":0,"_bbp_forum_subforum_count":0,"site-sidebar-layout":"default","site-content-layout":"","ast-site-content-layout":"","site-content-style":"default","site-sidebar-style":"default","ast-global-header-display":"","ast-banner-title-visibility":"","ast-main-header-display":"","ast-hfb-above-header-display":"","ast-hfb-below-header-display":"","ast-hfb-mobile-header-display":"","site-post-title":"","ast-breadcrumbs-content":"","ast-featured-img":"","footer-sml-layout":"","theme-transparent-header-meta":"","adv-header-id-meta":"","stick-header-meta":"","header-above-stick-meta":"","header-main-stick-meta":"","header-below-stick-meta":"","astra-migrate-meta-layouts":"default","ast-page-background-enabled":"default","ast-page-background-meta":{"desktop":{"background-color":"var(--ast-global-color-4)","background-image":"","background-repeat":"repeat","background-position":"center center","background-size":"auto","background-attachment":"scroll","background-type":"","background-media":"","overlay-type":"","overlay-color":"","overlay-opacity":"","overlay-gradient":""},"tablet":{"background-color":"","background-image":"","background-repeat":"repeat","background-position":"center center","background-size":"auto","background-attachment":"scroll","background-type":"","background-media":"","overlay-type":"","overlay-color":"","overlay-opacity":"","overlay-gradient":""},"mobile":{"background-color":"","background-image":"","background-repeat":"repeat","background-position":"center center","background-size":"auto","background-attachment":"scroll","background-type":"","background-media":"","overlay-type":"","overlay-color":"","overlay-opacity":"","overlay-gradient":""}},"ast-content-background-meta":{"desktop":{"background-color":"var(--ast-global-color-5)","background-image":"","background-repeat":"repeat","background-position":"center center","background-size":"auto","background-attachment":"scroll","background-type":"","background-media":"","overlay-type":"","overlay-color":"","overlay-opacity":"","overlay-gradient":""},"tablet":{"background-color":"var(--ast-global-color-5)","background-image":"","background-repeat":"repeat","background-position":"center center","background-size":"auto","background-attachment":"scroll","background-type":"","background-media":"","overlay-type":"","overlay-color":"","overlay-opacity":"","overlay-gradient":""},"mobile":{"background-color":"var(--ast-global-color-5)","background-image":"","background-repeat":"repeat","background-position":"center center","background-size":"auto","background-attachment":"scroll","background-type":"","background-media":"","overlay-type":"","overlay-color":"","overlay-opacity":"","overlay-gradient":""}},"footnotes":""},"class_list":["post-962","page","type-page","status-publish","hentry"],"post_mailing_queue_ids":[],"_links":{"self":[{"href":"https:\/\/agora.xtec.cat\/escolasagfamcaldetes\/wp-json\/wp\/v2\/pages\/962","targetHints":{"allow":["GET"]}}],"collection":[{"href":"https:\/\/agora.xtec.cat\/escolasagfamcaldetes\/wp-json\/wp\/v2\/pages"}],"about":[{"href":"https:\/\/agora.xtec.cat\/escolasagfamcaldetes\/wp-json\/wp\/v2\/types\/page"}],"author":[{"embeddable":true,"href":"https:\/\/agora.xtec.cat\/escolasagfamcaldetes\/wp-json\/wp\/v2\/users\/3"}],"replies":[{"embeddable":true,"href":"https:\/\/agora.xtec.cat\/escolasagfamcaldetes\/wp-json\/wp\/v2\/comments?post=962"}],"version-history":[{"count":6,"href":"https:\/\/agora.xtec.cat\/escolasagfamcaldetes\/wp-json\/wp\/v2\/pages\/962\/revisions"}],"predecessor-version":[{"id":2096,"href":"https:\/\/agora.xtec.cat\/escolasagfamcaldetes\/wp-json\/wp\/v2\/pages\/962\/revisions\/2096"}],"up":[{"embeddable":true,"href":"https:\/\/agora.xtec.cat\/escolasagfamcaldetes\/wp-json\/wp\/v2\/pages\/26"}],"wp:attachment":[{"href":"https:\/\/agora.xtec.cat\/escolasagfamcaldetes\/wp-json\/wp\/v2\/media?parent=962"}],"curies":[{"name":"wp","href":"https:\/\/api.w.org\/{rel}","templated":true}]}}