{"id":945,"date":"2022-02-14T09:43:03","date_gmt":"2022-02-14T08:43:03","guid":{"rendered":"https:\/\/agora.xtec.cat\/escolasagfamcaldetes\/?page_id=945"},"modified":"2026-03-26T16:12:48","modified_gmt":"2026-03-26T15:12:48","slug":"acords-curs-22-23","status":"publish","type":"page","link":"https:\/\/agora.xtec.cat\/escolasagfamcaldetes\/lescola\/consell-escolar\/acords-curs-22-23\/","title":{"rendered":"Acords curs 2025-26"},"content":{"rendered":"<p><a href=\"https:\/\/agora.xtec.cat\/escolasagfamcaldetes\/wp-content\/uploads\/usu2406\/2026\/03\/Consell-certificat-acords-5.pdf\" target=\"_blank\" rel=\"noopener\">Reuni\u00f3 CE 240326<\/a><\/p>\n<p><a href=\"https:\/\/agora.xtec.cat\/escolasagfamcaldetes\/wp-content\/uploads\/usu2406\/2026\/02\/Consell-certificat-acords-3.pdf\" target=\"_blank\" rel=\"noopener\">Reuni\u00f3 CE 021225<\/a><\/p>\n<p><a href=\"https:\/\/agora.xtec.cat\/escolasagfamcaldetes\/wp-content\/uploads\/usu2406\/2026\/02\/Consell-certificat-acords-4.pdf\" target=\"_blank\" rel=\"noopener\">Reuni\u00f3 CE 290126<\/a><\/p>\n<p><a href=\"https:\/\/agora.xtec.cat\/escolasagfamcaldetes\/wp-content\/uploads\/usu2406\/2025\/11\/Acords_CE_26_09_25.pdf\" target=\"_blank\" rel=\"noopener\">Reuni\u00f3 CE 26\/09\/25<\/a><\/p>\n<p><a href=\"https:\/\/agora.xtec.cat\/escolasagfamcaldetes\/wp-content\/uploads\/usu2406\/2025\/11\/Acords_CE_28_10_25.pdf\" target=\"_blank\" rel=\"noopener\">Reuni\u00f3 CE 28\/10\/25<\/a><\/p>\n<p><strong>CURS 2024-25<\/strong><\/p>\n<p><a href=\"https:\/\/agora.xtec.cat\/escolasagfamcaldetes\/wp-content\/uploads\/usu2406\/2025\/07\/Acords_CE_6.pdf\" target=\"_blank\" rel=\"noopener\">Reuni\u00f3 CE 25\/06\/25<\/a><\/p>\n<p><a href=\"https:\/\/agora.xtec.cat\/escolasagfamcaldetes\/wp-content\/uploads\/usu2406\/2025\/06\/Acords-CE-5.pdf\" target=\"_blank\" rel=\"noopener\">Reuni\u00f3 CE 29\/05\/25<\/a><\/p>\n<p><a href=\"https:\/\/agora.xtec.cat\/escolasagfamcaldetes\/wp-content\/uploads\/usu2406\/2025\/04\/ACORDS_CE_17_3_25.pdf\" target=\"_blank\" rel=\"noopener\">Reuni\u00f3 CE 17\/03\/25<\/a><\/p>\n<p><a href=\"https:\/\/agora.xtec.cat\/escolasagfamcaldetes\/wp-content\/uploads\/usu2406\/2024\/12\/Acords-260924.pdf\">Reuni\u00f3 CE 26\/09\/24<\/a><\/p>\n<p><a href=\"https:\/\/agora.xtec.cat\/escolasagfamcaldetes\/wp-content\/uploads\/usu2406\/2024\/12\/Acords-151024.pdf\"> Reuni\u00f3 CE 15\/10\/24<\/a><\/p>\n<p><a href=\"https:\/\/agora.xtec.cat\/escolasagfamcaldetes\/wp-content\/uploads\/usu2406\/2025\/02\/CE_29_01_25.pdf\" target=\"_blank\" rel=\"noopener\">Reuni\u00f3 CE 29\/01\/25<\/a><\/p>\n<p><strong>CURS 2023-24<\/strong><\/p>\n<p><a href=\"https:\/\/agora.xtec.cat\/escolasagfamcaldetes\/wp-content\/uploads\/usu2406\/2024\/02\/ACORDS-CE-3_10_23.pdf\">Reuni\u00f3 CE 3\/10\/2023<\/a><\/p>\n<p><a href=\"https:\/\/agora.xtec.cat\/escolasagfamcaldetes\/wp-content\/uploads\/usu2406\/2024\/02\/ACORDS-CE-7_11_23.pdf\">Reuni\u00f3 CE 7\/11\/2023<\/a><\/p>\n<p><a href=\"https:\/\/agora.xtec.cat\/escolasagfamcaldetes\/wp-content\/uploads\/usu2406\/2024\/02\/ACORDS-CE-12_12_23.pdf\">Reuni\u00f3 CE 12\/12\/2023<\/a><\/p>\n<p><a href=\"https:\/\/agora.xtec.cat\/escolasagfamcaldetes\/wp-content\/uploads\/usu2406\/2024\/02\/ACORDS-CE-30_01_2024.pdf\">Reuni\u00f3 CE 30\/01\/2024<\/a><\/p>\n<p><a href=\"https:\/\/agora.xtec.cat\/escolasagfamcaldetes\/wp-content\/uploads\/usu2406\/2024\/05\/CE_21_3_24.pdf\">Reuni\u00f3 CE 21\/03\/2024<\/a><\/p>\n<p><a href=\"https:\/\/agora.xtec.cat\/escolasagfamcaldetes\/wp-content\/uploads\/usu2406\/2024\/05\/CE_18_4_24.pdf\">Reuni\u00f3 CE 18\/04\/2024<\/a><\/p>\n<p><a href=\"https:\/\/agora.xtec.cat\/escolasagfamcaldetes\/wp-content\/uploads\/usu2406\/2024\/05\/CE_30_4_24.pdf\">Reuni\u00f3 CE 30\/04\/2024<\/a><\/p>\n<p><a href=\"https:\/\/agora.xtec.cat\/escolasagfamcaldetes\/wp-content\/uploads\/usu2406\/2024\/07\/Acords-CE-20-5-24.pdf\">Reuni\u00f3 CE 20\/05\/2024<\/a><\/p>\n<p><a href=\"https:\/\/agora.xtec.cat\/escolasagfamcaldetes\/wp-content\/uploads\/usu2406\/2024\/07\/Acords-CE-4-6-24.pdf\">Reuni\u00f3 CE 4\/6\/2024<\/a><\/p>\n<p><a href=\"https:\/\/agora.xtec.cat\/escolasagfamcaldetes\/wp-content\/uploads\/usu2406\/2024\/07\/Acords-CE-27-6-24.pdf\">Reuni\u00f3 CE 27\/6\/2024<\/a><\/p>\n<p>&nbsp;<\/p>\n","protected":false},"excerpt":{"rendered":"<p>Reuni\u00f3 CE 240326 Reuni\u00f3 CE 021225 Reuni\u00f3 CE 290126 Reuni\u00f3 CE 26\/09\/25 Reuni\u00f3 CE 28\/10\/25 CURS 2024-25 Reuni\u00f3 CE 25\/06\/25 Reuni\u00f3 CE 29\/05\/25 Reuni\u00f3 CE 17\/03\/25 Reuni\u00f3 CE 26\/09\/24 Reuni\u00f3 CE 15\/10\/24 Reuni\u00f3 CE 29\/01\/25 CURS 2023-24 Reuni\u00f3 CE 3\/10\/2023 Reuni\u00f3 CE 7\/11\/2023 Reuni\u00f3 CE 12\/12\/2023 Reuni\u00f3 CE 30\/01\/2024 Reuni\u00f3 CE 21\/03\/2024 Reuni\u00f3 CE 18\/04\/2024 [&hellip;]<\/p>\n","protected":false},"author":3,"featured_media":0,"parent":28,"menu_order":0,"comment_status":"closed","ping_status":"closed","template":"","meta":{"_bbp_topic_count":0,"_bbp_reply_count":0,"_bbp_total_topic_count":0,"_bbp_total_reply_count":0,"_bbp_voice_count":0,"_bbp_anonymous_reply_count":0,"_bbp_topic_count_hidden":0,"_bbp_reply_count_hidden":0,"_bbp_forum_subforum_count":0,"site-sidebar-layout":"default","site-content-layout":"","ast-site-content-layout":"default","site-content-style":"default","site-sidebar-style":"default","ast-global-header-display":"","ast-banner-title-visibility":"","ast-main-header-display":"","ast-hfb-above-header-display":"","ast-hfb-below-header-display":"","ast-hfb-mobile-header-display":"","site-post-title":"","ast-breadcrumbs-content":"","ast-featured-img":"","footer-sml-layout":"","theme-transparent-header-meta":"default","adv-header-id-meta":"","stick-header-meta":"","header-above-stick-meta":"","header-main-stick-meta":"","header-below-stick-meta":"","astra-migrate-meta-layouts":"set","ast-page-background-enabled":"default","ast-page-background-meta":{"desktop":{"background-color":"var(--ast-global-color-4)","background-image":"","background-repeat":"repeat","background-position":"center center","background-size":"auto","background-attachment":"scroll","background-type":"","background-media":"","overlay-type":"","overlay-color":"","overlay-opacity":"","overlay-gradient":""},"tablet":{"background-color":"","background-image":"","background-repeat":"repeat","background-position":"center center","background-size":"auto","background-attachment":"scroll","background-type":"","background-media":"","overlay-type":"","overlay-color":"","overlay-opacity":"","overlay-gradient":""},"mobile":{"background-color":"","background-image":"","background-repeat":"repeat","background-position":"center center","background-size":"auto","background-attachment":"scroll","background-type":"","background-media":"","overlay-type":"","overlay-color":"","overlay-opacity":"","overlay-gradient":""}},"ast-content-background-meta":{"desktop":{"background-color":"var(--ast-global-color-5)","background-image":"","background-repeat":"repeat","background-position":"center center","background-size":"auto","background-attachment":"scroll","background-type":"","background-media":"","overlay-type":"","overlay-color":"","overlay-opacity":"","overlay-gradient":""},"tablet":{"background-color":"var(--ast-global-color-5)","background-image":"","background-repeat":"repeat","background-position":"center center","background-size":"auto","background-attachment":"scroll","background-type":"","background-media":"","overlay-type":"","overlay-color":"","overlay-opacity":"","overlay-gradient":""},"mobile":{"background-color":"var(--ast-global-color-5)","background-image":"","background-repeat":"repeat","background-position":"center center","background-size":"auto","background-attachment":"scroll","background-type":"","background-media":"","overlay-type":"","overlay-color":"","overlay-opacity":"","overlay-gradient":""}},"footnotes":""},"class_list":["post-945","page","type-page","status-publish","hentry"],"post_mailing_queue_ids":[],"_links":{"self":[{"href":"https:\/\/agora.xtec.cat\/escolasagfamcaldetes\/wp-json\/wp\/v2\/pages\/945","targetHints":{"allow":["GET"]}}],"collection":[{"href":"https:\/\/agora.xtec.cat\/escolasagfamcaldetes\/wp-json\/wp\/v2\/pages"}],"about":[{"href":"https:\/\/agora.xtec.cat\/escolasagfamcaldetes\/wp-json\/wp\/v2\/types\/page"}],"author":[{"embeddable":true,"href":"https:\/\/agora.xtec.cat\/escolasagfamcaldetes\/wp-json\/wp\/v2\/users\/3"}],"replies":[{"embeddable":true,"href":"https:\/\/agora.xtec.cat\/escolasagfamcaldetes\/wp-json\/wp\/v2\/comments?post=945"}],"version-history":[{"count":7,"href":"https:\/\/agora.xtec.cat\/escolasagfamcaldetes\/wp-json\/wp\/v2\/pages\/945\/revisions"}],"predecessor-version":[{"id":2205,"href":"https:\/\/agora.xtec.cat\/escolasagfamcaldetes\/wp-json\/wp\/v2\/pages\/945\/revisions\/2205"}],"up":[{"embeddable":true,"href":"https:\/\/agora.xtec.cat\/escolasagfamcaldetes\/wp-json\/wp\/v2\/pages\/28"}],"wp:attachment":[{"href":"https:\/\/agora.xtec.cat\/escolasagfamcaldetes\/wp-json\/wp\/v2\/media?parent=945"}],"curies":[{"name":"wp","href":"https:\/\/api.w.org\/{rel}","templated":true}]}}