{"id":9,"date":"2014-09-17T15:08:18","date_gmt":"2014-09-17T14:08:18","guid":{"rendered":"http:\/\/agora.xtec.cat\/escolasagfamcaldetes\/?page_id=9"},"modified":"2026-02-22T13:36:36","modified_gmt":"2026-02-22T12:36:36","slug":"pagina-dinici-buida","status":"publish","type":"page","link":"https:\/\/agora.xtec.cat\/escolasagfamcaldetes\/","title":{"rendered":"ACTUALITAT"},"content":{"rendered":"<h4>Finalistes escola al certamen de &#8220;Lectura en veu alta&#8221;<\/h4>\n<p>&nbsp;<\/p>\n<p><a href=\"https:\/\/agora.xtec.cat\/escolasagfamcaldetes\/wp-content\/uploads\/usu2406\/2026\/02\/WhatsApp-Image-2026-02-22-at-13.16.47-2.jpeg\"><img loading=\"lazy\" decoding=\"async\" class=\"wp-image-2183 alignleft\" src=\"https:\/\/agora.xtec.cat\/escolasagfamcaldetes\/wp-content\/uploads\/usu2406\/2026\/02\/WhatsApp-Image-2026-02-22-at-13.16.47-2-768x1024.jpeg\" alt=\"\" width=\"227\" height=\"303\" srcset=\"https:\/\/agora.xtec.cat\/escolasagfamcaldetes\/wp-content\/uploads\/usu2406\/2026\/02\/WhatsApp-Image-2026-02-22-at-13.16.47-2-768x1024.jpeg 768w, https:\/\/agora.xtec.cat\/escolasagfamcaldetes\/wp-content\/uploads\/usu2406\/2026\/02\/WhatsApp-Image-2026-02-22-at-13.16.47-2-225x300.jpeg 225w, https:\/\/agora.xtec.cat\/escolasagfamcaldetes\/wp-content\/uploads\/usu2406\/2026\/02\/WhatsApp-Image-2026-02-22-at-13.16.47-2-1152x1536.jpeg 1152w, https:\/\/agora.xtec.cat\/escolasagfamcaldetes\/wp-content\/uploads\/usu2406\/2026\/02\/WhatsApp-Image-2026-02-22-at-13.16.47-2.jpeg 1200w\" sizes=\"auto, (max-width: 227px) 100vw, 227px\" \/><\/a><a href=\"https:\/\/agora.xtec.cat\/escolasagfamcaldetes\/wp-content\/uploads\/usu2406\/2026\/02\/WhatsApp-Image-2026-02-22-at-13.16.48-3.jpeg\"><img loading=\"lazy\" decoding=\"async\" class=\"wp-image-2184 alignright\" src=\"https:\/\/agora.xtec.cat\/escolasagfamcaldetes\/wp-content\/uploads\/usu2406\/2026\/02\/WhatsApp-Image-2026-02-22-at-13.16.48-3-768x1024.jpeg\" alt=\"\" width=\"225\" height=\"300\" srcset=\"https:\/\/agora.xtec.cat\/escolasagfamcaldetes\/wp-content\/uploads\/usu2406\/2026\/02\/WhatsApp-Image-2026-02-22-at-13.16.48-3-768x1024.jpeg 768w, https:\/\/agora.xtec.cat\/escolasagfamcaldetes\/wp-content\/uploads\/usu2406\/2026\/02\/WhatsApp-Image-2026-02-22-at-13.16.48-3-225x300.jpeg 225w, https:\/\/agora.xtec.cat\/escolasagfamcaldetes\/wp-content\/uploads\/usu2406\/2026\/02\/WhatsApp-Image-2026-02-22-at-13.16.48-3-1152x1536.jpeg 1152w, https:\/\/agora.xtec.cat\/escolasagfamcaldetes\/wp-content\/uploads\/usu2406\/2026\/02\/WhatsApp-Image-2026-02-22-at-13.16.48-3.jpeg 1200w\" sizes=\"auto, (max-width: 225px) 100vw, 225px\" \/><\/a><\/p>\n<p><a href=\"https:\/\/agora.xtec.cat\/escolasagfamcaldetes\/wp-content\/uploads\/usu2406\/2026\/02\/WhatsApp-Image-2026-02-20-at-17.09.29.jpeg\"><img loading=\"lazy\" decoding=\"async\" class=\"wp-image-2182 aligncenter\" src=\"https:\/\/agora.xtec.cat\/escolasagfamcaldetes\/wp-content\/uploads\/usu2406\/2026\/02\/WhatsApp-Image-2026-02-20-at-17.09.29-768x1024.jpeg\" alt=\"\" width=\"264\" height=\"352\" srcset=\"https:\/\/agora.xtec.cat\/escolasagfamcaldetes\/wp-content\/uploads\/usu2406\/2026\/02\/WhatsApp-Image-2026-02-20-at-17.09.29-768x1024.jpeg 768w, https:\/\/agora.xtec.cat\/escolasagfamcaldetes\/wp-content\/uploads\/usu2406\/2026\/02\/WhatsApp-Image-2026-02-20-at-17.09.29-225x300.jpeg 225w, https:\/\/agora.xtec.cat\/escolasagfamcaldetes\/wp-content\/uploads\/usu2406\/2026\/02\/WhatsApp-Image-2026-02-20-at-17.09.29-1152x1536.jpeg 1152w, https:\/\/agora.xtec.cat\/escolasagfamcaldetes\/wp-content\/uploads\/usu2406\/2026\/02\/WhatsApp-Image-2026-02-20-at-17.09.29.jpeg 1200w\" sizes=\"auto, (max-width: 264px) 100vw, 264px\" \/><\/a><\/p>\n<p>L&#8217;alumnat de quart i cinqu\u00e8 de prim\u00e0ria ha participat a la fase local del certamen de &#8220;Lectura en veu alta&#8221;.<\/p>\n<p>Els finalistes van ser Leonard, Lucia, Baraa i Samantha de la classe de quart i Aya, Ada, Valentina, Helena, Sofia i Marina de les classes de cinqu\u00e8.<\/p>\n<p>El passat dimecres 17 de febrer es va dur a terme la fase local per a escollir els dos finalistes que participaran a la semifinal a Pineda. A la biblioteca, davant dels seus companys i companyes i amb l&#8217;atenci\u00f3 d&#8217;un jurat format per S\u00f2nia Gonz\u00e1lez, Am\u00e0lia Gonz\u00e1lez, Marta Gran\u00e9 i T\u00f2nia Vila, els finalistes van llegir un fragment dels llibres &#8220;Camila. La flauta m\u00e0gica&#8221; i &#8220;Wen i Long&#8221;.<\/p>\n<p>Despr\u00e9s d&#8217;unes intenses deliberacions, les finalistes s\u00f3n Samantha per la classe de quart i Marina per les classes de cinqu\u00e8.<\/p>\n<p><strong>FELICITATS A TOTHOM!<\/strong><\/p>\n<p>Per a m\u00e9s informaci\u00f3:<\/p>\n<p><a href=\"https:\/\/www.lecturaenveualta.cat\/\" target=\"_blank\" rel=\"noopener\"><img loading=\"lazy\" decoding=\"async\" class=\"alignnone size-full wp-image-2181\" src=\"https:\/\/agora.xtec.cat\/escolasagfamcaldetes\/wp-content\/uploads\/usu2406\/2026\/02\/lectura-en-veu-alta.png\" alt=\"\" width=\"300\" height=\"82\" \/><\/a><\/p>\n<p>&nbsp;<\/p>\n<p>&nbsp;<\/p>\n<p><a href=\"https:\/\/agora.xtec.cat\/escolasagfamcaldetes\/wp-content\/uploads\/usu2406\/2026\/02\/Manifest-de-la-pau-2026.jpg\"><img loading=\"lazy\" decoding=\"async\" class=\"alignnone size-large wp-image-2171\" src=\"https:\/\/agora.xtec.cat\/escolasagfamcaldetes\/wp-content\/uploads\/usu2406\/2026\/02\/Manifest-de-la-pau-2026-724x1024.jpg\" alt=\"\" width=\"724\" height=\"1024\" srcset=\"https:\/\/agora.xtec.cat\/escolasagfamcaldetes\/wp-content\/uploads\/usu2406\/2026\/02\/Manifest-de-la-pau-2026-724x1024.jpg 724w, https:\/\/agora.xtec.cat\/escolasagfamcaldetes\/wp-content\/uploads\/usu2406\/2026\/02\/Manifest-de-la-pau-2026-212x300.jpg 212w, https:\/\/agora.xtec.cat\/escolasagfamcaldetes\/wp-content\/uploads\/usu2406\/2026\/02\/Manifest-de-la-pau-2026-768x1086.jpg 768w, https:\/\/agora.xtec.cat\/escolasagfamcaldetes\/wp-content\/uploads\/usu2406\/2026\/02\/Manifest-de-la-pau-2026-1086x1536.jpg 1086w, https:\/\/agora.xtec.cat\/escolasagfamcaldetes\/wp-content\/uploads\/usu2406\/2026\/02\/Manifest-de-la-pau-2026.jpg 1241w\" sizes=\"auto, (max-width: 724px) 100vw, 724px\" \/><\/a><\/p>\n<p>&nbsp;<\/p>\n<p>&nbsp;<\/p>\n","protected":false},"excerpt":{"rendered":"<p>Finalistes escola al certamen de &#8220;Lectura en veu alta&#8221; &nbsp; L&#8217;alumnat de quart i cinqu\u00e8 de prim\u00e0ria ha participat a la fase local del certamen de &#8220;Lectura en veu alta&#8221;. Els finalistes van ser Leonard, Lucia, Baraa i Samantha de la classe de quart i Aya, Ada, Valentina, Helena, Sofia i Marina de les classes [&hellip;]<\/p>\n","protected":false},"author":1,"featured_media":0,"parent":7,"menu_order":0,"comment_status":"closed","ping_status":"closed","template":"","meta":{"_bbp_topic_count":0,"_bbp_reply_count":0,"_bbp_total_topic_count":0,"_bbp_total_reply_count":0,"_bbp_voice_count":0,"_bbp_anonymous_reply_count":0,"_bbp_topic_count_hidden":0,"_bbp_reply_count_hidden":0,"_bbp_forum_subforum_count":0,"site-sidebar-layout":"default","site-content-layout":"","ast-site-content-layout":"default","site-content-style":"default","site-sidebar-style":"default","ast-global-header-display":"","ast-banner-title-visibility":"","ast-main-header-display":"","ast-hfb-above-header-display":"","ast-hfb-below-header-display":"","ast-hfb-mobile-header-display":"","site-post-title":"","ast-breadcrumbs-content":"","ast-featured-img":"","footer-sml-layout":"","theme-transparent-header-meta":"default","adv-header-id-meta":"","stick-header-meta":"","header-above-stick-meta":"","header-main-stick-meta":"","header-below-stick-meta":"","astra-migrate-meta-layouts":"set","ast-page-background-enabled":"default","ast-page-background-meta":{"desktop":{"background-color":"var(--ast-global-color-4)","background-image":"","background-repeat":"repeat","background-position":"center center","background-size":"auto","background-attachment":"scroll","background-type":"","background-media":"","overlay-type":"","overlay-color":"","overlay-opacity":"","overlay-gradient":""},"tablet":{"background-color":"","background-image":"","background-repeat":"repeat","background-position":"center center","background-size":"auto","background-attachment":"scroll","background-type":"","background-media":"","overlay-type":"","overlay-color":"","overlay-opacity":"","overlay-gradient":""},"mobile":{"background-color":"","background-image":"","background-repeat":"repeat","background-position":"center center","background-size":"auto","background-attachment":"scroll","background-type":"","background-media":"","overlay-type":"","overlay-color":"","overlay-opacity":"","overlay-gradient":""}},"ast-content-background-meta":{"desktop":{"background-color":"var(--ast-global-color-5)","background-image":"","background-repeat":"repeat","background-position":"center center","background-size":"auto","background-attachment":"scroll","background-type":"","background-media":"","overlay-type":"","overlay-color":"","overlay-opacity":"","overlay-gradient":""},"tablet":{"background-color":"var(--ast-global-color-5)","background-image":"","background-repeat":"repeat","background-position":"center center","background-size":"auto","background-attachment":"scroll","background-type":"","background-media":"","overlay-type":"","overlay-color":"","overlay-opacity":"","overlay-gradient":""},"mobile":{"background-color":"var(--ast-global-color-5)","background-image":"","background-repeat":"repeat","background-position":"center center","background-size":"auto","background-attachment":"scroll","background-type":"","background-media":"","overlay-type":"","overlay-color":"","overlay-opacity":"","overlay-gradient":""}},"footnotes":""},"class_list":["post-9","page","type-page","status-publish","hentry"],"post_mailing_queue_ids":[],"_links":{"self":[{"href":"https:\/\/agora.xtec.cat\/escolasagfamcaldetes\/wp-json\/wp\/v2\/pages\/9","targetHints":{"allow":["GET"]}}],"collection":[{"href":"https:\/\/agora.xtec.cat\/escolasagfamcaldetes\/wp-json\/wp\/v2\/pages"}],"about":[{"href":"https:\/\/agora.xtec.cat\/escolasagfamcaldetes\/wp-json\/wp\/v2\/types\/page"}],"author":[{"embeddable":true,"href":"https:\/\/agora.xtec.cat\/escolasagfamcaldetes\/wp-json\/wp\/v2\/users\/1"}],"replies":[{"embeddable":true,"href":"https:\/\/agora.xtec.cat\/escolasagfamcaldetes\/wp-json\/wp\/v2\/comments?post=9"}],"version-history":[{"count":7,"href":"https:\/\/agora.xtec.cat\/escolasagfamcaldetes\/wp-json\/wp\/v2\/pages\/9\/revisions"}],"predecessor-version":[{"id":2186,"href":"https:\/\/agora.xtec.cat\/escolasagfamcaldetes\/wp-json\/wp\/v2\/pages\/9\/revisions\/2186"}],"up":[{"embeddable":true,"href":"https:\/\/agora.xtec.cat\/escolasagfamcaldetes\/wp-json\/wp\/v2\/pages\/7"}],"wp:attachment":[{"href":"https:\/\/agora.xtec.cat\/escolasagfamcaldetes\/wp-json\/wp\/v2\/media?parent=9"}],"curies":[{"name":"wp","href":"https:\/\/api.w.org\/{rel}","templated":true}]}}