{"id":2033,"date":"2025-05-14T15:22:51","date_gmt":"2025-05-14T13:22:51","guid":{"rendered":"https:\/\/agora.xtec.cat\/escolasagfamcaldetes\/?page_id=2033"},"modified":"2025-05-21T16:05:32","modified_gmt":"2025-05-21T14:05:32","slug":"llegir-en-familia","status":"publish","type":"page","link":"https:\/\/agora.xtec.cat\/escolasagfamcaldetes\/biblioteca\/llegir-en-familia\/","title":{"rendered":"Llegir en fam\u00edlia"},"content":{"rendered":"<p><strong>Llegir en fam\u00edlia<\/strong> \u00e9s una iniciativa per fomentar l&#8217;h\u00e0bit lector a casa. L\u2019aprenentatge de la lectura comen\u00e7a a l&#8217;<span class=\"il\">escola<\/span>, per\u00f2 els aut\u00e8ntics lectors i lectores, aquells que gaudeixen de veritat amb els llibres, es formen en l&#8217;\u00e0mbit familiar. Per aix\u00f2, \u00e9s essencial que les fam\u00edlies tamb\u00e9 hi tinguin un paper actiu.<\/p>\n<p>Us proposem un repte senzill:\u00a0<strong>dedicar 10 minuts diaris a la lectura compartida<\/strong>\u00a0amb els vostres fills i filles. Podeu triar el moment que millor s&#8217;adapti a la vostra rutina (abans o despr\u00e9s de sopar, abans d&#8217;anar a dormir, a l&#8217;hora de berenar&#8230;). L&#8217;objectiu \u00e9s gaudir junts de la lectura i convertir-la en un h\u00e0bit diari.<\/p>\n<p>Aquest projecte est\u00e0 obert a totes les fam\u00edlies, des d\u2019I3 fins a 6\u00e8.<\/p>\n<p>L&#8217;escola obre <strong>els divendres de 16 a 16:30h<\/strong> perqu\u00e8 pugueu venir a buscar llibres en pr\u00e9stec. La Marta Gran\u00e9, coordinadora de la biblioteca, us assessorar\u00e0 en la tria i gestionar\u00e0 els pr\u00e9stecs perqu\u00e8 us pugueu emportar llibres a casa.<\/p>\n<p><strong>Us animem a sumar-vos a aquesta iniciativa!<\/strong>\u00a0L\u2019<span class=\"il\">escola<\/span>, la societat i les fam\u00edlies hem de caminar plegats per ajudar els infants a descobrir el plaer de la lectura.<\/p>\n<p><strong>Som-hi!<\/strong><\/p>\n","protected":false},"excerpt":{"rendered":"<p>Llegir en fam\u00edlia \u00e9s una iniciativa per fomentar l&#8217;h\u00e0bit lector a casa. L\u2019aprenentatge de la lectura comen\u00e7a a l&#8217;escola, per\u00f2 els aut\u00e8ntics lectors i lectores, aquells que gaudeixen de veritat amb els llibres, es formen en l&#8217;\u00e0mbit familiar. Per aix\u00f2, \u00e9s essencial que les fam\u00edlies tamb\u00e9 hi tinguin un paper actiu. Us proposem un repte [&hellip;]<\/p>\n","protected":false},"author":4,"featured_media":0,"parent":1314,"menu_order":2,"comment_status":"closed","ping_status":"closed","template":"page-templates\/side-menu.php","meta":{"_bbp_topic_count":0,"_bbp_reply_count":0,"_bbp_total_topic_count":0,"_bbp_total_reply_count":0,"_bbp_voice_count":0,"_bbp_anonymous_reply_count":0,"_bbp_topic_count_hidden":0,"_bbp_reply_count_hidden":0,"_bbp_forum_subforum_count":0,"site-sidebar-layout":"default","site-content-layout":"","ast-site-content-layout":"","site-content-style":"default","site-sidebar-style":"default","ast-global-header-display":"","ast-banner-title-visibility":"","ast-main-header-display":"","ast-hfb-above-header-display":"","ast-hfb-below-header-display":"","ast-hfb-mobile-header-display":"","site-post-title":"","ast-breadcrumbs-content":"","ast-featured-img":"","footer-sml-layout":"","theme-transparent-header-meta":"","adv-header-id-meta":"","stick-header-meta":"","header-above-stick-meta":"","header-main-stick-meta":"","header-below-stick-meta":"","astra-migrate-meta-layouts":"default","ast-page-background-enabled":"default","ast-page-background-meta":{"desktop":{"background-color":"var(--ast-global-color-4)","background-image":"","background-repeat":"repeat","background-position":"center center","background-size":"auto","background-attachment":"scroll","background-type":"","background-media":"","overlay-type":"","overlay-color":"","overlay-opacity":"","overlay-gradient":""},"tablet":{"background-color":"","background-image":"","background-repeat":"repeat","background-position":"center center","background-size":"auto","background-attachment":"scroll","background-type":"","background-media":"","overlay-type":"","overlay-color":"","overlay-opacity":"","overlay-gradient":""},"mobile":{"background-color":"","background-image":"","background-repeat":"repeat","background-position":"center center","background-size":"auto","background-attachment":"scroll","background-type":"","background-media":"","overlay-type":"","overlay-color":"","overlay-opacity":"","overlay-gradient":""}},"ast-content-background-meta":{"desktop":{"background-color":"var(--ast-global-color-5)","background-image":"","background-repeat":"repeat","background-position":"center center","background-size":"auto","background-attachment":"scroll","background-type":"","background-media":"","overlay-type":"","overlay-color":"","overlay-opacity":"","overlay-gradient":""},"tablet":{"background-color":"var(--ast-global-color-5)","background-image":"","background-repeat":"repeat","background-position":"center center","background-size":"auto","background-attachment":"scroll","background-type":"","background-media":"","overlay-type":"","overlay-color":"","overlay-opacity":"","overlay-gradient":""},"mobile":{"background-color":"var(--ast-global-color-5)","background-image":"","background-repeat":"repeat","background-position":"center center","background-size":"auto","background-attachment":"scroll","background-type":"","background-media":"","overlay-type":"","overlay-color":"","overlay-opacity":"","overlay-gradient":""}},"footnotes":""},"class_list":["post-2033","page","type-page","status-publish","hentry"],"post_mailing_queue_ids":[],"_links":{"self":[{"href":"https:\/\/agora.xtec.cat\/escolasagfamcaldetes\/wp-json\/wp\/v2\/pages\/2033","targetHints":{"allow":["GET"]}}],"collection":[{"href":"https:\/\/agora.xtec.cat\/escolasagfamcaldetes\/wp-json\/wp\/v2\/pages"}],"about":[{"href":"https:\/\/agora.xtec.cat\/escolasagfamcaldetes\/wp-json\/wp\/v2\/types\/page"}],"author":[{"embeddable":true,"href":"https:\/\/agora.xtec.cat\/escolasagfamcaldetes\/wp-json\/wp\/v2\/users\/4"}],"replies":[{"embeddable":true,"href":"https:\/\/agora.xtec.cat\/escolasagfamcaldetes\/wp-json\/wp\/v2\/comments?post=2033"}],"version-history":[{"count":2,"href":"https:\/\/agora.xtec.cat\/escolasagfamcaldetes\/wp-json\/wp\/v2\/pages\/2033\/revisions"}],"predecessor-version":[{"id":2045,"href":"https:\/\/agora.xtec.cat\/escolasagfamcaldetes\/wp-json\/wp\/v2\/pages\/2033\/revisions\/2045"}],"up":[{"embeddable":true,"href":"https:\/\/agora.xtec.cat\/escolasagfamcaldetes\/wp-json\/wp\/v2\/pages\/1314"}],"wp:attachment":[{"href":"https:\/\/agora.xtec.cat\/escolasagfamcaldetes\/wp-json\/wp\/v2\/media?parent=2033"}],"curies":[{"name":"wp","href":"https:\/\/api.w.org\/{rel}","templated":true}]}}