{"id":2000,"date":"2025-03-27T10:57:59","date_gmt":"2025-03-27T09:57:59","guid":{"rendered":"https:\/\/agora.xtec.cat\/escolasagfamcaldetes\/?page_id=2000"},"modified":"2025-05-19T19:14:47","modified_gmt":"2025-05-19T17:14:47","slug":"mestres-especialistes","status":"publish","type":"page","link":"https:\/\/agora.xtec.cat\/escolasagfamcaldetes\/historia\/mestres-especialistes\/","title":{"rendered":"Mestres especialistes"},"content":{"rendered":"<p>Educaci\u00f3 f\u00edsica: Ra\u00fcl Borr\u00e0s<\/p>\n<p>Contacte: raulborras@escoladecaldetes.cat<\/p>\n<p>Atenci\u00f3 a la Diversitat: Nadia Velasco<\/p>\n<p>Contacte: nadiavelasco@escoladecaldetes.cat<\/p>\n<p>Aula d&#8217;acollida: Carla Gonz\u00e1lez<\/p>\n<p>Contacte:carlagonzalez@escoladecaldetes.cat<\/p>\n<p>Angl\u00e8s: Sara Osuna\/Nat\u00e0lia Mill\u00e1n<\/p>\n<p>Contacte: saraosuna@escoladecaldetes.cat<\/p>\n<p>nataliamillan@escoladecaldetes.cat<\/p>\n<p>M\u00fasica: Marta Gran\u00e9\/Xavi Rosell<\/p>\n<p>Contacte: martagrane@escoladecaldetes.cat<\/p>\n<p>xavirosell@escoladecaldetes.cat<\/p>\n<p>&nbsp;<\/p>\n<p>&nbsp;<\/p>\n","protected":false},"excerpt":{"rendered":"<p>Educaci\u00f3 f\u00edsica: Ra\u00fcl Borr\u00e0s Contacte: raulborras@escoladecaldetes.cat Atenci\u00f3 a la Diversitat: Nadia Velasco Contacte: nadiavelasco@escoladecaldetes.cat Aula d&#8217;acollida: Carla Gonz\u00e1lez Contacte:carlagonzalez@escoladecaldetes.cat Angl\u00e8s: Sara Osuna\/Nat\u00e0lia Mill\u00e1n Contacte: saraosuna@escoladecaldetes.cat nataliamillan@escoladecaldetes.cat M\u00fasica: Marta Gran\u00e9\/Xavi Rosell Contacte: martagrane@escoladecaldetes.cat xavirosell@escoladecaldetes.cat &nbsp; &nbsp;<\/p>\n","protected":false},"author":4,"featured_media":0,"parent":26,"menu_order":7,"comment_status":"closed","ping_status":"closed","template":"page-templates\/side-menu.php","meta":{"_bbp_topic_count":0,"_bbp_reply_count":0,"_bbp_total_topic_count":0,"_bbp_total_reply_count":0,"_bbp_voice_count":0,"_bbp_anonymous_reply_count":0,"_bbp_topic_count_hidden":0,"_bbp_reply_count_hidden":0,"_bbp_forum_subforum_count":0,"site-sidebar-layout":"default","site-content-layout":"","ast-site-content-layout":"","site-content-style":"default","site-sidebar-style":"default","ast-global-header-display":"","ast-banner-title-visibility":"","ast-main-header-display":"","ast-hfb-above-header-display":"","ast-hfb-below-header-display":"","ast-hfb-mobile-header-display":"","site-post-title":"","ast-breadcrumbs-content":"","ast-featured-img":"","footer-sml-layout":"","theme-transparent-header-meta":"","adv-header-id-meta":"","stick-header-meta":"","header-above-stick-meta":"","header-main-stick-meta":"","header-below-stick-meta":"","astra-migrate-meta-layouts":"default","ast-page-background-enabled":"default","ast-page-background-meta":{"desktop":{"background-color":"var(--ast-global-color-4)","background-image":"","background-repeat":"repeat","background-position":"center center","background-size":"auto","background-attachment":"scroll","background-type":"","background-media":"","overlay-type":"","overlay-color":"","overlay-opacity":"","overlay-gradient":""},"tablet":{"background-color":"","background-image":"","background-repeat":"repeat","background-position":"center center","background-size":"auto","background-attachment":"scroll","background-type":"","background-media":"","overlay-type":"","overlay-color":"","overlay-opacity":"","overlay-gradient":""},"mobile":{"background-color":"","background-image":"","background-repeat":"repeat","background-position":"center center","background-size":"auto","background-attachment":"scroll","background-type":"","background-media":"","overlay-type":"","overlay-color":"","overlay-opacity":"","overlay-gradient":""}},"ast-content-background-meta":{"desktop":{"background-color":"var(--ast-global-color-5)","background-image":"","background-repeat":"repeat","background-position":"center center","background-size":"auto","background-attachment":"scroll","background-type":"","background-media":"","overlay-type":"","overlay-color":"","overlay-opacity":"","overlay-gradient":""},"tablet":{"background-color":"var(--ast-global-color-5)","background-image":"","background-repeat":"repeat","background-position":"center center","background-size":"auto","background-attachment":"scroll","background-type":"","background-media":"","overlay-type":"","overlay-color":"","overlay-opacity":"","overlay-gradient":""},"mobile":{"background-color":"var(--ast-global-color-5)","background-image":"","background-repeat":"repeat","background-position":"center center","background-size":"auto","background-attachment":"scroll","background-type":"","background-media":"","overlay-type":"","overlay-color":"","overlay-opacity":"","overlay-gradient":""}},"footnotes":""},"class_list":["post-2000","page","type-page","status-publish","hentry"],"post_mailing_queue_ids":[],"_links":{"self":[{"href":"https:\/\/agora.xtec.cat\/escolasagfamcaldetes\/wp-json\/wp\/v2\/pages\/2000","targetHints":{"allow":["GET"]}}],"collection":[{"href":"https:\/\/agora.xtec.cat\/escolasagfamcaldetes\/wp-json\/wp\/v2\/pages"}],"about":[{"href":"https:\/\/agora.xtec.cat\/escolasagfamcaldetes\/wp-json\/wp\/v2\/types\/page"}],"author":[{"embeddable":true,"href":"https:\/\/agora.xtec.cat\/escolasagfamcaldetes\/wp-json\/wp\/v2\/users\/4"}],"replies":[{"embeddable":true,"href":"https:\/\/agora.xtec.cat\/escolasagfamcaldetes\/wp-json\/wp\/v2\/comments?post=2000"}],"version-history":[{"count":5,"href":"https:\/\/agora.xtec.cat\/escolasagfamcaldetes\/wp-json\/wp\/v2\/pages\/2000\/revisions"}],"predecessor-version":[{"id":2042,"href":"https:\/\/agora.xtec.cat\/escolasagfamcaldetes\/wp-json\/wp\/v2\/pages\/2000\/revisions\/2042"}],"up":[{"embeddable":true,"href":"https:\/\/agora.xtec.cat\/escolasagfamcaldetes\/wp-json\/wp\/v2\/pages\/26"}],"wp:attachment":[{"href":"https:\/\/agora.xtec.cat\/escolasagfamcaldetes\/wp-json\/wp\/v2\/media?parent=2000"}],"curies":[{"name":"wp","href":"https:\/\/api.w.org\/{rel}","templated":true}]}}