{"id":1803,"date":"2024-11-07T15:29:39","date_gmt":"2024-11-07T14:29:39","guid":{"rendered":"https:\/\/agora.xtec.cat\/escolasagfamcaldetes\/?page_id=1803"},"modified":"2024-12-17T21:12:55","modified_gmt":"2024-12-17T20:12:55","slug":"informacions-diverses","status":"publish","type":"page","link":"https:\/\/agora.xtec.cat\/escolasagfamcaldetes\/serveis\/informacions-diverses\/","title":{"rendered":"Informacions diverses"},"content":{"rendered":"<table style=\"border-collapse: collapse; width: 100%;\">\n<tbody>\n<tr>\n<td style=\"width: 33.3333%;\">&nbsp;<\/p>\n<p><a style=\"color: #2795b6; font-size: 16px;\" href=\"https:\/\/xtec.gencat.cat\/ca\/alumnat\/violencies\/usapps\/\" target=\"_blank\" rel=\"noopener\"><img loading=\"lazy\" decoding=\"async\" class=\"wp-image-1852 aligncenter\" src=\"https:\/\/agora.xtec.cat\/escolasagfamcaldetes\/wp-content\/uploads\/usu2406\/2024\/12\/centre-is.png_1527095780.png\" alt=\"\" width=\"240\" height=\"173\" \/><\/a><\/p>\n<p>&nbsp;<\/td>\n<td style=\"width: 33.3333%;\"><a style=\"color: #2795b6; font-size: 16px;\" href=\"https:\/\/xtec.gencat.cat\/ca\/alumnat\/violencies\/usapps\/\" target=\"_blank\" rel=\"noopener\"><img loading=\"lazy\" decoding=\"async\" class=\"wp-image-1855 aligncenter\" src=\"https:\/\/agora.xtec.cat\/escolasagfamcaldetes\/wp-content\/uploads\/usu2406\/2024\/12\/is4k.jpg\" alt=\"\" width=\"187\" height=\"187\" srcset=\"https:\/\/agora.xtec.cat\/escolasagfamcaldetes\/wp-content\/uploads\/usu2406\/2024\/12\/is4k.jpg 400w, https:\/\/agora.xtec.cat\/escolasagfamcaldetes\/wp-content\/uploads\/usu2406\/2024\/12\/is4k-300x300.jpg 300w, https:\/\/agora.xtec.cat\/escolasagfamcaldetes\/wp-content\/uploads\/usu2406\/2024\/12\/is4k-150x150.jpg 150w\" sizes=\"auto, (max-width: 187px) 100vw, 187px\" \/><\/a><\/td>\n<td style=\"width: 33.3333%;\"><a style=\"color: #2795b6; font-size: 16px;\" href=\"https:\/\/xtec.gencat.cat\/ca\/alumnat\/violencies\/usapps\/\" target=\"_blank\" rel=\"noopener\"><img loading=\"lazy\" decoding=\"async\" class=\"wp-image-1858 aligncenter\" src=\"https:\/\/agora.xtec.cat\/escolasagfamcaldetes\/wp-content\/uploads\/usu2406\/2024\/12\/usapps.jpg\" alt=\"\" width=\"182\" height=\"182\" srcset=\"https:\/\/agora.xtec.cat\/escolasagfamcaldetes\/wp-content\/uploads\/usu2406\/2024\/12\/usapps.jpg 538w, https:\/\/agora.xtec.cat\/escolasagfamcaldetes\/wp-content\/uploads\/usu2406\/2024\/12\/usapps-300x300.jpg 300w, https:\/\/agora.xtec.cat\/escolasagfamcaldetes\/wp-content\/uploads\/usu2406\/2024\/12\/usapps-150x150.jpg 150w\" sizes=\"auto, (max-width: 182px) 100vw, 182px\" \/><\/a><\/td>\n<\/tr>\n<\/tbody>\n<\/table>\n<table style=\"border-collapse: collapse; width: 100%;\">\n<tbody>\n<tr>\n<td style=\"width: 33.3333%; text-align: center;\">Fam\u00edlies. Assegurant els\/les menors a Internet<\/td>\n<td style=\"width: 33.3333%; text-align: center;\">Fam\u00edlies. Assegurant els\/les menors a Internet<\/td>\n<td style=\"width: 33.3333%; text-align: center;\">Unitat de Suport a l\u2019alumnat en situaci\u00f3 de viol\u00e8ncia (USAV)<\/td>\n<\/tr>\n<\/tbody>\n<\/table>\n<table style=\"border-collapse: collapse; width: 100%;\">\n<tbody>\n<tr>\n<td style=\"width: 50%;\"><a href=\"https:\/\/www.cac.cat\/sites\/default\/files\/2018-04\/Diptic_Consell_internet_CA.pdf\" target=\"_blank\" rel=\"noopener\"><img loading=\"lazy\" decoding=\"async\" class=\"size-full wp-image-1866 aligncenter\" src=\"https:\/\/agora.xtec.cat\/escolasagfamcaldetes\/wp-content\/uploads\/usu2406\/2024\/12\/1-1-300x255-1.png\" alt=\"\" width=\"300\" height=\"255\" \/><\/a><\/td>\n<td style=\"width: 50%;\"><img loading=\"lazy\" decoding=\"async\" class=\"size-full wp-image-1867 aligncenter\" src=\"https:\/\/agora.xtec.cat\/escolasagfamcaldetes\/wp-content\/uploads\/usu2406\/2024\/12\/2-1-300x169-1.png\" alt=\"\" width=\"300\" height=\"169\" \/><\/td>\n<\/tr>\n<\/tbody>\n<\/table>\n<table style=\"border-collapse: collapse; width: 100%;\">\n<tbody>\n<tr>\n<td style=\"width: 50%; text-align: center;\">Protecci\u00f3 dels menors en el m\u00f3n digital<\/td>\n<td style=\"width: 50%; text-align: center;\">Consells per a un bon \u00fas dels dispositius a casa<\/td>\n<\/tr>\n<\/tbody>\n<\/table>\n<p>&nbsp;<\/p>\n<p><a href=\"https:\/\/xtec.gencat.cat\/ca\/alumnat\/violencies\/usapps\/\" target=\"_blank\" rel=\"noopener\">\u00a0\u00a0<\/a><\/p>\n","protected":false},"excerpt":{"rendered":"<p>&nbsp; &nbsp; Fam\u00edlies. Assegurant els\/les menors a Internet Fam\u00edlies. Assegurant els\/les menors a Internet Unitat de Suport a l\u2019alumnat en situaci\u00f3 de viol\u00e8ncia (USAV) Protecci\u00f3 dels menors en el m\u00f3n digital Consells per a un bon \u00fas dels dispositius a casa &nbsp; \u00a0\u00a0<\/p>\n","protected":false},"author":4,"featured_media":0,"parent":66,"menu_order":0,"comment_status":"closed","ping_status":"closed","template":"page-templates\/side-menu.php","meta":{"_bbp_topic_count":0,"_bbp_reply_count":0,"_bbp_total_topic_count":0,"_bbp_total_reply_count":0,"_bbp_voice_count":0,"_bbp_anonymous_reply_count":0,"_bbp_topic_count_hidden":0,"_bbp_reply_count_hidden":0,"_bbp_forum_subforum_count":0,"site-sidebar-layout":"default","site-content-layout":"","ast-site-content-layout":"","site-content-style":"default","site-sidebar-style":"default","ast-global-header-display":"","ast-banner-title-visibility":"","ast-main-header-display":"","ast-hfb-above-header-display":"","ast-hfb-below-header-display":"","ast-hfb-mobile-header-display":"","site-post-title":"","ast-breadcrumbs-content":"","ast-featured-img":"","footer-sml-layout":"","theme-transparent-header-meta":"","adv-header-id-meta":"","stick-header-meta":"","header-above-stick-meta":"","header-main-stick-meta":"","header-below-stick-meta":"","astra-migrate-meta-layouts":"default","ast-page-background-enabled":"default","ast-page-background-meta":{"desktop":{"background-color":"var(--ast-global-color-4)","background-image":"","background-repeat":"repeat","background-position":"center center","background-size":"auto","background-attachment":"scroll","background-type":"","background-media":"","overlay-type":"","overlay-color":"","overlay-opacity":"","overlay-gradient":""},"tablet":{"background-color":"","background-image":"","background-repeat":"repeat","background-position":"center center","background-size":"auto","background-attachment":"scroll","background-type":"","background-media":"","overlay-type":"","overlay-color":"","overlay-opacity":"","overlay-gradient":""},"mobile":{"background-color":"","background-image":"","background-repeat":"repeat","background-position":"center center","background-size":"auto","background-attachment":"scroll","background-type":"","background-media":"","overlay-type":"","overlay-color":"","overlay-opacity":"","overlay-gradient":""}},"ast-content-background-meta":{"desktop":{"background-color":"var(--ast-global-color-5)","background-image":"","background-repeat":"repeat","background-position":"center center","background-size":"auto","background-attachment":"scroll","background-type":"","background-media":"","overlay-type":"","overlay-color":"","overlay-opacity":"","overlay-gradient":""},"tablet":{"background-color":"var(--ast-global-color-5)","background-image":"","background-repeat":"repeat","background-position":"center center","background-size":"auto","background-attachment":"scroll","background-type":"","background-media":"","overlay-type":"","overlay-color":"","overlay-opacity":"","overlay-gradient":""},"mobile":{"background-color":"var(--ast-global-color-5)","background-image":"","background-repeat":"repeat","background-position":"center center","background-size":"auto","background-attachment":"scroll","background-type":"","background-media":"","overlay-type":"","overlay-color":"","overlay-opacity":"","overlay-gradient":""}},"footnotes":""},"class_list":["post-1803","page","type-page","status-publish","hentry"],"post_mailing_queue_ids":[],"_links":{"self":[{"href":"https:\/\/agora.xtec.cat\/escolasagfamcaldetes\/wp-json\/wp\/v2\/pages\/1803","targetHints":{"allow":["GET"]}}],"collection":[{"href":"https:\/\/agora.xtec.cat\/escolasagfamcaldetes\/wp-json\/wp\/v2\/pages"}],"about":[{"href":"https:\/\/agora.xtec.cat\/escolasagfamcaldetes\/wp-json\/wp\/v2\/types\/page"}],"author":[{"embeddable":true,"href":"https:\/\/agora.xtec.cat\/escolasagfamcaldetes\/wp-json\/wp\/v2\/users\/4"}],"replies":[{"embeddable":true,"href":"https:\/\/agora.xtec.cat\/escolasagfamcaldetes\/wp-json\/wp\/v2\/comments?post=1803"}],"version-history":[{"count":6,"href":"https:\/\/agora.xtec.cat\/escolasagfamcaldetes\/wp-json\/wp\/v2\/pages\/1803\/revisions"}],"predecessor-version":[{"id":1869,"href":"https:\/\/agora.xtec.cat\/escolasagfamcaldetes\/wp-json\/wp\/v2\/pages\/1803\/revisions\/1869"}],"up":[{"embeddable":true,"href":"https:\/\/agora.xtec.cat\/escolasagfamcaldetes\/wp-json\/wp\/v2\/pages\/66"}],"wp:attachment":[{"href":"https:\/\/agora.xtec.cat\/escolasagfamcaldetes\/wp-json\/wp\/v2\/media?parent=1803"}],"curies":[{"name":"wp","href":"https:\/\/api.w.org\/{rel}","templated":true}]}}