{"id":1314,"date":"2023-01-09T15:40:21","date_gmt":"2023-01-09T14:40:21","guid":{"rendered":"https:\/\/agora.xtec.cat\/escolasagfamcaldetes\/?page_id=1314"},"modified":"2026-04-20T14:03:50","modified_gmt":"2026-04-20T12:03:50","slug":"biblioteca","status":"publish","type":"page","link":"https:\/\/agora.xtec.cat\/escolasagfamcaldetes\/biblioteca\/","title":{"rendered":"Biblioteca"},"content":{"rendered":"<p>Benvingudes i benvinguts a la nostra meravellosa biblioteca!<\/p>\n<p>La biblioteca de la nostra escola t\u00e9 un fons d&#8217;uns 3900 llibres. Cada trimestre adquirim moltes novetats triades amb cura per les nostres bibliotec\u00e0ries.<\/p>\n<p>S&#8217;obre <strong>cada dia a l&#8217;hora del pati<\/strong>, i l&#8217;alumnat de prim\u00e0ria pot venir a llegir, a jugar a jocs de taula o b\u00e9 a fer pr\u00e9stecs de llibres.<\/p>\n<p>Pel que fa a l&#8217;alumnat d&#8217;educaci\u00f3 infantil, es fa pr\u00e9stec de llibres per a l&#8217;aula un cop al mes, i venen setmanalment a sentir un conte i mirar-ne d&#8217;altres. A banda, cada alumne s&#8217;emporta dos cops l&#8217;any la motxilla viatgera, amb 7 contes, que podr\u00e0 tenir a casa una setmana per a fer una lectura tranquil\u00b7la amb la seva fam\u00edlia.<\/p>\n<p>&nbsp;<\/p>\n<p><img loading=\"lazy\" decoding=\"async\" class=\"alignnone size-large wp-image-1374\" src=\"https:\/\/agora.xtec.cat\/escolasagfamcaldetes\/wp-content\/uploads\/usu2406\/2023\/02\/IMG_1497-1024x683.jpg\" alt=\"\" width=\"1024\" height=\"683\" srcset=\"https:\/\/agora.xtec.cat\/escolasagfamcaldetes\/wp-content\/uploads\/usu2406\/2023\/02\/IMG_1497-1024x683.jpg 1024w, https:\/\/agora.xtec.cat\/escolasagfamcaldetes\/wp-content\/uploads\/usu2406\/2023\/02\/IMG_1497-300x200.jpg 300w, https:\/\/agora.xtec.cat\/escolasagfamcaldetes\/wp-content\/uploads\/usu2406\/2023\/02\/IMG_1497-768x512.jpg 768w, https:\/\/agora.xtec.cat\/escolasagfamcaldetes\/wp-content\/uploads\/usu2406\/2023\/02\/IMG_1497-1536x1024.jpg 1536w, https:\/\/agora.xtec.cat\/escolasagfamcaldetes\/wp-content\/uploads\/usu2406\/2023\/02\/IMG_1497-2048x1365.jpg 2048w\" sizes=\"auto, (max-width: 1024px) 100vw, 1024px\" \/><\/p>\n<p><a href=\"https:\/\/agora.xtec.cat\/escolasagfamcaldetes\/wp-content\/uploads\/usu2406\/2026\/04\/NP1_BIBLIOTECA_page-0001.jpg\"><img loading=\"lazy\" decoding=\"async\" class=\"alignnone size-large wp-image-2218\" src=\"https:\/\/agora.xtec.cat\/escolasagfamcaldetes\/wp-content\/uploads\/usu2406\/2026\/04\/NP1_BIBLIOTECA_page-0001-724x1024.jpg\" alt=\"\" width=\"724\" height=\"1024\" srcset=\"https:\/\/agora.xtec.cat\/escolasagfamcaldetes\/wp-content\/uploads\/usu2406\/2026\/04\/NP1_BIBLIOTECA_page-0001-724x1024.jpg 724w, https:\/\/agora.xtec.cat\/escolasagfamcaldetes\/wp-content\/uploads\/usu2406\/2026\/04\/NP1_BIBLIOTECA_page-0001-212x300.jpg 212w, https:\/\/agora.xtec.cat\/escolasagfamcaldetes\/wp-content\/uploads\/usu2406\/2026\/04\/NP1_BIBLIOTECA_page-0001-768x1087.jpg 768w, https:\/\/agora.xtec.cat\/escolasagfamcaldetes\/wp-content\/uploads\/usu2406\/2026\/04\/NP1_BIBLIOTECA_page-0001-1085x1536.jpg 1085w, https:\/\/agora.xtec.cat\/escolasagfamcaldetes\/wp-content\/uploads\/usu2406\/2026\/04\/NP1_BIBLIOTECA_page-0001.jpg 1240w\" sizes=\"auto, (max-width: 724px) 100vw, 724px\" \/><\/a><\/p>\n","protected":false},"excerpt":{"rendered":"<p>Benvingudes i benvinguts a la nostra meravellosa biblioteca! La biblioteca de la nostra escola t\u00e9 un fons d&#8217;uns 3900 llibres. Cada trimestre adquirim moltes novetats triades amb cura per les nostres bibliotec\u00e0ries. S&#8217;obre cada dia a l&#8217;hora del pati, i l&#8217;alumnat de prim\u00e0ria pot venir a llegir, a jugar a jocs de taula o b\u00e9 [&hellip;]<\/p>\n","protected":false},"author":3,"featured_media":0,"parent":0,"menu_order":0,"comment_status":"closed","ping_status":"closed","template":"","meta":{"_bbp_topic_count":0,"_bbp_reply_count":0,"_bbp_total_topic_count":0,"_bbp_total_reply_count":0,"_bbp_voice_count":0,"_bbp_anonymous_reply_count":0,"_bbp_topic_count_hidden":0,"_bbp_reply_count_hidden":0,"_bbp_forum_subforum_count":0,"site-sidebar-layout":"default","site-content-layout":"","ast-site-content-layout":"default","site-content-style":"default","site-sidebar-style":"default","ast-global-header-display":"","ast-banner-title-visibility":"","ast-main-header-display":"","ast-hfb-above-header-display":"","ast-hfb-below-header-display":"","ast-hfb-mobile-header-display":"","site-post-title":"","ast-breadcrumbs-content":"","ast-featured-img":"","footer-sml-layout":"","theme-transparent-header-meta":"default","adv-header-id-meta":"","stick-header-meta":"","header-above-stick-meta":"","header-main-stick-meta":"","header-below-stick-meta":"","astra-migrate-meta-layouts":"set","ast-page-background-enabled":"default","ast-page-background-meta":{"desktop":{"background-color":"var(--ast-global-color-4)","background-image":"","background-repeat":"repeat","background-position":"center center","background-size":"auto","background-attachment":"scroll","background-type":"","background-media":"","overlay-type":"","overlay-color":"","overlay-opacity":"","overlay-gradient":""},"tablet":{"background-color":"","background-image":"","background-repeat":"repeat","background-position":"center center","background-size":"auto","background-attachment":"scroll","background-type":"","background-media":"","overlay-type":"","overlay-color":"","overlay-opacity":"","overlay-gradient":""},"mobile":{"background-color":"","background-image":"","background-repeat":"repeat","background-position":"center center","background-size":"auto","background-attachment":"scroll","background-type":"","background-media":"","overlay-type":"","overlay-color":"","overlay-opacity":"","overlay-gradient":""}},"ast-content-background-meta":{"desktop":{"background-color":"var(--ast-global-color-5)","background-image":"","background-repeat":"repeat","background-position":"center center","background-size":"auto","background-attachment":"scroll","background-type":"","background-media":"","overlay-type":"","overlay-color":"","overlay-opacity":"","overlay-gradient":""},"tablet":{"background-color":"var(--ast-global-color-5)","background-image":"","background-repeat":"repeat","background-position":"center center","background-size":"auto","background-attachment":"scroll","background-type":"","background-media":"","overlay-type":"","overlay-color":"","overlay-opacity":"","overlay-gradient":""},"mobile":{"background-color":"var(--ast-global-color-5)","background-image":"","background-repeat":"repeat","background-position":"center center","background-size":"auto","background-attachment":"scroll","background-type":"","background-media":"","overlay-type":"","overlay-color":"","overlay-opacity":"","overlay-gradient":""}},"footnotes":""},"class_list":["post-1314","page","type-page","status-publish","hentry"],"post_mailing_queue_ids":[],"_links":{"self":[{"href":"https:\/\/agora.xtec.cat\/escolasagfamcaldetes\/wp-json\/wp\/v2\/pages\/1314","targetHints":{"allow":["GET"]}}],"collection":[{"href":"https:\/\/agora.xtec.cat\/escolasagfamcaldetes\/wp-json\/wp\/v2\/pages"}],"about":[{"href":"https:\/\/agora.xtec.cat\/escolasagfamcaldetes\/wp-json\/wp\/v2\/types\/page"}],"author":[{"embeddable":true,"href":"https:\/\/agora.xtec.cat\/escolasagfamcaldetes\/wp-json\/wp\/v2\/users\/3"}],"replies":[{"embeddable":true,"href":"https:\/\/agora.xtec.cat\/escolasagfamcaldetes\/wp-json\/wp\/v2\/comments?post=1314"}],"version-history":[{"count":7,"href":"https:\/\/agora.xtec.cat\/escolasagfamcaldetes\/wp-json\/wp\/v2\/pages\/1314\/revisions"}],"predecessor-version":[{"id":2219,"href":"https:\/\/agora.xtec.cat\/escolasagfamcaldetes\/wp-json\/wp\/v2\/pages\/1314\/revisions\/2219"}],"wp:attachment":[{"href":"https:\/\/agora.xtec.cat\/escolasagfamcaldetes\/wp-json\/wp\/v2\/media?parent=1314"}],"curies":[{"name":"wp","href":"https:\/\/api.w.org\/{rel}","templated":true}]}}