{"id":4639,"date":"2024-02-13T12:35:18","date_gmt":"2024-02-13T11:35:18","guid":{"rendered":"https:\/\/agora.xtec.cat\/escolasagarra\/?page_id=4639"},"modified":"2024-02-13T14:15:18","modified_gmt":"2024-02-13T13:15:18","slug":"pla-dacollida","status":"publish","type":"page","link":"https:\/\/agora.xtec.cat\/escolasagarra\/estrategia-digital-de-centre-edc-2\/cultura-digital\/pla-dacollida\/","title":{"rendered":"Pla d&#8217;acollida digital"},"content":{"rendered":"<section id=\"h.1b79b38d74d3832f_3\" class=\"yaqOZd\">\n<div class=\"mYVXT\">\n<div class=\"LS81yb VICjCf j5pSsc db35Fc\" tabindex=\"-1\">\n<div class=\"hJDwNd-AhqUyc-uQSCkd Ft7HRd-AhqUyc-uQSCkd purZT-AhqUyc-II5mzb ZcASvf-AhqUyc-II5mzb pSzOP-AhqUyc-qWD73c Ktthjf-AhqUyc-qWD73c JNdkSc SQVYQc\">\n<div class=\"JNdkSc-SmKAyb LkDMRd\">\n<div class=\"\">\n<p style=\"text-align: justify;\"><span style=\"font-weight: 400;\">Com a escola, fem \u00fas de les tecnologies com a suport, el desenvolupament de la compet\u00e8ncia digital, com a eina de treball i en ocasions ens serveix de canal de comunicaci\u00f3.<\/span><\/p>\n<\/div>\n<\/div>\n<\/div>\n<div><\/div>\n<\/div>\n<\/div>\n<\/section>\n<table style=\"width: 100%; border-collapse: collapse; background-color: #12aab5;\">\n<tbody>\n<tr>\n<td style=\"width: 100%;\">\n<h3 style=\"text-align: center;\"><span style=\"color: #ffffff;\">Acollida de les fam\u00edlies<\/span><\/h3>\n<\/td>\n<\/tr>\n<\/tbody>\n<\/table>\n<ul>\n<li style=\"font-weight: 400;\" aria-level=\"1\"><b>Ordinador del PEDC:<\/b> <span style=\"font-weight: 400;\">L\u2019ordinador s\u2019assigna a l\u2019alumnat durant dos cursos seguits, de 5\u00e8 a 6\u00e8. Un cop acaba l&#8217;etapa de prim\u00e0ria a l\u2019escola, la coordinadora digital desvincula l\u2019usuari de l\u2019ordinador a finals de juny del curs de 6\u00e8, un cop l\u2019alumnat ja no hi \u00e9s a l\u2019escola.\u00a0<\/span><\/li>\n<\/ul>\n<ul>\n<li style=\"font-weight: 400;\" aria-level=\"1\"><b>Usuari de Workspace (domini d\u2019escola):<\/b><span style=\"font-weight: 400;\"> A principis de setembre del curs seg\u00fcent, s\u2019esborraran totes les dades de l\u2019alumnat que ha marxat de l\u2019escola per canvi de domicili o escolar o perqu\u00e8 han finalitzat l\u2019etapa educativa de prim\u00e0ria. Aquest esborrat ho fa la secret\u00e0ria o des de la coordinaci\u00f3 digital. Per tant totes les activitats o documents realitzats en l\u2019EVA desapareixen i no es tindr\u00e0 mai m\u00e9s cap acc\u00e9s aquest correu electr\u00f2nic.<\/span><\/li>\n<\/ul>\n<ul>\n<li style=\"font-weight: 400;\" aria-level=\"1\"><b>Usuari d\u2019Innovamat:<\/b><span style=\"font-weight: 400;\"> A principis de setembre del curs seg\u00fcent, s\u2019esborraran totes les dades de l\u2019alumnat que ha marxat de l\u2019escola per canvi de domicili o escolar o perqu\u00e8 han finalitzat l\u2019etapa educativa de prim\u00e0ria. Aquest esborrat el fa la cap d\u2019estudis.<\/span><\/li>\n<\/ul>\n<ul>\n<li style=\"font-weight: 400;\" aria-level=\"1\"><b>Cultura digital del Centre:<\/b><span style=\"font-weight: 400;\"> Aquest apartat est\u00e0 relacionat amb les NOFC, l\u2019EDC (concretament la cultura digital i la compet\u00e8ncia digital), entre altres. Es demana una lectura d\u2019aquesta documentaci\u00f3 per fer un seguiment ajustat a la metodologia del centre:\u00a0<\/span><\/li>\n<\/ul>\n<ul>\n<li style=\"font-weight: 400;\" aria-level=\"2\"><a href=\"https:\/\/docs.google.com\/document\/d\/1tlCQLXa3sj7lqexzehM5uzTETzwVGztqrWNV7ilY11k\/edit\"><span style=\"font-weight: 400;\">NOFC \u00c0mbit Digital<\/span><\/a><\/li>\n<li style=\"font-weight: 400;\" aria-level=\"2\"><a href=\"https:\/\/agora.xtec.cat\/escolasagarra\/\"><span style=\"font-weight: 400;\">Cultura digital de centre<\/span><\/a><\/li>\n<li style=\"font-weight: 400;\" aria-level=\"2\"><span style=\"font-weight: 400;\">Normativa de centre sobre l\u2019\u00fas dels tel\u00e8fons m\u00f2bils (POSAR ENLLA\u00c7)<\/span><\/li>\n<li style=\"font-weight: 400;\" aria-level=\"2\"><span style=\"font-weight: 400;\">Desplegament de la Compet\u00e8ncia Digital de l\u2019alumnat (enlla\u00e7 NO DISPONIBLE)<\/span><\/li>\n<\/ul>\n<section id=\"h.1b79b38d74d3832f_3\" class=\"yaqOZd\">\n<div class=\"mYVXT\">\n<div class=\"LS81yb VICjCf j5pSsc db35Fc\" tabindex=\"-1\">\n<div class=\"hJDwNd-AhqUyc-uQSCkd Ft7HRd-AhqUyc-uQSCkd purZT-AhqUyc-II5mzb ZcASvf-AhqUyc-II5mzb pSzOP-AhqUyc-qWD73c Ktthjf-AhqUyc-qWD73c JNdkSc SQVYQc\">\n<div><\/div>\n<\/div>\n<\/div>\n<\/div>\n<\/section>\n<p>&nbsp;<\/p>\n<p>&nbsp;<\/p>\n<table style=\"width: 100%; border-collapse: collapse; background-color: #12aab5;\">\n<tbody>\n<tr>\n<td style=\"width: 100%;\">\n<h3 style=\"text-align: center;\"><span style=\"color: #ffffff;\"><strong>Acollida de l&#8217;alumnat<\/strong><\/span><\/h3>\n<\/td>\n<\/tr>\n<\/tbody>\n<\/table>\n<ul>\n<li style=\"font-weight: 400; text-align: justify;\" aria-level=\"1\"><b>Ordinador del PEDC:<\/b> <span style=\"font-weight: 400;\">L\u2019ordinador s\u2019assigna a l\u2019alumnat durant dos cursos seguits, de 5\u00e8 a 6\u00e8. Un cop acaba l&#8217;etapa de prim\u00e0ria a l\u2019escola, la coordinadora digital desvincula l\u2019usuari de l\u2019ordinador a finals de juny del curs de 6\u00e8, un cop l\u2019alumnat ja no \u00e9s a l\u2019escola.\u00a0<\/span><\/li>\n<\/ul>\n<ul style=\"text-align: justify;\">\n<li style=\"font-weight: 400;\" aria-level=\"1\"><b>Usuari de Workspace (domini d\u2019escola):<\/b><span style=\"font-weight: 400;\"> A principis de setembre del curs seg\u00fcent, s\u2019esborraran totes les dades de l\u2019alumnat que ha marxat de l\u2019escola per canvi de domicili o escolar o perqu\u00e8 han finalitzat l\u2019etapa educativa de prim\u00e0ria. Aquest esborrat ho fa la secret\u00e0ria o des de la coordinaci\u00f3 digital. Per tant, totes les activitats o documents realitzats en l\u2019EVA desapareixen i no es tindr\u00e0 mai m\u00e9s cap acc\u00e9s aquest correu electr\u00f2nic.<\/span><\/li>\n<\/ul>\n<ul style=\"text-align: justify;\">\n<li style=\"font-weight: 400;\" aria-level=\"1\"><b>Cultura digital del Centre:<\/b><span style=\"font-weight: 400;\"> Aquest apartat est\u00e0 relacionat amb les NOFC, l\u2019EDC (concretament la cultura digital i la compet\u00e8ncia digital), entre altres. Es demana una lectura d\u2019aquesta documentaci\u00f3 per fer un seguiment ajustat a la metodologia del centre:\u00a0<\/span><\/li>\n<\/ul>\n<ul>\n<li style=\"list-style-type: none;\">\n<ul>\n<li style=\"font-weight: 400;\" aria-level=\"2\"><a href=\"https:\/\/docs.google.com\/document\/d\/1tlCQLXa3sj7lqexzehM5uzTETzwVGztqrWNV7ilY11k\/edit\"><span style=\"font-weight: 400;\">NOFC \u00c0mbit Digital<\/span><\/a><\/li>\n<li style=\"font-weight: 400;\" aria-level=\"2\"><a href=\"https:\/\/agora.xtec.cat\/escolasagarra\/\"><span style=\"font-weight: 400;\">Cultura digital de centre<\/span><\/a><\/li>\n<li style=\"font-weight: 400;\" aria-level=\"2\"><span style=\"font-weight: 400;\">Normativa de centre sobre l\u2019\u00fas dels tel\u00e8fons m\u00f2bils.<\/span><\/li>\n<li style=\"font-weight: 400;\" aria-level=\"2\"><span style=\"font-weight: 400;\">Protocols de centre.\u00a0<\/span><\/li>\n<li style=\"font-weight: 400;\" aria-level=\"2\"><span style=\"font-weight: 400;\">\u00das de dispositius<\/span><\/li>\n<li style=\"font-weight: 400;\" aria-level=\"2\"><span style=\"font-weight: 400;\">Desplegament de la Compet\u00e8ncia Digital dels alumnes (enlla\u00e7 NO DISPONIBLE)<\/span><\/li>\n<\/ul>\n<\/li>\n<\/ul>\n<p>&nbsp;<\/p>\n<section id=\"h.1b79b38d74d3832f_3\" class=\"yaqOZd\">\n<div class=\"mYVXT\">\n<div class=\"LS81yb VICjCf j5pSsc db35Fc\" tabindex=\"-1\">\n<div class=\"hJDwNd-AhqUyc-uQSCkd Ft7HRd-AhqUyc-uQSCkd purZT-AhqUyc-II5mzb ZcASvf-AhqUyc-II5mzb pSzOP-AhqUyc-qWD73c Ktthjf-AhqUyc-qWD73c JNdkSc SQVYQc\">\n<div class=\"JNdkSc-SmKAyb LkDMRd\">\n<div class=\"\">\n<div class=\"oKdM2c ZZyype Kzv0Me\">\n<div><\/div>\n<\/div>\n<\/div>\n<\/div>\n<\/div>\n<\/div>\n<\/div>\n<\/section>\n<table style=\"width: 100%; border-collapse: collapse; background-color: #12aab5;\">\n<tbody>\n<tr>\n<td style=\"width: 100%;\">\n<h3 style=\"text-align: center;\"><span style=\"color: #ffffff;\"><strong>Acollida dels docent<\/strong><\/span><\/h3>\n<\/td>\n<\/tr>\n<\/tbody>\n<\/table>\n<ul>\n<li style=\"font-weight: 400; text-align: justify;\" aria-level=\"1\"><b>Web del centre:<\/b><span style=\"font-weight: 400;\"> Oberta a tot el p\u00fablic en general on es comparteixen informacions d\u2019inter\u00e8s (matr\u00edcula, alguna publicaci\u00f3 d\u2019escola, informaci\u00f3 de portes obertes, documentaci\u00f3 d\u2019escola, de l\u2019espai migdia, de l\u2019AFA, entre d\u2019altres). La comissi\u00f3 digital s\u2019encarrega de fer les publicacions vinculades al dia a dia d\u2019escola i des de l\u2019Equip directiu, l&#8217;administratiu i la coordinadora de l\u2019Espai Migdia la resta.<\/span><\/li>\n<\/ul>\n<ul style=\"text-align: justify;\">\n<li style=\"font-weight: 400;\" aria-level=\"1\"><b>Impressi\u00f3 i escaneig de documents:<\/b><span style=\"font-weight: 400;\"> Cal facilitar els 4 \u00faltims d\u00edgits del DNI a la secret\u00e0ria, \u00e9s l\u2019encarregada de generar els codis d\u2019impressi\u00f3. En cas de necessitar saber com fer servir la impressora i\/o l&#8217;esc\u00e0ner la secret\u00e0ria us pot explicar com va.\u00a0<\/span><\/li>\n<\/ul>\n<ul style=\"text-align: justify;\">\n<li style=\"font-weight: 400;\" aria-level=\"1\"><b>Cultura digital del Centre:<\/b><span style=\"font-weight: 400;\"> Aquest apartat est\u00e0 relacionat amb el PEC, les NOFC, el Llibre d\u2019Estil, l\u2019EDC, entre altres. Es demana una lectura d\u2019aquesta documentaci\u00f3 per fer un seguiment ajustat a la metodologia del centre:\u00a0<\/span><\/li>\n<\/ul>\n<ul style=\"text-align: justify;\">\n<li style=\"font-weight: 400;\" aria-level=\"2\"><span style=\"font-weight: 400;\">PEC (continguts relacionats amb l\u2019\u00e0mbit digital)<\/span><\/li>\n<li style=\"font-weight: 400;\" aria-level=\"2\"><span style=\"font-weight: 400;\">Llibre d\u2019estil<\/span><\/li>\n<li style=\"font-weight: 400;\" aria-level=\"2\"><a href=\"https:\/\/docs.google.com\/document\/d\/1tlCQLXa3sj7lqexzehM5uzTETzwVGztqrWNV7ilY11k\/edit\"><span style=\"font-weight: 400;\">NOFC \u00c0mbit Digital<\/span><\/a><\/li>\n<li style=\"font-weight: 400;\" aria-level=\"2\"><a href=\"https:\/\/agora.xtec.cat\/escolasagarra\/\"><span style=\"font-weight: 400;\">Estrat\u00e8gia digital de centre<\/span><\/a><\/li>\n<li style=\"font-weight: 400;\" aria-level=\"2\"><span style=\"font-weight: 400;\">Desplegament de la Compet\u00e8ncia Digital dels alumnes<\/span><\/li>\n<\/ul>\n<p style=\"text-align: justify;\"><span style=\"font-weight: 400;\">Quan un docent marxa de l\u2019escola, com els docents substituts, s\u2019esborren totes les dades i els accessos que s\u2019han donat d\u2019alta durant la seva estada: Workspace, Dinantia, Innovamat, Correu corporatiu, xat de Whatsapp, xarxes socials (si t\u00e9 acc\u00e9s), impressora, Indic (pel port\u00e0til d\u2019escola) i Esfera.<\/span><\/p>\n<p style=\"text-align: justify;\"><span style=\"font-weight: 400;\">Aquest proc\u00e9s el duu a terme la mateixa persona encarregada de donar l\u2019alta (Equip directiu, administratiu o comissi\u00f3 digital). En el cas de membres substituts aquestes accions d\u2019esborrat de les eines de treball (Dinantia, Workspace, Innovamat\u2026) s\u00f3n de car\u00e0cter immediat i en el cas dels interins es realitza entre finals de juny i inicis de setembre, quan no hi ha infants a l\u2019escola.<\/span><\/p>\n","protected":false},"excerpt":{"rendered":"<p>Com a escola, fem \u00fas de les tecnologies com a suport, el desenvolupament de la compet\u00e8ncia digital, com a eina de treball i en ocasions ens serveix de canal de comunicaci\u00f3. Acollida de les fam\u00edlies Ordinador del PEDC: L\u2019ordinador s\u2019assigna a l\u2019alumnat durant dos cursos seguits, de 5\u00e8 a 6\u00e8. Un cop acaba l&#8217;etapa de [&hellip;]<\/p>\n","protected":false},"author":1,"featured_media":0,"parent":4055,"menu_order":3,"comment_status":"closed","ping_status":"closed","template":"page-templates\/side-menu.php","meta":{"_bbp_topic_count":0,"_bbp_reply_count":0,"_bbp_total_topic_count":0,"_bbp_total_reply_count":0,"_bbp_voice_count":0,"_bbp_anonymous_reply_count":0,"_bbp_topic_count_hidden":0,"_bbp_reply_count_hidden":0,"_bbp_forum_subforum_count":0,"site-sidebar-layout":"default","site-content-layout":"","ast-site-content-layout":"","site-content-style":"default","site-sidebar-style":"default","ast-global-header-display":"","ast-banner-title-visibility":"","ast-main-header-display":"","ast-hfb-above-header-display":"","ast-hfb-below-header-display":"","ast-hfb-mobile-header-display":"","site-post-title":"","ast-breadcrumbs-content":"","ast-featured-img":"","footer-sml-layout":"","theme-transparent-header-meta":"","adv-header-id-meta":"","stick-header-meta":"","header-above-stick-meta":"","header-main-stick-meta":"","header-below-stick-meta":"","astra-migrate-meta-layouts":"default","ast-page-background-enabled":"default","ast-page-background-meta":{"desktop":{"background-color":"var(--ast-global-color-4)","background-image":"","background-repeat":"repeat","background-position":"center center","background-size":"auto","background-attachment":"scroll","background-type":"","background-media":"","overlay-type":"","overlay-color":"","overlay-opacity":"","overlay-gradient":""},"tablet":{"background-color":"","background-image":"","background-repeat":"repeat","background-position":"center center","background-size":"auto","background-attachment":"scroll","background-type":"","background-media":"","overlay-type":"","overlay-color":"","overlay-opacity":"","overlay-gradient":""},"mobile":{"background-color":"","background-image":"","background-repeat":"repeat","background-position":"center center","background-size":"auto","background-attachment":"scroll","background-type":"","background-media":"","overlay-type":"","overlay-color":"","overlay-opacity":"","overlay-gradient":""}},"ast-content-background-meta":{"desktop":{"background-color":"var(--ast-global-color-5)","background-image":"","background-repeat":"repeat","background-position":"center center","background-size":"auto","background-attachment":"scroll","background-type":"","background-media":"","overlay-type":"","overlay-color":"","overlay-opacity":"","overlay-gradient":""},"tablet":{"background-color":"var(--ast-global-color-5)","background-image":"","background-repeat":"repeat","background-position":"center center","background-size":"auto","background-attachment":"scroll","background-type":"","background-media":"","overlay-type":"","overlay-color":"","overlay-opacity":"","overlay-gradient":""},"mobile":{"background-color":"var(--ast-global-color-5)","background-image":"","background-repeat":"repeat","background-position":"center center","background-size":"auto","background-attachment":"scroll","background-type":"","background-media":"","overlay-type":"","overlay-color":"","overlay-opacity":"","overlay-gradient":""}},"footnotes":""},"class_list":["post-4639","page","type-page","status-publish","hentry"],"post_mailing_queue_ids":[],"_links":{"self":[{"href":"https:\/\/agora.xtec.cat\/escolasagarra\/wp-json\/wp\/v2\/pages\/4639","targetHints":{"allow":["GET"]}}],"collection":[{"href":"https:\/\/agora.xtec.cat\/escolasagarra\/wp-json\/wp\/v2\/pages"}],"about":[{"href":"https:\/\/agora.xtec.cat\/escolasagarra\/wp-json\/wp\/v2\/types\/page"}],"author":[{"embeddable":true,"href":"https:\/\/agora.xtec.cat\/escolasagarra\/wp-json\/wp\/v2\/users\/1"}],"replies":[{"embeddable":true,"href":"https:\/\/agora.xtec.cat\/escolasagarra\/wp-json\/wp\/v2\/comments?post=4639"}],"version-history":[{"count":4,"href":"https:\/\/agora.xtec.cat\/escolasagarra\/wp-json\/wp\/v2\/pages\/4639\/revisions"}],"predecessor-version":[{"id":4661,"href":"https:\/\/agora.xtec.cat\/escolasagarra\/wp-json\/wp\/v2\/pages\/4639\/revisions\/4661"}],"up":[{"embeddable":true,"href":"https:\/\/agora.xtec.cat\/escolasagarra\/wp-json\/wp\/v2\/pages\/4055"}],"wp:attachment":[{"href":"https:\/\/agora.xtec.cat\/escolasagarra\/wp-json\/wp\/v2\/media?parent=4639"}],"curies":[{"name":"wp","href":"https:\/\/api.w.org\/{rel}","templated":true}]}}