{"id":4638,"date":"2024-02-13T12:35:18","date_gmt":"2024-02-13T11:35:18","guid":{"rendered":"https:\/\/agora.xtec.cat\/escolasagarra\/?page_id=4638"},"modified":"2024-02-13T15:04:20","modified_gmt":"2024-02-13T14:04:20","slug":"comunicacio-3","status":"publish","type":"page","link":"https:\/\/agora.xtec.cat\/escolasagarra\/estrategia-digital-de-centre-edc-2\/cultura-digital\/comunicacio-3\/","title":{"rendered":"Comunicaci\u00f3"},"content":{"rendered":"<section id=\"h.1b79b38d74d3832f_3\" class=\"yaqOZd\">\n<div class=\"mYVXT\">\n<div class=\"LS81yb VICjCf j5pSsc db35Fc\" tabindex=\"-1\">\n<div class=\"hJDwNd-AhqUyc-uQSCkd Ft7HRd-AhqUyc-uQSCkd purZT-AhqUyc-II5mzb ZcASvf-AhqUyc-II5mzb pSzOP-AhqUyc-qWD73c Ktthjf-AhqUyc-qWD73c JNdkSc SQVYQc\">\n<div class=\"JNdkSc-SmKAyb LkDMRd\">\n<div class=\"\">\n<p style=\"text-align: justify;\"><span style=\"font-weight: 400;\">Com a escola, fem \u00fas de les tecnologies com a suport, el desenvolupament de la compet\u00e8ncia digital, com a eina de treball i en ocasions ens serveix de canal de comunicaci\u00f3.<\/span><\/p>\n<\/div>\n<\/div>\n<\/div>\n<div><\/div>\n<\/div>\n<\/div>\n<\/section>\n<table style=\"width: 100%; border-collapse: collapse; background-color: #12aab5;\">\n<tbody>\n<tr>\n<td style=\"width: 100%;\">\n<h3 style=\"text-align: center;\"><a href=\"https:\/\/agora.xtec.cat\/escolasagarra\/estrategia-digital-de-centre-edc-2\/cultura-digital\/comunicacio-3\/comunicacio\/\"><span style=\"color: #ffffff;\">Fam\u00edlies<\/span><\/a><\/h3>\n<\/td>\n<\/tr>\n<\/tbody>\n<\/table>\n<p style=\"text-align: justify;\"><span style=\"font-weight: 400;\">Fem \u00fas de les tecnologies com a suport, el desenvolupament de la compet\u00e8ncia digital i en ocasions ens serveix de comunicaci\u00f3. Tant si l\u2019alumnat s\u2019incorpora al centre de forma ordin\u00e0ria a l\u2019inici de curs, com si ho fa durant el curs, es proporcionar\u00e0 tota la informaci\u00f3 relacionada amb la cultura digital i comunicaci\u00f3 del centre a les fam\u00edlies. Aix\u00ed doncs, es facilitaran els usuaris i dispositius de l\u2019\u00e0mbit digital segons les necessitats i la nostra manera de treballar al centre.\u00a0<\/span><\/p>\n<p style=\"text-align: justify;\"><span style=\"font-weight: 400;\">Des de l\u2019objectiu principal de l\u2019equitat i la inclusi\u00f3 \u00e9s especialment important vetllar perqu\u00e8 la fam\u00edlia comprengui la informaci\u00f3 i \u00e9s aqu\u00ed on caldr\u00e0 fer una tasca d\u2019atenci\u00f3 individualitzada en els casos en qu\u00e8 es presentin dificultats, ja sigui pel canvi cultural, social o idiom\u00e0tic, o en el cas d\u2019alumnat amb NESE.<\/span><\/p>\n<section id=\"h.1b79b38d74d3832f_3\" class=\"yaqOZd\">\n<div class=\"mYVXT\">\n<div class=\"LS81yb VICjCf j5pSsc db35Fc\" tabindex=\"-1\">\n<div class=\"hJDwNd-AhqUyc-uQSCkd Ft7HRd-AhqUyc-uQSCkd purZT-AhqUyc-II5mzb ZcASvf-AhqUyc-II5mzb pSzOP-AhqUyc-qWD73c Ktthjf-AhqUyc-qWD73c JNdkSc SQVYQc\">\n<div class=\"JNdkSc-SmKAyb LkDMRd\">\n<div class=\"\">\n<div class=\"oKdM2c ZZyype Kzv0Me\">\n<div><\/div>\n<\/div>\n<\/div>\n<\/div>\n<\/div>\n<\/div>\n<\/div>\n<\/section>\n<table style=\"width: 100%; border-collapse: collapse; background-color: #12aab5;\">\n<tbody>\n<tr>\n<td style=\"width: 100%;\">\n<h3 style=\"text-align: center;\"><a href=\"https:\/\/agora.xtec.cat\/escolasagarra\/estrategia-digital-de-centre-edc-2\/cultura-digital\/comunicacio-3\/alumnat\/\"><span style=\"color: #ffffff;\"><strong>Alumnat<\/strong><\/span><\/a><\/h3>\n<\/td>\n<\/tr>\n<\/tbody>\n<\/table>\n<p style=\"text-align: justify;\"><span style=\"font-weight: 400;\">Tant si l\u2019alumnat s\u2019incorpora al centre de forma ordin\u00e0ria a l\u2019inici de curs, com si ho fa durant el curs, es proporcionar\u00e0 tota la informaci\u00f3 relacionada amb la cultura digital del centre. Aix\u00ed doncs, es facilitaran l\u2019usuari en l\u2019\u00e0mbit digital segons les necessitats i la nostra manera de treballar al centre.\u00a0<\/span><\/p>\n<p style=\"text-align: justify;\"><span style=\"font-weight: 400;\">D\u2019altra banda, cal recordar que tota la informaci\u00f3 de l\u2019alumnat ha de respectar la llei de protecci\u00f3 de dades, tant en la nova informaci\u00f3 com la generada, per exemple en l\u2019elaboraci\u00f3 i trasp\u00e0s de l\u2019Informe de l\u2019alumne entre tutories i equips docents.<\/span><\/p>\n<p><a href=\"https:\/\/agora.xtec.cat\/escolasagarra\/estrategia-digital-de-centre-edc-2\/cultura-digital\/comunicacio-3\/alumnat\/\">Comunicaci\u00f3 Digital<\/a><\/p>\n<section id=\"h.1b79b38d74d3832f_3\" class=\"yaqOZd\">\n<div class=\"mYVXT\">\n<div class=\"LS81yb VICjCf j5pSsc db35Fc\" tabindex=\"-1\">\n<div class=\"hJDwNd-AhqUyc-uQSCkd Ft7HRd-AhqUyc-uQSCkd purZT-AhqUyc-II5mzb ZcASvf-AhqUyc-II5mzb pSzOP-AhqUyc-qWD73c Ktthjf-AhqUyc-qWD73c JNdkSc SQVYQc\">\n<div class=\"JNdkSc-SmKAyb LkDMRd\">\n<div class=\"\">\n<div class=\"oKdM2c ZZyype Kzv0Me\">\n<div><\/div>\n<\/div>\n<\/div>\n<\/div>\n<\/div>\n<\/div>\n<\/div>\n<\/section>\n<table style=\"width: 100%; border-collapse: collapse; background-color: #12aab5;\">\n<tbody>\n<tr>\n<td style=\"width: 100%;\">\n<h3 style=\"text-align: center;\"><a href=\"https:\/\/agora.xtec.cat\/escolasagarra\/estrategia-digital-de-centre-edc-2\/cultura-digital\/comunicacio-3\/comeptencia-professorat\/\"><span style=\"color: #ffffff;\"><strong>Docent<\/strong><\/span><\/a><\/h3>\n<\/td>\n<\/tr>\n<\/tbody>\n<\/table>\n<p style=\"text-align: justify;\"><span style=\"font-weight: 400;\">Com a escola, fem \u00fas de les tecnologies per la comunicaci\u00f3 i en ocasions ens serveix de suport. Per al bon funcionament de l\u2019escola et proporcionarem usuaris en \u00e0mbits digitals segons les necessitats i la nostra manera de treballar.\u00a0<\/span><\/p>\n<p><a href=\"https:\/\/agora.xtec.cat\/escolasagarra\/estrategia-digital-de-centre-edc-2\/cultura-digital\/comunicacio-3\/comeptencia-professorat\/\">Comunicaci\u00f3 Docent<\/a><\/p>\n","protected":false},"excerpt":{"rendered":"<p>Com a escola, fem \u00fas de les tecnologies com a suport, el desenvolupament de la compet\u00e8ncia digital, com a eina de treball i en ocasions ens serveix de canal de comunicaci\u00f3. Fam\u00edlies Fem \u00fas de les tecnologies com a suport, el desenvolupament de la compet\u00e8ncia digital i en ocasions ens serveix de comunicaci\u00f3. Tant si [&hellip;]<\/p>\n","protected":false},"author":1,"featured_media":0,"parent":4055,"menu_order":2,"comment_status":"closed","ping_status":"closed","template":"page-templates\/side-menu.php","meta":{"_bbp_topic_count":0,"_bbp_reply_count":0,"_bbp_total_topic_count":0,"_bbp_total_reply_count":0,"_bbp_voice_count":0,"_bbp_anonymous_reply_count":0,"_bbp_topic_count_hidden":0,"_bbp_reply_count_hidden":0,"_bbp_forum_subforum_count":0,"site-sidebar-layout":"default","site-content-layout":"","ast-site-content-layout":"","site-content-style":"default","site-sidebar-style":"default","ast-global-header-display":"","ast-banner-title-visibility":"","ast-main-header-display":"","ast-hfb-above-header-display":"","ast-hfb-below-header-display":"","ast-hfb-mobile-header-display":"","site-post-title":"","ast-breadcrumbs-content":"","ast-featured-img":"","footer-sml-layout":"","theme-transparent-header-meta":"","adv-header-id-meta":"","stick-header-meta":"","header-above-stick-meta":"","header-main-stick-meta":"","header-below-stick-meta":"","astra-migrate-meta-layouts":"default","ast-page-background-enabled":"default","ast-page-background-meta":{"desktop":{"background-color":"var(--ast-global-color-4)","background-image":"","background-repeat":"repeat","background-position":"center center","background-size":"auto","background-attachment":"scroll","background-type":"","background-media":"","overlay-type":"","overlay-color":"","overlay-opacity":"","overlay-gradient":""},"tablet":{"background-color":"","background-image":"","background-repeat":"repeat","background-position":"center center","background-size":"auto","background-attachment":"scroll","background-type":"","background-media":"","overlay-type":"","overlay-color":"","overlay-opacity":"","overlay-gradient":""},"mobile":{"background-color":"","background-image":"","background-repeat":"repeat","background-position":"center center","background-size":"auto","background-attachment":"scroll","background-type":"","background-media":"","overlay-type":"","overlay-color":"","overlay-opacity":"","overlay-gradient":""}},"ast-content-background-meta":{"desktop":{"background-color":"var(--ast-global-color-5)","background-image":"","background-repeat":"repeat","background-position":"center center","background-size":"auto","background-attachment":"scroll","background-type":"","background-media":"","overlay-type":"","overlay-color":"","overlay-opacity":"","overlay-gradient":""},"tablet":{"background-color":"var(--ast-global-color-5)","background-image":"","background-repeat":"repeat","background-position":"center center","background-size":"auto","background-attachment":"scroll","background-type":"","background-media":"","overlay-type":"","overlay-color":"","overlay-opacity":"","overlay-gradient":""},"mobile":{"background-color":"var(--ast-global-color-5)","background-image":"","background-repeat":"repeat","background-position":"center center","background-size":"auto","background-attachment":"scroll","background-type":"","background-media":"","overlay-type":"","overlay-color":"","overlay-opacity":"","overlay-gradient":""}},"footnotes":""},"class_list":["post-4638","page","type-page","status-publish","hentry"],"post_mailing_queue_ids":[],"_links":{"self":[{"href":"https:\/\/agora.xtec.cat\/escolasagarra\/wp-json\/wp\/v2\/pages\/4638","targetHints":{"allow":["GET"]}}],"collection":[{"href":"https:\/\/agora.xtec.cat\/escolasagarra\/wp-json\/wp\/v2\/pages"}],"about":[{"href":"https:\/\/agora.xtec.cat\/escolasagarra\/wp-json\/wp\/v2\/types\/page"}],"author":[{"embeddable":true,"href":"https:\/\/agora.xtec.cat\/escolasagarra\/wp-json\/wp\/v2\/users\/1"}],"replies":[{"embeddable":true,"href":"https:\/\/agora.xtec.cat\/escolasagarra\/wp-json\/wp\/v2\/comments?post=4638"}],"version-history":[{"count":7,"href":"https:\/\/agora.xtec.cat\/escolasagarra\/wp-json\/wp\/v2\/pages\/4638\/revisions"}],"predecessor-version":[{"id":4665,"href":"https:\/\/agora.xtec.cat\/escolasagarra\/wp-json\/wp\/v2\/pages\/4638\/revisions\/4665"}],"up":[{"embeddable":true,"href":"https:\/\/agora.xtec.cat\/escolasagarra\/wp-json\/wp\/v2\/pages\/4055"}],"wp:attachment":[{"href":"https:\/\/agora.xtec.cat\/escolasagarra\/wp-json\/wp\/v2\/media?parent=4638"}],"curies":[{"name":"wp","href":"https:\/\/api.w.org\/{rel}","templated":true}]}}