{"id":456,"date":"2020-03-03T23:22:25","date_gmt":"2020-03-03T22:22:25","guid":{"rendered":"http:\/\/agora.xtec.cat\/escolasagarra\/?page_id=456"},"modified":"2021-01-29T19:50:58","modified_gmt":"2021-01-29T18:50:58","slug":"escola-de-disseny-eina","status":"publish","type":"page","link":"https:\/\/agora.xtec.cat\/escolasagarra\/escola-de-disseny-eina\/","title":{"rendered":"Escola de disseny EINA"},"content":{"rendered":"<div>\n<div>\n<p style=\"text-align: justify;\"><b>EINA, Centre Universitari de Disseny i Art de Barcelona<\/b>, fundada l&#8217;any 1967 a Barcelona, va ser una de les primeres escoles de disseny d&#8217;Espanya. Des del 1994, \u00e9s un centre adscrit a laUniversitat Aut\u00f2noma de Barcelona. Considerat com un dels 50 millors centres d&#8217;ensenyament de disseny d&#8217;Europa segons la revista\u00a0<i>Domus<\/i>, ha rebut diferents distincions com la medalla de plata del Foment de les Arts Decoratives (1983), la Creu de Sant Jordi (1987) de la Generalitat de Catalunya o el Premi Habit\u00e1cola&#8217;88 a la millor orientaci\u00f3 pedag\u00f2gica atorgat pel ARQ-INFAD i una distinci\u00f3 honor\u00edfica al Premio Nacional de Dise\u00f1o de l&#8217;any 2000.<\/p>\n<p style=\"text-align: justify;\">Actualment, est\u00e0 organitzada com a fundaci\u00f3 privada no lucrativa que t\u00e9 com a objectiu principal l\u2019ensenyament de l\u2019art i el disseny, el foment de la creaci\u00f3 i el debat cultural. (text extret de ca.wiquip\u00e8dia.org)<\/p>\n<p style=\"text-align: justify;\">Durant el segon trimestre del curs 2015-16\u00a0 l&#8217;Oriol i en Jaume, alumnes de l&#8217;Escola de disseny EINA, van col\u00b7laborar en el projecte de 6\u00e8 per dissenyar un p\u00e0rquing de patinets.<\/p>\n<\/div>\n<p style=\"text-align: justify;\">Actualment el p\u00e0rquing est\u00e0 en proc\u00e9s d&#8217;execuci\u00f3.<\/p>\n<\/div>\n<p style=\"text-align: justify;\"><a href=\"http:\/\/www.eina.cat\/\" target=\"_blank\" rel=\"nofollow noopener noreferrer\">web<\/a><\/p>\n","protected":false},"excerpt":{"rendered":"<p>EINA, Centre Universitari de Disseny i Art de Barcelona, fundada l&#8217;any 1967 a Barcelona, va ser una de les primeres escoles de disseny d&#8217;Espanya. Des del 1994, \u00e9s un centre adscrit a laUniversitat Aut\u00f2noma de Barcelona. Considerat com un dels 50 millors centres d&#8217;ensenyament de disseny d&#8217;Europa segons la revista\u00a0Domus, ha rebut diferents distincions com [&hellip;]<\/p>\n","protected":false},"author":1,"featured_media":0,"parent":0,"menu_order":0,"comment_status":"closed","ping_status":"closed","template":"","meta":{"_bbp_topic_count":0,"_bbp_reply_count":0,"_bbp_total_topic_count":0,"_bbp_total_reply_count":0,"_bbp_voice_count":0,"_bbp_anonymous_reply_count":0,"_bbp_topic_count_hidden":0,"_bbp_reply_count_hidden":0,"_bbp_forum_subforum_count":0,"site-sidebar-layout":"default","site-content-layout":"","ast-site-content-layout":"","site-content-style":"default","site-sidebar-style":"default","ast-global-header-display":"","ast-banner-title-visibility":"","ast-main-header-display":"","ast-hfb-above-header-display":"","ast-hfb-below-header-display":"","ast-hfb-mobile-header-display":"","site-post-title":"","ast-breadcrumbs-content":"","ast-featured-img":"","footer-sml-layout":"","theme-transparent-header-meta":"","adv-header-id-meta":"","stick-header-meta":"","header-above-stick-meta":"","header-main-stick-meta":"","header-below-stick-meta":"","astra-migrate-meta-layouts":"default","ast-page-background-enabled":"default","ast-page-background-meta":{"desktop":{"background-color":"var(--ast-global-color-4)","background-image":"","background-repeat":"repeat","background-position":"center center","background-size":"auto","background-attachment":"scroll","background-type":"","background-media":"","overlay-type":"","overlay-color":"","overlay-opacity":"","overlay-gradient":""},"tablet":{"background-color":"","background-image":"","background-repeat":"repeat","background-position":"center center","background-size":"auto","background-attachment":"scroll","background-type":"","background-media":"","overlay-type":"","overlay-color":"","overlay-opacity":"","overlay-gradient":""},"mobile":{"background-color":"","background-image":"","background-repeat":"repeat","background-position":"center center","background-size":"auto","background-attachment":"scroll","background-type":"","background-media":"","overlay-type":"","overlay-color":"","overlay-opacity":"","overlay-gradient":""}},"ast-content-background-meta":{"desktop":{"background-color":"var(--ast-global-color-5)","background-image":"","background-repeat":"repeat","background-position":"center center","background-size":"auto","background-attachment":"scroll","background-type":"","background-media":"","overlay-type":"","overlay-color":"","overlay-opacity":"","overlay-gradient":""},"tablet":{"background-color":"var(--ast-global-color-5)","background-image":"","background-repeat":"repeat","background-position":"center center","background-size":"auto","background-attachment":"scroll","background-type":"","background-media":"","overlay-type":"","overlay-color":"","overlay-opacity":"","overlay-gradient":""},"mobile":{"background-color":"var(--ast-global-color-5)","background-image":"","background-repeat":"repeat","background-position":"center center","background-size":"auto","background-attachment":"scroll","background-type":"","background-media":"","overlay-type":"","overlay-color":"","overlay-opacity":"","overlay-gradient":""}},"footnotes":""},"class_list":["post-456","page","type-page","status-publish","hentry"],"post_mailing_queue_ids":[],"_links":{"self":[{"href":"https:\/\/agora.xtec.cat\/escolasagarra\/wp-json\/wp\/v2\/pages\/456","targetHints":{"allow":["GET"]}}],"collection":[{"href":"https:\/\/agora.xtec.cat\/escolasagarra\/wp-json\/wp\/v2\/pages"}],"about":[{"href":"https:\/\/agora.xtec.cat\/escolasagarra\/wp-json\/wp\/v2\/types\/page"}],"author":[{"embeddable":true,"href":"https:\/\/agora.xtec.cat\/escolasagarra\/wp-json\/wp\/v2\/users\/1"}],"replies":[{"embeddable":true,"href":"https:\/\/agora.xtec.cat\/escolasagarra\/wp-json\/wp\/v2\/comments?post=456"}],"version-history":[{"count":3,"href":"https:\/\/agora.xtec.cat\/escolasagarra\/wp-json\/wp\/v2\/pages\/456\/revisions"}],"predecessor-version":[{"id":2759,"href":"https:\/\/agora.xtec.cat\/escolasagarra\/wp-json\/wp\/v2\/pages\/456\/revisions\/2759"}],"wp:attachment":[{"href":"https:\/\/agora.xtec.cat\/escolasagarra\/wp-json\/wp\/v2\/media?parent=456"}],"curies":[{"name":"wp","href":"https:\/\/api.w.org\/{rel}","templated":true}]}}