{"id":455,"date":"2020-03-03T23:22:25","date_gmt":"2020-03-03T22:22:25","guid":{"rendered":"http:\/\/agora.xtec.cat\/escolasagarra\/?page_id=455"},"modified":"2021-01-29T19:49:50","modified_gmt":"2021-01-29T18:49:50","slug":"macba","status":"publish","type":"page","link":"https:\/\/agora.xtec.cat\/escolasagarra\/macba\/","title":{"rendered":"MACBA"},"content":{"rendered":"<div>\n<p style=\"text-align: justify;\">El\u00a0Museu d&#8217;Art Contemporani de Barcelona, conegut tamb\u00e9 per les seves sigles\u00a0MACBA, est\u00e0 dedicat a l&#8217;exposici\u00f3 de l&#8217;art i les pr\u00e0ctiques culturals contempor\u00e0nies. Est\u00e0 situat al barri del\u00a0<a title=\"El Raval\" href=\"https:\/\/ca.wikipedia.org\/wiki\/El_Raval\" rel=\"nofollow\">Raval<\/a>\u00a0de la ciutat de\u00a0<a title=\"Barcelona\" href=\"https:\/\/ca.wikipedia.org\/wiki\/Barcelona\" rel=\"nofollow\">Barcelona<\/a>, molt a prop del\u00a0<a title=\"Centre de Cultura Contempor\u00e0nia de Barcelona\" href=\"https:\/\/ca.wikipedia.org\/wiki\/Centre_de_Cultura_Contempor%C3%A0nia_de_Barcelona\" rel=\"nofollow\">Centre de Cultura Contempor\u00e0nia de Barcelona<\/a>. Fou declarat\u00a0<a title=\"Museu\" href=\"https:\/\/ca.wikipedia.org\/wiki\/Museu\" rel=\"nofollow\">museu<\/a>\u00a0d&#8217;inter\u00e8s nacional per la\u00a0<a title=\"Generalitat de Catalunya\" href=\"https:\/\/ca.wikipedia.org\/wiki\/Generalitat_de_Catalunya\" rel=\"nofollow\">Generalitat de Catalunya<\/a>.<\/p>\n<\/div>\n<p style=\"text-align: justify;\">L&#8217;alian\u00e7a MACBA-Escola JM Sagarra s&#8217;inicia al 2012. Actualment hi ha un acord de col\u00b7laboraci\u00f3 entre les dues institucions per continuar tirant endavant el Projecte Magnet (jornades, assessoraments, visites, artistes, formacions).<\/p>\n<div><a href=\"http:\/\/macba.cat\/\" target=\"_blank\" rel=\"nofollow noopener noreferrer\"><img loading=\"lazy\" decoding=\"async\" src=\"https:\/\/encrypted-tbn3.gstatic.com\/images?q=tbn:ANd9GcTBPjEwENzEXhCSMR2XINmDiSSeMZbwawzjbBP-91uFdlR5e9VP\" alt=\"Resultat d'imatges de macba\" width=\"200\" height=\"101\" name=\"t3Rnx4twIs54DM:\" \/><\/a><\/div>\n","protected":false},"excerpt":{"rendered":"<p>El\u00a0Museu d&#8217;Art Contemporani de Barcelona, conegut tamb\u00e9 per les seves sigles\u00a0MACBA, est\u00e0 dedicat a l&#8217;exposici\u00f3 de l&#8217;art i les pr\u00e0ctiques culturals contempor\u00e0nies. Est\u00e0 situat al barri del\u00a0Raval\u00a0de la ciutat de\u00a0Barcelona, molt a prop del\u00a0Centre de Cultura Contempor\u00e0nia de Barcelona. Fou declarat\u00a0museu\u00a0d&#8217;inter\u00e8s nacional per la\u00a0Generalitat de Catalunya. L&#8217;alian\u00e7a MACBA-Escola JM Sagarra s&#8217;inicia al 2012. Actualment hi [&hellip;]<\/p>\n","protected":false},"author":1,"featured_media":0,"parent":0,"menu_order":0,"comment_status":"closed","ping_status":"closed","template":"","meta":{"_bbp_topic_count":0,"_bbp_reply_count":0,"_bbp_total_topic_count":0,"_bbp_total_reply_count":0,"_bbp_voice_count":0,"_bbp_anonymous_reply_count":0,"_bbp_topic_count_hidden":0,"_bbp_reply_count_hidden":0,"_bbp_forum_subforum_count":0,"site-sidebar-layout":"default","site-content-layout":"","ast-site-content-layout":"","site-content-style":"default","site-sidebar-style":"default","ast-global-header-display":"","ast-banner-title-visibility":"","ast-main-header-display":"","ast-hfb-above-header-display":"","ast-hfb-below-header-display":"","ast-hfb-mobile-header-display":"","site-post-title":"","ast-breadcrumbs-content":"","ast-featured-img":"","footer-sml-layout":"","theme-transparent-header-meta":"","adv-header-id-meta":"","stick-header-meta":"","header-above-stick-meta":"","header-main-stick-meta":"","header-below-stick-meta":"","astra-migrate-meta-layouts":"default","ast-page-background-enabled":"default","ast-page-background-meta":{"desktop":{"background-color":"var(--ast-global-color-4)","background-image":"","background-repeat":"repeat","background-position":"center center","background-size":"auto","background-attachment":"scroll","background-type":"","background-media":"","overlay-type":"","overlay-color":"","overlay-opacity":"","overlay-gradient":""},"tablet":{"background-color":"","background-image":"","background-repeat":"repeat","background-position":"center center","background-size":"auto","background-attachment":"scroll","background-type":"","background-media":"","overlay-type":"","overlay-color":"","overlay-opacity":"","overlay-gradient":""},"mobile":{"background-color":"","background-image":"","background-repeat":"repeat","background-position":"center center","background-size":"auto","background-attachment":"scroll","background-type":"","background-media":"","overlay-type":"","overlay-color":"","overlay-opacity":"","overlay-gradient":""}},"ast-content-background-meta":{"desktop":{"background-color":"var(--ast-global-color-5)","background-image":"","background-repeat":"repeat","background-position":"center center","background-size":"auto","background-attachment":"scroll","background-type":"","background-media":"","overlay-type":"","overlay-color":"","overlay-opacity":"","overlay-gradient":""},"tablet":{"background-color":"var(--ast-global-color-5)","background-image":"","background-repeat":"repeat","background-position":"center center","background-size":"auto","background-attachment":"scroll","background-type":"","background-media":"","overlay-type":"","overlay-color":"","overlay-opacity":"","overlay-gradient":""},"mobile":{"background-color":"var(--ast-global-color-5)","background-image":"","background-repeat":"repeat","background-position":"center center","background-size":"auto","background-attachment":"scroll","background-type":"","background-media":"","overlay-type":"","overlay-color":"","overlay-opacity":"","overlay-gradient":""}},"footnotes":""},"class_list":["post-455","page","type-page","status-publish","hentry"],"post_mailing_queue_ids":[],"_links":{"self":[{"href":"https:\/\/agora.xtec.cat\/escolasagarra\/wp-json\/wp\/v2\/pages\/455","targetHints":{"allow":["GET"]}}],"collection":[{"href":"https:\/\/agora.xtec.cat\/escolasagarra\/wp-json\/wp\/v2\/pages"}],"about":[{"href":"https:\/\/agora.xtec.cat\/escolasagarra\/wp-json\/wp\/v2\/types\/page"}],"author":[{"embeddable":true,"href":"https:\/\/agora.xtec.cat\/escolasagarra\/wp-json\/wp\/v2\/users\/1"}],"replies":[{"embeddable":true,"href":"https:\/\/agora.xtec.cat\/escolasagarra\/wp-json\/wp\/v2\/comments?post=455"}],"version-history":[{"count":3,"href":"https:\/\/agora.xtec.cat\/escolasagarra\/wp-json\/wp\/v2\/pages\/455\/revisions"}],"predecessor-version":[{"id":2758,"href":"https:\/\/agora.xtec.cat\/escolasagarra\/wp-json\/wp\/v2\/pages\/455\/revisions\/2758"}],"wp:attachment":[{"href":"https:\/\/agora.xtec.cat\/escolasagarra\/wp-json\/wp\/v2\/media?parent=455"}],"curies":[{"name":"wp","href":"https:\/\/api.w.org\/{rel}","templated":true}]}}