{"id":4206,"date":"2023-04-26T13:16:13","date_gmt":"2023-04-26T11:16:13","guid":{"rendered":"https:\/\/agora.xtec.cat\/escolasagarra\/?page_id=4206"},"modified":"2024-02-22T11:58:13","modified_gmt":"2024-02-22T10:58:13","slug":"comunicacio","status":"publish","type":"page","link":"https:\/\/agora.xtec.cat\/escolasagarra\/estrategia-digital-de-centre-edc-2\/cultura-digital\/comunicacio-3\/comunicacio\/","title":{"rendered":"Fam\u00edlies"},"content":{"rendered":"<p><span style=\"font-weight: 400;\">\u00a0El pla de comunicaci\u00f3 recull els seg\u00fcents aspectes:<\/span><\/p>\n<p>&nbsp;<\/p>\n<h3 style=\"padding-left: 40px;\"><strong><span style=\"color: #008080;\">1. Informacions b\u00e0siques<\/span><\/strong><\/h3>\n<ul>\n<li style=\"font-weight: 400;\" aria-level=\"1\"><b>Matriculaci\u00f3:<\/b><span style=\"font-weight: 400;\"> En el moment de la matriculaci\u00f3 de l\u2019alumne\/a s\u2019actualitzaran les dades a Esfera i es donar\u00e0 d\u2019alta a la fam\u00edlia al Dinantia, canal d\u2019enviament d\u2019informaci\u00f3 a les fam\u00edlies. Per aix\u00f2, en la recollida de dades de la fam\u00edlia es demana el correu electr\u00f2nic per fer efectiu aquest canal de difusi\u00f3. No \u00e9s una eina bidireccional.<\/span><\/li>\n<\/ul>\n<ul>\n<li style=\"font-weight: 400;\" aria-level=\"1\"><b>Autoritzacions:<\/b><span style=\"font-weight: 400;\"> Donat que tots els infants s\u00f3n menors de 14 anys, s\u2019informa i es demana la signatura de l\u2019autoritzaci\u00f3 relativa al dret a la pr\u00f2pia imatge i la comunicaci\u00f3 sobre l&#8217;\u00fas de serveis i recursos digitals a Internet a les mares, pares o tutors\/es legals.\u00a0<\/span>\n<ul>\n<li style=\"font-weight: 400;\" aria-level=\"2\"><a href=\"https:\/\/agora.xtec.cat\/escolasagarra\/wp-content\/uploads\/usu946\/2023\/06\/10-Autoritzacio-GSuite-Sagarra-1-1.pdf\"><span style=\"font-weight: 400; color: #000000;\">Aquest \u00e9s el document que us facilitem el dia de la matr\u00edcula<\/span><\/a><\/li>\n<\/ul>\n<\/li>\n<\/ul>\n<ul>\n<li style=\"font-weight: 400;\" aria-level=\"1\"><b>Sistema de comunicaci\u00f3:<\/b><span style=\"font-weight: 400;\"> S\u2019utilitza com a canal de difusi\u00f3 informativa el Dinantia. L\u2019escola en cap cas fa \u00fas dels correus amb domini sagarra (docents o alumnes) com a via de comunicaci\u00f3 bidireccional. Aquest correu electr\u00f2nic t\u00e9 simplement prop\u00f2sits pedag\u00f2gics i, per tant, <\/span><span style=\"font-weight: 400;\">no \u00e9s un canal<\/span><span style=\"font-weight: 400;\"> de comunicaci\u00f3. Com a excepci\u00f3, s\u2019utilitzar\u00e0 aquesta via per fer videotrucada fam\u00edlia-escola quan la reuni\u00f3 no pugui ser presencial.\u00a0\u00a0<\/span><\/li>\n<\/ul>\n<p>&nbsp;<\/p>\n<p style=\"text-align: justify;\"><span style=\"font-weight: 400;\">Pel que respecta a <span style=\"text-decoration: underline; color: #008080;\">altres informacions<\/span>, segons la seva possible anticipaci\u00f3, es pot posar una nota a l\u2019agenda i si \u00e9s de car\u00e0cter urgent es pot comunicar trucant a l&#8217;escola o enviant un correu electr\u00f2nic al mail de l\u2019escola, canal que no sempre t\u00e9 una visualitzaci\u00f3 o resposta immediata. <\/span><span style=\"font-weight: 400;\">Es recomana avisar amb temps al tutor\/a o trucar a l\u2019escola.<\/span><\/p>\n<ul>\n<li style=\"font-weight: 400;\" aria-level=\"2\"><b>Fam\u00edlies delegades d\u2019aula:<\/b><span style=\"font-weight: 400;\"> La directora de l\u2019escola es comunica a trav\u00e9s del correu electr\u00f2nic i aquestes alhora tamb\u00e9 poden fer \u00fas del correu d\u2019escola; la comunicaci\u00f3 \u00e9s bidireccional.<\/span><\/li>\n<\/ul>\n<ul>\n<li style=\"font-weight: 400;\" aria-level=\"2\"><b>Espai Migdia: <\/b><span style=\"font-weight: 400;\">La coordinadora de l\u2019espai migdia fa \u00fas del Dinantia per enviar informacions, com el men\u00fa del mes o jornades gastron\u00f2miques a les fam\u00edlies, i l\u2019informe diari dels infants d\u2019I3 respecte del que han menjat i si han dormit. Tamb\u00e9, en cas de necessitar informar a les fam\u00edlies d\u2019algun incident, es fa \u00fas del tel\u00e8fon.<\/span><\/li>\n<\/ul>\n<ul>\n<li style=\"font-weight: 400;\" aria-level=\"2\"><b>AFA<\/b><b>:<\/b><span style=\"font-weight: 400;\"> Tenen un grup de Whatsapp les fam\u00edlies delegades i comissions, el qual \u00e9s independent de l&#8217;escola, que fa de canal de comunicaci\u00f3. Tamb\u00e9 emeten comunicats a trav\u00e9s del Dinantia.<\/span><\/li>\n<\/ul>\n<ul>\n<li style=\"font-weight: 400; text-align: justify;\" aria-level=\"1\"><b>Altres vies de comunicaci\u00f3:<\/b> <span style=\"font-weight: 400;\">Les xarxes socials s\u00f3n unidireccionals i s\u00f3n publicacions de la comunitat educativa cap a l&#8217;exterior.<\/span><\/li>\n<\/ul>\n<ul>\n<li style=\"font-weight: 400; text-align: justify;\" aria-level=\"2\"><b>Nodes del centre:<\/b> <span style=\"font-weight: 400;\">\u00c9s de car\u00e0cter informatiu. Hi ha documentaci\u00f3 relativa al Projecte Educatiu de Centre, l\u2019Estrat\u00e8gia Digitial, NOFC, entre d\u2019altres. Hi ha publicacions sobre els infants un cop al trimestre i amb m\u00e9s freq\u00fc\u00e8ncia es pengen informacions del menjador, portes obertes a noves fam\u00edlies, etc.<\/span><\/li>\n<\/ul>\n<ul>\n<li style=\"font-weight: 400; text-align: justify;\" aria-level=\"2\"><b>Xarxes Socials:<\/b><span style=\"font-weight: 400;\"> S\u2019utilitza principalment <\/span><i><span style=\"font-weight: 400;\">Instagram<\/span><\/i><span style=\"font-weight: 400;\"> per anar publicant moments de la quotidianitat escolar: activitats del dia a dia, tallers, sortides, accions escolars, etc. Per poder veure aquestes publicacions s\u2019ha de ser membre de la comunitat educativa, per tant, l\u2019acc\u00e9s \u00e9s restringit a les fam\u00edlies dels alumnes.<\/span><\/li>\n<\/ul>\n<p style=\"text-align: justify;\"><span style=\"font-weight: 400;\">Tamb\u00e9 es fa servir el <\/span><i><span style=\"font-weight: 400;\">Twitter<\/span><\/i><span style=\"font-weight: 400;\"> amb publicacions m\u00e9s puntuals i m\u00e9s concretes i qualsevol pot ser seguidor de l\u2019escola.\u00a0<\/span><\/p>\n<p style=\"text-align: justify;\"><span style=\"font-weight: 400;\">Pel que respecta a <\/span><i><span style=\"font-weight: 400;\">Youtube <\/span><\/i><span style=\"font-weight: 400;\">\u00e9s de car\u00e0cter p\u00fablic i nom\u00e9s s\u00f3n publicacions Magnet.<\/span><\/p>\n<p>&nbsp;<\/p>\n<h3 style=\"padding-left: 40px;\"><strong><span style=\"color: #008080;\">2. Entorns de treball<\/span><\/strong><\/h3>\n<ul>\n<li style=\"font-weight: 400; text-align: justify;\" aria-level=\"1\"><b>Google Workspace:<\/b><span style=\"font-weight: 400;\"> Tots els infants tenen un usuari amb el domini sagarra. Amb aquest domini es pot fer servir el Workspaces (Google Drive) i tamb\u00e9 amb el domini sagarra tindreu acc\u00e9s al EVA, principalment aquest usuari es fa servir de 3r a 6\u00e8 (o en cas de confinament per treballar amb el Google Meet\/Classroom totes les edats).<\/span><\/li>\n<\/ul>\n<ul style=\"text-align: justify;\">\n<li style=\"font-weight: 400;\" aria-level=\"1\"><b>EVA:<\/b><span style=\"font-weight: 400;\"> L\u2019entorn virtual d&#8217;aprenentatge de l\u2019escola \u00e9s el Google Classroom. Amb el correu del domini sagarra <\/span><b>(xxxx@escolasagarra.cat)<\/b><span style=\"font-weight: 400;\"> l\u2019alumnat accedeix al Google Classroom.<\/span><\/li>\n<\/ul>\n<p style=\"padding-left: 40px; text-align: justify;\"><span style=\"font-family: inherit; font-size: 1em;\">La primera vegada l\u2019alumnat ha d\u2019acceptar la invitaci\u00f3 a la classe creada pel docent.<\/span><\/p>\n<ul>\n<li style=\"font-weight: 400; text-align: justify;\" aria-level=\"1\"><b>Eines digitals espec\u00edfiques de centre:<\/b><span style=\"font-weight: 400;\">\u00a0<\/span>\n<ul>\n<li style=\"font-weight: 400; text-align: justify;\" aria-level=\"2\"><b><i>Innovamat:<\/i><\/b><span style=\"font-weight: 400;\"> Des de l\u2019escola, la cap d\u2019estudis o l&#8217;administratiu vincula el correu electr\u00f2nic de les fam\u00edlies per iniciar sessi\u00f3 per primera vegada. En cas de necessitar recuperar la clau d\u2019acc\u00e9s a l\u2019app Innovamat, el tutor, la cap d\u2019estudis o l&#8217;administratiu poden tornar a reenviar el correu electr\u00f2nic d\u2019acc\u00e9s. Aquesta clau la gestiona l\u2019adult des de casa i, per tant, no \u00e9s la mateixa que fa servir l\u2019infant a l\u2019escola i els docents nom\u00e9s poden reenviar el mail per a la recuperaci\u00f3 d\u2019aquesta contrasenya.\u00a0<\/span><\/li>\n<\/ul>\n<\/li>\n<\/ul>\n<p style=\"padding-left: 80px; text-align: justify;\"><span style=\"font-weight: 400;\">El temps d\u2019acc\u00e9s s\u00ed que es regula des de l&#8217;escola i un cop s\u2019esgota el temps disponible, no es torna a carregar fins dilluns (de dilluns a diumenge).<\/span><\/p>\n<ul>\n<li style=\"list-style-type: none;\">\n<ul>\n<li style=\"font-weight: 400;\" aria-level=\"2\"><b><i>Dinantia:<\/i><\/b> <span style=\"font-weight: 400;\">L\u2019administratiu \u00e9s l\u2019encarregat de donar l\u2019acc\u00e9s per rebre les informacions. <a href=\"https:\/\/agora.xtec.cat\/escolasagarra\/wp-content\/uploads\/usu946\/2022\/05\/11.-Carta-Dinantia.pdf\">Cal baixar-se l\u2019app.<\/a><\/span><\/li>\n<\/ul>\n<\/li>\n<\/ul>\n","protected":false},"excerpt":{"rendered":"<p>\u00a0El pla de comunicaci\u00f3 recull els seg\u00fcents aspectes: &nbsp; 1. Informacions b\u00e0siques Matriculaci\u00f3: En el moment de la matriculaci\u00f3 de l\u2019alumne\/a s\u2019actualitzaran les dades a Esfera i es donar\u00e0 d\u2019alta a la fam\u00edlia al Dinantia, canal d\u2019enviament d\u2019informaci\u00f3 a les fam\u00edlies. Per aix\u00f2, en la recollida de dades de la fam\u00edlia es demana el correu [&hellip;]<\/p>\n","protected":false},"author":1,"featured_media":0,"parent":4638,"menu_order":1,"comment_status":"closed","ping_status":"closed","template":"page-templates\/side-menu.php","meta":{"_bbp_topic_count":0,"_bbp_reply_count":0,"_bbp_total_topic_count":0,"_bbp_total_reply_count":0,"_bbp_voice_count":0,"_bbp_anonymous_reply_count":0,"_bbp_topic_count_hidden":0,"_bbp_reply_count_hidden":0,"_bbp_forum_subforum_count":0,"site-sidebar-layout":"default","site-content-layout":"","ast-site-content-layout":"","site-content-style":"default","site-sidebar-style":"default","ast-global-header-display":"","ast-banner-title-visibility":"","ast-main-header-display":"","ast-hfb-above-header-display":"","ast-hfb-below-header-display":"","ast-hfb-mobile-header-display":"","site-post-title":"","ast-breadcrumbs-content":"","ast-featured-img":"","footer-sml-layout":"","theme-transparent-header-meta":"","adv-header-id-meta":"","stick-header-meta":"","header-above-stick-meta":"","header-main-stick-meta":"","header-below-stick-meta":"","astra-migrate-meta-layouts":"default","ast-page-background-enabled":"default","ast-page-background-meta":{"desktop":{"background-color":"var(--ast-global-color-4)","background-image":"","background-repeat":"repeat","background-position":"center center","background-size":"auto","background-attachment":"scroll","background-type":"","background-media":"","overlay-type":"","overlay-color":"","overlay-opacity":"","overlay-gradient":""},"tablet":{"background-color":"","background-image":"","background-repeat":"repeat","background-position":"center center","background-size":"auto","background-attachment":"scroll","background-type":"","background-media":"","overlay-type":"","overlay-color":"","overlay-opacity":"","overlay-gradient":""},"mobile":{"background-color":"","background-image":"","background-repeat":"repeat","background-position":"center center","background-size":"auto","background-attachment":"scroll","background-type":"","background-media":"","overlay-type":"","overlay-color":"","overlay-opacity":"","overlay-gradient":""}},"ast-content-background-meta":{"desktop":{"background-color":"var(--ast-global-color-5)","background-image":"","background-repeat":"repeat","background-position":"center center","background-size":"auto","background-attachment":"scroll","background-type":"","background-media":"","overlay-type":"","overlay-color":"","overlay-opacity":"","overlay-gradient":""},"tablet":{"background-color":"var(--ast-global-color-5)","background-image":"","background-repeat":"repeat","background-position":"center center","background-size":"auto","background-attachment":"scroll","background-type":"","background-media":"","overlay-type":"","overlay-color":"","overlay-opacity":"","overlay-gradient":""},"mobile":{"background-color":"var(--ast-global-color-5)","background-image":"","background-repeat":"repeat","background-position":"center center","background-size":"auto","background-attachment":"scroll","background-type":"","background-media":"","overlay-type":"","overlay-color":"","overlay-opacity":"","overlay-gradient":""}},"footnotes":""},"class_list":["post-4206","page","type-page","status-publish","hentry"],"post_mailing_queue_ids":[],"_links":{"self":[{"href":"https:\/\/agora.xtec.cat\/escolasagarra\/wp-json\/wp\/v2\/pages\/4206","targetHints":{"allow":["GET"]}}],"collection":[{"href":"https:\/\/agora.xtec.cat\/escolasagarra\/wp-json\/wp\/v2\/pages"}],"about":[{"href":"https:\/\/agora.xtec.cat\/escolasagarra\/wp-json\/wp\/v2\/types\/page"}],"author":[{"embeddable":true,"href":"https:\/\/agora.xtec.cat\/escolasagarra\/wp-json\/wp\/v2\/users\/1"}],"replies":[{"embeddable":true,"href":"https:\/\/agora.xtec.cat\/escolasagarra\/wp-json\/wp\/v2\/comments?post=4206"}],"version-history":[{"count":5,"href":"https:\/\/agora.xtec.cat\/escolasagarra\/wp-json\/wp\/v2\/pages\/4206\/revisions"}],"predecessor-version":[{"id":4699,"href":"https:\/\/agora.xtec.cat\/escolasagarra\/wp-json\/wp\/v2\/pages\/4206\/revisions\/4699"}],"up":[{"embeddable":true,"href":"https:\/\/agora.xtec.cat\/escolasagarra\/wp-json\/wp\/v2\/pages\/4638"}],"wp:attachment":[{"href":"https:\/\/agora.xtec.cat\/escolasagarra\/wp-json\/wp\/v2\/media?parent=4206"}],"curies":[{"name":"wp","href":"https:\/\/api.w.org\/{rel}","templated":true}]}}