{"id":413,"date":"2020-07-03T23:12:32","date_gmt":"2020-07-03T21:12:32","guid":{"rendered":"http:\/\/agora.xtec.cat\/escolasagarra\/?page_id=413"},"modified":"2025-12-02T12:24:07","modified_gmt":"2025-12-02T11:24:07","slug":"documents-del-centre","status":"publish","type":"page","link":"https:\/\/agora.xtec.cat\/escolasagarra\/documents-del-centre\/","title":{"rendered":"Documents per fer matr\u00edcula"},"content":{"rendered":"<table style=\"height: 996px; width: 85.0007%;\" width=\"579\">\n<tbody>\n<tr style=\"height: 600px;\">\n<td style=\"width: 43.8489%; height: 600px;\">\n<p style=\"text-align: center;\"><em><strong>MATR\u00cdCULA CURS 2025-2026<\/strong><\/em><\/p>\n<p><a href=\"https:\/\/agora.xtec.cat\/escolasagarra\/wp-content\/uploads\/usu946\/2025\/06\/0.-Documents-per-formalitzar-matricula-25_26.pdf\">0. Documents per formalitzar matricula<\/a><\/p>\n<p><a href=\"https:\/\/agora.xtec.cat\/escolasagarra\/wp-content\/uploads\/usu946\/2025\/06\/1.-Fitxa-dades-basiques.pdf\">1. Fitxa de dades b\u00e0siques<\/a><\/p>\n<p><a href=\"https:\/\/agora.xtec.cat\/escolasagarra\/wp-content\/uploads\/usu946\/2025\/06\/2.-Carta-de-compromis-educatiu.pdf\">2. Carta de comprom\u00eds educatiu<\/a><\/p>\n<p><a href=\"https:\/\/agora.xtec.cat\/escolasagarra\/wp-content\/uploads\/usu946\/2025\/06\/3.-Autoritzacio-recollida-alumnat.pdf\">3. Autoritzaci\u00f3 recollida alumnat<\/a><\/p>\n<p><a href=\"https:\/\/agora.xtec.cat\/escolasagarra\/wp-content\/uploads\/usu946\/2025\/06\/4.-Drets-dimatge-veu-i-dades.pdf\">4. Autoritzaci\u00f3 drets d&#8217;imatges, veu i dades<\/a><\/p>\n<p><a href=\"https:\/\/agora.xtec.cat\/escolasagarra\/wp-content\/uploads\/usu946\/2025\/06\/5.Correu-electronic.pdf\">5. Autoritzaci\u00f3 d&#8217;\u00fas correu electr\u00f2nic<\/a><\/p>\n<p><a href=\"https:\/\/agora.xtec.cat\/escolasagarra\/wp-content\/uploads\/usu946\/2025\/06\/6.-Autoritzacio-Paracetamol-1.pdf\">6. Autoritzaci\u00f3 Paracetamol<\/a><\/p>\n<p><a href=\"https:\/\/agora.xtec.cat\/escolasagarra\/wp-content\/uploads\/usu946\/2025\/06\/7.-Opcio-religio-alternativa.pdf\">7. Opci\u00f3 religi\u00f3\/ensenyaments alternatius<\/a><\/p>\n<p><a href=\"https:\/\/agora.xtec.cat\/escolasagarra\/wp-content\/uploads\/usu946\/2025\/06\/8.-Autoritzacions-sortides.pdf\">8. Autoritzaci\u00f3 sortides<\/a><\/p>\n<p><a href=\"https:\/\/agora.xtec.cat\/escolasagarra\/wp-content\/uploads\/usu946\/2023\/06\/9-Carta-families-Google-for-educations.pdf\">9. Carta fam\u00edlies Google for education<\/a><\/p>\n<p><a href=\"https:\/\/agora.xtec.cat\/escolasagarra\/wp-content\/uploads\/usu946\/2025\/06\/10.-Autoritzacio-GSuite-Sagarra.pdf\">10. Autoritzacio GSuite Sagarra<\/a><\/p>\n<p><a href=\"https:\/\/agora.xtec.cat\/escolasagarra\/wp-content\/uploads\/usu946\/2022\/05\/11.-Carta-Dinantia.pdf\">11. Carta Dinantia<\/a><\/p>\n<p><a href=\"https:\/\/agora.xtec.cat\/escolasagarra\/wp-content\/uploads\/usu946\/2025\/06\/12.-Plataforma-Dinantia-autoritzacio.pdf\">12. Autoritzaci\u00f3 Dinantia<\/a><\/p>\n<p><a href=\"https:\/\/agora.xtec.cat\/escolasagarra\/wp-content\/uploads\/usu946\/2025\/06\/13.-AUTORITZACIO-ESCOLESSOSTENIBLES.pdf\">13. Autoritzaci\u00f3 escoles + sostenibles<\/a><\/p>\n<p><a href=\"https:\/\/agora.xtec.cat\/escolasagarra\/wp-content\/uploads\/usu946\/2025\/06\/14.-Quotes-25-26-1.pdf\">14. Quotes Escola Curs 25-26<\/a><\/td>\n<td style=\"width: 43.0722%; height: 600px;\">\n<p style=\"text-align: center;\"><em><strong>MENJADOR<\/strong><\/em><\/p>\n<p><a href=\"https:\/\/agora.xtec.cat\/escolasagarra\/wp-content\/uploads\/usu946\/2025\/06\/15.-Fitxa-dinscripcio-menjador.pdf\">15. Fitxa d&#8217;inscripci\u00f3 menjador Curs 25-26<\/a><\/p>\n<p><a href=\"https:\/\/agora.xtec.cat\/escolasagarra\/wp-content\/uploads\/usu946\/2024\/01\/Informacio-ajuts-de-menjador.pdf\">Informaci\u00f3 ajuts de menjador<\/a><\/p>\n<p style=\"text-align: center;\"><em><strong>\u00a0Documents AFA<\/strong><\/em><\/p>\n<p><a href=\"https:\/\/agora.xtec.cat\/escolasagarra\/wp-content\/uploads\/usu946\/2025\/06\/17.-AFA-Sociabilitzacio-llibres.pdf\">16. AFA Documentaci\u00f3 adhesi\u00f3 socialitzaci\u00f3 Curs 25-26<\/a><\/p>\n<p><a href=\"https:\/\/agora.xtec.cat\/escolasagarra\/wp-content\/uploads\/usu946\/2025\/06\/INFORMACIO-FAMILIES-AFA-2025-2026-7.pdf\" target=\"_blank\" rel=\"noopener\">17. Quotes AFA 25-26<\/a><\/p>\n<p><a href=\"https:\/\/agora.xtec.cat\/escolasagarra\/wp-content\/uploads\/usu946\/2023\/06\/19.-AFA-drets-dimatge-22-23.pdf\">18. AFA drets d&#8217;imatge<\/a><\/p>\n<p><a href=\"https:\/\/agora.xtec.cat\/escolasagarra\/wp-content\/uploads\/usu946\/2025\/06\/INFORMACIO-FAMILIES-AFA-2025-2026.pdf\">Informaci\u00f3 fam\u00edlies AFA<\/a><\/td>\n<td style=\"width: 12.1425%; height: 600px;\"><\/td>\n<\/tr>\n<\/tbody>\n<\/table>\n","protected":false},"excerpt":{"rendered":"<p>MATR\u00cdCULA CURS 2025-2026 0. Documents per formalitzar matricula 1. Fitxa de dades b\u00e0siques 2. Carta de comprom\u00eds educatiu 3. Autoritzaci\u00f3 recollida alumnat 4. Autoritzaci\u00f3 drets d&#8217;imatges, veu i dades 5. Autoritzaci\u00f3 d&#8217;\u00fas correu electr\u00f2nic 6. Autoritzaci\u00f3 Paracetamol 7. Opci\u00f3 religi\u00f3\/ensenyaments alternatius 8. Autoritzaci\u00f3 sortides 9. Carta fam\u00edlies Google for education 10. Autoritzacio GSuite Sagarra 11. [&hellip;]<\/p>\n","protected":false},"author":1,"featured_media":0,"parent":0,"menu_order":0,"comment_status":"closed","ping_status":"closed","template":"","meta":{"_bbp_topic_count":0,"_bbp_reply_count":0,"_bbp_total_topic_count":0,"_bbp_total_reply_count":0,"_bbp_voice_count":0,"_bbp_anonymous_reply_count":0,"_bbp_topic_count_hidden":0,"_bbp_reply_count_hidden":0,"_bbp_forum_subforum_count":0,"site-sidebar-layout":"default","site-content-layout":"","ast-site-content-layout":"default","site-content-style":"default","site-sidebar-style":"default","ast-global-header-display":"","ast-banner-title-visibility":"","ast-main-header-display":"","ast-hfb-above-header-display":"","ast-hfb-below-header-display":"","ast-hfb-mobile-header-display":"","site-post-title":"","ast-breadcrumbs-content":"","ast-featured-img":"","footer-sml-layout":"","theme-transparent-header-meta":"","adv-header-id-meta":"","stick-header-meta":"","header-above-stick-meta":"","header-main-stick-meta":"","header-below-stick-meta":"","astra-migrate-meta-layouts":"set","ast-page-background-enabled":"default","ast-page-background-meta":{"desktop":{"background-color":"var(--ast-global-color-4)","background-image":"","background-repeat":"repeat","background-position":"center center","background-size":"auto","background-attachment":"scroll","background-type":"","background-media":"","overlay-type":"","overlay-color":"","overlay-opacity":"","overlay-gradient":""},"tablet":{"background-color":"","background-image":"","background-repeat":"repeat","background-position":"center center","background-size":"auto","background-attachment":"scroll","background-type":"","background-media":"","overlay-type":"","overlay-color":"","overlay-opacity":"","overlay-gradient":""},"mobile":{"background-color":"","background-image":"","background-repeat":"repeat","background-position":"center center","background-size":"auto","background-attachment":"scroll","background-type":"","background-media":"","overlay-type":"","overlay-color":"","overlay-opacity":"","overlay-gradient":""}},"ast-content-background-meta":{"desktop":{"background-color":"var(--ast-global-color-5)","background-image":"","background-repeat":"repeat","background-position":"center center","background-size":"auto","background-attachment":"scroll","background-type":"","background-media":"","overlay-type":"","overlay-color":"","overlay-opacity":"","overlay-gradient":""},"tablet":{"background-color":"var(--ast-global-color-5)","background-image":"","background-repeat":"repeat","background-position":"center center","background-size":"auto","background-attachment":"scroll","background-type":"","background-media":"","overlay-type":"","overlay-color":"","overlay-opacity":"","overlay-gradient":""},"mobile":{"background-color":"var(--ast-global-color-5)","background-image":"","background-repeat":"repeat","background-position":"center center","background-size":"auto","background-attachment":"scroll","background-type":"","background-media":"","overlay-type":"","overlay-color":"","overlay-opacity":"","overlay-gradient":""}},"footnotes":""},"class_list":["post-413","page","type-page","status-publish","hentry"],"post_mailing_queue_ids":[],"_links":{"self":[{"href":"https:\/\/agora.xtec.cat\/escolasagarra\/wp-json\/wp\/v2\/pages\/413","targetHints":{"allow":["GET"]}}],"collection":[{"href":"https:\/\/agora.xtec.cat\/escolasagarra\/wp-json\/wp\/v2\/pages"}],"about":[{"href":"https:\/\/agora.xtec.cat\/escolasagarra\/wp-json\/wp\/v2\/types\/page"}],"author":[{"embeddable":true,"href":"https:\/\/agora.xtec.cat\/escolasagarra\/wp-json\/wp\/v2\/users\/1"}],"replies":[{"embeddable":true,"href":"https:\/\/agora.xtec.cat\/escolasagarra\/wp-json\/wp\/v2\/comments?post=413"}],"version-history":[{"count":6,"href":"https:\/\/agora.xtec.cat\/escolasagarra\/wp-json\/wp\/v2\/pages\/413\/revisions"}],"predecessor-version":[{"id":5675,"href":"https:\/\/agora.xtec.cat\/escolasagarra\/wp-json\/wp\/v2\/pages\/413\/revisions\/5675"}],"wp:attachment":[{"href":"https:\/\/agora.xtec.cat\/escolasagarra\/wp-json\/wp\/v2\/media?parent=413"}],"curies":[{"name":"wp","href":"https:\/\/api.w.org\/{rel}","templated":true}]}}