{"id":4121,"date":"2023-02-13T16:17:44","date_gmt":"2023-02-13T15:17:44","guid":{"rendered":"https:\/\/agora.xtec.cat\/escolasagarra\/?page_id=4121"},"modified":"2023-05-17T13:13:08","modified_gmt":"2023-05-17T11:13:08","slug":"objectius","status":"publish","type":"page","link":"https:\/\/agora.xtec.cat\/escolasagarra\/estrategia-digital-de-centre-edc-2\/diagnosi\/objectius\/","title":{"rendered":"Objectius"},"content":{"rendered":"<p><span style=\"font-weight: 400;\">Despr\u00e9s de valorar els punts forts i els punts febles extrets de la diagnosi, es formulen els seg\u00fcents objectius: <\/span><\/p>\n<p><span style=\"font-weight: 400;\">amb la temporitzaci\u00f3 seg\u00fcent:<\/span><\/p>\n<ol>\n<li style=\"font-weight: 400;\" aria-level=\"1\"><span style=\"font-weight: 400;\">Assolir una bona gesti\u00f3 dels dispositius del centre per garantir un bon funcionament.<\/span><\/li>\n<li style=\"font-weight: 400;\" aria-level=\"1\"><span style=\"font-weight: 400;\">Vetllar perqu\u00e8 alumnes, fam\u00edlies i mestres nouvinguts coneguin la l\u00ednia pedag\u00f2gica de l\u2019escola juntament amb l\u2019\u00e0mbit digital.<\/span><\/li>\n<li style=\"font-weight: 400;\" aria-level=\"1\"><span style=\"font-weight: 400;\">Establir l\u2019avaluaci\u00f3 de l\u2019\u00e0mbit digital per millorar la compet\u00e8ncia digital de l\u2019alumnat.<\/span><\/li>\n<li style=\"font-weight: 400;\" aria-level=\"1\"><span style=\"font-weight: 400;\">Mantenir un bon pla de comunicaci\u00f3 del centre amb els diferents agents de la comunitat.<\/span><\/li>\n<li style=\"font-weight: 400;\" aria-level=\"1\"><span style=\"font-weight: 400;\">Fomentar la formaci\u00f3 en l\u2019\u00e0mbit digital del personal docent per assegurar la millora de la seva compet\u00e8ncia digital.<\/span><\/li>\n<\/ol>\n<p>La seva temporitzaci\u00f3 es duu a terme al llarg de quatre cursos escolars compresos del curs 22-23 al 25-26 inclosos.<\/p>\n<ul>\n<li><a href=\"https:\/\/docs.google.com\/spreadsheets\/d\/e\/2PACX-1vTX7R1V_Kur-4r_LnvM3J4euWKew5nIi8DbFx526ZigBA09ds1j6n2Sv_eRKdqA3KzQRhpMWlK-9Sd0\/pubhtml?gid=657617850&amp;single=true\" target=\"_blank\" rel=\"noopener\">Temporitzaci\u00f3 dels objectius<\/a><\/li>\n<\/ul>\n<p><iframe loading=\"lazy\" src=\"https:\/\/docs.google.com\/spreadsheets\/d\/e\/2PACX-1vTX7R1V_Kur-4r_LnvM3J4euWKew5nIi8DbFx526ZigBA09ds1j6n2Sv_eRKdqA3KzQRhpMWlK-9Sd0\/pubhtml?gid=657617850&amp;single=true&amp;widget=true&amp;headers=false\" width=\"800\" height=\"400\"><span data-mce-type=\"bookmark\" style=\"display: inline-block; width: 0px; overflow: hidden; line-height: 0;\" class=\"mce_SELRES_start\">\ufeff<\/span><span data-mce-type=\"bookmark\" style=\"display: inline-block; width: 0px; overflow: hidden; line-height: 0;\" class=\"mce_SELRES_start\">\ufeff<\/span><\/iframe><\/p>\n<p>&nbsp;<\/p>\n","protected":false},"excerpt":{"rendered":"<p>Despr\u00e9s de valorar els punts forts i els punts febles extrets de la diagnosi, es formulen els seg\u00fcents objectius: amb la temporitzaci\u00f3 seg\u00fcent: Assolir una bona gesti\u00f3 dels dispositius del centre per garantir un bon funcionament. Vetllar perqu\u00e8 alumnes, fam\u00edlies i mestres nouvinguts coneguin la l\u00ednia pedag\u00f2gica de l\u2019escola juntament amb l\u2019\u00e0mbit digital. Establir l\u2019avaluaci\u00f3 [&hellip;]<\/p>\n","protected":false},"author":1,"featured_media":0,"parent":4054,"menu_order":2,"comment_status":"closed","ping_status":"closed","template":"page-templates\/side-menu.php","meta":{"_bbp_topic_count":0,"_bbp_reply_count":0,"_bbp_total_topic_count":0,"_bbp_total_reply_count":0,"_bbp_voice_count":0,"_bbp_anonymous_reply_count":0,"_bbp_topic_count_hidden":0,"_bbp_reply_count_hidden":0,"_bbp_forum_subforum_count":0,"site-sidebar-layout":"default","site-content-layout":"","ast-site-content-layout":"","site-content-style":"default","site-sidebar-style":"default","ast-global-header-display":"","ast-banner-title-visibility":"","ast-main-header-display":"","ast-hfb-above-header-display":"","ast-hfb-below-header-display":"","ast-hfb-mobile-header-display":"","site-post-title":"","ast-breadcrumbs-content":"","ast-featured-img":"","footer-sml-layout":"","theme-transparent-header-meta":"","adv-header-id-meta":"","stick-header-meta":"","header-above-stick-meta":"","header-main-stick-meta":"","header-below-stick-meta":"","astra-migrate-meta-layouts":"default","ast-page-background-enabled":"default","ast-page-background-meta":{"desktop":{"background-color":"var(--ast-global-color-4)","background-image":"","background-repeat":"repeat","background-position":"center center","background-size":"auto","background-attachment":"scroll","background-type":"","background-media":"","overlay-type":"","overlay-color":"","overlay-opacity":"","overlay-gradient":""},"tablet":{"background-color":"","background-image":"","background-repeat":"repeat","background-position":"center center","background-size":"auto","background-attachment":"scroll","background-type":"","background-media":"","overlay-type":"","overlay-color":"","overlay-opacity":"","overlay-gradient":""},"mobile":{"background-color":"","background-image":"","background-repeat":"repeat","background-position":"center center","background-size":"auto","background-attachment":"scroll","background-type":"","background-media":"","overlay-type":"","overlay-color":"","overlay-opacity":"","overlay-gradient":""}},"ast-content-background-meta":{"desktop":{"background-color":"var(--ast-global-color-5)","background-image":"","background-repeat":"repeat","background-position":"center center","background-size":"auto","background-attachment":"scroll","background-type":"","background-media":"","overlay-type":"","overlay-color":"","overlay-opacity":"","overlay-gradient":""},"tablet":{"background-color":"var(--ast-global-color-5)","background-image":"","background-repeat":"repeat","background-position":"center center","background-size":"auto","background-attachment":"scroll","background-type":"","background-media":"","overlay-type":"","overlay-color":"","overlay-opacity":"","overlay-gradient":""},"mobile":{"background-color":"var(--ast-global-color-5)","background-image":"","background-repeat":"repeat","background-position":"center center","background-size":"auto","background-attachment":"scroll","background-type":"","background-media":"","overlay-type":"","overlay-color":"","overlay-opacity":"","overlay-gradient":""}},"footnotes":""},"class_list":["post-4121","page","type-page","status-publish","hentry"],"post_mailing_queue_ids":[],"_links":{"self":[{"href":"https:\/\/agora.xtec.cat\/escolasagarra\/wp-json\/wp\/v2\/pages\/4121","targetHints":{"allow":["GET"]}}],"collection":[{"href":"https:\/\/agora.xtec.cat\/escolasagarra\/wp-json\/wp\/v2\/pages"}],"about":[{"href":"https:\/\/agora.xtec.cat\/escolasagarra\/wp-json\/wp\/v2\/types\/page"}],"author":[{"embeddable":true,"href":"https:\/\/agora.xtec.cat\/escolasagarra\/wp-json\/wp\/v2\/users\/1"}],"replies":[{"embeddable":true,"href":"https:\/\/agora.xtec.cat\/escolasagarra\/wp-json\/wp\/v2\/comments?post=4121"}],"version-history":[{"count":4,"href":"https:\/\/agora.xtec.cat\/escolasagarra\/wp-json\/wp\/v2\/pages\/4121\/revisions"}],"predecessor-version":[{"id":4320,"href":"https:\/\/agora.xtec.cat\/escolasagarra\/wp-json\/wp\/v2\/pages\/4121\/revisions\/4320"}],"up":[{"embeddable":true,"href":"https:\/\/agora.xtec.cat\/escolasagarra\/wp-json\/wp\/v2\/pages\/4054"}],"wp:attachment":[{"href":"https:\/\/agora.xtec.cat\/escolasagarra\/wp-json\/wp\/v2\/media?parent=4121"}],"curies":[{"name":"wp","href":"https:\/\/api.w.org\/{rel}","templated":true}]}}